{"id":118187,"date":"2024-11-05T17:22:53","date_gmt":"2024-11-05T16:22:53","guid":{"rendered":"https:\/\/secureus.se\/?post_type=product&#038;p=118187"},"modified":"2026-01-12T12:45:24","modified_gmt":"2026-01-12T11:45:24","slug":"sjalvhaftande-ficka-pocketfix-74x43-10-st","status":"publish","type":"product","link":"https:\/\/secureus.se\/de\/sjalvhaftande-ficka-pocketfix-74x43-10-st\/","title":{"rendered":"Selbstklebende Tasche POCKETFIX\u00ae 74\u00d743 10 Stk"},"content":{"rendered":"<p>Beschriften Sie Ordner, Ordner, Kartons etc. mit Etiketten, die in eine selbstklebende POCKETFIX\u00ae-Tasche gesteckt werden. Die transparente Tasche besteht aus Polypropylen-Kunststoff. Diese Tasche hat eine \u00d6ffnung an einer Kartenseite und einen Daumengriff zum einfachen Herausnehmen der Karte. Wird mit wei\u00dfen Etiketten auf B\u00f6gen geliefert, die in einem Drucker ausgedruckt werden k\u00f6nnen. Im kostenlosen Programm DURAPRINT\u00ae gibt es eine Vorlage zum Erstellen des Etiketts. Innenma\u00dfe: 74\u00d743. Au\u00dfenma\u00dfe: 76\u00d746 mm (BxH). Tasche mit 10 Taschen.<\/p>","protected":false},"excerpt":{"rendered":"<p>Selbstklebende Tasche mit \u00d6ffnung an einer kurzen Seite. F\u00fcr Etiketten im Format 74\u00d743.<\/p>","protected":false},"featured_media":135388,"template":"","meta":{"_acf_changed":false},"product_brand":[],"product_cat":[4252],"product_tag":[4376],"class_list":{"0":"post-118187","1":"product","2":"type-product","3":"status-publish","4":"has-post-thumbnail","6":"product_cat-sjalvhaftande-fickor","7":"product_tag-transparent","8":"product_shipping_class-tunga-paket","9":"pa_brands-durable","10":"pa_farg-transparent","11":"tm-no-options","13":"first","14":"instock","15":"sale","16":"taxable","17":"shipping-taxable","18":"purchasable","19":"product-type-simple"},"acf":[],"_links":{"self":[{"href":"https:\/\/secureus.se\/de\/wp-json\/wp\/v2\/product\/118187","targetHints":{"allow":["GET"]}}],"collection":[{"href":"https:\/\/secureus.se\/de\/wp-json\/wp\/v2\/product"}],"about":[{"href":"https:\/\/secureus.se\/de\/wp-json\/wp\/v2\/types\/product"}],"wp:featuredmedia":[{"embeddable":true,"href":"https:\/\/secureus.se\/de\/wp-json\/wp\/v2\/media\/135388"}],"wp:attachment":[{"href":"https:\/\/secureus.se\/de\/wp-json\/wp\/v2\/media?parent=118187"}],"wp:term":[{"taxonomy":"product_brand","embeddable":true,"href":"https:\/\/secureus.se\/de\/wp-json\/wp\/v2\/product_brand?post=118187"},{"taxonomy":"product_cat","embeddable":true,"href":"https:\/\/secureus.se\/de\/wp-json\/wp\/v2\/product_cat?post=118187"},{"taxonomy":"product_tag","embeddable":true,"href":"https:\/\/secureus.se\/de\/wp-json\/wp\/v2\/product_tag?post=118187"}],"curies":[{"name":"wp","href":"https:\/\/api.w.org\/{rel}","templated":true}]}}