{"id":118242,"date":"2024-11-05T16:51:07","date_gmt":"2024-11-05T15:51:07","guid":{"rendered":"https:\/\/secureus.se\/?post_type=product&#038;p=118242"},"modified":"2026-01-12T12:55:41","modified_gmt":"2026-01-12T11:55:41","slug":"surfplattehallare-twist-combi","status":"publish","type":"product","link":"https:\/\/secureus.se\/de\/surfplattehallare-twist-combi\/","title":{"rendered":"Surfbretthalter TWIST COMBI"},"content":{"rendered":"<p>Eine Tablet-Halterung macht die Nutzung eines Tablets oder Mobiltelefons komfortabler und ergonomischer, zum Beispiel als zus\u00e4tzlicher Bildschirm im B\u00fcro oder beim Lernen, im Pflegeheim, um mit den Liebsten in Kontakt zu bleiben, zu Hause f\u00fcr Rezepte, digitale Zeitschriften und das Ansehen von Videos usw Filme. Die TWIST-Serie verf\u00fcgt \u00fcber eine Halterung mit Anti-Rutsch-Pads, die das Ger\u00e4t an Ort und Stelle halten und vor Kratzern sch\u00fctzen. Der Griff der Halterung passt auf Tablets oder Mobiltelefone wie iPhone, iPad und Samsung von 4,7&quot; bis 13&quot; mit einem maximalen Gewicht von 800 g (BODEN) und 1 kg (TISCH) und ist an einem um 360 drehbaren Kugelgelenk befestigt \u00b0. Au\u00dferdem gibt es eine \u00d6ffnung f\u00fcr das Ladekabel. TWIST COMBI besteht aus der Halterung sowie einem Tischst\u00e4nder und einem Bodenst\u00e4nder. Der Tischst\u00e4nder ist 37 cm hoch und steht dank einer 19 cm runden Bodenplatte sehr stabil. TWIST FLOOR verf\u00fcgt \u00fcber einen drei Fu\u00df langen Teleskop-Bodenst\u00e4nder mit gro\u00dfer Spannweite zur H\u00f6henverstellung zwischen 1,12 und 1,69 m. Im zusammengeklappten Zustand misst der St\u00e4nder 70 cm und die mitgelieferte Tasche erleichtert das Mitnehmen. Leistungsstarker Schwanenhals mit stufenloser H\u00f6hen- und Lesewinkelverstellung, der in der gew\u00fcnschten Position bleibt. 100 % besteht aus recyceltem 40%-Material und ist am Ende des Produkts recycelbar.<\/p>","protected":false},"excerpt":{"rendered":"<p>Halterung f\u00fcr Tablet oder Handy 4,7-13\u2033. Set bestehend aus einem Tischst\u00e4nder und einem Bodenst\u00e4nder mit biegbarem Schwanenhals und Kugelgelenk.<\/p>","protected":false},"featured_media":137183,"template":"","meta":{"_acf_changed":false},"product_brand":[],"product_cat":[4236],"product_tag":[4381],"class_list":{"0":"post-118242","1":"product","2":"type-product","3":"status-publish","4":"has-post-thumbnail","6":"product_cat-surfplattehallare","7":"product_tag-svart","8":"product_shipping_class-tunga-paket","9":"pa_brands-durable","10":"pa_farg-svart","11":"tm-no-options","13":"first","14":"instock","15":"sale","16":"taxable","17":"shipping-taxable","18":"purchasable","19":"product-type-simple"},"acf":[],"_links":{"self":[{"href":"https:\/\/secureus.se\/de\/wp-json\/wp\/v2\/product\/118242","targetHints":{"allow":["GET"]}}],"collection":[{"href":"https:\/\/secureus.se\/de\/wp-json\/wp\/v2\/product"}],"about":[{"href":"https:\/\/secureus.se\/de\/wp-json\/wp\/v2\/types\/product"}],"wp:featuredmedia":[{"embeddable":true,"href":"https:\/\/secureus.se\/de\/wp-json\/wp\/v2\/media\/137183"}],"wp:attachment":[{"href":"https:\/\/secureus.se\/de\/wp-json\/wp\/v2\/media?parent=118242"}],"wp:term":[{"taxonomy":"product_brand","embeddable":true,"href":"https:\/\/secureus.se\/de\/wp-json\/wp\/v2\/product_brand?post=118242"},{"taxonomy":"product_cat","embeddable":true,"href":"https:\/\/secureus.se\/de\/wp-json\/wp\/v2\/product_cat?post=118242"},{"taxonomy":"product_tag","embeddable":true,"href":"https:\/\/secureus.se\/de\/wp-json\/wp\/v2\/product_tag?post=118242"}],"curies":[{"name":"wp","href":"https:\/\/api.w.org\/{rel}","templated":true}]}}