{"id":118243,"date":"2024-11-05T17:19:16","date_gmt":"2024-11-05T16:19:16","guid":{"rendered":"https:\/\/secureus.se\/?post_type=product&#038;p=118243"},"modified":"2026-01-12T12:30:56","modified_gmt":"2026-01-12T11:30:56","slug":"sjalvhaftande-kabelhallarecavoline-clip-pro-2","status":"publish","type":"product","link":"https:\/\/secureus.se\/de\/sjalvhaftande-kabelhallarecavoline-clip-pro-2\/","title":{"rendered":"Selbstklebender Kabelhalter CAVOLINE\u00ae CLIP PRO 2"},"content":{"rendered":"<p>Sorgen Sie mit CAVOLINE\u00ae sowohl im B\u00fcro als auch im privaten Umfeld f\u00fcr Ordnung in den Kabeln. Sammeln Sie die Kabel und es sieht ordentlicher aus und ist auch leichter zu reinigen.<\/p>\n<p>Eine robuste, hochwertige Kabelklemme f\u00fcr 1 Stromkabel (max. 8 mm Durchmesser) und 1 USB-Kabel (max. 5 mm Durchmesser). Aus weichem und flexiblem Kunststoff mit gro\u00dfer selbstklebender Oberfl\u00e4che und starker Haftung. L\u00e4sst sich auf glatten und sauberen Oberfl\u00e4chen befestigen. Abmessungen: 25 x 25 x 20 mm (B x H x T)<\/p>","protected":false},"excerpt":{"rendered":"<p>Selbstklebende Kabelklemme mit gro\u00dfer Klebefl\u00e4che. F\u00fcr 2 Kabel.<\/p>","protected":false},"featured_media":135590,"template":"","meta":{"_acf_changed":false},"product_brand":[],"product_cat":[4287,4252],"product_tag":[4404],"class_list":{"0":"post-118243","1":"product","2":"type-product","3":"status-publish","4":"has-post-thumbnail","6":"product_cat-kabelsamlare","7":"product_cat-sjalvhaftande-fickor","8":"product_tag-grafitgra","9":"product_shipping_class-tunga-paket","10":"pa_brands-durable","11":"pa_farg-grafitgra","12":"tm-no-options","14":"first","15":"instock","16":"sale","17":"taxable","18":"shipping-taxable","19":"purchasable","20":"product-type-simple"},"acf":[],"_links":{"self":[{"href":"https:\/\/secureus.se\/de\/wp-json\/wp\/v2\/product\/118243","targetHints":{"allow":["GET"]}}],"collection":[{"href":"https:\/\/secureus.se\/de\/wp-json\/wp\/v2\/product"}],"about":[{"href":"https:\/\/secureus.se\/de\/wp-json\/wp\/v2\/types\/product"}],"wp:featuredmedia":[{"embeddable":true,"href":"https:\/\/secureus.se\/de\/wp-json\/wp\/v2\/media\/135590"}],"wp:attachment":[{"href":"https:\/\/secureus.se\/de\/wp-json\/wp\/v2\/media?parent=118243"}],"wp:term":[{"taxonomy":"product_brand","embeddable":true,"href":"https:\/\/secureus.se\/de\/wp-json\/wp\/v2\/product_brand?post=118243"},{"taxonomy":"product_cat","embeddable":true,"href":"https:\/\/secureus.se\/de\/wp-json\/wp\/v2\/product_cat?post=118243"},{"taxonomy":"product_tag","embeddable":true,"href":"https:\/\/secureus.se\/de\/wp-json\/wp\/v2\/product_tag?post=118243"}],"curies":[{"name":"wp","href":"https:\/\/api.w.org\/{rel}","templated":true}]}}