{"id":118254,"date":"2024-11-05T16:50:59","date_gmt":"2024-11-05T15:50:59","guid":{"rendered":"https:\/\/secureus.se\/?post_type=product&#038;p=118254"},"modified":"2026-01-12T12:03:35","modified_gmt":"2026-01-12T11:03:35","slug":"sjalvhaftande-magnettejp-5-m-magneter","status":"publish","type":"product","link":"https:\/\/secureus.se\/de\/sjalvhaftande-magnettejp-5-m-magneter\/","title":{"rendered":"Selbstklebendes Magnetband 5 m + Magnete"},"content":{"rendered":"<p>Durch das Aufkleben dieses selbstklebenden Metallstreifens k\u00f6nnen Magnete auf nicht magnetischen Oberfl\u00e4chen angebracht werden. Kann mit einer normalen, hochwertigen Schere auf die gew\u00fcnschte L\u00e4nge zugeschnitten werden. Die Rolle enth\u00e4lt 5 m Metallband mit einer Breite von 35 mm. Die selbstklebende Seite haftet auf sauberen und glatten Oberfl\u00e4chen. Dieses Paket enth\u00e4lt 10 schwarze Magnete (\u00d8 30 mm) <\/p>","protected":false},"excerpt":{"rendered":"<p>Selbstklebendes Metallband in einer Rolle mit 5 m, sowie 10 Magneten. Auf die gew\u00fcnschte L\u00e4nge zuschneiden.<\/p>","protected":false},"featured_media":137205,"template":"","meta":{"_acf_changed":false},"product_brand":[],"product_cat":[4269],"product_tag":[4396],"class_list":{"0":"post-118254","1":"product","2":"type-product","3":"status-publish","4":"has-post-thumbnail","6":"product_cat-magnetisk-fastsattning","7":"product_tag-vit","8":"product_shipping_class-tunga-paket","9":"pa_brands-durable","10":"pa_farg-vit","11":"tm-no-options","13":"first","14":"instock","15":"sale","16":"taxable","17":"shipping-taxable","18":"purchasable","19":"product-type-simple"},"acf":[],"_links":{"self":[{"href":"https:\/\/secureus.se\/de\/wp-json\/wp\/v2\/product\/118254","targetHints":{"allow":["GET"]}}],"collection":[{"href":"https:\/\/secureus.se\/de\/wp-json\/wp\/v2\/product"}],"about":[{"href":"https:\/\/secureus.se\/de\/wp-json\/wp\/v2\/types\/product"}],"wp:featuredmedia":[{"embeddable":true,"href":"https:\/\/secureus.se\/de\/wp-json\/wp\/v2\/media\/137205"}],"wp:attachment":[{"href":"https:\/\/secureus.se\/de\/wp-json\/wp\/v2\/media?parent=118254"}],"wp:term":[{"taxonomy":"product_brand","embeddable":true,"href":"https:\/\/secureus.se\/de\/wp-json\/wp\/v2\/product_brand?post=118254"},{"taxonomy":"product_cat","embeddable":true,"href":"https:\/\/secureus.se\/de\/wp-json\/wp\/v2\/product_cat?post=118254"},{"taxonomy":"product_tag","embeddable":true,"href":"https:\/\/secureus.se\/de\/wp-json\/wp\/v2\/product_tag?post=118254"}],"curies":[{"name":"wp","href":"https:\/\/api.w.org\/{rel}","templated":true}]}}