{"id":118269,"date":"2024-11-05T17:16:37","date_gmt":"2024-11-05T16:16:37","guid":{"rendered":"https:\/\/secureus.se\/?post_type=product&#038;p=118269"},"modified":"2026-04-09T10:29:29","modified_gmt":"2026-04-09T08:29:29","slug":"skarmhallare-pro-for-2-skarmar-kabelhalsfaste","status":"publish","type":"product","link":"https:\/\/secureus.se\/de\/skarmhallare-pro-for-2-skarmar-kabelhalsfaste\/","title":{"rendered":"Bildschirmhalter PRO f\u00fcr 2 Bildschirme, Kabellochbefestigung"},"content":{"rendered":"<p>Die langlebigen, einfach zu bedienenden Bildschirmhalter (auch Monitorarme genannt) von guter Qualit\u00e4t schaffen Platz auf dem Schreibtisch und sorgen f\u00fcr eine gute Arbeitsergonomie. Dank des zeitlosen und eleganten Designs machen sie sich in vielen verschiedenen Umgebungen gut. Gedacht f\u00fcr Bildschirme mit einem Format von 21 \u2013 28 Zoll und einem Gewicht von 3-8 kg, die f\u00fcr die VESA-Montage 75 x 75 mm oder 100 x 100 mm vorbereitet sind. Der Monitor wird einfach in die zum Patent angemeldete Schnellhalterung eingeklickt. Die Bildschirmhalter sind flexibel, da sie drehbar sind, um den Bildschirm im Hoch- oder Querformat zu positionieren, und f\u00fcr einen guten Lesewinkel geneigt werden k\u00f6nnen. Hergestellt aus ausgew\u00e4hlten Premium-Materialien f\u00fcr eine lange Lebensdauer \u2013 Aluminium, Metall und hochwertiger Kunststoff von bis zu 60 % aus recycelten Materialien. Durch die Recyclingf\u00e4higkeit von bis zu 100 % sind diese Siebhalter umweltfreundlich gem\u00e4\u00df ISO 14021. Die Herstellung erfolgt in der Produktionsst\u00e4tte von DURABLE in Deutschland. 10 Jahre Garantie. Der Antrag auf Zulassung dieser Bildschirmhalter mit dem Sicherheitszeichen GS (gepr\u00fcfte Sicherheit), das K\u00e4ufern, H\u00e4ndlern und Endverbrauchern die Garantie gibt, dass das Produkt den neuesten Sicherheitsanforderungen entspricht, wurde eingereicht, ebenso wie der Antrag auf T\u00dcV-Zertifizierung eine anerkannte deutsche Produktsicherheits- und Qualit\u00e4tszertifizierung.<\/p>\n<p>Doppelte Bildschirmhalterung mit vertikalem Tischst\u00e4nder und Querarm mit zwei verschiebbaren Halterungen. Die Bildschirmhalterungen lassen sich in der gew\u00e4hlten Position arretieren und fixieren die Bildschirme sicher in der H\u00f6he. Der Querarm ist von 50 bis 340 mm h\u00f6henverstellbar. F\u00fcnf Kabelclips zur flexiblen Positionierung sorgen f\u00fcr Ordnung bei den Kabeln. Die Bildschirme sind einzeln um 110\u00b0 bis 85\u00b0 nach oben und 25\u00b0 nach unten neigbar. Einfache Montage: Kabeldurchf\u00fchrung f\u00fcr Tischplatten mit Kabell\u00f6chern von 60\u201380 mm Durchmesser. Abmessungen: 345 x 470 x 120 mm (B x H x T)<\/p>\n<p>Mehr Informationen zur GS-Kennzeichnung finden Sie hier: https:\/\/www.handelskammer.se\/vara-tjanster\/miljorapportering\/symbolguiden\/geprufte-sicherheit-provad-sakerhet<br \/>\nLesen Sie mehr \u00fcber die T\u00dcV-Zertifizierung: https:\/\/www.handelskammer.se\/vara-tjanster\/miljorappottering\/symbolguiden\/tuv-technischer-uberwachungsverein<br \/>\nDie Garantiebedingungen finden Sie hier: https:\/\/www.durable.se\/sv_SE\/service\/garanti\/garanti-foer-skaermhaallare\/<\/p>","protected":false},"excerpt":{"rendered":"<p>Bildschirmhalter f\u00fcr zwei Bildschirme mit einstellbarer H\u00f6he, Winkel und M\u00f6glichkeit der Hoch- oder Querformatposition. Mit Kabellochhalterung.<\/p>","protected":false},"featured_media":136422,"template":"","meta":{"_acf_changed":false},"product_brand":[],"product_cat":[4243],"product_tag":[4382],"class_list":{"0":"post-118269","1":"product","2":"type-product","3":"status-publish","4":"has-post-thumbnail","6":"product_cat-skarmhallare","7":"product_tag-silver","8":"product_shipping_class-tunga-paket","9":"pa_brands-durable","10":"pa_farg-silver","11":"tm-no-options","13":"first","14":"instock","15":"sale","16":"taxable","17":"shipping-taxable","18":"purchasable","19":"product-type-simple"},"acf":[],"_links":{"self":[{"href":"https:\/\/secureus.se\/de\/wp-json\/wp\/v2\/product\/118269","targetHints":{"allow":["GET"]}}],"collection":[{"href":"https:\/\/secureus.se\/de\/wp-json\/wp\/v2\/product"}],"about":[{"href":"https:\/\/secureus.se\/de\/wp-json\/wp\/v2\/types\/product"}],"wp:featuredmedia":[{"embeddable":true,"href":"https:\/\/secureus.se\/de\/wp-json\/wp\/v2\/media\/136422"}],"wp:attachment":[{"href":"https:\/\/secureus.se\/de\/wp-json\/wp\/v2\/media?parent=118269"}],"wp:term":[{"taxonomy":"product_brand","embeddable":true,"href":"https:\/\/secureus.se\/de\/wp-json\/wp\/v2\/product_brand?post=118269"},{"taxonomy":"product_cat","embeddable":true,"href":"https:\/\/secureus.se\/de\/wp-json\/wp\/v2\/product_cat?post=118269"},{"taxonomy":"product_tag","embeddable":true,"href":"https:\/\/secureus.se\/de\/wp-json\/wp\/v2\/product_tag?post=118269"}],"curies":[{"name":"wp","href":"https:\/\/api.w.org\/{rel}","templated":true}]}}