{"id":118293,"date":"2024-11-05T16:49:56","date_gmt":"2024-11-05T15:49:56","guid":{"rendered":"https:\/\/secureus.se\/?post_type=product&#038;p=118293"},"modified":"2026-01-12T12:32:35","modified_gmt":"2026-01-12T11:32:35","slug":"skarmstall-effect","status":"publish","type":"product","link":"https:\/\/secureus.se\/de\/skarmstall-effect\/","title":{"rendered":"Bildschirmst\u00e4nder-EFFEKT"},"content":{"rendered":"<p>Ein Bildschirmst\u00e4nder platziert den Computerbildschirm auf einer ergonomisch guten H\u00f6he \u2013 die Oberkante des Bildschirms sollte sich auf oder knapp unter Augenh\u00f6he befinden, wodurch der Blick schr\u00e4g nach unten f\u00e4llt und den Augen Ruhe gibt. Der St\u00e4nder schafft Platz auf dem Tisch, kombiniert mit einer Box zur Aufbewahrung von Stiften, Dokumenten, Kabeln usw. bleibt der Schreibtisch aufger\u00e4umt. Die EFFECT-Serie, zu der dieser St\u00e4nder geh\u00f6rt, besteht gr\u00f6\u00dftenteils aus einem weichen, schallabsorbierenden und langlebigen Filzmaterial. Die Decke besteht aus PET-Kunststoff, wovon 60% aus gesammeltem und recyceltem PET-Kunststoff (rPET) besteht. Die Produkte der Serie sind zu 100 % recycelbar und werden mit ressourcenschonenden und plastikfreien Materialien nachhaltig verpackt. Das Metallregal l\u00e4sst sich mit Hilfe von zwei Befestigungselementen in drei verschiedenen H\u00f6hen von 9 - 12 - 15 cm platzieren \u2013 ganz ohne aufw\u00e4ndiges Schrauben oder Kleben. \u00d6ffnung f\u00fcr Ladekabel. Der St\u00e4nder ist stabil und hat eine maximale Belastung von 10 kg. Abmessungen: 49,6 x 16,2 x 26 cm (B x H x T)<br \/>\nZubeh\u00f6r: Box EFFECT, Art.-Nr. 508201<\/p>","protected":false},"excerpt":{"rendered":"<p>H\u00f6henverstellbarer Monitorst\u00e4nder f\u00fcr eine ergonomischere Arbeitsposition und einen organisierten Schreibtisch. <\/p>","protected":false},"featured_media":136184,"template":"","meta":{"_acf_changed":false},"product_brand":[],"product_cat":[4243],"product_tag":[4390],"class_list":{"0":"post-118293","1":"product","2":"type-product","3":"status-publish","4":"has-post-thumbnail","6":"product_cat-skarmhallare","7":"product_tag-morkgra","8":"product_shipping_class-tunga-paket","9":"pa_brands-durable","10":"pa_farg-morkgra","11":"tm-no-options","13":"first","14":"instock","15":"sale","16":"taxable","17":"shipping-taxable","18":"purchasable","19":"product-type-simple"},"acf":[],"_links":{"self":[{"href":"https:\/\/secureus.se\/de\/wp-json\/wp\/v2\/product\/118293","targetHints":{"allow":["GET"]}}],"collection":[{"href":"https:\/\/secureus.se\/de\/wp-json\/wp\/v2\/product"}],"about":[{"href":"https:\/\/secureus.se\/de\/wp-json\/wp\/v2\/types\/product"}],"wp:featuredmedia":[{"embeddable":true,"href":"https:\/\/secureus.se\/de\/wp-json\/wp\/v2\/media\/136184"}],"wp:attachment":[{"href":"https:\/\/secureus.se\/de\/wp-json\/wp\/v2\/media?parent=118293"}],"wp:term":[{"taxonomy":"product_brand","embeddable":true,"href":"https:\/\/secureus.se\/de\/wp-json\/wp\/v2\/product_brand?post=118293"},{"taxonomy":"product_cat","embeddable":true,"href":"https:\/\/secureus.se\/de\/wp-json\/wp\/v2\/product_cat?post=118293"},{"taxonomy":"product_tag","embeddable":true,"href":"https:\/\/secureus.se\/de\/wp-json\/wp\/v2\/product_tag?post=118293"}],"curies":[{"name":"wp","href":"https:\/\/api.w.org\/{rel}","templated":true}]}}