{"id":118309,"date":"2024-11-05T17:15:14","date_gmt":"2024-11-05T16:15:14","guid":{"rendered":"https:\/\/secureus.se\/?post_type=product&#038;p=118309"},"modified":"2025-12-31T21:19:57","modified_gmt":"2025-12-31T20:19:57","slug":"surfplattehallare-varicolor","status":"publish","type":"product","link":"https:\/\/secureus.se\/de\/surfplattehallare-varicolor\/","title":{"rendered":"Tablethalter VARICOLOR\u00b0"},"content":{"rendered":"<p>Praktischer Tablet-St\u00e4nder mit weicher gummierter Oberfl\u00e4che, die das Tablet stabil und leicht geneigt h\u00e4lt, wenn es oben auf der Halterung liegt. Wird das Tablet in der Halterung platziert \u2013 sei es im Quer- oder Hochformat \u2013 ist der Lesewinkel unterschiedlich. Das Tablet kann sowohl mit als auch ohne Schutzh\u00fclle in den \u201eGraben\u201c gelegt werden. Der Tablethalter l\u00e4sst sich um 360\u00b0 drehen und auch in der gew\u00fcnschten Position arretieren. Gummif\u00fc\u00dfe sch\u00fctzen die Oberfl\u00e4che vor Kratzern und sorgen f\u00fcr einen sicheren Stand. Abmessungen: 145 x 59 mm (\u00d8 x H)<\/p>","protected":false},"excerpt":{"rendered":"<p>Um 360\u00b0 drehbarer Surfbretthalter. F\u00fcr Tablets mit und ohne Schutzh\u00fclle.<\/p>","protected":false},"featured_media":135538,"template":"","meta":{"_acf_changed":false},"product_brand":[],"product_cat":[4236],"product_tag":[4390],"class_list":{"0":"post-118309","1":"product","2":"type-product","3":"status-publish","4":"has-post-thumbnail","6":"product_cat-surfplattehallare","7":"product_tag-morkgra","8":"product_shipping_class-tunga-paket","9":"pa_brands-durable","10":"pa_farg-morkgra","11":"tm-no-options","13":"first","14":"instock","15":"sale","16":"taxable","17":"shipping-taxable","18":"purchasable","19":"product-type-simple"},"acf":[],"_links":{"self":[{"href":"https:\/\/secureus.se\/de\/wp-json\/wp\/v2\/product\/118309","targetHints":{"allow":["GET"]}}],"collection":[{"href":"https:\/\/secureus.se\/de\/wp-json\/wp\/v2\/product"}],"about":[{"href":"https:\/\/secureus.se\/de\/wp-json\/wp\/v2\/types\/product"}],"wp:featuredmedia":[{"embeddable":true,"href":"https:\/\/secureus.se\/de\/wp-json\/wp\/v2\/media\/135538"}],"wp:attachment":[{"href":"https:\/\/secureus.se\/de\/wp-json\/wp\/v2\/media?parent=118309"}],"wp:term":[{"taxonomy":"product_brand","embeddable":true,"href":"https:\/\/secureus.se\/de\/wp-json\/wp\/v2\/product_brand?post=118309"},{"taxonomy":"product_cat","embeddable":true,"href":"https:\/\/secureus.se\/de\/wp-json\/wp\/v2\/product_cat?post=118309"},{"taxonomy":"product_tag","embeddable":true,"href":"https:\/\/secureus.se\/de\/wp-json\/wp\/v2\/product_tag?post=118309"}],"curies":[{"name":"wp","href":"https:\/\/api.w.org\/{rel}","templated":true}]}}