{"id":118362,"date":"2024-11-05T16:48:17","date_gmt":"2024-11-05T15:48:17","guid":{"rendered":"https:\/\/secureus.se\/?post_type=product&#038;p=118362"},"modified":"2026-01-12T12:51:06","modified_gmt":"2026-01-12T11:51:06","slug":"sjalvhaftande-hornficka-cornerfix-125x125","status":"publish","type":"product","link":"https:\/\/secureus.se\/de\/sjalvhaftande-hornficka-cornerfix-125x125\/","title":{"rendered":"Selbstklebende Ecktasche CORNERFIX\u00ae 125\u00d7125"},"content":{"rendered":"<p>Befestigen Sie die schr\u00e4ge Ecktasche CORNERFIX\u00ae an der Innenseite eines Ordners, Ordners oder Notizbuchs und schon k\u00f6nnen lose Materialien wie Visitenkarten, lose Bl\u00e4tter mit tempor\u00e4ren Angeboten etc. in die Tasche gesteckt werden. Transparente Taschen aus klarem Polypropylen mit selbstklebender R\u00fcckseite. 25 Blatt mit 4 Taschen pro Blatt, insgesamt 100 Taschen in der Packung. Abmessungen 125x125mm. <\/p>","protected":false},"excerpt":{"rendered":"<p>Dreieckige, selbstklebende Tasche f\u00fcr lose Bl\u00e4tter in Ordnern und Ordnern<\/p>","protected":false},"featured_media":137233,"template":"","meta":{"_acf_changed":false},"product_brand":[],"product_cat":[4252],"product_tag":[4376],"class_list":{"0":"post-118362","1":"product","2":"type-product","3":"status-publish","4":"has-post-thumbnail","6":"product_cat-sjalvhaftande-fickor","7":"product_tag-transparent","8":"product_shipping_class-tunga-paket","9":"pa_brands-durable","10":"pa_farg-transparent","11":"tm-no-options","13":"first","14":"instock","15":"sale","16":"taxable","17":"shipping-taxable","18":"purchasable","19":"product-type-simple"},"acf":[],"_links":{"self":[{"href":"https:\/\/secureus.se\/de\/wp-json\/wp\/v2\/product\/118362","targetHints":{"allow":["GET"]}}],"collection":[{"href":"https:\/\/secureus.se\/de\/wp-json\/wp\/v2\/product"}],"about":[{"href":"https:\/\/secureus.se\/de\/wp-json\/wp\/v2\/types\/product"}],"wp:featuredmedia":[{"embeddable":true,"href":"https:\/\/secureus.se\/de\/wp-json\/wp\/v2\/media\/137233"}],"wp:attachment":[{"href":"https:\/\/secureus.se\/de\/wp-json\/wp\/v2\/media?parent=118362"}],"wp:term":[{"taxonomy":"product_brand","embeddable":true,"href":"https:\/\/secureus.se\/de\/wp-json\/wp\/v2\/product_brand?post=118362"},{"taxonomy":"product_cat","embeddable":true,"href":"https:\/\/secureus.se\/de\/wp-json\/wp\/v2\/product_cat?post=118362"},{"taxonomy":"product_tag","embeddable":true,"href":"https:\/\/secureus.se\/de\/wp-json\/wp\/v2\/product_tag?post=118362"}],"curies":[{"name":"wp","href":"https:\/\/api.w.org\/{rel}","templated":true}]}}