{"id":118415,"date":"2024-11-05T17:13:35","date_gmt":"2024-11-05T16:13:35","guid":{"rendered":"https:\/\/secureus.se\/?post_type=product&#038;p=118415"},"modified":"2026-01-12T12:53:51","modified_gmt":"2026-01-12T11:53:51","slug":"tablet-holder-table-clamp","status":"publish","type":"product","link":"https:\/\/secureus.se\/de\/tablet-holder-table-clamp\/","title":{"rendered":"TABLETHALTER TISCHKLEMME"},"content":{"rendered":"<p>Tablet-Halter im stilvollen und funktionalen Design f\u00fcr Tablets in den Gr\u00f6\u00dfen 7\u2033-13\u2033 (160-275 mm) mit Gelenkarm und Halterung zur Befestigung auf einem Tisch oder einer Arbeitsplatte, wodurch Platz auf dem Schreibtisch frei wird. Der Vertikalst\u00e4nder ist 295 mm hoch und kann an Tischplatten mit einer Dicke von bis zu 40 mm befestigt werden. Der Halter mit gummierten Oberfl\u00e4chen, die das Tablet vor Kratzern und Besch\u00e4digungen sch\u00fctzen, ist um 360\u00b0 drehbar und verf\u00fcgt \u00fcber vier Stopppositionen alle 90\u00b0 f\u00fcr die Verwendung im Hoch- oder Querformat. Dar\u00fcber hinaus l\u00e4sst er sich je nach Bedarf ganz einfach anpassen, da er sich stufenlos von -6\u00b0 bis +46\u00b0 nach oben und unten neigen und um 170\u00b0 nach rechts und links schwenken l\u00e4sst. Das Tablet l\u00e4sst sich leicht in die Halterung einsetzen und entnehmen, die mit einem Spezialschl\u00fcssel gegen Diebstahl gesichert ist. Der Anschluss des Ladekabels erfolgt durch eine \u00d6ffnung in der Halterung. Der Arm ist um 180\u00b0 seitlich schwenkbar und auf 365 mm ausziehbar.<br \/>\nMaximales Gewicht f\u00fcr das Tablet 1 kg.<br \/>\nMaterialien: Blech, Aluminium, ABS-Kunststoff<br \/>\nAbmessungen: 100 x 440 x 210 mm (B x H x T)<\/p>","protected":false},"excerpt":{"rendered":"<p>Tablet-Halter. Mit Tischhalterung und Gelenkschwenkarm zur Montage z.B. am Schreibtisch.<\/p>","protected":false},"featured_media":135743,"template":"","meta":{"_acf_changed":false},"product_brand":[],"product_cat":[4236],"product_tag":[4382],"class_list":{"0":"post-118415","1":"product","2":"type-product","3":"status-publish","4":"has-post-thumbnail","6":"product_cat-surfplattehallare","7":"product_tag-silver","8":"product_shipping_class-tunga-paket","9":"pa_brands-durable","10":"pa_farg-silver","11":"tm-no-options","13":"first","14":"instock","15":"sale","16":"taxable","17":"shipping-taxable","18":"purchasable","19":"product-type-simple"},"acf":[],"_links":{"self":[{"href":"https:\/\/secureus.se\/de\/wp-json\/wp\/v2\/product\/118415","targetHints":{"allow":["GET"]}}],"collection":[{"href":"https:\/\/secureus.se\/de\/wp-json\/wp\/v2\/product"}],"about":[{"href":"https:\/\/secureus.se\/de\/wp-json\/wp\/v2\/types\/product"}],"wp:featuredmedia":[{"embeddable":true,"href":"https:\/\/secureus.se\/de\/wp-json\/wp\/v2\/media\/135743"}],"wp:attachment":[{"href":"https:\/\/secureus.se\/de\/wp-json\/wp\/v2\/media?parent=118415"}],"wp:term":[{"taxonomy":"product_brand","embeddable":true,"href":"https:\/\/secureus.se\/de\/wp-json\/wp\/v2\/product_brand?post=118415"},{"taxonomy":"product_cat","embeddable":true,"href":"https:\/\/secureus.se\/de\/wp-json\/wp\/v2\/product_cat?post=118415"},{"taxonomy":"product_tag","embeddable":true,"href":"https:\/\/secureus.se\/de\/wp-json\/wp\/v2\/product_tag?post=118415"}],"curies":[{"name":"wp","href":"https:\/\/api.w.org\/{rel}","templated":true}]}}