{"id":120194,"date":"2024-10-24T13:02:30","date_gmt":"2024-10-24T11:02:30","guid":{"rendered":"https:\/\/secureus.se\/passerkort-rfid-kort-kombi-4200-mifare4k-chip\/"},"modified":"2026-03-27T14:12:08","modified_gmt":"2026-03-27T13:12:08","slug":"passerkort-rfid-kort-kombi-em-mifare4k-chip","status":"publish","type":"product","link":"https:\/\/secureus.se\/de\/passerkort-rfid-kort-kombi-em-mifare4k-chip\/","title":{"rendered":"Zugangskarte\/RFID-Karte Kombi-EM\/MIFARE4k-kompatibler Chip"},"content":{"rendered":"<p>Zugangskarte\/RFID-Karte Kombi-EM\/MIFARE4k-kompatibler Chip<\/p>\n<p>Unsere Kombikarte bietet zwei Chips in einer einzigen Karte und bietet Ihnen so maximale Flexibilit\u00e4t f\u00fcr verschiedene Zugangssysteme und Anwendungen. Das Board ist mit Fudan S50 ausgestattet, das MIFARE1k entspricht, sowie HT4168, das mit der EM4200-Technologie kompatibel ist.<\/p>\n<p>Diese Karte ist die perfekte L\u00f6sung f\u00fcr Umgebungen, in denen mehrere Systeme gleichzeitig verwendet werden, beispielsweise an Arbeitspl\u00e4tzen oder in Mehrfamilienh\u00e4usern. Das hochwertige Kunststoffmaterial garantiert Langlebigkeit und eine lange Lebensdauer. Dar\u00fcber hinaus bieten wir eine 2-Jahres-Garantie, damit Sie beruhigt sein k\u00f6nnen.<\/p>\n<p>**Merkmale:**<br \/>\n\u2013 **Kompatibilit\u00e4t:**<br \/>\n\u2013 **Fudan S70:** MIFARE4k<br \/>\n\u2013 **HT4168:** EM4200<br \/>\n\u2013 **Feature:** Dual-Chip-Technologie f\u00fcr den Einsatz in mehreren Systemen<br \/>\n\u2013 **Materialien:** Hochwertiger Kunststoff<br \/>\n\u2013 **Garantie:** 2 Jahre<\/p>\n<p>Mit dieser Kombikarte erhalten Sie eine vielseitige und zuverl\u00e4ssige L\u00f6sung zur Zutrittskontrolle und Identifizierung. Entscheiden Sie sich f\u00fcr Qualit\u00e4t und Funktion in ein und derselben Karte!<\/p>","protected":false},"excerpt":{"rendered":"<p>Dieses Produkt wurde entwickelt, um die gleichen Anforderungen und Funktionen zu erf\u00fcllen, die der NXP-Chip erfordert, jedoch mit einem kompatiblen Chip und zu einem geringeren Preis.<\/p>\n<p>Wir gew\u00e4hren 2 Jahre Garantie auf Funktion und Karteninhalt.<\/p>","protected":false},"featured_media":136040,"template":"","meta":{"_acf_changed":false},"product_brand":[],"product_cat":[4346],"product_tag":[4415,2958],"class_list":{"0":"post-120194","1":"product","2":"type-product","3":"status-publish","4":"has-post-thumbnail","6":"product_cat-mifare4k-em4200-kombinerade","7":"product_tag-kompatibelt-chip","8":"product_tag-stonehouse-produkt","9":"product_shipping_class-postnord-varubrev","10":"pa_brands-stonehouse-security","11":"pa_farg-vit","12":"pa_plastkort-teknik-kombi-em-mifare4k","13":"tm-has-options","15":"first","16":"instock","17":"sale","18":"featured","19":"taxable","20":"shipping-taxable","21":"purchasable","22":"product-type-simple"},"acf":[],"_links":{"self":[{"href":"https:\/\/secureus.se\/de\/wp-json\/wp\/v2\/product\/120194","targetHints":{"allow":["GET"]}}],"collection":[{"href":"https:\/\/secureus.se\/de\/wp-json\/wp\/v2\/product"}],"about":[{"href":"https:\/\/secureus.se\/de\/wp-json\/wp\/v2\/types\/product"}],"wp:featuredmedia":[{"embeddable":true,"href":"https:\/\/secureus.se\/de\/wp-json\/wp\/v2\/media\/136040"}],"wp:attachment":[{"href":"https:\/\/secureus.se\/de\/wp-json\/wp\/v2\/media?parent=120194"}],"wp:term":[{"taxonomy":"product_brand","embeddable":true,"href":"https:\/\/secureus.se\/de\/wp-json\/wp\/v2\/product_brand?post=120194"},{"taxonomy":"product_cat","embeddable":true,"href":"https:\/\/secureus.se\/de\/wp-json\/wp\/v2\/product_cat?post=120194"},{"taxonomy":"product_tag","embeddable":true,"href":"https:\/\/secureus.se\/de\/wp-json\/wp\/v2\/product_tag?post=120194"}],"curies":[{"name":"wp","href":"https:\/\/api.w.org\/{rel}","templated":true}]}}