{"id":120490,"date":"2024-11-19T15:32:54","date_gmt":"2024-11-19T14:32:54","guid":{"rendered":"https:\/\/secureus.se\/batteri-100ah-12v-helios-8-10-ar\/"},"modified":"2026-04-20T10:16:36","modified_gmt":"2026-04-20T08:16:36","slug":"batteri-100ah-12v-helios","status":"publish","type":"product","link":"https:\/\/secureus.se\/de\/batteri-100ah-12v-helios\/","title":{"rendered":"12V 100Ah Akku HELIOS 8-10 Jahre Pro-Version"},"content":{"rendered":"<h4><strong>Batterie 100Ah 12V HELIOS \u2013 F\u00fcr zuverl\u00e4ssige Stromversorgung<\/strong><\/h4>\n<p>HELIOS <strong>Batterie 100Ah<\/strong> wurde entwickelt, um h\u00f6chste Anspr\u00fcche an Zuverl\u00e4ssigkeit und Leistung zu erf\u00fcllen. Mit einer langen Lebensdauer von 8\u201310 Jahren und einer extrem niedrigen Ausfallrate von 0,03 % ab Werk <strong>100-Ah-Batterie<\/strong> die offensichtliche Wahl f\u00fcr Solarzellen, Notstromversorgung und Schiffsanwendungen.<\/p>\n<hr \/>\n<h4><strong>Warum sollten Sie sich f\u00fcr eine HELIOS-Batterie mit 100 Ah entscheiden?<\/strong><\/h4>\n<ul>\n<li><strong>Optimale Kapazit\u00e4t:<\/strong> 12 V und 100 Ah f\u00fcr stabilen und effizienten Betrieb.<\/li>\n<li><strong>Lange Haltbarkeit:<\/strong> Die Lebensdauer von bis zu 10 Jahren macht es zu einer kosteng\u00fcnstigen L\u00f6sung.<\/li>\n<li><strong>Hohe Qualit\u00e4t:<\/strong> Hergestellt mit fortschrittlicher AGM-Technologie und strenger Qualit\u00e4tskontrolle.<\/li>\n<li><strong>Zertifiziert:<\/strong> CE, UL, ROSH und ISO9000, ISO14000, ISO18000 f\u00fcr Sicherheits- und Umweltstandards.<\/li>\n<li><strong>Minimale Fehlerquote:<\/strong> Nur 0,03 %-Ausfallrate ab Werk.<\/li>\n<\/ul>\n<hr \/>\n<h4><strong>Spezifikationen:<\/strong><\/h4>\n<ul>\n<li><strong>Kapazit\u00e4t:<\/strong> 100Ah<\/li>\n<li><strong>Stromspannung:<\/strong> 12V<\/li>\n<li><strong>Messen:<\/strong> 35 x 19 x 28 cm<\/li>\n<li><strong>Gewicht:<\/strong> 30,8 kg<\/li>\n<li><strong>Leben:<\/strong> 8\u201310 Jahre<\/li>\n<\/ul>\n<hr \/>\n<h4><strong>Einsatzgebiete:<\/strong><\/h4>\n<ul>\n<li><strong>Solarzellen:<\/strong> F\u00fcr optimale Energie in netzunabh\u00e4ngigen Systemen.<\/li>\n<li><strong>Sicherung:<\/strong> Perfekt als Notstromversorgung f\u00fcr Zuhause und Unternehmen.<\/li>\n<li><strong>Sicherheitssystem:<\/strong> Zuverl\u00e4ssige Energie f\u00fcr Alarmierung und \u00dcberwachung.<\/li>\n<li><strong>Marineanwendungen:<\/strong> Bew\u00e4ltigt schwierige Umgebungen und sorgt f\u00fcr einen stabilen Betrieb.<\/li>\n<\/ul>\n<hr \/>\n<h4><strong>Helios-Batterie 100 Ah \u2013 Eine Investition in nachhaltige Energie<\/strong><\/h4>\n<p>HELIOS <strong>100-Ah-Batterie<\/strong> ist darauf ausgelegt, die bestm\u00f6gliche Leistung zum niedrigsten Preis zu liefern. Unser Ziel ist es, leistungsstarke und erschwingliche L\u00f6sungen bereitzustellen, die den h\u00f6chsten Standards entsprechen.<\/p>","protected":false},"excerpt":{"rendered":"<p><strong>Batterie 100Ah 12V HELIOS<\/strong> ist eine langlebige AGM-Batterie mit einer Lebensdauer von 8\u201310 Jahren. Perfekt f\u00fcr Solarzellen, Sicherheitssysteme und Marineanwendungen. Zertifiziert nach CE-, UL- und ISO-Standards.<\/p>","protected":false},"featured_media":134943,"template":"","meta":{"_acf_changed":false},"product_brand":[],"product_cat":[1596,1324],"product_tag":[4406,2419],"class_list":{"0":"post-120490","1":"product","2":"type-product","3":"status-publish","4":"has-post-thumbnail","6":"product_cat-ackumulatorer-12v-agm-batterier","7":"product_cat-outlet","8":"product_tag-batteri-13-45-ah","9":"product_tag-rel-batteri","10":"product_shipping_class-tunga-paket","11":"pa_brands-stonehouse-security","12":"tm-no-options","14":"first","15":"instock","16":"sale","17":"featured","18":"taxable","19":"shipping-taxable","20":"purchasable","21":"product-type-simple"},"acf":[],"_links":{"self":[{"href":"https:\/\/secureus.se\/de\/wp-json\/wp\/v2\/product\/120490","targetHints":{"allow":["GET"]}}],"collection":[{"href":"https:\/\/secureus.se\/de\/wp-json\/wp\/v2\/product"}],"about":[{"href":"https:\/\/secureus.se\/de\/wp-json\/wp\/v2\/types\/product"}],"wp:featuredmedia":[{"embeddable":true,"href":"https:\/\/secureus.se\/de\/wp-json\/wp\/v2\/media\/134943"}],"wp:attachment":[{"href":"https:\/\/secureus.se\/de\/wp-json\/wp\/v2\/media?parent=120490"}],"wp:term":[{"taxonomy":"product_brand","embeddable":true,"href":"https:\/\/secureus.se\/de\/wp-json\/wp\/v2\/product_brand?post=120490"},{"taxonomy":"product_cat","embeddable":true,"href":"https:\/\/secureus.se\/de\/wp-json\/wp\/v2\/product_cat?post=120490"},{"taxonomy":"product_tag","embeddable":true,"href":"https:\/\/secureus.se\/de\/wp-json\/wp\/v2\/product_tag?post=120490"}],"curies":[{"name":"wp","href":"https:\/\/api.w.org\/{rel}","templated":true}]}}