{"id":132552,"date":"2024-11-26T14:53:48","date_gmt":"2024-11-26T13:53:48","guid":{"rendered":"https:\/\/secureus.se\/dorrstangarsats-dc700-3-6-paket-silver\/"},"modified":"2026-04-08T15:28:59","modified_gmt":"2026-04-08T13:28:59","slug":"dorrstangarsats-dc700-3-6-paket-silver","status":"publish","type":"product","link":"https:\/\/secureus.se\/de\/dorrstangarsats-dc700-3-6-paket-silver\/","title":{"rendered":"ASSA ABLOY DC700 T\u00fcrschlie\u00dfer \u2013 Komplettset (Paket) \u2013 EN 3-6 \u2013 Schieber G195 \u2013 Silber"},"content":{"rendered":"<p><strong>ASSA ABLOY DC700<\/strong> ist ein moderner und zuverl\u00e4ssiger T\u00fcrschlie\u00dfer f\u00fcr alle, die ein sicheres, kontrolliertes und sanftes Schlie\u00dfen von Innen-, Au\u00dfen- und Brandschutzt\u00fcren w\u00fcnschen. Dieses Modell wird geliefert als <strong>Komplettset<\/strong> in Silber mit <strong>Gleitschiene G195<\/strong>, Dadurch eignet es sich sowohl f\u00fcr Neuinstallationen als auch f\u00fcr Austauschprojekte.<\/p>\n<p>DC700 passt <strong>Einzelt\u00fcren bis 1400 mm<\/strong> und hat <strong>einstellbare Schlie\u00dfkraft EN 3-6<\/strong>. Dank <strong>Cam Motion-Technologie<\/strong> Im Vergleich zu einem herk\u00f6mmlichen T\u00fcrschlie\u00dfer bietet dieses Modell einen geringeren \u00d6ffnungswiderstand bei gleichbleibender Schlie\u00dfkraft. Dadurch eignet es sich besonders f\u00fcr T\u00fcrbereiche, in denen Funktionalit\u00e4t, Komfort und Barrierefreiheit wichtig sind.<\/p>\n<h3>Dies ist im Set enthalten.<\/h3>\n<ul>\n<li>T\u00fcrschlie\u00dfergeh\u00e4use DC700<\/li>\n<li>Montageplatte A120<\/li>\n<li>Gleitschiene G195<\/li>\n<\/ul>\n<h3>Eigenschaften<\/h3>\n<ul>\n<li>Komplettes Set mit T\u00fcrschlie\u00dfergeh\u00e4use, Montageplatte und Gleitschiene<\/li>\n<li>Armsystem: <strong>Gleitschiene<\/strong><\/li>\n<li>Schlie\u00dfkraft: <strong>EINS 3-6<\/strong><\/li>\n<li>Schlie\u00dfdrehmoment <strong>18 Nm bis 54 Nm<\/strong><\/li>\n<li>Passend f\u00fcr eine einzelne T\u00fcr<\/li>\n<li>Maximale T\u00fcrfl\u00fcgelbreite: <strong>1400 mm<\/strong><\/li>\n<li>Cam-Motion-Technologie f\u00fcr leichteren \u00d6ffnungswiderstand<\/li>\n<li>Einstellbare Schlie\u00dfgeschwindigkeit<\/li>\n<li>Einstellbare Aufprallkraft<\/li>\n<li>Einstellbare \u00d6ffnungsbremse<\/li>\n<li>\u00d6ffnungswinkel Scharnierseite nach oben bis ca. <strong>170\u00b0<\/strong><\/li>\n<li>\u00d6ffnungswinkel auf der Anschlagseite bis zu ca. <strong>120\u00b0<\/strong><\/li>\n<li>Passend f\u00fcr links- und rechtsanschlagende T\u00fcren<\/li>\n<li>Verdeckte Montageplatte<\/li>\n<li>H\u00f6henverstellbarer Schaft bis zu <strong>14 mm<\/strong> f\u00fcr eine einfachere Installation<\/li>\n<li>Bestehen der Klasse <strong>C5<\/strong><\/li>\n<li>Genehmigt gem\u00e4\u00df <strong>EN1154<\/strong><\/li>\n<li>Typgenehmigt f\u00fcr Brandschutzt\u00fcren <strong>EI60<\/strong><\/li>\n<li>Bauprodukt bewertet: Ja<\/li>\n<li>Oberfl\u00e4chenbehandlung: <strong>Silber<\/strong><\/li>\n<\/ul>\n<h3>Montage<\/h3>\n<p>Der DC700 kann in verschiedenen Montagekonfigurationen eingesetzt werden und ist eine flexible L\u00f6sung f\u00fcr viele T\u00fcrumgebungen. Laut Produktdaten eignet sich das Modell f\u00fcr die Montage an <strong>T\u00fcrscharnierseite, Rahmenscharnierseite, T\u00fcrschlie\u00dfseite und Rahmenschlie\u00dfseite<\/strong>.<\/p>\n<h3>Funktion<\/h3>\n<p>Die DC700 ist eine <strong>Nockenscheiben-T\u00fcrschlie\u00dfer<\/strong> Hierbei kommt die Gleitschiene zum Einsatz, w\u00e4hrend die Schlie\u00dfkraft erhalten bleibt. Dank der Nockenscheibentechnologie ist der \u00d6ffnungswiderstand im Verh\u00e4ltnis zur Schlie\u00dfkraft geringer als bei einem herk\u00f6mmlichen T\u00fcrschlie\u00dfer, was ein sanfteres Durchgangsgef\u00fchl erm\u00f6glicht.<\/p>\n<h3>Wichtige Informationen<\/h3>\n<p>Bei der Montage auf <strong>Ank\u00fcndigungsseite<\/strong> zusammen mit <strong>Gleitschiene G195<\/strong> empfohlen <strong>\u00d6ffnungsklappe A153<\/strong> f\u00fcr eine bessere und besser steuerbare Funktion.<\/p>\n<h3>Messen<\/h3>\n<ul>\n<li>H\u00f6he: <strong>64 mm<\/strong><\/li>\n<li>Tiefe: <strong>57 mm<\/strong><\/li>\n<li>L\u00e4nge: <strong>270 mm<\/strong><\/li>\n<\/ul>\n<h3>Geeignet f\u00fcr<\/h3>\n<ul>\n<li>Innent\u00fcren<\/li>\n<li>Vordert\u00fcren<\/li>\n<li>Feuerschutzt\u00fcren<\/li>\n<li>Eingangst\u00fcren<\/li>\n<li>Immobilien, B\u00fcros und \u00f6ffentliche Umgebungen<\/li>\n<\/ul>\n<p>Die ASSA ABLOY DC700 ist eine gute Wahl f\u00fcr alle, die eine suchen <strong>T\u00fcrschlie\u00dfer mit Gleitschiene<\/strong> Dieses Komplettset vereint Funktion, Komfort und Langlebigkeit. Sie erhalten einen zuverl\u00e4ssigen T\u00fcrschlie\u00dfer mit hoher Einstellbarkeit, leichtg\u00e4ngigem \u00d6ffnungsgef\u00fchl und stabilem Betrieb in unterschiedlichsten T\u00fcrumgebungen.<\/p>\n<div style=\"background: #f6f8fa;padding: 14px;border-radius: 6px;margin: 18px 0\"><strong>Ben\u00f6tigen Sie Hilfe bei der Auswahl des richtigen T\u00fcrschlie\u00dfers?<\/strong><br \/>\nVergleichen Sie T\u00fcrtyp, Armtyp und T\u00fcrbreite oder sehen Sie sich weitere Modelle aus unserem Sortiment an.<br \/>\n<a style=\"font-weight: bold\" href=\"https:\/\/secureus.se\/de\/dorrstangare-kompletta\/\"><br \/>\nAlle kompletten T\u00fcrschlie\u00dfer finden Sie hier \u2192<br \/>\n<\/a><\/div>","protected":false},"excerpt":{"rendered":"<p><strong>ASSA ABLOY DC700 T\u00fcrschlie\u00dfer-Komplettset in Silber<\/strong> mit Gleitschiene G195 f\u00fcr sicheres und kontrolliertes Schlie\u00dfen von Innent\u00fcren, Au\u00dfent\u00fcren und Brandschutzt\u00fcren. Geeignet <strong>Einzelt\u00fcren bis 1400 mm<\/strong> und hat <strong>Cam Motion-Technologie<\/strong> f\u00fcr einen geringeren \u00d6ffnungswiderstand.<\/p>\n<p>Das komplette Set beinhaltet: <strong>T\u00fcrschlie\u00dfergeh\u00e4use DC700, Montageplatte A120 und Gleitschiene G195<\/strong>. Das Modell hat <strong>einstellbare Schlie\u00dfkraft EN 3-6<\/strong>, \u00d6ffnungsbremse und passend f\u00fcr links- und rechtsanschlagende T\u00fcren.<\/p>","protected":false},"featured_media":133280,"template":"","meta":{"_acf_changed":false},"product_brand":[],"product_cat":[3258,4864],"product_tag":[4863],"class_list":{"0":"post-132552","1":"product","2":"type-product","3":"status-publish","4":"has-post-thumbnail","6":"product_cat-dorrstangare","7":"product_cat-dorrstangare-kompletta","8":"product_tag-pf","9":"product_shipping_class-tunga-paket","10":"pa_brands-abloy","11":"tm-no-options","13":"first","14":"instock","15":"sale","16":"taxable","17":"shipping-taxable","18":"purchasable","19":"product-type-simple"},"acf":[],"_links":{"self":[{"href":"https:\/\/secureus.se\/de\/wp-json\/wp\/v2\/product\/132552","targetHints":{"allow":["GET"]}}],"collection":[{"href":"https:\/\/secureus.se\/de\/wp-json\/wp\/v2\/product"}],"about":[{"href":"https:\/\/secureus.se\/de\/wp-json\/wp\/v2\/types\/product"}],"wp:featuredmedia":[{"embeddable":true,"href":"https:\/\/secureus.se\/de\/wp-json\/wp\/v2\/media\/133280"}],"wp:attachment":[{"href":"https:\/\/secureus.se\/de\/wp-json\/wp\/v2\/media?parent=132552"}],"wp:term":[{"taxonomy":"product_brand","embeddable":true,"href":"https:\/\/secureus.se\/de\/wp-json\/wp\/v2\/product_brand?post=132552"},{"taxonomy":"product_cat","embeddable":true,"href":"https:\/\/secureus.se\/de\/wp-json\/wp\/v2\/product_cat?post=132552"},{"taxonomy":"product_tag","embeddable":true,"href":"https:\/\/secureus.se\/de\/wp-json\/wp\/v2\/product_tag?post=132552"}],"curies":[{"name":"wp","href":"https:\/\/api.w.org\/{rel}","templated":true}]}}