{"id":132831,"date":"2024-12-03T11:31:46","date_gmt":"2024-12-03T10:31:46","guid":{"rendered":"https:\/\/secureus.se\/?post_type=product&#038;p=132831"},"modified":"2026-04-23T12:39:37","modified_gmt":"2026-04-23T10:39:37","slug":"evolis-agilia-rtcl100naaa-retransfer-film-1200-utskrifter","status":"publish","type":"product","link":"https:\/\/secureus.se\/de\/evolis-agilia-rtcl100naaa-retransfer-film-1200-utskrifter\/","title":{"rendered":"Retransferfilm Evolis \u2013 Agilia"},"content":{"rendered":"<h1>Retransferfilm<br \/>\n  Evolis \u2013 Agilia<\/h1>\n<p>Retransferfilm Evolis \u2013 Agilia ist ein Farbband zum Drucken<br \/>\n  Plastikkarten mit kr\u00e4ftigen Farben, klarem Text und guter Detailwiedergabe. (Bandart)<br \/>\n  YMC bietet die richtige Kombination von Farbpanels f\u00fcr Profis<br \/>\n  Kartendruck.<\/p>\n<p>Geeignet f\u00fcr Ausweise, Zugangskarten, Mitgliedskarten und andere<br \/>\n  Plastikkarten, bei denen hohe Druckqualit\u00e4t und Zuverl\u00e4ssigkeit wichtig sind<br \/>\n  wichtig.<\/p>\n<ul>\n<li>Kapazit\u00e4t: bis zu 1.200 Ausdrucke<\/li>\n<li>Bandtyp: YMC<\/li>\n<li>Artikelnummer: RTCL100NAAA<\/li>\n<\/ul>\n<p><strong>Kompatibel mit Bitte beachten Sie, dass dies<br \/>\n  Der Retransferfilm ist nur mit Evolis Agilia Retransfer kompatibel.<br \/>\n  Kartendrucker und muss immer zusammen mit einem Agilia YMC verwendet werden.<br \/>\n  Bandvariante f\u00fcr konsistente Ergebnisse.<\/strong><\/p>\n<p><strong>Produktgewicht:<\/strong> 0,20 kg<\/p>","protected":false},"excerpt":{"rendered":"<p>Retransferfilm Evolis &#8211; Agilia Retransferfilm Evolis &#8211; Agilia \u00e4r ett f\u00e4rgband f\u00f6r utskrift av plastkort med skarpa f\u00e4rger, tydlig text och bra detalj\u00e5tergivning. Bandtypen YMC ger r\u00e4tt kombination av f\u00e4rgpaneler<\/p>","protected":false},"featured_media":132941,"template":"","meta":{"_acf_changed":false},"product_brand":[],"product_cat":[3213,4854],"product_tag":[4863,4364],"class_list":{"0":"post-132831","1":"product","2":"type-product","3":"status-publish","4":"has-post-thumbnail","6":"product_cat-evolis-fargband-retransfer","7":"product_cat-agilia","8":"product_tag-pf","9":"product_tag-sync","10":"product_shipping_class-postnord-varubrev","11":"pa_brands-evolis","12":"tm-has-options","14":"first","15":"instock","16":"sale","17":"taxable","18":"shipping-taxable","19":"purchasable","20":"product-type-simple"},"acf":[],"_links":{"self":[{"href":"https:\/\/secureus.se\/de\/wp-json\/wp\/v2\/product\/132831","targetHints":{"allow":["GET"]}}],"collection":[{"href":"https:\/\/secureus.se\/de\/wp-json\/wp\/v2\/product"}],"about":[{"href":"https:\/\/secureus.se\/de\/wp-json\/wp\/v2\/types\/product"}],"wp:featuredmedia":[{"embeddable":true,"href":"https:\/\/secureus.se\/de\/wp-json\/wp\/v2\/media\/132941"}],"wp:attachment":[{"href":"https:\/\/secureus.se\/de\/wp-json\/wp\/v2\/media?parent=132831"}],"wp:term":[{"taxonomy":"product_brand","embeddable":true,"href":"https:\/\/secureus.se\/de\/wp-json\/wp\/v2\/product_brand?post=132831"},{"taxonomy":"product_cat","embeddable":true,"href":"https:\/\/secureus.se\/de\/wp-json\/wp\/v2\/product_cat?post=132831"},{"taxonomy":"product_tag","embeddable":true,"href":"https:\/\/secureus.se\/de\/wp-json\/wp\/v2\/product_tag?post=132831"}],"curies":[{"name":"wp","href":"https:\/\/api.w.org\/{rel}","templated":true}]}}