{"id":133404,"date":"2024-12-02T15:56:40","date_gmt":"2024-12-02T14:56:40","guid":{"rendered":"https:\/\/secureus.se\/aptusnyckel-stalbla-5\/"},"modified":"2026-04-08T16:34:01","modified_gmt":"2026-04-08T14:34:01","slug":"aptusnyckel-stalbla-5","status":"publish","type":"product","link":"https:\/\/secureus.se\/de\/aptusnyckel-stalbla-5\/","title":{"rendered":"APTUS SCHL\u00dcSSEL STAHL BLAU 5"},"content":{"rendered":"","protected":false},"excerpt":{"rendered":"<p>Ber\u00fchrungsloser Schl\u00fcssel im Schl\u00fcsselloch-Symbol, gravierte Nummer 1 bis 9, w\u00e4hlbar in den Farben Stahlblau, Dunkelblau, Gr\u00fcn, Rot.<\/p>","protected":false},"featured_media":133403,"template":"","meta":{"_acf_changed":false},"product_brand":[],"product_cat":[3841],"product_tag":[],"class_list":{"0":"post-133404","1":"product","2":"type-product","3":"status-publish","4":"has-post-thumbnail","6":"product_cat-aptus-taggar","7":"product_shipping_class-postnord-varubrev","8":"pa_brands-aptus","9":"tm-no-options","11":"first","12":"instock","13":"sale","14":"taxable","15":"shipping-taxable","16":"purchasable","17":"product-type-simple"},"acf":[],"_links":{"self":[{"href":"https:\/\/secureus.se\/de\/wp-json\/wp\/v2\/product\/133404","targetHints":{"allow":["GET"]}}],"collection":[{"href":"https:\/\/secureus.se\/de\/wp-json\/wp\/v2\/product"}],"about":[{"href":"https:\/\/secureus.se\/de\/wp-json\/wp\/v2\/types\/product"}],"wp:featuredmedia":[{"embeddable":true,"href":"https:\/\/secureus.se\/de\/wp-json\/wp\/v2\/media\/133403"}],"wp:attachment":[{"href":"https:\/\/secureus.se\/de\/wp-json\/wp\/v2\/media?parent=133404"}],"wp:term":[{"taxonomy":"product_brand","embeddable":true,"href":"https:\/\/secureus.se\/de\/wp-json\/wp\/v2\/product_brand?post=133404"},{"taxonomy":"product_cat","embeddable":true,"href":"https:\/\/secureus.se\/de\/wp-json\/wp\/v2\/product_cat?post=133404"},{"taxonomy":"product_tag","embeddable":true,"href":"https:\/\/secureus.se\/de\/wp-json\/wp\/v2\/product_tag?post=133404"}],"curies":[{"name":"wp","href":"https:\/\/api.w.org\/{rel}","templated":true}]}}