{"id":133527,"date":"2024-11-26T15:05:36","date_gmt":"2024-11-26T14:05:36","guid":{"rendered":"https:\/\/secureus.se\/?post_type=product&#038;p=133527"},"modified":"2026-03-24T11:03:34","modified_gmt":"2026-03-24T10:03:34","slug":"dorrstangarsats-dc500-paket-silver","status":"publish","type":"product","link":"https:\/\/secureus.se\/de\/dorrstangarsats-dc500-paket-silver\/","title":{"rendered":"ASSA ABLOY DC500 T\u00fcrschlie\u00dfer \u2013 Komplettset \u2013 EN 1-4 \u2013 Schieber G195 \u2013 Silber"},"content":{"rendered":"<p><strong>ASSA ABLOY DC500<\/strong> ist ein moderner und zuverl\u00e4ssiger T\u00fcrschlie\u00dfer f\u00fcr alle, die ein sicheres, kontrolliertes und sanftes Schlie\u00dfen von Au\u00dfen-, Innen- und Brandschutzt\u00fcren w\u00fcnschen. Dieses Modell wird geliefert als <strong>Komplettset<\/strong> in Silber mit <strong>Gleitschiene G195<\/strong>, Dadurch ist es sowohl f\u00fcr Neuinstallationen als auch f\u00fcr Austauschsysteme eine praktische Wahl.<\/p>\n<p>DC500 passt f\u00fcr T\u00fcren bis zu <strong>1100 mm<\/strong> und hat <strong>einstellbare Schlie\u00dfkraft EN 1-4<\/strong>. Dank <strong>Cam Motion-Technologie<\/strong> Im Vergleich zu einem herk\u00f6mmlichen T\u00fcrschlie\u00dfer bietet dieses Modell einen geringeren \u00d6ffnungswiderstand bei gleichbleibender Schlie\u00dfkraft. Dadurch eignet es sich ideal f\u00fcr T\u00fcrbereiche, in denen Funktionalit\u00e4t, Komfort und Barrierefreiheit wichtig sind.<\/p>\n<h3>Dies ist im Set enthalten.<\/h3>\n<ul>\n<li>T\u00fcrschlie\u00dfergeh\u00e4use DC500<\/li>\n<li>Gleitschiene G195<\/li>\n<li>Montageplatte A120<\/li>\n<\/ul>\n<h3>Eigenschaften<\/h3>\n<ul>\n<li>Komplettes Set mit T\u00fcrschlie\u00dfergeh\u00e4use, Gleitschiene und Montageplatte<\/li>\n<li>Einstellbare Federkraft <strong>DE 1-4<\/strong><\/li>\n<li>Schlie\u00dfdrehmoment <strong>9 Nm bis 26 Nm<\/strong><\/li>\n<li>Maximale T\u00fcrbreite <strong>1100 mm<\/strong><\/li>\n<li>Bestehen der Klasse <strong>C5<\/strong><\/li>\n<li>Cam-Motion-Technologie f\u00fcr leichteren \u00d6ffnungswiderstand<\/li>\n<li>H\u00f6henverstellbarer Schaft bis zu <strong>14 mm<\/strong> f\u00fcr eine einfachere Installation<\/li>\n<li>Einstellbare Schlie\u00dfgeschwindigkeit<\/li>\n<li>Einstellbare Aufprallkraft<\/li>\n<li>Einstellbare \u00d6ffnungsbremse<\/li>\n<li>\u00d6ffnungswinkel Scharnierseite nach oben bis ca. <strong>170\u00b0<\/strong><\/li>\n<li>\u00d6ffnungswinkel auf der Anschlagseite bis zu ca. <strong>120\u00b0<\/strong><\/li>\n<li>Genehmigt gem\u00e4\u00df <strong>EN1154<\/strong><\/li>\n<li>Typgenehmigt f\u00fcr Brandschutzt\u00fcren <strong>EI60<\/strong><\/li>\n<li>Passend f\u00fcr links- und rechtsanschlagende T\u00fcren<\/li>\n<li>Verdeckte Montageplatte<\/li>\n<li>Oberfl\u00e4chenbehandlung: <strong>Silber<\/strong><\/li>\n<\/ul>\n<h3>Funktion<\/h3>\n<p>Die ASSA ABLOY DC500 ist eine <strong>Nockenscheiben-T\u00fcrschlie\u00dfer<\/strong> Dabei kommt die Gleitschiene zum Einsatz, w\u00e4hrend die Schlie\u00dfkraft erhalten bleibt. Die Nockenscheibentechnologie bietet zudem den Vorteil, dass der \u00d6ffnungswiderstand im Verh\u00e4ltnis zur Schlie\u00dfkraft geringer ist als bei einem herk\u00f6mmlichen T\u00fcrschlie\u00dfer.<\/p>\n<h3>Wichtige Informationen w\u00e4hrend der Montage<\/h3>\n<p>Bei der Montage auf <strong>Ank\u00fcndigungsseite<\/strong> zusammen mit <strong>Gleitschiene G195<\/strong> empfohlen <strong>\u00d6ffnungsklappe A153<\/strong> f\u00fcr eine bessere und besser steuerbare Funktion.<\/p>\n<h3>Messen<\/h3>\n<ul>\n<li>H\u00f6he: <strong>64 mm<\/strong><\/li>\n<li>Tiefe: <strong>57 mm<\/strong><\/li>\n<li>L\u00e4nge: <strong>270 mm<\/strong><\/li>\n<\/ul>\n<h3>Geeignet f\u00fcr<\/h3>\n<ul>\n<li>Vordert\u00fcren<\/li>\n<li>Innent\u00fcren<\/li>\n<li>Feuerschutzt\u00fcren<\/li>\n<li>Eingangst\u00fcren<\/li>\n<li>Immobilien, B\u00fcros und \u00f6ffentliche Umgebungen<\/li>\n<\/ul>\n<p>Die ASSA ABLOY DC500 ist eine gute Wahl f\u00fcr alle, die eine suchen <strong>T\u00fcrschlie\u00dfer mit Gleitschiene<\/strong> Dieses Komplettset eignet sich ideal f\u00fcr hellere T\u00fcren. Sie erhalten einen zuverl\u00e4ssigen T\u00fcrschlie\u00dfer mit leichtg\u00e4ngiger Bedienung, hoher Einstellbarkeit und einem dezenten Design, das sich in viele verschiedene Geb\u00e4udetypen einf\u00fcgt.<\/p>\n<div style=\"background: #f6f8fa;padding: 14px;border-radius: 6px;margin: 18px 0\"><strong>Ben\u00f6tigen Sie Hilfe bei der Auswahl des richtigen T\u00fcrschlie\u00dfers?<\/strong><br \/>\nVergleichen Sie T\u00fcrtyp, T\u00fcrbreite und Armdesign oder sehen Sie sich weitere Modelle aus unserem Sortiment an.<br \/>\n<a style=\"font-weight: bold\" href=\"https:\/\/secureus.se\/de\/dorrstangare-kompletta\/\"><br \/>\nAlle kompletten T\u00fcrschlie\u00dfer finden Sie hier \u2192<br \/>\n<\/a><\/div>","protected":false},"excerpt":{"rendered":"<p><strong>ASSA ABLOY DC500 T\u00fcrschlie\u00dfer-Komplettset in Silber<\/strong> Mit Gleitschiene G195 f\u00fcr sicheres und kontrolliertes Schlie\u00dfen von Au\u00dfent\u00fcren, Innent\u00fcren und Brandschutzt\u00fcren. Passend f\u00fcr T\u00fcren bis zu <strong>1100 mm<\/strong> und hat <strong>Cam Motion-Technologie<\/strong> f\u00fcr einen geringeren \u00d6ffnungswiderstand.<\/p>\n<p>Das komplette Set beinhaltet: <strong>T\u00fcrschlie\u00dfergeh\u00e4use DC500, Gleitschiene G195 und Montageplatte A120<\/strong>. Das Modell hat <strong>einstellbare Schlie\u00dfkraft EN 1-4<\/strong>, \u00d6ffnungsbremse und passend f\u00fcr links- und rechtsanschlagende T\u00fcren.<\/p>","protected":false},"featured_media":133525,"template":"","meta":{"_acf_changed":false},"product_brand":[],"product_cat":[3258,4864],"product_tag":[4863],"class_list":{"0":"post-133527","1":"product","2":"type-product","3":"status-publish","4":"has-post-thumbnail","6":"product_cat-dorrstangare","7":"product_cat-dorrstangare-kompletta","8":"product_tag-pf","9":"product_shipping_class-tunga-paket","10":"pa_brands-abloy","11":"tm-no-options","13":"first","14":"instock","15":"sale","16":"taxable","17":"shipping-taxable","18":"purchasable","19":"product-type-simple"},"acf":[],"_links":{"self":[{"href":"https:\/\/secureus.se\/de\/wp-json\/wp\/v2\/product\/133527","targetHints":{"allow":["GET"]}}],"collection":[{"href":"https:\/\/secureus.se\/de\/wp-json\/wp\/v2\/product"}],"about":[{"href":"https:\/\/secureus.se\/de\/wp-json\/wp\/v2\/types\/product"}],"wp:featuredmedia":[{"embeddable":true,"href":"https:\/\/secureus.se\/de\/wp-json\/wp\/v2\/media\/133525"}],"wp:attachment":[{"href":"https:\/\/secureus.se\/de\/wp-json\/wp\/v2\/media?parent=133527"}],"wp:term":[{"taxonomy":"product_brand","embeddable":true,"href":"https:\/\/secureus.se\/de\/wp-json\/wp\/v2\/product_brand?post=133527"},{"taxonomy":"product_cat","embeddable":true,"href":"https:\/\/secureus.se\/de\/wp-json\/wp\/v2\/product_cat?post=133527"},{"taxonomy":"product_tag","embeddable":true,"href":"https:\/\/secureus.se\/de\/wp-json\/wp\/v2\/product_tag?post=133527"}],"curies":[{"name":"wp","href":"https:\/\/api.w.org\/{rel}","templated":true}]}}