{"id":134600,"date":"2020-07-07T19:24:00","date_gmt":"2020-07-07T17:24:00","guid":{"rendered":"https:\/\/secureus.se\/stilren-liten-2\/"},"modified":"2025-12-31T19:35:56","modified_gmt":"2025-12-31T18:35:56","slug":"stilren-liten","status":"publish","type":"product","link":"https:\/\/secureus.se\/de\/stilren-liten\/","title":{"rendered":"Stilvolles T\u00fcrschild klein"},"content":{"rendered":"<p>Abmessungen: 120 x 55 mm<br \/>\nMaterial: Messing<br \/>\nGewicht: 150 Gramm<br \/>\nOberfl\u00e4chenbehandlung: Klarlackiert<\/p>\n<p>Willkommen in unserem Schildershop! Hier sehen Sie unser Sortiment an T\u00fcrschildern aus Messing.<\/p>\n<h6><em><strong><a href=\"https:\/\/dinskylt.se\/shop-dorrskyltar-massing\/\" target=\"_blank\" rel=\"noopener\">Klicken Sie auf das gew\u00fcnschte Schild und geben Sie Ihren Namen im Produkt-Builder unter https:\/\/dinskylt.se ein<\/a>\/<\/strong><\/em><\/h6>\n<p>Im Schildershop k\u00f6nnen Sie ganz einfach vorab sehen, wie Ihr Messing-T\u00fcrschild aussehen wird. Sobald Sie die Bestellung aufgegeben haben, wird das T\u00fcrschild aus Messing graviert und innerhalb von 24 Stunden an Sie versendet. Alle unsere Schilder werden in Alings\u00e5s hergestellt und innerhalb von 5 Tagen in die gesamte nordische Region geliefert. Wenn Sie Fragen zu unseren T\u00fcrschildern haben, k\u00f6nnen Sie uns jederzeit kontaktieren!<\/p>","protected":false},"excerpt":{"rendered":"<p>Bitte beachten Sie, dass Sie das Schild in unserem Design-Shop kaufen \u2013 der Preis bleibt gleich und die Lieferung erfolgt kostenfrei<\/p>\n<h5><em><strong><a href=\"https:\/\/dinskylt.se\/shop-dorrskyltar-massing\/\" target=\"_blank\" rel=\"noopener\">Hier k\u00f6nnen Sie im Produkt-Builder unter https:\/\/dinskylt.se kaufen und mit Ihren eigenen Namen anpassen<\/a>\/<\/strong><\/em><\/h5>\n<p><img decoding=\"async\" class=\"wp-image-123502210 size-medium\" src=\"https:\/\/securityonline.se\/wp-content\/uploads\/2020\/07\/Skylt_499kr_dinskylt.se_-300x240.jpg\" alt=\"T\u00fcrschilder-Messing-h\u00f6chste-Qualit\u00e4t-BRF\" width=\"300\" height=\"240\" \/><\/p>\n<p>Seien Sie fr\u00f6hlich, stilvoll und bereit, wenn auch im kleinen Format!<\/p>\n<p>Wie ein winziger Mini-Schokoladenkeks.<br \/>\nH\u00fcbsch, aber gleichzeitig mit einem Charakter, der vor Stil nur so strotzt. Wie sein gro\u00dfer Bruder ist es d\u00fcnn und an den Kanten abgeschr\u00e4gt und die Wahl f\u00fcr alle, die ein zeitloses und stilvolles T\u00fcrschild w\u00fcnschen, aber wie gesagt im kleinen Format.<\/p>\n<p>Beachten Sie, dass der Verzehr der Mini-Keksschokolade auf eigenes Risiko erfolgt!<\/p>\n<p>Ps: Dieses Leckerli passt perfekt zu unserem No Advertising-Schild, <a href=\"https:\/\/dinskylt.se\/product\/ingen-reklam-tack\/\">Schau es dir hier an<\/a>.<\/p>","protected":false},"featured_media":134598,"template":"","meta":{"_acf_changed":false},"product_brand":[],"product_cat":[2920],"product_tag":[],"class_list":{"0":"post-134600","1":"product","2":"type-product","3":"status-publish","4":"has-post-thumbnail","6":"product_cat-dorrskyltar-i-massing","7":"pa_available-n","8":"pa_available-y","9":"pa_brands-secureus","10":"pa_color-gold","11":"pa_color-silver","12":"pa_holes-y","13":"pa_holes-n","14":"tm-no-options","16":"first","17":"instock","18":"taxable","19":"shipping-taxable","20":"purchasable","21":"product-type-simple"},"acf":[],"_links":{"self":[{"href":"https:\/\/secureus.se\/de\/wp-json\/wp\/v2\/product\/134600","targetHints":{"allow":["GET"]}}],"collection":[{"href":"https:\/\/secureus.se\/de\/wp-json\/wp\/v2\/product"}],"about":[{"href":"https:\/\/secureus.se\/de\/wp-json\/wp\/v2\/types\/product"}],"wp:featuredmedia":[{"embeddable":true,"href":"https:\/\/secureus.se\/de\/wp-json\/wp\/v2\/media\/134598"}],"wp:attachment":[{"href":"https:\/\/secureus.se\/de\/wp-json\/wp\/v2\/media?parent=134600"}],"wp:term":[{"taxonomy":"product_brand","embeddable":true,"href":"https:\/\/secureus.se\/de\/wp-json\/wp\/v2\/product_brand?post=134600"},{"taxonomy":"product_cat","embeddable":true,"href":"https:\/\/secureus.se\/de\/wp-json\/wp\/v2\/product_cat?post=134600"},{"taxonomy":"product_tag","embeddable":true,"href":"https:\/\/secureus.se\/de\/wp-json\/wp\/v2\/product_tag?post=134600"}],"curies":[{"name":"wp","href":"https:\/\/api.w.org\/{rel}","templated":true}]}}