{"id":134611,"date":"2020-05-26T17:13:12","date_gmt":"2020-05-26T15:13:12","guid":{"rendered":"https:\/\/secureus.se\/kurvig-2\/"},"modified":"2025-12-31T19:34:17","modified_gmt":"2025-12-31T18:34:17","slug":"kurvig","status":"publish","type":"product","link":"https:\/\/secureus.se\/de\/kurvig\/","title":{"rendered":"Kurviges T\u00fcrschild"},"content":{"rendered":"<p>Abmessungen: 130 x 50 mm<br \/>\nMaterial: Messing<br \/>\nGewicht: 140 Gramm<br \/>\nOberfl\u00e4chenbehandlung: Klarlackiert<\/p>\n<p>Willkommen in unserem Schildershop! Hier sehen Sie unser Sortiment an T\u00fcrschildern aus Messing.<\/p>\n<p><em><strong><a href=\"https:\/\/dinskylt.se\/shop-dorrskyltar-massing\/\" target=\"_blank\" rel=\"noopener\">Klicken Sie auf das gew\u00fcnschte Schild und geben Sie Ihren Namen im Produkt-Builder unter https:\/\/dinskylt.se ein<\/a>\/<\/strong><\/em><\/p>\n<p>Im Schildershop k\u00f6nnen Sie ganz einfach vorab sehen, wie Ihr Messing-T\u00fcrschild aussehen wird. Sobald Sie die Bestellung aufgegeben haben, wird das T\u00fcrschild aus Messing graviert und innerhalb von 24 Stunden an Sie versendet. Alle unsere Schilder werden in Alings\u00e5s hergestellt und innerhalb von 5 Tagen in die gesamte nordische Region geliefert. Wenn Sie Fragen zu unseren T\u00fcrschildern haben, k\u00f6nnen Sie uns jederzeit kontaktieren!<\/p>","protected":false},"excerpt":{"rendered":"<p>Bitte beachten Sie, dass Sie das Schild in unserem Design-Shop kaufen \u2013 der Preis bleibt gleich und die Lieferung erfolgt kostenfrei.<\/p>\n<p>Wenn Kim Kardashian ein T\u00fcrschild w\u00e4re, dann ist es dieses. Kurvig, einzigartig und auff\u00e4llig.<\/p>\n<p>Mit seinen abgerundeten Formen ist dieses T\u00fcrschild aus Messing die offensichtliche Wahl f\u00fcr alle, die die Haust\u00fcr mit einem Zierobjekt schm\u00fccken m\u00f6chten, das Ihre Nachbarn schnell vergessen werden.<\/p>\n<h5><em><strong><a href=\"https:\/\/dinskylt.se\/shop-dorrskyltar-massing\/\" target=\"_blank\" rel=\"noopener\">Hier k\u00f6nnen Sie im Produkt-Builder unter https:\/\/dinskylt.se kaufen und mit Ihren eigenen Namen anpassen<\/a>\/<\/strong><\/em><\/h5>\n<p><img decoding=\"async\" class=\"alignnone wp-image-123502210 size-medium\" src=\"https:\/\/securityonline.se\/wp-content\/uploads\/2020\/07\/Skylt_499kr_dinskylt.se_-300x240.jpg\" alt=\"T\u00fcrschilder-Messing-h\u00f6chste-Qualit\u00e4t-BRF\" width=\"300\" height=\"240\" \/><\/p>\n<p>Ps. Dieser Leckerbissen passt perfekt zu unserem No Advertising-Schild, schauen Sie sich das an\u00a0<a href=\"http:\/\/dinskylt.se\/product\/ingen-reklam-tack\/\">Hier<\/a>.<\/p>","protected":false},"featured_media":134609,"template":"","meta":{"_acf_changed":false},"product_brand":[],"product_cat":[2920],"product_tag":[],"class_list":{"0":"post-134611","1":"product","2":"type-product","3":"status-publish","4":"has-post-thumbnail","6":"product_cat-dorrskyltar-i-massing","7":"pa_available-n","8":"pa_available-y","9":"pa_brands-secureus","10":"pa_color-gold","11":"pa_color-silver","12":"pa_holes-y","13":"pa_holes-n","14":"tm-no-options","16":"first","17":"instock","18":"taxable","19":"shipping-taxable","20":"purchasable","21":"product-type-simple"},"acf":[],"_links":{"self":[{"href":"https:\/\/secureus.se\/de\/wp-json\/wp\/v2\/product\/134611","targetHints":{"allow":["GET"]}}],"collection":[{"href":"https:\/\/secureus.se\/de\/wp-json\/wp\/v2\/product"}],"about":[{"href":"https:\/\/secureus.se\/de\/wp-json\/wp\/v2\/types\/product"}],"wp:featuredmedia":[{"embeddable":true,"href":"https:\/\/secureus.se\/de\/wp-json\/wp\/v2\/media\/134609"}],"wp:attachment":[{"href":"https:\/\/secureus.se\/de\/wp-json\/wp\/v2\/media?parent=134611"}],"wp:term":[{"taxonomy":"product_brand","embeddable":true,"href":"https:\/\/secureus.se\/de\/wp-json\/wp\/v2\/product_brand?post=134611"},{"taxonomy":"product_cat","embeddable":true,"href":"https:\/\/secureus.se\/de\/wp-json\/wp\/v2\/product_cat?post=134611"},{"taxonomy":"product_tag","embeddable":true,"href":"https:\/\/secureus.se\/de\/wp-json\/wp\/v2\/product_tag?post=134611"}],"curies":[{"name":"wp","href":"https:\/\/api.w.org\/{rel}","templated":true}]}}