{"id":134615,"date":"2020-05-26T00:15:53","date_gmt":"2020-05-25T22:15:53","guid":{"rendered":"https:\/\/secureus.se\/klassiskdorrskylt-2\/"},"modified":"2025-12-31T19:34:13","modified_gmt":"2025-12-31T18:34:13","slug":"klassiskdorrskylt","status":"publish","type":"product","link":"https:\/\/secureus.se\/de\/klassiskdorrskylt\/","title":{"rendered":"Klassisches T\u00fcrschild"},"content":{"rendered":"<p>Bitte beachten Sie, dass Sie das Schild in unserem Design-Shop kaufen \u2013 der Preis bleibt gleich und die Lieferung erfolgt kostenfrei.<\/p>\n<p><em><strong><a href=\"https:\/\/dinskylt.se\/shop-dorrskyltar-massing\/\" target=\"_blank\" rel=\"noopener\">Klicken Sie auf das gew\u00fcnschte Schild und geben Sie Ihre Namen in den Produkt-Builder unter https:\/\/dinskylt.se ein<\/a>\/<\/strong><\/em><\/p>\n<p><img decoding=\"async\" class=\"alignnone wp-image-123502210 size-medium\" src=\"https:\/\/securityonline.se\/wp-content\/uploads\/2020\/07\/Skylt_499kr_dinskylt.se_-300x240.jpg\" alt=\"\" width=\"300\" height=\"240\" \/><\/p>\n<p>Abmessungen: 155 x 60 mm<br \/>\nMaterial: Messing<br \/>\nGewicht: 250 Gramm<\/p>\n<p>Oberfl\u00e4chenbehandlung: Klarlackiert<\/p>","protected":false},"excerpt":{"rendered":"<p>Bitte beachten Sie, dass Sie das Schild in unserem Design-Shop kaufen \u2013 der Preis bleibt gleich und die Lieferung erfolgt kostenfrei.<\/p>\n<h5><em><strong><a href=\"https:\/\/dinskylt.se\/shop-dorrskyltar-massing\/\" target=\"_blank\" rel=\"noopener\">Hier k\u00f6nnen Sie im Produkt-Builder unter https:\/\/dinskylt.se kaufen und mit Ihren eigenen Namen anpassen<\/a>\/<\/strong><\/em><\/h5>\n<p><img decoding=\"async\" class=\"alignnone wp-image-123502210 size-medium\" src=\"https:\/\/securityonline.se\/wp-content\/uploads\/2020\/07\/Skylt_499kr_dinskylt.se_-300x240.jpg\" alt=\"T\u00fcrschilder-Messing-h\u00f6chste-Qualit\u00e4t-BRF\" width=\"300\" height=\"240\" \/><\/p>\n<p>Wenn George Clooney ein T\u00fcrschild f\u00fcr seine T\u00fcr bestellen w\u00fcrde, w\u00e4re es dieses.<\/p>\n<p>Ein klassisches T\u00fcrschild aus Messing nach allen Regeln der Kunst. Gerade Linien mit abgeschr\u00e4gten, eleganten Kanten. Dieses Schild ist die offensichtliche Wahl f\u00fcr alle, die dem Alltag, der T\u00fcr und dem T\u00fcrschild einen zus\u00e4tzlichen goldenen Touch verleihen m\u00f6chten.<\/p>\n<p>Ps. Dieser Leckerbissen passt perfekt zu unserem No Advertising-Schild, schauen Sie sich das an <a href=\"http:\/\/dinskylt.se\/product\/ingen-reklam-tack\/\">Hier<\/a>.<\/p>","protected":false},"featured_media":134613,"template":"","meta":{"_acf_changed":false},"product_brand":[],"product_cat":[2920],"product_tag":[],"class_list":{"0":"post-134615","1":"product","2":"type-product","3":"status-publish","4":"has-post-thumbnail","6":"product_cat-dorrskyltar-i-massing","7":"pa_available-n","8":"pa_available-y","9":"pa_brands-secureus","10":"pa_color-gold","11":"pa_color-silver","12":"pa_holes-y","13":"pa_holes-n","14":"tm-no-options","16":"first","17":"instock","18":"taxable","19":"shipping-taxable","20":"purchasable","21":"product-type-simple"},"acf":[],"_links":{"self":[{"href":"https:\/\/secureus.se\/de\/wp-json\/wp\/v2\/product\/134615","targetHints":{"allow":["GET"]}}],"collection":[{"href":"https:\/\/secureus.se\/de\/wp-json\/wp\/v2\/product"}],"about":[{"href":"https:\/\/secureus.se\/de\/wp-json\/wp\/v2\/types\/product"}],"wp:featuredmedia":[{"embeddable":true,"href":"https:\/\/secureus.se\/de\/wp-json\/wp\/v2\/media\/134613"}],"wp:attachment":[{"href":"https:\/\/secureus.se\/de\/wp-json\/wp\/v2\/media?parent=134615"}],"wp:term":[{"taxonomy":"product_brand","embeddable":true,"href":"https:\/\/secureus.se\/de\/wp-json\/wp\/v2\/product_brand?post=134615"},{"taxonomy":"product_cat","embeddable":true,"href":"https:\/\/secureus.se\/de\/wp-json\/wp\/v2\/product_cat?post=134615"},{"taxonomy":"product_tag","embeddable":true,"href":"https:\/\/secureus.se\/de\/wp-json\/wp\/v2\/product_tag?post=134615"}],"curies":[{"name":"wp","href":"https:\/\/api.w.org\/{rel}","templated":true}]}}