{"id":137044,"date":"2024-06-12T13:12:56","date_gmt":"2024-06-12T11:12:56","guid":{"rendered":"https:\/\/secureus.se\/?post_type=product&#038;p=137044"},"modified":"2026-03-26T12:27:50","modified_gmt":"2026-03-26T11:27:50","slug":"provkit-solo-20-93-m-rok-barvaskor","status":"publish","type":"product","link":"https:\/\/secureus.se\/de\/provkit-solo-20-93-m-rok-barvaskor\/","title":{"rendered":"Solo 20 Sample Kit \u2013 9,3 m (Rauch) \u2013 Tragetaschen"},"content":{"rendered":"<h1>Solo 20 Sample Kit \u2013 9,3 m (Rauch) \u2013 Tragetaschen<\/h1>\n<h3 data-start=\"299\" data-end=\"345\">Professionelles Rauchmelder-Testset<\/h3>\n<p data-start=\"346\" data-end=\"559\">Solo 20 ist ein komplettes Testkit, das f\u00fcr die einfache und sichere Funktionspr\u00fcfung von Rauchmeldern in gro\u00dfen H\u00f6hen bis zu ca. 9,3 m entwickelt wurde.<\/p>\n<p data-start=\"346\" data-end=\"559\">Das Set ist sowohl auf Effizienz als auch auf einfachen Transport optimiert.<\/p>\n<h3 data-start=\"561\" data-end=\"585\">Inhalt von Solo 20<\/h3>\n<ul data-start=\"586\" data-end=\"1129\">\n<li data-start=\"586\" data-end=\"674\">\n<p data-start=\"588\" data-end=\"674\"><strong data-start=\"588\" data-end=\"616\">Detektortester Solo 330<\/strong> \u2013 Pr\u00fcfung von Rauchmeldern mit Solo A5 Testgasflaschen.<\/p>\n<\/li>\n<li data-start=\"675\" data-end=\"833\">\n<p data-start=\"677\" data-end=\"833\"><strong data-start=\"677\" data-end=\"703\">Teleskopstange Solo 100<\/strong> \u2013 lang, 4,5 m mit 4 Fiberglassegmenten, kann mit drei Solo 101 Verl\u00e4ngerungsstangen f\u00fcr eine Gesamtreichweite von bis zu 9,3 m kombiniert werden.<\/p>\n<\/li>\n<li data-start=\"834\" data-end=\"912\">\n<p data-start=\"836\" data-end=\"912\"><strong data-start=\"836\" data-end=\"872\">3 \u00d7 Solo 101 Verl\u00e4ngerungsstangen<\/strong> \u2013 erh\u00f6ht die Probenh\u00f6he und Flexibilit\u00e4t.<\/p>\n<\/li>\n<li data-start=\"913\" data-end=\"1026\">\n<p data-start=\"915\" data-end=\"1026\"><strong data-start=\"915\" data-end=\"944\">Tragetasche + K\u00f6cher Solo 610<\/strong> \u2013 praktisches Aufbewahrungssystem mit Platz f\u00fcr St\u00e4be, Pr\u00fcfger\u00e4te und Pr\u00fcfgasflaschen.<\/p>\n<\/li>\n<li data-start=\"1027\" data-end=\"1129\">\n<p data-start=\"1029\" data-end=\"1129\"><strong data-start=\"1029\" data-end=\"1059\">3 \u00d7 Solo A5 Testgasflaschen<\/strong> \u2013 optimiert f\u00fcr Rauchmelder, ausreichend f\u00fcr ca. 400 Proben pro Flasche.<\/p>\n<\/li>\n<\/ul>\n<h3 data-start=\"1131\" data-end=\"1163\">Einfache und sichere Anwendung<\/h3>\n<ol data-start=\"1164\" data-end=\"1431\">\n<li data-start=\"1164\" data-end=\"1223\">\n<p data-start=\"1167\" data-end=\"1223\">Sch\u00fctteln Sie die Solo A5 Testgasflaschen und installieren Sie sie im Solo 330.<\/p>\n<\/li>\n<li data-start=\"1224\" data-end=\"1268\">\n<p data-start=\"1227\" data-end=\"1268\">Den Beh\u00e4lter aufschrauben und um eine Vierteldrehung drehen.<\/p>\n<\/li>\n<li data-start=\"1269\" data-end=\"1351\">\n<p data-start=\"1272\" data-end=\"1351\">Platzieren Sie den Becher um den Detektor, dr\u00fccken Sie ihn leicht gegen die Decke und lassen Sie das Gas entweichen.<\/p>\n<\/li>\n<li data-start=\"1352\" data-end=\"1431\">\n<p data-start=\"1355\" data-end=\"1431\">Warten Sie etwa 10 Sekunden, bis der Detektor einen Alarm ausl\u00f6st. Wiederholen Sie den Kurztest gegebenenfalls.<\/p>\n<\/li>\n<\/ol>\n<h3 data-start=\"1433\" data-end=\"1459\">Vorteile von Solo 20<\/h3>\n<ul data-start=\"1460\" data-end=\"1722\">\n<li data-start=\"1460\" data-end=\"1494\">\n<p data-start=\"1462\" data-end=\"1494\">Komplettes Set f\u00fcr Rauchmelder<\/p>\n<\/li>\n<li data-start=\"1495\" data-end=\"1558\">\n<p data-start=\"1497\" data-end=\"1558\">Mit Teleskopstange und Verl\u00e4ngerungen erreichen Sie H\u00f6hen bis zu 9,3 m.<\/p>\n<\/li>\n<li data-start=\"1559\" data-end=\"1615\">\n<p data-start=\"1561\" data-end=\"1615\">Professionelle Tragetasche und K\u00f6cher f\u00fcr einfachen Transport<\/p>\n<\/li>\n<li data-start=\"1616\" data-end=\"1675\">\n<p data-start=\"1618\" data-end=\"1675\">Einfache Handhabung mit schnellem Detektor-Reset<\/p>\n<\/li>\n<li data-start=\"1676\" data-end=\"1722\">\n<p data-start=\"1678\" data-end=\"1722\">Passend f\u00fcr die meisten Rauchmelder-Marken<\/p>\n<\/li>\n<\/ul>\n<h3 data-start=\"1724\" data-end=\"1754\">Technische Spezifikationen<\/h3>\n<ul data-start=\"1755\" data-end=\"2021\">\n<li data-start=\"1755\" data-end=\"1788\">\n<p data-start=\"1757\" data-end=\"1788\">Testh\u00f6he: bis zu 9,3 m<\/p>\n<\/li>\n<li data-start=\"1789\" data-end=\"1858\">\n<p data-start=\"1791\" data-end=\"1858\">Inhalt: Solo 330, Solo 100, 3 \u00d7 Solo 101, Solo 610, 3 \u00d7 Solo A5<\/p>\n<\/li>\n<li data-start=\"1859\" data-end=\"1921\">\n<p data-start=\"1861\" data-end=\"1921\">Material der Teleskopstange: Fiberglas, nicht elektrisch leitf\u00e4hig<\/p>\n<\/li>\n<li data-start=\"1922\" data-end=\"1973\">\n<p data-start=\"1924\" data-end=\"1973\">Kapazit\u00e4t der Testgasflasche: ca. 400 Proben pro Flasche<\/p>\n<\/li>\n<li data-start=\"1974\" data-end=\"2021\">\n<p data-start=\"1976\" data-end=\"2021\">\n<\/li>\n<\/ul>","protected":false},"excerpt":{"rendered":"<p>Das Solo 20 Testkit ist ein komplettes Kit f\u00fcr die Funktionspr\u00fcfung von Rauchmeldern bis zu einer Entfernung von ca. 9,3 m.<\/p>\n<p>Enth\u00e4lt eine Solo 100 Teleskopstange mit 3 Solo 101 Verl\u00e4ngerungsstangen, ein Solo 330 Detektorpr\u00fcfger\u00e4t, 3 Solo A5 Testgasflaschen und eine Solo 610 Tragetasche mit K\u00f6cher.<\/p>","protected":false},"featured_media":137043,"template":"","meta":{"_acf_changed":false},"product_brand":[],"product_cat":[2945,3849],"product_tag":[],"class_list":{"0":"post-137044","1":"product","2":"type-product","3":"status-publish","4":"has-post-thumbnail","6":"product_cat-solo","7":"product_cat-solo-kit","8":"product_shipping_class-tunga-paket","9":"pa_brands-solo","10":"tm-no-options","12":"first","13":"onbackorder","14":"taxable","15":"shipping-taxable","16":"purchasable","17":"product-type-simple"},"acf":[],"_links":{"self":[{"href":"https:\/\/secureus.se\/de\/wp-json\/wp\/v2\/product\/137044","targetHints":{"allow":["GET"]}}],"collection":[{"href":"https:\/\/secureus.se\/de\/wp-json\/wp\/v2\/product"}],"about":[{"href":"https:\/\/secureus.se\/de\/wp-json\/wp\/v2\/types\/product"}],"wp:featuredmedia":[{"embeddable":true,"href":"https:\/\/secureus.se\/de\/wp-json\/wp\/v2\/media\/137043"}],"wp:attachment":[{"href":"https:\/\/secureus.se\/de\/wp-json\/wp\/v2\/media?parent=137044"}],"wp:term":[{"taxonomy":"product_brand","embeddable":true,"href":"https:\/\/secureus.se\/de\/wp-json\/wp\/v2\/product_brand?post=137044"},{"taxonomy":"product_cat","embeddable":true,"href":"https:\/\/secureus.se\/de\/wp-json\/wp\/v2\/product_cat?post=137044"},{"taxonomy":"product_tag","embeddable":true,"href":"https:\/\/secureus.se\/de\/wp-json\/wp\/v2\/product_tag?post=137044"}],"curies":[{"name":"wp","href":"https:\/\/api.w.org\/{rel}","templated":true}]}}