{"id":137232,"date":"2024-06-12T13:12:53","date_gmt":"2024-06-12T11:12:53","guid":{"rendered":"https:\/\/secureus.se\/?post_type=product&#038;p=137232"},"modified":"2026-04-08T16:01:05","modified_gmt":"2026-04-08T14:01:05","slug":"provkit-solo-12-73-m-varme-rok-vaska-nedtagare","status":"publish","type":"product","link":"https:\/\/secureus.se\/de\/provkit-solo-12-73-m-varme-rok-vaska-nedtagare\/","title":{"rendered":"Musterset Solo 12 \u2013 7,3 m (Hitze \/ Rauch) \u2013 Tasche &amp; Deflektor"},"content":{"rendered":"<h1>Musterset Solo 12 \u2013 7,3 m (Hitze \/ Rauch) \u2013 Tasche &amp; Deflektor<\/h1>\n<h3 data-start=\"394\" data-end=\"445\">Komplettes Testset f\u00fcr Rauch- und W\u00e4rmemelder<\/h3>\n<p data-start=\"446\" data-end=\"711\">Solo 12 ist f\u00fcr die effiziente und sichere Pr\u00fcfung von Rauch- und W\u00e4rmemeldern bis zu einer Entfernung von ca. 7,3 m konzipiert.<\/p>\n<p data-start=\"446\" data-end=\"711\">Das Set kombiniert Teleskopstangen, Verl\u00e4ngerungen und Pr\u00fcfger\u00e4te mit einer Tragetasche und einem K\u00f6cher, wodurch es leicht zu transportieren und auf der Baustelle zu verwenden ist.<\/p>\n<h3 data-start=\"713\" data-end=\"737\">Inhalt von Solo 12<\/h3>\n<ul data-start=\"738\" data-end=\"1373\">\n<li data-start=\"738\" data-end=\"854\">\n<p data-start=\"740\" data-end=\"854\"><strong data-start=\"740\" data-end=\"768\">Detektortester Solo 330<\/strong> \u2013 Pr\u00fcft Rauch- und CO-Melder, kompatibel mit den Testgasflaschen Solo A5 und Solo C3.<\/p>\n<\/li>\n<li data-start=\"855\" data-end=\"941\">\n<p data-start=\"857\" data-end=\"941\"><strong data-start=\"857\" data-end=\"890\">W\u00e4rmemelderpr\u00fcfger\u00e4t Solo 461<\/strong> \u2013 batteriebetrieben zum Testen von W\u00e4rmemeldern.<\/p>\n<\/li>\n<li data-start=\"942\" data-end=\"1032\">\n<p data-start=\"944\" data-end=\"1032\"><strong data-start=\"944\" data-end=\"970\">Teleskopstange Solo 108<\/strong> \u2013 2,5 m, Fiberglas, nicht elektrisch leitend, leicht und steif.<\/p>\n<\/li>\n<li data-start=\"1033\" data-end=\"1124\">\n<p data-start=\"1035\" data-end=\"1124\"><strong data-start=\"1035\" data-end=\"1071\">3 \u00d7 Verl\u00e4ngerungsstangen Solo 101<\/strong> \u2013 jeweils 1,13 m, k\u00f6nnen f\u00fcr gr\u00f6\u00dfere H\u00f6hen miteinander verbunden werden.<\/p>\n<\/li>\n<li data-start=\"1125\" data-end=\"1196\">\n<p data-start=\"1127\" data-end=\"1196\"><strong data-start=\"1127\" data-end=\"1160\">Universelles Demontageger\u00e4t Solo 200<\/strong> \u2013 sichere Entfernung der Detektoren.<\/p>\n<\/li>\n<li data-start=\"1197\" data-end=\"1286\">\n<p data-start=\"1199\" data-end=\"1286\"><strong data-start=\"1199\" data-end=\"1228\">Tragetasche + K\u00f6cher Solo 610<\/strong> \u2013 praktisch f\u00fcr den Transport und die Lagerung der Ausr\u00fcstung.<\/p>\n<\/li>\n<li data-start=\"1287\" data-end=\"1373\">\n<p data-start=\"1289\" data-end=\"1373\"><strong data-start=\"1289\" data-end=\"1319\">3 \u00d7 Solo A5 Testgasflaschen<\/strong> \u2013 Rauchtest, ausreichend f\u00fcr ca. 400 Tests pro Flasche.<\/p>\n<\/li>\n<\/ul>\n<h3 data-start=\"1375\" data-end=\"1407\">Einfache und sichere Anwendung<\/h3>\n<ol data-start=\"1408\" data-end=\"1707\">\n<li data-start=\"1408\" data-end=\"1505\">\n<p data-start=\"1411\" data-end=\"1505\">Montieren Sie Solo 330 oder Solo 461 auf Solo 108 und beliebigen Solo 101 Stangen f\u00fcr die gew\u00fcnschte H\u00f6he.<\/p>\n<\/li>\n<li data-start=\"1506\" data-end=\"1567\">\n<p data-start=\"1509\" data-end=\"1567\">Sch\u00fctteln Sie die Solo A5 Testgasflasche und setzen Sie sie in das Testger\u00e4t ein.<\/p>\n<\/li>\n<li data-start=\"1568\" data-end=\"1638\">\n<p data-start=\"1571\" data-end=\"1638\">Setzen Sie den Becher um den Detektor, dr\u00fccken Sie ihn leicht an und lassen Sie das Gas ausstr\u00f6men.<\/p>\n<\/li>\n<li data-start=\"1639\" data-end=\"1707\">\n<p data-start=\"1642\" data-end=\"1707\">Warten Sie etwa 10 Sekunden, bis der Detektor einen Alarm ausl\u00f6st; wiederholen Sie den Vorgang gegebenenfalls.<\/p>\n<\/li>\n<\/ol>\n<h3 data-start=\"1709\" data-end=\"1735\">Vorteile von Solo 12<\/h3>\n<ul data-start=\"1736\" data-end=\"1922\">\n<li data-start=\"1736\" data-end=\"1763\">\n<p data-start=\"1738\" data-end=\"1763\">Reichweite bis zu 7,3 m<\/p>\n<\/li>\n<li data-start=\"1764\" data-end=\"1805\">\n<p data-start=\"1766\" data-end=\"1805\">Kompakt und tragbar mit Solo 610 Tasche<\/p>\n<\/li>\n<li data-start=\"1806\" data-end=\"1865\">\n<p data-start=\"1808\" data-end=\"1865\">Pr\u00fcft sowohl Rauch- und W\u00e4rmemelder als auch Kohlenmonoxidmelder.<\/p>\n<\/li>\n<li data-start=\"1866\" data-end=\"1922\">\n<p data-start=\"1868\" data-end=\"1922\">Einfache Montage und Handhabung von St\u00e4ben und Pr\u00fcfger\u00e4ten<\/p>\n<\/li>\n<\/ul>\n<h3 data-start=\"1924\" data-end=\"1954\">Technische Spezifikationen<\/h3>\n<ul data-start=\"1955\" data-end=\"2229\">\n<li data-start=\"1955\" data-end=\"1988\">\n<p data-start=\"1957\" data-end=\"1988\">Testh\u00f6he: bis zu 7,3 m<\/p>\n<\/li>\n<li data-start=\"1989\" data-end=\"2078\">\n<p data-start=\"1991\" data-end=\"2078\">Inhalt: Solo 330, Solo 461, Solo 108, 3 \u00d7 Solo 101, Solo 200, Solo 610, 3 \u00d7 Solo A5<\/p>\n<\/li>\n<li data-start=\"2079\" data-end=\"2133\">\n<p data-start=\"2081\" data-end=\"2133\">Stabmaterial: Glasfaser, nichtleitend<\/p>\n<\/li>\n<li data-start=\"2134\" data-end=\"2181\">\n<p data-start=\"2136\" data-end=\"2181\">Kapazit\u00e4t der Testgasflasche: ca. 400 Proben\/Flasche<\/p>\n<\/li>\n<li data-start=\"2182\" data-end=\"2229\">\n<p data-start=\"2184\" data-end=\"2229\">Kompatibel mit: Solo- und Testifire-Testern<\/p>\n<\/li>\n<\/ul>","protected":false},"excerpt":{"rendered":"<p>Das Solo 12 Testkit ist ein Komplettset zum Testen von Rauch- und W\u00e4rmemeldern bis zu einer Entfernung von ca. 7,3 m.<\/p>\n<p>Enth\u00e4lt Solo 108 Teleskopstange, 3 Solo 101 Verl\u00e4ngerungsstangen, Solo 330 Detektortester, Solo 461 W\u00e4rmedetektortester, Solo 200 Demontagevorrichtung, Solo 610 Tragetasche und 3 Solo A5 Testgasflaschen.<\/p>\n<p>Ideal f\u00fcr professionelle Tests in gr\u00f6\u00dferen H\u00f6hen.<\/p>","protected":false},"featured_media":137230,"template":"","meta":{"_acf_changed":false},"product_brand":[],"product_cat":[2945,3849],"product_tag":[],"class_list":{"0":"post-137232","1":"product","2":"type-product","3":"status-publish","4":"has-post-thumbnail","6":"product_cat-solo","7":"product_cat-solo-kit","8":"product_shipping_class-tunga-paket","9":"pa_brands-solo","10":"tm-no-options","12":"first","13":"instock","14":"taxable","15":"shipping-taxable","16":"purchasable","17":"product-type-simple"},"acf":[],"_links":{"self":[{"href":"https:\/\/secureus.se\/de\/wp-json\/wp\/v2\/product\/137232","targetHints":{"allow":["GET"]}}],"collection":[{"href":"https:\/\/secureus.se\/de\/wp-json\/wp\/v2\/product"}],"about":[{"href":"https:\/\/secureus.se\/de\/wp-json\/wp\/v2\/types\/product"}],"wp:featuredmedia":[{"embeddable":true,"href":"https:\/\/secureus.se\/de\/wp-json\/wp\/v2\/media\/137230"}],"wp:attachment":[{"href":"https:\/\/secureus.se\/de\/wp-json\/wp\/v2\/media?parent=137232"}],"wp:term":[{"taxonomy":"product_brand","embeddable":true,"href":"https:\/\/secureus.se\/de\/wp-json\/wp\/v2\/product_brand?post=137232"},{"taxonomy":"product_cat","embeddable":true,"href":"https:\/\/secureus.se\/de\/wp-json\/wp\/v2\/product_cat?post=137232"},{"taxonomy":"product_tag","embeddable":true,"href":"https:\/\/secureus.se\/de\/wp-json\/wp\/v2\/product_tag?post=137232"}],"curies":[{"name":"wp","href":"https:\/\/api.w.org\/{rel}","templated":true}]}}