{"id":137427,"date":"2024-06-12T13:12:56","date_gmt":"2024-06-12T11:12:56","guid":{"rendered":"https:\/\/secureus.se\/?post_type=product&#038;p=137427"},"modified":"2026-03-26T12:27:44","modified_gmt":"2026-03-26T11:27:44","slug":"provkit-solo-21-93-m-varme-rok-vaskor","status":"publish","type":"product","link":"https:\/\/secureus.se\/de\/provkit-solo-21-93-m-varme-rok-vaskor\/","title":{"rendered":"Solo 21 Test Kit \u2013 9,3 m (Hitze \/ Rauch) \u2013 Beutel"},"content":{"rendered":"<h1>Solo 21 Test Kit \u2013 9,3 m (Hitze \/ Rauch) \u2013 Beutel<\/h1>\n<h3 data-start=\"341\" data-end=\"398\">Professionelles Testset f\u00fcr W\u00e4rme- und Rauchmelder<\/h3>\n<p data-start=\"399\" data-end=\"623\">Solo 21 ist ein komplettes Testkit, das f\u00fcr die einfache und sichere Funktionspr\u00fcfung von W\u00e4rme- und Rauchmeldern in gro\u00dfen H\u00f6hen bis zu ca. 9,3 m entwickelt wurde.<\/p>\n<p data-start=\"399\" data-end=\"623\">Das Set ist sowohl auf Effizienz als auch auf einfachen Transport optimiert.<\/p>\n<h3 data-start=\"625\" data-end=\"649\">Inhalt von Solo 21<\/h3>\n<ul data-start=\"650\" data-end=\"1293\">\n<li data-start=\"650\" data-end=\"738\">\n<p data-start=\"652\" data-end=\"738\"><strong data-start=\"652\" data-end=\"680\">Detektortester Solo 330<\/strong> \u2013 Pr\u00fcfung von Rauchmeldern mit Solo A5 Testgasflaschen.<\/p>\n<\/li>\n<li data-start=\"739\" data-end=\"838\">\n<p data-start=\"741\" data-end=\"838\"><strong data-start=\"741\" data-end=\"790\">W\u00e4rmemelderpr\u00fcfger\u00e4t Solo 461 (batteriebetrieben)<\/strong> \u2013 Pr\u00fcfung von W\u00e4rmemeldern bis zu 9,3 m.<\/p>\n<\/li>\n<li data-start=\"839\" data-end=\"997\">\n<p data-start=\"841\" data-end=\"997\"><strong data-start=\"841\" data-end=\"867\">Teleskopstange Solo 100<\/strong> \u2013 lang, 4,5 m mit 4 Fiberglassegmenten, kann mit drei Solo 101 Verl\u00e4ngerungsstangen f\u00fcr eine Gesamtreichweite von bis zu 9,3 m kombiniert werden.<\/p>\n<\/li>\n<li data-start=\"998\" data-end=\"1076\">\n<p data-start=\"1000\" data-end=\"1076\"><strong data-start=\"1000\" data-end=\"1036\">3 \u00d7 Solo 101 Verl\u00e4ngerungsstangen<\/strong> \u2013 erh\u00f6ht die Probenh\u00f6he und Flexibilit\u00e4t.<\/p>\n<\/li>\n<li data-start=\"1077\" data-end=\"1190\">\n<p data-start=\"1079\" data-end=\"1190\"><strong data-start=\"1079\" data-end=\"1108\">Tragetasche + K\u00f6cher Solo 610<\/strong> \u2013 praktisches Aufbewahrungssystem mit Platz f\u00fcr St\u00e4be, Pr\u00fcfger\u00e4te und Pr\u00fcfgasflaschen.<\/p>\n<\/li>\n<li data-start=\"1191\" data-end=\"1293\">\n<p data-start=\"1193\" data-end=\"1293\"><strong data-start=\"1193\" data-end=\"1223\">3 \u00d7 Solo A5 Testgasflaschen<\/strong> \u2013 optimiert f\u00fcr Rauchmelder, ausreichend f\u00fcr ca. 400 Proben pro Flasche.<\/p>\n<\/li>\n<\/ul>\n<h3 data-start=\"1295\" data-end=\"1327\">Einfache und sichere Anwendung<\/h3>\n<ol data-start=\"1328\" data-end=\"1702\">\n<li data-start=\"1328\" data-end=\"1387\">\n<p data-start=\"1331\" data-end=\"1387\">Sch\u00fctteln Sie die Solo A5 Testgasflaschen und installieren Sie sie im Solo 330.<\/p>\n<\/li>\n<li data-start=\"1388\" data-end=\"1432\">\n<p data-start=\"1391\" data-end=\"1432\">Den Beh\u00e4lter aufschrauben und um eine Vierteldrehung drehen.<\/p>\n<\/li>\n<li data-start=\"1433\" data-end=\"1515\">\n<p data-start=\"1436\" data-end=\"1515\">Platzieren Sie den Becher um den Detektor, dr\u00fccken Sie ihn leicht gegen die Decke und lassen Sie das Gas entweichen.<\/p>\n<\/li>\n<li data-start=\"1516\" data-end=\"1595\">\n<p data-start=\"1519\" data-end=\"1595\">Warten Sie etwa 10 Sekunden, bis der Detektor einen Alarm ausl\u00f6st. Wiederholen Sie den Kurztest gegebenenfalls.<\/p>\n<\/li>\n<li data-start=\"1596\" data-end=\"1702\">\n<p data-start=\"1599\" data-end=\"1702\">Der W\u00e4rmemelder-Tester Solo 461 wird direkt an W\u00e4rmemeldern verwendet, um deren ordnungsgem\u00e4\u00dfe Funktion sicherzustellen.<\/p>\n<\/li>\n<\/ol>\n<h3 data-start=\"1704\" data-end=\"1730\">Vorteile von Solo 21<\/h3>\n<ul data-start=\"1731\" data-end=\"2006\">\n<li data-start=\"1731\" data-end=\"1781\">\n<p data-start=\"1733\" data-end=\"1781\">Komplettes Set f\u00fcr Rauch- und W\u00e4rmemelder<\/p>\n<\/li>\n<li data-start=\"1782\" data-end=\"1845\">\n<p data-start=\"1784\" data-end=\"1845\">Mit Teleskopstange und Verl\u00e4ngerungen erreichen Sie H\u00f6hen bis zu 9,3 m.<\/p>\n<\/li>\n<li data-start=\"1846\" data-end=\"1902\">\n<p data-start=\"1848\" data-end=\"1902\">Professionelle Tragetasche und K\u00f6cher f\u00fcr einfachen Transport<\/p>\n<\/li>\n<li data-start=\"1903\" data-end=\"1962\">\n<p data-start=\"1905\" data-end=\"1962\">Einfache Handhabung mit schnellem Detektor-Reset<\/p>\n<\/li>\n<li data-start=\"1963\" data-end=\"2006\">\n<p data-start=\"1965\" data-end=\"2006\">Passend f\u00fcr die meisten Detektormarken<\/p>\n<\/li>\n<\/ul>\n<h3 data-start=\"2008\" data-end=\"2038\">Technische Spezifikationen<\/h3>\n<ul data-start=\"2039\" data-end=\"2326\">\n<li data-start=\"2039\" data-end=\"2072\">\n<p data-start=\"2041\" data-end=\"2072\">Testh\u00f6he: bis zu 9,3 m<\/p>\n<\/li>\n<li data-start=\"2073\" data-end=\"2152\">\n<p data-start=\"2075\" data-end=\"2152\">Inhalt: Solo 330, Solo 461, Solo 100, 3 \u00d7 Solo 101, Solo 610, 3 \u00d7 Solo A5<\/p>\n<\/li>\n<li data-start=\"2153\" data-end=\"2215\">\n<p data-start=\"2155\" data-end=\"2215\">Material der Teleskopstange: Fiberglas, nicht elektrisch leitf\u00e4hig<\/p>\n<\/li>\n<li data-start=\"2216\" data-end=\"2267\">\n<p data-start=\"2218\" data-end=\"2267\">Kapazit\u00e4t der Testgasflasche: ca. 400 Proben pro Flasche<\/p>\n<\/li>\n<li data-start=\"2268\" data-end=\"2326\">\n<p data-start=\"2270\" data-end=\"2326\">Kompatibel mit: Solo- und Testifire-Testern, Takedown-Testern<\/p>\n<\/li>\n<\/ul>","protected":false},"excerpt":{"rendered":"<p>Das Solo 21 Testkit ist ein komplettes Kit f\u00fcr die Funktionspr\u00fcfung von W\u00e4rme- und Rauchmeldern bis zu einer Entfernung von ca. 9,3 m.<\/p>\n<p>Enth\u00e4lt Solo 100 Teleskopstange mit 3 Solo 101 Verl\u00e4ngerungsstangen, Solo 330 Detektorpr\u00fcfger\u00e4t, Solo 461 W\u00e4rmedetektorpr\u00fcfger\u00e4t, 3 Solo A5 Testgasflaschen und Solo 610 Tragetasche und K\u00f6cher.<\/p>","protected":false},"featured_media":137425,"template":"","meta":{"_acf_changed":false},"product_brand":[],"product_cat":[2945,3849],"product_tag":[],"class_list":{"0":"post-137427","1":"product","2":"type-product","3":"status-publish","4":"has-post-thumbnail","6":"product_cat-solo","7":"product_cat-solo-kit","8":"product_shipping_class-tunga-paket","9":"pa_brands-solo","10":"tm-no-options","12":"first","13":"onbackorder","14":"taxable","15":"shipping-taxable","16":"purchasable","17":"product-type-simple"},"acf":[],"_links":{"self":[{"href":"https:\/\/secureus.se\/de\/wp-json\/wp\/v2\/product\/137427","targetHints":{"allow":["GET"]}}],"collection":[{"href":"https:\/\/secureus.se\/de\/wp-json\/wp\/v2\/product"}],"about":[{"href":"https:\/\/secureus.se\/de\/wp-json\/wp\/v2\/types\/product"}],"wp:featuredmedia":[{"embeddable":true,"href":"https:\/\/secureus.se\/de\/wp-json\/wp\/v2\/media\/137425"}],"wp:attachment":[{"href":"https:\/\/secureus.se\/de\/wp-json\/wp\/v2\/media?parent=137427"}],"wp:term":[{"taxonomy":"product_brand","embeddable":true,"href":"https:\/\/secureus.se\/de\/wp-json\/wp\/v2\/product_brand?post=137427"},{"taxonomy":"product_cat","embeddable":true,"href":"https:\/\/secureus.se\/de\/wp-json\/wp\/v2\/product_cat?post=137427"},{"taxonomy":"product_tag","embeddable":true,"href":"https:\/\/secureus.se\/de\/wp-json\/wp\/v2\/product_tag?post=137427"}],"curies":[{"name":"wp","href":"https:\/\/api.w.org\/{rel}","templated":true}]}}