{"id":137436,"date":"2024-06-12T13:12:53","date_gmt":"2024-06-12T11:12:53","guid":{"rendered":"https:\/\/secureus.se\/?post_type=product&#038;p=137436"},"modified":"2026-04-08T16:02:53","modified_gmt":"2026-04-08T14:02:53","slug":"provkit-solo-11-73-m-varme-rok-barvaskor","status":"publish","type":"product","link":"https:\/\/secureus.se\/de\/provkit-solo-11-73-m-varme-rok-barvaskor\/","title":{"rendered":"Solo 11 Testkit \u2013 7,3 m (Hitze \/ Rauch) \u2013 Tragetaschen"},"content":{"rendered":"<h1>Solo 11 Testkit \u2013 7,3 m (Hitze \/ Rauch) \u2013 Tragetaschen<\/h1>\n<h3 data-start=\"370\" data-end=\"421\">Komplettes Testset f\u00fcr Rauch- und W\u00e4rmemelder<\/h3>\n<p data-start=\"422\" data-end=\"677\">Solo 11 ist f\u00fcr die sichere und effiziente Pr\u00fcfung von Rauch- und W\u00e4rmemeldern bis zu einer Entfernung von ca. 7,3 m konzipiert.<\/p>\n<p data-start=\"422\" data-end=\"677\">Das Set kombiniert Teleskopstangen und Verl\u00e4ngerungen mit Pr\u00fcfger\u00e4ten und praktischen Tragetaschen, was den Transport und die Anwendung auf der Baustelle erleichtert.<\/p>\n<h3 data-start=\"679\" data-end=\"703\">Inhalt von Solo 11<\/h3>\n<ul data-start=\"704\" data-end=\"1267\">\n<li data-start=\"704\" data-end=\"820\">\n<p data-start=\"706\" data-end=\"820\"><strong data-start=\"706\" data-end=\"734\">Detektortester Solo 330<\/strong> \u2013 Pr\u00fcft Rauch- und CO-Melder, kompatibel mit den Testgasflaschen Solo A5 und Solo C3.<\/p>\n<\/li>\n<li data-start=\"821\" data-end=\"907\">\n<p data-start=\"823\" data-end=\"907\"><strong data-start=\"823\" data-end=\"856\">W\u00e4rmemelderpr\u00fcfger\u00e4t Solo 461<\/strong> \u2013 batteriebetrieben zum Testen von W\u00e4rmemeldern.<\/p>\n<\/li>\n<li data-start=\"908\" data-end=\"998\">\n<p data-start=\"910\" data-end=\"998\"><strong data-start=\"910\" data-end=\"936\">Teleskopstange Solo 108<\/strong> \u2013 2,5 m, Fiberglas, nicht elektrisch leitend, leicht und steif.<\/p>\n<\/li>\n<li data-start=\"999\" data-end=\"1090\">\n<p data-start=\"1001\" data-end=\"1090\"><strong data-start=\"1001\" data-end=\"1037\">3 \u00d7 Verl\u00e4ngerungsstangen Solo 101<\/strong> \u2013 jeweils 1,13 m, k\u00f6nnen f\u00fcr gr\u00f6\u00dfere H\u00f6hen miteinander verbunden werden.<\/p>\n<\/li>\n<li data-start=\"1091\" data-end=\"1180\">\n<p data-start=\"1093\" data-end=\"1180\"><strong data-start=\"1093\" data-end=\"1122\">Tragetasche + K\u00f6cher Solo 610<\/strong> \u2013 praktisch f\u00fcr den Transport und die Lagerung der Ausr\u00fcstung.<\/p>\n<\/li>\n<li data-start=\"1181\" data-end=\"1267\">\n<p data-start=\"1183\" data-end=\"1267\"><strong data-start=\"1183\" data-end=\"1213\">3 \u00d7 Solo A5 Testgasflaschen<\/strong> \u2013 Rauchtest, ausreichend f\u00fcr ca. 400 Tests pro Flasche.<\/p>\n<\/li>\n<\/ul>\n<h3 data-start=\"1269\" data-end=\"1301\">Einfache und sichere Anwendung<\/h3>\n<ol data-start=\"1302\" data-end=\"1601\">\n<li data-start=\"1302\" data-end=\"1399\">\n<p data-start=\"1305\" data-end=\"1399\">Montieren Sie Solo 330 oder Solo 461 auf Solo 108 und beliebigen Solo 101 Stangen f\u00fcr die gew\u00fcnschte H\u00f6he.<\/p>\n<\/li>\n<li data-start=\"1400\" data-end=\"1461\">\n<p data-start=\"1403\" data-end=\"1461\">Sch\u00fctteln Sie die Solo A5 Testgasflasche und setzen Sie sie in das Testger\u00e4t ein.<\/p>\n<\/li>\n<li data-start=\"1462\" data-end=\"1532\">\n<p data-start=\"1465\" data-end=\"1532\">Setzen Sie den Becher um den Detektor, dr\u00fccken Sie ihn leicht an und lassen Sie das Gas ausstr\u00f6men.<\/p>\n<\/li>\n<li data-start=\"1533\" data-end=\"1601\">\n<p data-start=\"1536\" data-end=\"1601\">Warten Sie etwa 10 Sekunden, bis der Detektor einen Alarm ausl\u00f6st; wiederholen Sie den Vorgang gegebenenfalls.<\/p>\n<\/li>\n<\/ol>\n<h3 data-start=\"1603\" data-end=\"1629\">Vorteile von Solo 11<\/h3>\n<ul data-start=\"1630\" data-end=\"1816\">\n<li data-start=\"1630\" data-end=\"1657\">\n<p data-start=\"1632\" data-end=\"1657\">Reichweite bis zu 7,3 m<\/p>\n<\/li>\n<li data-start=\"1658\" data-end=\"1699\">\n<p data-start=\"1660\" data-end=\"1699\">Kompakt und tragbar mit Solo 610 Tasche<\/p>\n<\/li>\n<li data-start=\"1700\" data-end=\"1759\">\n<p data-start=\"1702\" data-end=\"1759\">Pr\u00fcft sowohl Rauch- und W\u00e4rmemelder als auch Kohlenmonoxidmelder.<\/p>\n<\/li>\n<li data-start=\"1760\" data-end=\"1816\">\n<p data-start=\"1762\" data-end=\"1816\">Einfache Montage und Handhabung von St\u00e4ben und Pr\u00fcfger\u00e4ten<\/p>\n<\/li>\n<\/ul>\n<h3 data-start=\"1818\" data-end=\"1848\">Technische Spezifikationen<\/h3>\n<ul data-start=\"1849\" data-end=\"2113\">\n<li data-start=\"1849\" data-end=\"1882\">\n<p data-start=\"1851\" data-end=\"1882\">Testh\u00f6he: bis zu 7,3 m<\/p>\n<\/li>\n<li data-start=\"1883\" data-end=\"1962\">\n<p data-start=\"1885\" data-end=\"1962\">Inhalt: Solo 330, Solo 461, Solo 108, 3 \u00d7 Solo 101, Solo 610, 3 \u00d7 Solo A5<\/p>\n<\/li>\n<li data-start=\"1963\" data-end=\"2017\">\n<p data-start=\"1965\" data-end=\"2017\">Stabmaterial: Glasfaser, nichtleitend<\/p>\n<\/li>\n<li data-start=\"2018\" data-end=\"2065\">\n<p data-start=\"2020\" data-end=\"2065\">Kapazit\u00e4t der Testgasflasche: ca. 400 Proben\/Flasche<\/p>\n<\/li>\n<li data-start=\"2066\" data-end=\"2113\">\n<p data-start=\"2068\" data-end=\"2113\">Kompatibel mit: Solo- und Testifire-Testern<\/p>\n<\/li>\n<\/ul>","protected":false},"excerpt":{"rendered":"<p>Das Solo 11 Testkit ist ein Komplettset zum Testen von Rauch- und W\u00e4rmemeldern bis zu einer Entfernung von ca. 7,3 m.<\/p>\n<p>Enth\u00e4lt Solo 108 Teleskopstange, 3 Solo 101 Verl\u00e4ngerungsstangen, Solo 330 Detektortester, Solo 461 W\u00e4rmedetektortester, Solo 610 Tragetasche und 3 Solo A5 Testgasflaschen.<\/p>\n<p>Praktisch und tragbar f\u00fcr professionelle Tests.<\/p>","protected":false},"featured_media":137435,"template":"","meta":{"_acf_changed":false},"product_brand":[],"product_cat":[2945,3849],"product_tag":[],"class_list":{"0":"post-137436","1":"product","2":"type-product","3":"status-publish","4":"has-post-thumbnail","6":"product_cat-solo","7":"product_cat-solo-kit","8":"product_shipping_class-tunga-paket","9":"pa_brands-solo","10":"tm-no-options","12":"first","13":"instock","14":"taxable","15":"shipping-taxable","16":"purchasable","17":"product-type-simple"},"acf":[],"_links":{"self":[{"href":"https:\/\/secureus.se\/de\/wp-json\/wp\/v2\/product\/137436","targetHints":{"allow":["GET"]}}],"collection":[{"href":"https:\/\/secureus.se\/de\/wp-json\/wp\/v2\/product"}],"about":[{"href":"https:\/\/secureus.se\/de\/wp-json\/wp\/v2\/types\/product"}],"wp:featuredmedia":[{"embeddable":true,"href":"https:\/\/secureus.se\/de\/wp-json\/wp\/v2\/media\/137435"}],"wp:attachment":[{"href":"https:\/\/secureus.se\/de\/wp-json\/wp\/v2\/media?parent=137436"}],"wp:term":[{"taxonomy":"product_brand","embeddable":true,"href":"https:\/\/secureus.se\/de\/wp-json\/wp\/v2\/product_brand?post=137436"},{"taxonomy":"product_cat","embeddable":true,"href":"https:\/\/secureus.se\/de\/wp-json\/wp\/v2\/product_cat?post=137436"},{"taxonomy":"product_tag","embeddable":true,"href":"https:\/\/secureus.se\/de\/wp-json\/wp\/v2\/product_tag?post=137436"}],"curies":[{"name":"wp","href":"https:\/\/api.w.org\/{rel}","templated":true}]}}