{"id":137843,"date":"2024-06-05T12:50:22","date_gmt":"2024-06-05T10:50:22","guid":{"rendered":"https:\/\/secureus.se\/tradlos-powerg-co-detektor-pg8913-dsc\/"},"modified":"2026-04-01T11:04:51","modified_gmt":"2026-04-01T09:04:51","slug":"tradlos-powerg-co-detektor-pg8913-dsc","status":"publish","type":"product","link":"https:\/\/secureus.se\/de\/tradlos-powerg-co-detektor-pg8913-dsc\/","title":{"rendered":"Drahtloser PowerG CO-Detektor PG8913 DSC"},"content":{"rendered":"<h1>Drahtloser PowerG CO-Melder PG8913 DSC \u2013 Sicherheit der Spitzenklasse<\/h1>\n<p>Der <strong>Der kabellose CO-Melder PG8913 von DSC<\/strong> ist eine zuverl\u00e4ssige L\u00f6sung, um Ihr Zuhause oder Ihr Unternehmen vor gef\u00e4hrlichen Kohlenmonoxid (CO)-Werten zu sch\u00fctzen.<\/p>\n<p>Mit der PowerG-Funktechnologie, der visuellen und akustischen Alarmanzeige und der langen Batterielebensdauer bietet dieser Detektor \u00fcberragende Leistung und Sicherheit.<\/p>\n<h5>Hauptfunktionen<\/h5>\n<ul>\n<li><strong>Fr\u00fchwarnung bei CO-Erkennung<\/strong>: Erkennt Kohlenmonoxid schnell und warnt fr\u00fchzeitig, bevor es gef\u00e4hrlich wird.<\/li>\n<li><strong>Starker Alarm und visuelle Anzeige<\/strong>:\n<ul>\n<li>Integrierte 95-dB-Sirene, um sicherzustellen, dass alle Personen in der N\u00e4he gewarnt werden.<\/li>\n<li>Blinkende LEDs zur visuellen Best\u00e4tigung.<\/li>\n<\/ul>\n<\/li>\n<li><strong>Lange Akkulaufzeit<\/strong>: Bis zu 4 Jahre Betriebsdauer bei normaler Nutzung, was den Wartungsaufwand minimiert.<\/li>\n<li><strong>Zertifizierte Sicherheit<\/strong>: Erf\u00fcllt die strengsten Sicherheitsstandards, einschlie\u00dflich EN 50291 (Europa) und UL 2075 (USA).<\/li>\n<li><strong>Testfunktion<\/strong>: Automatische Selbsttests und eine manuelle Testtaste sorgen f\u00fcr einen optimalen Betrieb.<\/li>\n<li><strong>Anzeige bei niedrigem Batteriestand<\/strong>: Visuelle und kabellose Anzeige, wenn die Batterie ausgetauscht werden muss.<\/li>\n<\/ul>\n<h5>Vorteile<\/h5>\n<ul>\n<li><strong>Drahtlose Installation<\/strong>: Schnelle und einfache Installation ohne Verkabelung.<\/li>\n<li><strong>\u00dcberragende Reichweite<\/strong>: Die PowerG-Technologie sorgt f\u00fcr sichere und zuverl\u00e4ssige Kommunikation auch in gro\u00dfen Objekten.<\/li>\n<li><strong>Perfekt f\u00fcr Zuhause und Gesch\u00e4ft<\/strong>: Sch\u00fctzt sowohl Privath\u00e4user als auch gewerbliche Umgebungen.<\/li>\n<\/ul>\n<h5>Spezifikationen<\/h5>\n<ul>\n<li><strong>Alarmsignal<\/strong>: 95 dB Schallpegel.<\/li>\n<li><strong>Akkulaufzeit<\/strong>: 4 Jahre bei normalem Gebrauch.<\/li>\n<li><strong>Zertifizierung<\/strong>: EN 50291, LPCB (UK) und UL 2075 (USA).<\/li>\n<li><strong>Funktionen<\/strong>: Automatischer Selbsttest, manuelle Testtaste und Anzeige f\u00fcr niedrigen Batteriestand.<\/li>\n<\/ul>\n<p>Mit <strong>PG8913 CO-Detektor<\/strong> Durch eine schnelle und zuverl\u00e4ssige Warnung im Falle eines Kohlenmonoxidaustritts k\u00f6nnen Sie ein sichereres Zuhause und eine sicherere Arbeitsumgebung gew\u00e4hrleisten.<\/p>","protected":false},"excerpt":{"rendered":"<p>Der kabellose PowerG CO-Detektor PG8913 von DSC warnt fr\u00fchzeitig vor gef\u00e4hrlichen CO-Werten.<\/p>\n<p>Mit einer 95-dB-Sirene, einem LED-Alarm und einer langen Batterielebensdauer ist es ideal f\u00fcr Sicherheitsinstallationen zu Hause und in Unternehmen.<\/p>","protected":false},"featured_media":137840,"template":"","meta":{"_acf_changed":false},"product_brand":[],"product_cat":[3319],"product_tag":[],"class_list":{"0":"post-137843","1":"product","2":"type-product","3":"status-publish","4":"has-post-thumbnail","6":"product_cat-brandvarnare-dsc-larm-neo-power-hybridlarm","7":"pa_brands-4dsc","8":"tm-no-options","10":"first","11":"instock","12":"sale","13":"taxable","14":"shipping-taxable","15":"purchasable","16":"product-type-simple"},"acf":[],"_links":{"self":[{"href":"https:\/\/secureus.se\/de\/wp-json\/wp\/v2\/product\/137843","targetHints":{"allow":["GET"]}}],"collection":[{"href":"https:\/\/secureus.se\/de\/wp-json\/wp\/v2\/product"}],"about":[{"href":"https:\/\/secureus.se\/de\/wp-json\/wp\/v2\/types\/product"}],"wp:featuredmedia":[{"embeddable":true,"href":"https:\/\/secureus.se\/de\/wp-json\/wp\/v2\/media\/137840"}],"wp:attachment":[{"href":"https:\/\/secureus.se\/de\/wp-json\/wp\/v2\/media?parent=137843"}],"wp:term":[{"taxonomy":"product_brand","embeddable":true,"href":"https:\/\/secureus.se\/de\/wp-json\/wp\/v2\/product_brand?post=137843"},{"taxonomy":"product_cat","embeddable":true,"href":"https:\/\/secureus.se\/de\/wp-json\/wp\/v2\/product_cat?post=137843"},{"taxonomy":"product_tag","embeddable":true,"href":"https:\/\/secureus.se\/de\/wp-json\/wp\/v2\/product_tag?post=137843"}],"curies":[{"name":"wp","href":"https:\/\/api.w.org\/{rel}","templated":true}]}}