{"id":138067,"date":"2024-06-12T13:12:59","date_gmt":"2024-06-12T11:12:59","guid":{"rendered":"https:\/\/secureus.se\/?post_type=product&#038;p=138067"},"modified":"2026-04-08T16:06:55","modified_gmt":"2026-04-08T14:06:55","slug":"provkit-solo-22-93-m-varme-rok-vaskor-nedtagare","status":"publish","type":"product","link":"https:\/\/secureus.se\/de\/provkit-solo-22-93-m-varme-rok-vaskor-nedtagare\/","title":{"rendered":"Solo 22 Test Kit \u2013 9,3 m (Hitze \/ Rauch) \u2013 Taschen und Demontagekits"},"content":{"rendered":"<h1>Solo 22 Test Kit \u2013 9,3 m (Hitze \/ Rauch) \u2013 Taschen und Demontagekits<\/h1>\n<h3 data-start=\"361\" data-end=\"427\">Komplettes Testset f\u00fcr Rauch- und W\u00e4rmemelder bis 9,3 m<\/h3>\n<p data-start=\"428\" data-end=\"646\">Solo 22 ist ein professionelles Testkit, das umfassende M\u00f6glichkeiten zum Testen und Warten von Rauch- und W\u00e4rmemeldern in gro\u00dfen R\u00e4umlichkeiten oder an hohen Decken bietet.<\/p>\n<p data-start=\"428\" data-end=\"646\">Das Set ist auf Effizienz, Sicherheit und einfachen Transport ausgelegt.<\/p>\n<h3 data-start=\"648\" data-end=\"672\">Inhalt von Solo 22<\/h3>\n<ul data-start=\"673\" data-end=\"1417\">\n<li data-start=\"673\" data-end=\"782\">\n<p data-start=\"675\" data-end=\"782\"><strong data-start=\"675\" data-end=\"703\">Detektortester Solo 330<\/strong> \u2013 Pr\u00fcfung von Rauch- und CO-Meldern mit Solo A5 und Solo C3 Testgasflaschen.<\/p>\n<\/li>\n<li data-start=\"783\" data-end=\"941\">\n<p data-start=\"785\" data-end=\"941\"><strong data-start=\"785\" data-end=\"811\">Teleskopstange Solo 100<\/strong> \u2013 lang, 4,5 m mit 4 Fiberglassegmenten, kann mit drei Solo 101 Verl\u00e4ngerungsstangen f\u00fcr eine Gesamtreichweite von bis zu 9,3 m kombiniert werden.<\/p>\n<\/li>\n<li data-start=\"942\" data-end=\"1019\">\n<p data-start=\"944\" data-end=\"1019\"><strong data-start=\"944\" data-end=\"980\">3 \u00d7 Solo 101 Verl\u00e4ngerungsstangen<\/strong> \u2013 bietet maximale H\u00f6he und Flexibilit\u00e4t.<\/p>\n<\/li>\n<li data-start=\"1020\" data-end=\"1123\">\n<p data-start=\"1022\" data-end=\"1123\"><strong data-start=\"1022\" data-end=\"1055\">Universelles Demontageger\u00e4t Solo 200<\/strong> \u2013 verstellbare Greifarme zur Handhabung der meisten Brandmelder.<\/p>\n<\/li>\n<li data-start=\"1124\" data-end=\"1189\">\n<p data-start=\"1126\" data-end=\"1189\"><strong data-start=\"1126\" data-end=\"1149\">CEO-Tester Solo 461<\/strong> \u2013 batteriebetriebener W\u00e4rmedetektor-Tester.<\/p>\n<\/li>\n<li data-start=\"1190\" data-end=\"1292\">\n<p data-start=\"1192\" data-end=\"1292\"><strong data-start=\"1192\" data-end=\"1222\">3 \u00d7 Solo A5 Testgasflaschen<\/strong> \u2013 optimiert f\u00fcr Rauchmelder, ausreichend f\u00fcr ca. 400 Proben pro Flasche.<\/p>\n<\/li>\n<li data-start=\"1293\" data-end=\"1417\">\n<p data-start=\"1295\" data-end=\"1417\"><strong data-start=\"1295\" data-end=\"1324\">Tragetasche + K\u00f6cher Solo 610<\/strong> \u2013 praktisches Aufbewahrungssystem mit Platz f\u00fcr St\u00e4be, Pr\u00fcfger\u00e4te, Testgasflaschen und Demontagevorrichtungen.<\/p>\n<\/li>\n<\/ul>\n<h3 data-start=\"1419\" data-end=\"1451\">Einfache und sichere Anwendung<\/h3>\n<ol data-start=\"1452\" data-end=\"1788\">\n<li data-start=\"1452\" data-end=\"1511\">\n<p data-start=\"1455\" data-end=\"1511\">Sch\u00fctteln Sie die Solo A5 Testgasflaschen und installieren Sie sie im Solo 330.<\/p>\n<\/li>\n<li data-start=\"1512\" data-end=\"1556\">\n<p data-start=\"1515\" data-end=\"1556\">Den Beh\u00e4lter aufschrauben und um eine Vierteldrehung drehen.<\/p>\n<\/li>\n<li data-start=\"1557\" data-end=\"1639\">\n<p data-start=\"1560\" data-end=\"1639\">Platzieren Sie den Becher um den Detektor, dr\u00fccken Sie ihn leicht gegen die Decke und lassen Sie das Gas entweichen.<\/p>\n<\/li>\n<li data-start=\"1640\" data-end=\"1719\">\n<p data-start=\"1643\" data-end=\"1719\">Warten Sie etwa 10 Sekunden, bis der Detektor einen Alarm ausl\u00f6st. Wiederholen Sie den Kurztest gegebenenfalls.<\/p>\n<\/li>\n<li data-start=\"1720\" data-end=\"1788\">\n<p data-start=\"1723\" data-end=\"1788\">Das W\u00e4rmedetektor-Pr\u00fcfger\u00e4t Solo 461 wird f\u00fcr Temperaturdetektoren verwendet.<\/p>\n<\/li>\n<\/ol>\n<h3 data-start=\"1790\" data-end=\"1816\">Vorteile von Solo 22<\/h3>\n<ul data-start=\"1817\" data-end=\"2110\">\n<li data-start=\"1817\" data-end=\"1884\">\n<p data-start=\"1819\" data-end=\"1884\">Komplette Ausr\u00fcstung zum Testen von Rauch- und W\u00e4rmemeldern<\/p>\n<\/li>\n<li data-start=\"1885\" data-end=\"1948\">\n<p data-start=\"1887\" data-end=\"1948\">Mit Teleskopstange und Verl\u00e4ngerungen erreichen Sie H\u00f6hen bis zu 9,3 m.<\/p>\n<\/li>\n<li data-start=\"1949\" data-end=\"2005\">\n<p data-start=\"1951\" data-end=\"2005\">Professionelle Tragetasche und K\u00f6cher f\u00fcr einfachen Transport<\/p>\n<\/li>\n<li data-start=\"2006\" data-end=\"2049\">\n<p data-start=\"2008\" data-end=\"2049\">Passend f\u00fcr die meisten Detektormarken<\/p>\n<\/li>\n<li data-start=\"2050\" data-end=\"2110\">\n<p data-start=\"2052\" data-end=\"2110\">Einfache Bedienung mit schneller Detektorr\u00fcckstellung<\/p>\n<\/li>\n<\/ul>\n<h3 data-start=\"2112\" data-end=\"2142\">Technische Spezifikationen<\/h3>\n<ul data-start=\"2143\" data-end=\"2440\">\n<li data-start=\"2143\" data-end=\"2176\">\n<p data-start=\"2145\" data-end=\"2176\">Testh\u00f6he: bis zu 9,3 m<\/p>\n<\/li>\n<li data-start=\"2177\" data-end=\"2266\">\n<p data-start=\"2179\" data-end=\"2266\">Inhalt: Solo 330, Solo 461, Solo 100, 3 \u00d7 Solo 101, Solo 200, Solo 610, 3 \u00d7 Solo A5<\/p>\n<\/li>\n<li data-start=\"2267\" data-end=\"2329\">\n<p data-start=\"2269\" data-end=\"2329\">Material der Teleskopstange: Fiberglas, nicht elektrisch leitf\u00e4hig<\/p>\n<\/li>\n<li data-start=\"2330\" data-end=\"2381\">\n<p data-start=\"2332\" data-end=\"2381\">Kapazit\u00e4t der Testgasflasche: ca. 400 Proben pro Flasche<\/p>\n<\/li>\n<li data-start=\"2382\" data-end=\"2440\">\n<p data-start=\"2384\" data-end=\"2440\">Kompatibel mit: Solo- und Testifire-Testern, Takedown-Testern<\/p>\n<\/li>\n<\/ul>","protected":false},"excerpt":{"rendered":"<p>Das Solo 22 Testkit ist ein Komplettset f\u00fcr die Funktionspr\u00fcfung von Rauch- und W\u00e4rmemeldern bis zu einer Entfernung von ca. 9,3 m. Es enth\u00e4lt die Teleskopstange Solo 100 mit 3 Verl\u00e4ngerungsstangen Solo 101, den Meldertester Solo 330, den W\u00e4rmemeldertester Solo 461, das Demontageger\u00e4t Solo 200, 3 Testgasflaschen Solo A5 sowie den Tragekoffer und K\u00f6cher Solo 610.<\/p>","protected":false},"featured_media":138066,"template":"","meta":{"_acf_changed":false},"product_brand":[],"product_cat":[3849,2945],"product_tag":[],"class_list":{"0":"post-138067","1":"product","2":"type-product","3":"status-publish","4":"has-post-thumbnail","6":"product_cat-solo-kit","7":"product_cat-solo","8":"product_shipping_class-tunga-paket","9":"tm-no-options","11":"first","12":"instock","13":"taxable","14":"shipping-taxable","15":"purchasable","16":"product-type-simple"},"acf":[],"_links":{"self":[{"href":"https:\/\/secureus.se\/de\/wp-json\/wp\/v2\/product\/138067","targetHints":{"allow":["GET"]}}],"collection":[{"href":"https:\/\/secureus.se\/de\/wp-json\/wp\/v2\/product"}],"about":[{"href":"https:\/\/secureus.se\/de\/wp-json\/wp\/v2\/types\/product"}],"wp:featuredmedia":[{"embeddable":true,"href":"https:\/\/secureus.se\/de\/wp-json\/wp\/v2\/media\/138066"}],"wp:attachment":[{"href":"https:\/\/secureus.se\/de\/wp-json\/wp\/v2\/media?parent=138067"}],"wp:term":[{"taxonomy":"product_brand","embeddable":true,"href":"https:\/\/secureus.se\/de\/wp-json\/wp\/v2\/product_brand?post=138067"},{"taxonomy":"product_cat","embeddable":true,"href":"https:\/\/secureus.se\/de\/wp-json\/wp\/v2\/product_cat?post=138067"},{"taxonomy":"product_tag","embeddable":true,"href":"https:\/\/secureus.se\/de\/wp-json\/wp\/v2\/product_tag?post=138067"}],"curies":[{"name":"wp","href":"https:\/\/api.w.org\/{rel}","templated":true}]}}