{"id":138084,"date":"2024-06-12T13:12:53","date_gmt":"2024-06-12T11:12:53","guid":{"rendered":"https:\/\/secureus.se\/?post_type=product&#038;p=138084"},"modified":"2026-04-23T12:57:48","modified_gmt":"2026-04-23T10:57:48","slug":"provkit-solo-13-73-m-rok-vaska-nedtagare","status":"publish","type":"product","link":"https:\/\/secureus.se\/de\/provkit-solo-13-73-m-rok-vaska-nedtagare\/","title":{"rendered":"Solo 13 Sample Kit \u2013 7,3 m (Rauch) \u2013 Tasche und Demontagevorrichtung"},"content":{"rendered":"<h1>Solo 13 Sample Kit \u2013 7,3 m (Rauch) \u2013 Tasche und Demontagevorrichtung<\/h1>\n<h3 data-start=\"363\" data-end=\"409\">Professionelles Rauchmelder-Testset<\/h3>\n<p data-start=\"410\" data-end=\"679\">Solo 13 ist f\u00fcr die sichere und effiziente Pr\u00fcfung von Rauchmeldern in gr\u00f6\u00dferen H\u00f6hen bis zu ca. 7,3 m konzipiert.<\/p>\n<p data-start=\"410\" data-end=\"679\">Das Set kombiniert Teleskopstangen und Verl\u00e4ngerungen mit universellen Pr\u00fcfger\u00e4ten und Tragetaschen und ist daher leicht zu transportieren und auf der Baustelle einzusetzen.<\/p>\n<h3 data-start=\"681\" data-end=\"705\">Inhalt von Solo 13<\/h3>\n<ul data-start=\"706\" data-end=\"1274\">\n<li data-start=\"706\" data-end=\"822\">\n<p data-start=\"708\" data-end=\"822\"><strong data-start=\"708\" data-end=\"736\">Detektortester Solo 330<\/strong> \u2013 Pr\u00fcft Rauch- und CO-Melder, kompatibel mit den Testgasflaschen Solo A5 und Solo C3.<\/p>\n<\/li>\n<li data-start=\"823\" data-end=\"913\">\n<p data-start=\"825\" data-end=\"913\"><strong data-start=\"825\" data-end=\"851\">Teleskopstange Solo 108<\/strong> \u2013 2,5 m, Fiberglas, nicht elektrisch leitend, leicht und steif.<\/p>\n<\/li>\n<li data-start=\"914\" data-end=\"1014\">\n<p data-start=\"916\" data-end=\"1014\"><strong data-start=\"916\" data-end=\"952\">3 \u00d7 Verl\u00e4ngerungsstangen Solo 101<\/strong> \u2013 jeweils 1,13 m, k\u00f6nnen miteinander verbunden werden, um gr\u00f6\u00dfere H\u00f6hen zu erreichen.<\/p>\n<\/li>\n<li data-start=\"1015\" data-end=\"1098\">\n<p data-start=\"1017\" data-end=\"1098\"><strong data-start=\"1017\" data-end=\"1050\">Universelles Demontageger\u00e4t Solo 200<\/strong> \u2013 erm\u00f6glicht die sichere Entfernung der Detektoren.<\/p>\n<\/li>\n<li data-start=\"1099\" data-end=\"1183\">\n<p data-start=\"1101\" data-end=\"1183\"><strong data-start=\"1101\" data-end=\"1130\">Tragetasche + K\u00f6cher Solo 610<\/strong> \u2013 f\u00fcr einen einfachen Transport und eine platzsparende Lagerung der Ausr\u00fcstung.<\/p>\n<\/li>\n<li data-start=\"1184\" data-end=\"1274\">\n<p data-start=\"1186\" data-end=\"1274\"><strong data-start=\"1186\" data-end=\"1216\">3 \u00d7 Solo A5 Testgasflaschen<\/strong> \u2013 f\u00fcr Rauchtests, ausreichend f\u00fcr etwa 400 Tests pro Flasche.<\/p>\n<\/li>\n<\/ul>\n<h3 data-start=\"1276\" data-end=\"1308\">Einfache und sichere Anwendung<\/h3>\n<ol data-start=\"1309\" data-end=\"1595\">\n<li data-start=\"1309\" data-end=\"1391\">\n<p data-start=\"1312\" data-end=\"1391\">Montieren Sie Solo 330 auf Solo 108 und beliebigen Solo 101 Stangen f\u00fcr die gew\u00fcnschte H\u00f6he.<\/p>\n<\/li>\n<li data-start=\"1392\" data-end=\"1453\">\n<p data-start=\"1395\" data-end=\"1453\">Sch\u00fctteln Sie die Solo A5 Testgasflasche und setzen Sie sie in das Testger\u00e4t ein.<\/p>\n<\/li>\n<li data-start=\"1454\" data-end=\"1526\">\n<p data-start=\"1457\" data-end=\"1526\">Setzen Sie den Becher um den Detektor, dr\u00fccken Sie ihn leicht an und lassen Sie das Gas ausstr\u00f6men.<\/p>\n<\/li>\n<li data-start=\"1527\" data-end=\"1595\">\n<p data-start=\"1530\" data-end=\"1595\">Warten Sie etwa 10 Sekunden, bis der Detektor einen Alarm ausl\u00f6st; wiederholen Sie den Vorgang gegebenenfalls.<\/p>\n<\/li>\n<\/ol>\n<h3 data-start=\"1597\" data-end=\"1623\">Vorteile von Solo 13<\/h3>\n<ul data-start=\"1624\" data-end=\"1827\">\n<li data-start=\"1624\" data-end=\"1651\">\n<p data-start=\"1626\" data-end=\"1651\">Reichweite bis zu 7,3 m<\/p>\n<\/li>\n<li data-start=\"1652\" data-end=\"1694\">\n<p data-start=\"1654\" data-end=\"1694\">Kompakt und tragbar mit Solo 610 Taschen<\/p>\n<\/li>\n<li data-start=\"1695\" data-end=\"1770\">\n<p data-start=\"1697\" data-end=\"1770\">Sichere und professionelle Pr\u00fcfung der meisten Rauchmeldermarken<\/p>\n<\/li>\n<li data-start=\"1771\" data-end=\"1827\">\n<p data-start=\"1773\" data-end=\"1827\">Einfache Montage und Handhabung von St\u00e4ben und Pr\u00fcfger\u00e4ten<\/p>\n<\/li>\n<\/ul>\n<h3 data-start=\"1829\" data-end=\"1859\">Technische Spezifikationen<\/h3>\n<ul data-start=\"1860\" data-end=\"2124\">\n<li data-start=\"1860\" data-end=\"1893\">\n<p data-start=\"1862\" data-end=\"1893\">Testh\u00f6he: bis zu 7,3 m<\/p>\n<\/li>\n<li data-start=\"1894\" data-end=\"1973\">\n<p data-start=\"1896\" data-end=\"1973\">Inhalt: Solo 330, Solo 108, 3 \u00d7 Solo 101, Solo 200, Solo 610, 3 \u00d7 Solo A5<\/p>\n<\/li>\n<li data-start=\"1974\" data-end=\"2028\">\n<p data-start=\"1976\" data-end=\"2028\">Stabmaterial: Glasfaser, nichtleitend<\/p>\n<\/li>\n<li data-start=\"2029\" data-end=\"2076\">\n<p data-start=\"2031\" data-end=\"2076\">Kapazit\u00e4t der Testgasflasche: ca. 400 Proben\/Flasche<\/p>\n<\/li>\n<li data-start=\"2077\" data-end=\"2124\">\n<p data-start=\"2079\" data-end=\"2124\">Kompatibel mit: Solo- und Testifire-Testern<\/p>\n<\/li>\n<\/ul>","protected":false},"excerpt":{"rendered":"<p>Das Solo 13 Testkit ist ein Komplettset zum Testen von Rauchmeldern bis zu einer Entfernung von ca. 7,3 m.<\/p>\n<p>Enth\u00e4lt Solo 108 Teleskopstange, 3 Solo 101 Verl\u00e4ngerungsstangen, Solo 330 Detektortester, Solo 200 Demontagevorrichtung, Solo 610 Tragetasche und 3 Solo A5 Testgasflaschen.<\/p>\n<p>Ideal f\u00fcr professionelle Installationen und gr\u00f6\u00dfere Deckenh\u00f6hen.<\/p>","protected":false},"featured_media":138083,"template":"","meta":{"_acf_changed":false},"product_brand":[],"product_cat":[2945,3849],"product_tag":[],"class_list":{"0":"post-138084","1":"product","2":"type-product","3":"status-publish","4":"has-post-thumbnail","6":"product_cat-solo","7":"product_cat-solo-kit","8":"product_shipping_class-tunga-paket","9":"pa_brands-solo","10":"tm-no-options","12":"first","13":"instock","14":"taxable","15":"shipping-taxable","16":"purchasable","17":"product-type-simple"},"acf":[],"_links":{"self":[{"href":"https:\/\/secureus.se\/de\/wp-json\/wp\/v2\/product\/138084","targetHints":{"allow":["GET"]}}],"collection":[{"href":"https:\/\/secureus.se\/de\/wp-json\/wp\/v2\/product"}],"about":[{"href":"https:\/\/secureus.se\/de\/wp-json\/wp\/v2\/types\/product"}],"wp:featuredmedia":[{"embeddable":true,"href":"https:\/\/secureus.se\/de\/wp-json\/wp\/v2\/media\/138083"}],"wp:attachment":[{"href":"https:\/\/secureus.se\/de\/wp-json\/wp\/v2\/media?parent=138084"}],"wp:term":[{"taxonomy":"product_brand","embeddable":true,"href":"https:\/\/secureus.se\/de\/wp-json\/wp\/v2\/product_brand?post=138084"},{"taxonomy":"product_cat","embeddable":true,"href":"https:\/\/secureus.se\/de\/wp-json\/wp\/v2\/product_cat?post=138084"},{"taxonomy":"product_tag","embeddable":true,"href":"https:\/\/secureus.se\/de\/wp-json\/wp\/v2\/product_tag?post=138084"}],"curies":[{"name":"wp","href":"https:\/\/api.w.org\/{rel}","templated":true}]}}