{"id":138484,"date":"2024-03-07T14:56:35","date_gmt":"2024-03-07T13:56:35","guid":{"rendered":"https:\/\/secureus.se\/optex-flx-p-dt-x5-flipx-professional-pir-detektor-med-dubbla-tekniker-for-inomhusbruk-med-mikrovagsugn-vit\/"},"modified":"2025-12-31T21:09:00","modified_gmt":"2025-12-31T20:09:00","slug":"optex-flx-p-dt-x5","status":"publish","type":"product","link":"https:\/\/secureus.se\/de\/optex-flx-p-dt-x5\/","title":{"rendered":"Optex FLX-P-DT-X5 FlipX Professional Kombinationsmelder PIR+Mikrowelle 15 Meter Winkel oder gro\u00dfe Reichweite 24 Meter"},"content":{"rendered":"<h1><strong>Optex FLX-P-DT-X5 FlipX \u2013 Fortschrittliche PIR- und Mikrowellentechnologie f\u00fcr den Innenbereich<\/strong><\/h1>\n<p>Optex FLX-P-DT-X5 FlipX ist ein professioneller Bewegungsmelder f\u00fcr den Innenbereich, der eine Kombination aus PIR (Passiv-Infrarot) und Mikrowellentechnologie nutzt, um eine zuverl\u00e4ssige und genaue Bewegungserkennung zu gew\u00e4hrleisten.<\/p>\n<p>Der Detektor ist so konzipiert, dass er in einer Vielzahl von Umgebungen, von privaten bis hin zu gewerblichen Einrichtungen, zuverl\u00e4ssige Sicherheit und Effizienz bietet.<\/p>\n<p><strong>Duale Techniken f\u00fcr h\u00f6here Pr\u00e4zision:<\/strong> FLX-P-DT-X5 FlipX nutzt sowohl PIR- als auch Mikrowellentechnologie, um die Erkennung zu optimieren.<\/p>\n<p>Die PIR-Technologie erfasst Bewegungen durch Ver\u00e4nderungen der Infrarotstrahlung, w\u00e4hrend die Mikrowellentechnologie Radiowellen nutzt, um Bewegungen sogar hinter Objekten und W\u00e4nden zu erkennen.<\/p>\n<p>Diese duale Technologie erm\u00f6glicht es dem Melder, Bewegungen genau zu erkennen und das Risiko von Fehlalarmen zu minimieren.<\/p>\n<p><strong>Umkehrbare Linse f\u00fcr gr\u00f6\u00dfere Abdeckung:<\/strong> Eines der bemerkenswertesten Merkmale des FlipX-Modells ist die umkehrbare Linse.<\/p>\n<p>Durch einfaches Drehen des Objektivs kann der Benutzer den Erfassungsbereich des Detektors einstellen und ihn an seine spezifischen Bed\u00fcrfnisse anpassen.<\/p>\n<p>Dies bietet zus\u00e4tzliche Flexibilit\u00e4t bei der Installation und erleichtert die Optimierung der Abdeckung eines gr\u00f6\u00dferen Bereichs.<\/p>\n<p><strong>Verbesserte Erkennungstechnologie:<\/strong> Der Detektor ist mit einer raffinierten sph\u00e4rischen Linse ausgestattet, die die Bewegungserkennung \u00fcber das gesamte Sichtfeld des Detektors verbessert.<\/p>\n<p>Das Objektiv bietet einen breiteren und genaueren Erfassungsbereich und erleichtert so die Erfassung von Bewegungen in jedem Teil des Raums. Mit einem Erfassungswinkel von 180 Grad kann der FLX-P-DT-X5 FlipX einen gro\u00dfen Bereich effektiv \u00fcberwachen und ist somit ideal f\u00fcr gr\u00f6\u00dfere R\u00e4ume oder offene Fl\u00e4chen.<\/p>\n<p><strong>LED-Anzeige und Benutzerfreundlichkeit:<\/strong> Um eine schnelle R\u00fcckmeldung \u00fcber den Ger\u00e4testatus zu geben, ist der FLX-P-DT-X5 FlipX mit einer LED-Anzeige ausgestattet, die deutlich anzeigt, ob der Detektor aktiv ist oder nicht.<\/p>\n<p>Anhand der Farbe der LED l\u00e4sst sich der Ger\u00e4testatus leicht erkennen, was die Installation und Verwaltung erleichtert. F\u00fcr noch mehr Pr\u00e4zision ist es au\u00dferdem m\u00f6glich, die Empfindlichkeit anzupassen und den Detektor \u00fcber die benutzerfreundliche Oberfl\u00e4che zu konfigurieren.<\/p>\n<p><strong>SMDA-Logik f\u00fcr Intelligenz und Flexibilit\u00e4t:<\/strong> Eine weitere fortschrittliche Funktion von FlipX ist die patentierte SMDA-Logik (Super Multi-Dimensional Analysis).<\/p>\n<p>Diese intelligente Technologie erm\u00f6glicht es dem Detektor, Bewegungen pr\u00e4ziser und genauer zu analysieren. Die SMDA-Logik filtert unn\u00f6tige Bewegungen wie kleine Tiere oder Vibrationen heraus und erm\u00f6glicht es dem Detektor, sich auf echte Bedrohungen und Eindringlinge zu konzentrieren.<\/p>\n<p><strong>Menschliches Erfassungselement:<\/strong> Der Detektor verf\u00fcgt \u00fcber ein spezielles Erfassungselement, das menschliche Bewegungen mit hoher Genauigkeit erkennen kann.<\/p>\n<p>Dadurch kann der FLX-P-DT-X5 zwischen Personen und anderen sich in der Umgebung bewegenden Objekten unterscheiden und so das Risiko von Fehlalarmen durch kleine Tiere oder andere unerw\u00fcnschte Bewegungen minimieren.<\/p>\n<p><strong>Flexible Installation und anpassbare Abdeckung:<\/strong> Das FlipX-Modell ist einfach zu installieren und kann in verschiedenen Umgebungen montiert werden.<\/p>\n<p>Die verstellbare und umkehrbare Linse erm\u00f6glicht eine bedarfsgerechte Anpassung des Erfassungsbereichs und sorgt daf\u00fcr, dass alle wichtigen Bereiche abgedeckt werden. Der Melder ist auch mit anderen Sicherheitssystemen kompatibel und l\u00e4sst sich problemlos in eine gr\u00f6\u00dfere Sicherheitsl\u00f6sung integrieren.<\/p>\n<p><strong>Lange Lebensdauer und Zuverl\u00e4ssigkeit:<\/strong> Optex FLX-P-DT-X5 FlipX ist f\u00fcr den Langzeitgebrauch konzipiert und verf\u00fcgt \u00fcber eine robuste Konstruktion, die jahrelang h\u00e4lt.<\/p>\n<p>Es ist auf stabile Leistung und lange Lebensdauer ausgelegt und somit eine zuverl\u00e4ssige Sicherheitsl\u00f6sung f\u00fcr Wohn- und Gewerbeimmobilien.<\/p>\n<p><strong>Spezifikationen:<\/strong><\/p>\n<ul>\n<li><strong>Technik:<\/strong> PIR + Mikrowelle<\/li>\n<li><strong>Erfassungswinkel:<\/strong> 180 Grad<\/li>\n<li><strong>Raffinierte sph\u00e4rische Linse f\u00fcr gro\u00dfe Abdeckung<\/strong><\/li>\n<li><strong>LED-Anzeige mit gut sichtbarer Farbe<\/strong><\/li>\n<li><strong>Element zur Erfassung menschlicher Bewegungen<\/strong><\/li>\n<li><strong>Umkehrbare Linse f\u00fcr anpassbare Abdeckung<\/strong><\/li>\n<li><strong>SMDA-Logik f\u00fcr intelligente Analysen<\/strong><\/li>\n<li><strong>Betriebstemperatur:<\/strong> -10\u00b0C bis +50\u00b0C<\/li>\n<li><strong>Akkulaufzeit:<\/strong> Lange Lebensdauer<\/li>\n<li><strong>Installation:<\/strong> Einfach und flexibel, auf verschiedene Arten montierbar<\/li>\n<\/ul>\n<p>&nbsp;<\/p>","protected":false},"excerpt":{"rendered":"<p>Optex FLX-P-DT-X5 FlipX ist ein fortschrittlicher PIR-Melder f\u00fcr den Innenbereich mit zwei Technologien \u2013 PIR- und Mikrowellentechnologie.<\/p>\n<p>Entwickelt f\u00fcr hohe Zuverl\u00e4ssigkeit und genaue Erkennung mit einer reversiblen Linse und einer verbesserten sph\u00e4rischen Linse f\u00fcr eine breite Abdeckung.<\/p>","protected":false},"featured_media":138481,"template":"","meta":{"_acf_changed":false},"product_brand":[],"product_cat":[1325],"product_tag":[2989,2145,2465],"class_list":{"0":"post-138484","1":"product","2":"type-product","3":"status-publish","4":"has-post-thumbnail","6":"product_cat-larmgivare-skalskydd","7":"product_tag-egen-logo-ej-taggar-kort","8":"product_tag-rorelsedetektor-ir-detektorer","9":"product_tag-sbsc-larmklass2","10":"product_shipping_class-postnord-varubrev","11":"pa_brands-optex","12":"tm-no-options","14":"first","15":"onbackorder","16":"featured","17":"taxable","18":"shipping-taxable","19":"purchasable","20":"product-type-simple"},"acf":[],"_links":{"self":[{"href":"https:\/\/secureus.se\/de\/wp-json\/wp\/v2\/product\/138484","targetHints":{"allow":["GET"]}}],"collection":[{"href":"https:\/\/secureus.se\/de\/wp-json\/wp\/v2\/product"}],"about":[{"href":"https:\/\/secureus.se\/de\/wp-json\/wp\/v2\/types\/product"}],"wp:featuredmedia":[{"embeddable":true,"href":"https:\/\/secureus.se\/de\/wp-json\/wp\/v2\/media\/138481"}],"wp:attachment":[{"href":"https:\/\/secureus.se\/de\/wp-json\/wp\/v2\/media?parent=138484"}],"wp:term":[{"taxonomy":"product_brand","embeddable":true,"href":"https:\/\/secureus.se\/de\/wp-json\/wp\/v2\/product_brand?post=138484"},{"taxonomy":"product_cat","embeddable":true,"href":"https:\/\/secureus.se\/de\/wp-json\/wp\/v2\/product_cat?post=138484"},{"taxonomy":"product_tag","embeddable":true,"href":"https:\/\/secureus.se\/de\/wp-json\/wp\/v2\/product_tag?post=138484"}],"curies":[{"name":"wp","href":"https:\/\/api.w.org\/{rel}","templated":true}]}}