{"id":138488,"date":"2024-03-07T14:44:15","date_gmt":"2024-03-07T13:44:15","guid":{"rendered":"https:\/\/secureus.se\/optex-flx-p-st-flipx-professional-indoor-pir-with-dual-technology\/"},"modified":"2025-12-31T21:05:19","modified_gmt":"2025-12-31T20:05:19","slug":"optex-flx-p-st-flipx-professional-indoor-pir-with-dual-technology","status":"publish","type":"product","link":"https:\/\/secureus.se\/de\/optex-flx-p-st-flipx-professional-indoor-pir-with-dual-technology\/","title":{"rendered":"Optex FLX-P-ST Professioneller FlipX PIR-Detektor mit 15 Metern Winkel oder langem Strahl von 24 Metern"},"content":{"rendered":"<h1><strong>Optex FLX-P-ST FlipX \u2013 Fortschrittlicher PIR-Detektor mit einzigartiger verstellbarer Linse<\/strong><\/h1>\n<p>Optex FLX-P-ST FlipX ist ein professioneller PIR-Melder, der eine innovative L\u00f6sung f\u00fcr die Bewegungserkennung in Innenr\u00e4umen bietet.<\/p>\n<p>Mit seiner einzigartigen Funktion \u2013 einer um 180\u00b0 drehbaren Linse \u2013 bietet dieser Detektor Benutzern vollst\u00e4ndige Flexibilit\u00e4t bei der individuellen Anpassung des Erkennungsbereichs an unterschiedliche Anforderungen und Umgebungen.<\/p>\n<p>Die FlipX-Serie ist eine der fortschrittlichsten Produktlinien von Optex und eignet sich ideal f\u00fcr alles, von Wohnanwendungen bis hin zu fortschrittlichen Sicherheitssystemen in Gewerbeimmobilien.<\/p>\n<p><strong>Einzigartiges, um 180\u00b0 drehbares Objektiv f\u00fcr individuelle Erkennung:<\/strong> Eines der bemerkenswertesten Merkmale des Optex FLX-P-ST ist sein um 180\u00b0 drehbares Objektiv.<\/p>\n<p>Dieses einzigartige Design erm\u00f6glicht es, das Erkennungsmuster auf eine Weise anzupassen, die mit herk\u00f6mmlichen PIR-Meldern bisher nicht m\u00f6glich war.<\/p>\n<p>Durch einfaches Entfernen der Abdeckung und Drehen der Linse kann der Benutzer den Erfassungswinkel von einem breiten 85\u00b0-Winkel zur Abdeckung gro\u00dfer offener Bereiche auf einen schmalen 5\u00b0-Winkel einstellen, der sich perfekt zur Abdeckung langer Durchg\u00e4nge oder Fenster eignet.<\/p>\n<p>Diese Funktion bietet au\u00dfergew\u00f6hnliche Flexibilit\u00e4t, um den spezifischen Sicherheitsanforderungen jedes Raums oder Bereichs gerecht zu werden.<\/p>\n<p><strong>Verbesserte Detektionstechnologie mit pyroelektrischen Elementen:<\/strong> Die FlipX-Serie ist mit den neuesten pyroelektrischen Elementen ausgestattet, sodass sie Bewegungen pr\u00e4ziser und zuverl\u00e4ssiger erkennen kann als viele andere herk\u00f6mmliche PIR-Melder.<\/p>\n<p>Diese Elemente reagieren schnell auf \u00c4nderungen der Infrarotstrahlung, sodass der FLX-P-ST Bewegungen von Personen effektiv erkennen und gleichzeitig unerw\u00fcnschte St\u00f6rungen wie Tiere oder sich nicht bewegende Objekte herausfiltern kann.<\/p>\n<p><strong>Flexible Installation f\u00fcr Wohn- und Gewerbeimmobilien:<\/strong> Der Optex FLX-P-ST FlipX ist so konzipiert, dass er sowohl in kleinen als auch in gro\u00dfen Umgebungen gleicherma\u00dfen effektiv ist.<\/p>\n<p>Unabh\u00e4ngig davon, ob Sie eine offene B\u00fcrolandschaft oder einen engen Flurraum \u00fcberwachen m\u00fcssen, k\u00f6nnen Sie den Detektor anpassen, um optimale Abdeckung und Sicherheit zu gew\u00e4hrleisten.<\/p>\n<p>Der Melder ist einfach zu installieren und kann je nach Erfassungsbedarf an der Wand oder Decke montiert werden, und die verstellbare Linse macht die Installation noch einfacher.<\/p>\n<p><strong>LED-Lampe f\u00fcr klare Anzeige:<\/strong> Um Benutzern eine schnelle und klare visuelle Anzeige des Ger\u00e4testatus zu erm\u00f6glichen, ist der FLX-P-ST mit einer auff\u00e4lligen LED-Leuchte ausgestattet.<\/p>\n<p>Dieses Licht liefert ein sofortiges visuelles Signal, dass der Melder aktiv ist oder eine Bewegung erkennt, was sowohl die Installation als auch den Betrieb erleichtert. Das LED-Licht erleichtert au\u00dferdem das Testen und Einstellen des Ger\u00e4ts, um sicherzustellen, dass es richtig f\u00fcr eine optimale Leistung eingerichtet ist.<\/p>\n<p><strong>Kompatibilit\u00e4t und Integration:<\/strong> Der FLX-P-ST ist mit allen Optex-Sicherheitssystemen und anderen Sicherheitsl\u00f6sungen kompatibel und l\u00e4sst sich daher problemlos in Ihr aktuelles Sicherheitsnetzwerk integrieren.<\/p>\n<p>Aufgrund seiner Flexibilit\u00e4t bei der Erkennung eignet es sich f\u00fcr viele verschiedene Anwendungen, von Privath\u00e4usern bis hin zu gr\u00f6\u00dferen gewerblichen Sicherheitssystemen.<\/p>\n<p><strong>Lange Haltbarkeit und Zuverl\u00e4ssigkeit:<\/strong> Optex ist daf\u00fcr bekannt, Produkte von h\u00f6chster Qualit\u00e4t zu entwickeln, und der FLX-P-ST FlipX bildet da keine Ausnahme.<\/p>\n<p>Es ist auf Langlebigkeit und Zuverl\u00e4ssigkeit ausgelegt und bietet mit seinen innovativen Technologien langanhaltende Leistung und konstanten Schutz. Die Installation ist schnell und einfach und das Ger\u00e4t hat eine lange Lebensdauer, was es auf lange Sicht zu einer kosteng\u00fcnstigen Option macht.<\/p>\n<p><strong>Technische Spezifikationen:<\/strong><\/p>\n<ul>\n<li><strong>Erkennungstechnologie:<\/strong> PIR (Passiv-Infrarot) und pyroelektrisches Element<\/li>\n<li><strong>Drehbare Linse:<\/strong> 180\u00b0 f\u00fcr einstellbaren Erfassungswinkel<\/li>\n<li><strong>Erfassungswinkel:<\/strong> Einstellbar von 5\u00b0 bis 85\u00b0<\/li>\n<li><strong>LED-Anzeige:<\/strong> Ja, zur visuellen Statusanzeige<\/li>\n<li><strong>Arbeitsbereich:<\/strong> Wohn-, Gewerbeimmobilien, Flure und Durchg\u00e4nge<\/li>\n<li><strong>Temperaturbereich:<\/strong> -10\u00b0C bis +50\u00b0C<\/li>\n<li><strong>Installation:<\/strong> Wand- oder Deckenmontage<\/li>\n<li><strong>Messen:<\/strong> 80 x 50 x 50 mm<\/li>\n<li><strong>Gewicht:<\/strong> 150 g<\/li>\n<\/ul>","protected":false},"excerpt":{"rendered":"<p>Optex FLX-P-ST FlipX ist ein professioneller PIR-Melder f\u00fcr den Innenbereich, ausgestattet mit einer einzigartigen, um 180\u00b0 drehbaren Linse f\u00fcr eine individuelle Erkennung.<\/p>\n<p>Es eignet sich perfekt f\u00fcr Wohn- und Gewerbeimmobilien und bietet eine flexible Abdeckung mit einstellbarem Erfassungswinkel.<\/p>","protected":false},"featured_media":138481,"template":"","meta":{"_acf_changed":false},"product_brand":[],"product_cat":[1325],"product_tag":[2989,2145,2465],"class_list":{"0":"post-138488","1":"product","2":"type-product","3":"status-publish","4":"has-post-thumbnail","6":"product_cat-larmgivare-skalskydd","7":"product_tag-egen-logo-ej-taggar-kort","8":"product_tag-rorelsedetektor-ir-detektorer","9":"product_tag-sbsc-larmklass2","10":"product_shipping_class-postnord-varubrev","11":"pa_brands-optex","12":"tm-no-options","14":"first","15":"instock","16":"featured","17":"taxable","18":"shipping-taxable","19":"purchasable","20":"product-type-simple"},"acf":[],"_links":{"self":[{"href":"https:\/\/secureus.se\/de\/wp-json\/wp\/v2\/product\/138488","targetHints":{"allow":["GET"]}}],"collection":[{"href":"https:\/\/secureus.se\/de\/wp-json\/wp\/v2\/product"}],"about":[{"href":"https:\/\/secureus.se\/de\/wp-json\/wp\/v2\/types\/product"}],"wp:featuredmedia":[{"embeddable":true,"href":"https:\/\/secureus.se\/de\/wp-json\/wp\/v2\/media\/138481"}],"wp:attachment":[{"href":"https:\/\/secureus.se\/de\/wp-json\/wp\/v2\/media?parent=138488"}],"wp:term":[{"taxonomy":"product_brand","embeddable":true,"href":"https:\/\/secureus.se\/de\/wp-json\/wp\/v2\/product_brand?post=138488"},{"taxonomy":"product_cat","embeddable":true,"href":"https:\/\/secureus.se\/de\/wp-json\/wp\/v2\/product_cat?post=138488"},{"taxonomy":"product_tag","embeddable":true,"href":"https:\/\/secureus.se\/de\/wp-json\/wp\/v2\/product_tag?post=138488"}],"curies":[{"name":"wp","href":"https:\/\/api.w.org\/{rel}","templated":true}]}}