{"id":138629,"date":"2024-01-15T11:14:30","date_gmt":"2024-01-15T10:14:30","guid":{"rendered":"https:\/\/secureus.se\/airborne-dc-dual-e-medium\/"},"modified":"2025-09-15T13:07:38","modified_gmt":"2025-09-15T11:07:38","slug":"airborne-dc-dual-e-medium","status":"publish","type":"product","link":"https:\/\/secureus.se\/de\/airborne-dc-dual-e-medium\/","title":{"rendered":"AIRBORNE DC DUAL E-MEDIA"},"content":{"rendered":"<p>Alarmsender zugelassen f\u00fcr die \u00dcbertragung von Einbruchalarmen der Alarmklasse 3-4 nach SBF 110:8 und Feueralarmen nach SSF 114:2. Airborne DC Dual nutzt zwei Alarmpfade mit dem Mobilfunknetz (2G\/4G) als prim\u00e4rem Kommunikationskanal und einer festen IP-Verbindung als Backup. Kann f\u00fcr herk\u00f6mmliche Telefonw\u00e4hlger\u00e4te verwendet werden, bei denen analoge Protokolle wie SIA, Robofon oder CID digitalisiert und digital \u00fcbertragen werden. Der Alarmgeber verf\u00fcgt \u00fcber 16 Eing\u00e4nge und 4 Ausg\u00e4nge sowie die M\u00f6glichkeit der seriellen Kommunikation mit dem Zentralger\u00e4t. Die Lieferung erfolgt montiert in einem Geh\u00e4use mit integrierter Antenne, Sabotagekontakt und Abbruchkontakt, ohne Batterie und Netzteil.<\/p>","protected":false},"excerpt":{"rendered":"<p>Alarmsender zugelassen zur \u00dcbermittlung von Einbruchalarmen, Alarmklasse 3-4 nach SBF 110:8 und Feueralarmen nach SSF 114:2. Airborne DC Dual nutzt duale Alarmierungswege mit dem Mobilfunknetz (2G\/4G) als prim\u00e4rem Kommunikationskanal und dem Festnetz<\/p>","protected":false},"featured_media":138628,"template":"","meta":{"_acf_changed":false},"product_brand":[],"product_cat":[1551],"product_tag":[],"class_list":{"0":"post-138629","1":"product","2":"type-product","3":"status-publish","4":"has-post-thumbnail","6":"product_cat-larmoverforing","7":"product_shipping_class-tunga-paket","8":"pa_brands-addsecure","9":"tm-no-options","11":"first","12":"instock","13":"taxable","14":"shipping-taxable","15":"purchasable","16":"product-type-simple"},"acf":[],"_links":{"self":[{"href":"https:\/\/secureus.se\/de\/wp-json\/wp\/v2\/product\/138629","targetHints":{"allow":["GET"]}}],"collection":[{"href":"https:\/\/secureus.se\/de\/wp-json\/wp\/v2\/product"}],"about":[{"href":"https:\/\/secureus.se\/de\/wp-json\/wp\/v2\/types\/product"}],"wp:featuredmedia":[{"embeddable":true,"href":"https:\/\/secureus.se\/de\/wp-json\/wp\/v2\/media\/138628"}],"wp:attachment":[{"href":"https:\/\/secureus.se\/de\/wp-json\/wp\/v2\/media?parent=138629"}],"wp:term":[{"taxonomy":"product_brand","embeddable":true,"href":"https:\/\/secureus.se\/de\/wp-json\/wp\/v2\/product_brand?post=138629"},{"taxonomy":"product_cat","embeddable":true,"href":"https:\/\/secureus.se\/de\/wp-json\/wp\/v2\/product_cat?post=138629"},{"taxonomy":"product_tag","embeddable":true,"href":"https:\/\/secureus.se\/de\/wp-json\/wp\/v2\/product_tag?post=138629"}],"curies":[{"name":"wp","href":"https:\/\/api.w.org\/{rel}","templated":true}]}}