{"id":139620,"date":"2023-09-26T13:08:01","date_gmt":"2023-09-26T11:08:01","guid":{"rendered":"https:\/\/secureus.se\/elslutbleck-step-28e-hoger-omvand-24v-9mm-regel\/"},"modified":"2026-04-08T16:19:27","modified_gmt":"2026-04-08T14:19:27","slug":"elslutbleck-step-28e-hoger-omvand-24v-9mm-regel","status":"publish","type":"product","link":"https:\/\/secureus.se\/de\/elslutbleck-step-28e-hoger-omvand-24v-9mm-regel\/","title":{"rendered":"Elektrische Endplatte STEP 28E Rechts-R\u00fcckw\u00e4rts 24V 9-mm-Regel"},"content":{"rendered":"<h1>Elektrische Endplatte STEP 28E Rechts-R\u00fcckw\u00e4rts 24V 9-mm-Regel<\/h1>\n<p>Der sichere elektrische T\u00fcr\u00f6ffner STEP 28E mit R\u00fcckw\u00e4rtsfunktion ist f\u00fcr Hochsicherheitsumgebungen konzipiert und erf\u00fcllt Brandschutzanforderungen, Evakuierungsanforderungen und einen Streifendruck von bis zu 500 kg.<\/p>\n<p class=\"\" data-start=\"232\" data-end=\"643\">STEP 28E Secure ist ein fortschrittlicher elektrischer T\u00fcr\u00f6ffner mit R\u00fcckw\u00e4rtsfunktion, der speziell f\u00fcr Umgebungen entwickelt wurde, in denen hohe Anforderungen an Sicherheit, Feuerbest\u00e4ndigkeit und Evakuierung gestellt werden.<\/p>\n<p class=\"\" data-start=\"232\" data-end=\"643\">Durch die Reversierfunktion wird der Fl\u00fcgel in stromloser Stellung entriegelt und eignet sich daher ideal f\u00fcr T\u00fcren, die bei einem Stromausfall einen freien Durchgang erfordern \u2013 beispielsweise in \u00f6ffentlichen Geb\u00e4uden, Gesundheitseinrichtungen oder Schulen.<\/p>\n<p class=\"\" data-start=\"645\" data-end=\"950\">Das elektrische T\u00fcr\u00f6ffnerblech ist f\u00fcr Riegelschl\u00f6sser mit 9 mm Kolben der Connect-Serie geeignet und f\u00fcr einen Feuerwiderstand bis Klasse E\/EI 60 zugelassen.<\/p>\n<p class=\"\" data-start=\"645\" data-end=\"950\">Das Produkt ist mit einem Kolbenkontakt und einem Riegelkontakt ausgestattet, die eine Anzeige des T\u00fcrstatus (geschlossen\/offen und verriegelt\/entriegelt) zur Integration in Zutrittskontrollsysteme oder Alarmsysteme erm\u00f6glichen.<\/p>\n<p class=\"\" data-start=\"952\" data-end=\"1264\">Mit einer Bruchfestigkeit von \u00fcber 15 kN und der F\u00e4higkeit, sich trotz eines Streifendrucks von bis zu 5 kN zu \u00f6ffnen, bietet STEP 28E Secure auch in rauen Umgebungen zuverl\u00e4ssige Funktion.<\/p>\n<p class=\"\" data-start=\"952\" data-end=\"1264\">Die robuste und stabile Konstruktion wird komplett mit 5 Metern halogenfreiem Kabel geliefert und ist bereit f\u00fcr die schnelle und sichere Installation in rechts angeschlagenen T\u00fcren.<\/p>\n<p class=\"\" data-start=\"1266\" data-end=\"1294\"><strong data-start=\"1266\" data-end=\"1292\">Eigenschaften und Vorteile:<\/strong><\/p>\n<ul data-start=\"1295\" data-end=\"1581\">\n<li class=\"\" data-start=\"1295\" data-end=\"1339\">\n<p class=\"\" data-start=\"1297\" data-end=\"1339\">Reversierfunktion (im stromlosen Zustand entriegelt)<\/p>\n<\/li>\n<li class=\"\" data-start=\"1340\" data-end=\"1395\">\n<p class=\"\" data-start=\"1342\" data-end=\"1395\">Hohe Einbruchhemmung \u2013 Bruchfestigkeit \u00fcber 1500 kg<\/p>\n<\/li>\n<li class=\"\" data-start=\"1396\" data-end=\"1429\">\n<p class=\"\" data-start=\"1398\" data-end=\"1429\">Brandschutzzulassung bis E\/EI 60<\/p>\n<\/li>\n<li class=\"\" data-start=\"1430\" data-end=\"1471\">\n<p class=\"\" data-start=\"1432\" data-end=\"1471\">Kolben- und Riegelkontakt zur Anzeige<\/p>\n<\/li>\n<li class=\"\" data-start=\"1472\" data-end=\"1505\">\n<p class=\"\" data-start=\"1474\" data-end=\"1505\">H\u00e4lt Formdr\u00fccken bis zu 500 kg stand<\/p>\n<\/li>\n<li class=\"\" data-start=\"1506\" data-end=\"1551\">\n<p class=\"\" data-start=\"1508\" data-end=\"1551\">Inklusive 5 m halogenfreiem Anschlusskabel<\/p>\n<\/li>\n<li class=\"\" data-start=\"1552\" data-end=\"1581\">\n<p class=\"\" data-start=\"1554\" data-end=\"1581\">Passend f\u00fcr rechts angeschlagene T\u00fcren<\/p>\n<\/li>\n<\/ul>\n<p class=\"\" data-start=\"1583\" data-end=\"1949\"><strong data-start=\"1583\" data-end=\"1612\">Technische Spezifikationen:<\/strong><br data-start=\"1612\" data-end=\"1615\" \/>Betriebsspannung: 24 V DC (21,6-27,6 V)<br data-start=\"1651\" data-end=\"1654\" \/>Stromverbrauch: 500 mA entriegelt<br data-start=\"1684\" data-end=\"1687\" \/>Kolbenkontakt: Ja, Mikroschalter max. 30 V DC, 1 A<br data-start=\"1733\" data-end=\"1736\" \/>Bruchfestigkeit: &gt;15 kN (ca. 1500 kg)<br data-start=\"1772\" data-end=\"1775\" \/>Listendruck: 500 kg<br data-start=\"1792\" data-end=\"1795\" \/>Schlosstyp: Hakenfallenschloss, Riegelschloss<br data-start=\"1824\" data-end=\"1827\" \/>Abmessungen (BxTxH): 35 x 40 x 230 mm<br data-start=\"1857\" data-end=\"1860\" \/>Oberfl\u00e4chenbehandlung: Edelstahl<br data-start=\"1881\" data-end=\"1884\" \/>Kabel: 5 m halogenfrei<br data-start=\"1905\" data-end=\"1908\" \/>Bauprodukt bewertet: Ja<br data-start=\"1926\" data-end=\"1929\" \/>SundaHouse-Bewertung: Ja<\/p>","protected":false},"excerpt":{"rendered":"<p>Hier sehen Sie, welche Pfosten und Modelle aus dem STEP-Sortiment der elektrischen T\u00fcrstopper zusammenpassen.<\/p>\n<h5><strong><a href=\"https:\/\/steplock.com\/sv\/stolpguide\/#!?lang=sv&amp;blog_id=1&amp;paged=1&amp;number=50\" target=\"_blank\" rel=\"noopener\">STEP-Pfostenf\u00fchrung\u00a0<\/a><\/strong><\/h5>\n<h5><strong><a href=\"https:\/\/steplock.com\/sv\/projekteringsguide\/#!?lang=sv&amp;blog_id=1&amp;paged=1&amp;number=999\" target=\"_blank\" rel=\"noopener\">STEP-Designleitfaden<\/a><\/strong><\/h5>","protected":false},"featured_media":139615,"template":"","meta":{"_acf_changed":false},"product_brand":[],"product_cat":[3355],"product_tag":[4197,4201],"class_list":{"0":"post-139620","1":"product","2":"type-product","3":"status-publish","4":"has-post-thumbnail","6":"product_cat-elslutbleck","7":"product_tag-24v","8":"product_tag-omvand","9":"product_shipping_class-tunga-paket","10":"pa_brands-step","11":"tm-no-options","13":"first","14":"outofstock","15":"sale","16":"taxable","17":"shipping-taxable","18":"purchasable","19":"product-type-simple"},"acf":[],"_links":{"self":[{"href":"https:\/\/secureus.se\/de\/wp-json\/wp\/v2\/product\/139620","targetHints":{"allow":["GET"]}}],"collection":[{"href":"https:\/\/secureus.se\/de\/wp-json\/wp\/v2\/product"}],"about":[{"href":"https:\/\/secureus.se\/de\/wp-json\/wp\/v2\/types\/product"}],"wp:featuredmedia":[{"embeddable":true,"href":"https:\/\/secureus.se\/de\/wp-json\/wp\/v2\/media\/139615"}],"wp:attachment":[{"href":"https:\/\/secureus.se\/de\/wp-json\/wp\/v2\/media?parent=139620"}],"wp:term":[{"taxonomy":"product_brand","embeddable":true,"href":"https:\/\/secureus.se\/de\/wp-json\/wp\/v2\/product_brand?post=139620"},{"taxonomy":"product_cat","embeddable":true,"href":"https:\/\/secureus.se\/de\/wp-json\/wp\/v2\/product_cat?post=139620"},{"taxonomy":"product_tag","embeddable":true,"href":"https:\/\/secureus.se\/de\/wp-json\/wp\/v2\/product_tag?post=139620"}],"curies":[{"name":"wp","href":"https:\/\/api.w.org\/{rel}","templated":true}]}}