{"id":139646,"date":"2023-09-26T13:07:35","date_gmt":"2023-09-26T11:07:35","guid":{"rendered":"https:\/\/secureus.se\/elslutbleck-step-18-hoger-omvand-12v-7mm-regel-connect\/"},"modified":"2026-04-08T16:26:14","modified_gmt":"2026-04-08T14:26:14","slug":"elslutbleck-step-18-hoger-omvand-12v-7mm-regel-connect","status":"publish","type":"product","link":"https:\/\/secureus.se\/de\/elslutbleck-step-18-hoger-omvand-12v-7mm-regel-connect\/","title":{"rendered":"Elektrische Endplatte SCHRITT 18 Rechtsr\u00fcckw\u00e4rts 12V 7mm Regelanschluss"},"content":{"rendered":"<h1>Elektrische Endplatte SCHRITT 18 Rechtsr\u00fcckw\u00e4rts 12V 7mm Regelanschluss<\/h1>\n<p>STEP 18 Sicherer Elektro-T\u00fcr\u00f6ffner mit Umkehrfunktion f\u00fcr rechts angeschlagene T\u00fcren mit 7 mm Connect-Riegel. Feuerzugelassen E\/EI60, Kolbenkontakt und hohe Sicherheit.<\/p>\n<p class=\"\" data-start=\"231\" data-end=\"665\">Der STEP 18 Secure T\u00fcr\u00f6ffner ist eine robuste Hochsicherheitsalternative f\u00fcr T\u00fcrumgebungen mit hohen Anforderungen an Betriebssicherheit und Einbruchschutz.<\/p>\n<p class=\"\" data-start=\"231\" data-end=\"665\">Diese Version ist speziell f\u00fcr rechts angeschlagene T\u00fcren und Riegelschl\u00f6sser mit 7 mm Kolben der Connect-Serie angepasst.<\/p>\n<p class=\"\" data-start=\"231\" data-end=\"665\">Dank der Reverse-Funktion wird das Blech bei Stromausfall entriegelt und eignet sich daher f\u00fcr Fluchtwege, bei denen Sicherheit mit Barrierefreiheit kombiniert werden muss.<\/p>\n<p class=\"\" data-start=\"667\" data-end=\"1061\">STEP 18 ist Teil der Secure-Serie von STEP und wurde f\u00fcr die Installation in stark frequentierten Umgebungen wie Banken, Gef\u00e4ngnissen und anderen gesch\u00fctzten Objekten entwickelt.<\/p>\n<p class=\"\" data-start=\"667\" data-end=\"1061\">Mit einer Feuerwiderstandsklasse von bis zu E\/EI60 und einer Bruchfestigkeit von beeindruckenden 15 kN ist STEP 18 den anspruchsvollsten T\u00fcrl\u00f6sungen gewachsen.<\/p>\n<p class=\"\" data-start=\"667\" data-end=\"1061\">Zur einfachen Integration in moderne Zutrittskontrollsysteme und Alarmanlagen ist das Produkt mit einem Kolben- und Riegelkontakt ausgestattet.<\/p>\n<p class=\"\" data-start=\"1063\" data-end=\"1281\">Dank der patentierten Technologie von STEP ist die Funktion auch bei Formdr\u00fccken von bis zu 500 kg gew\u00e4hrleistet.<\/p>\n<p class=\"\" data-start=\"1063\" data-end=\"1281\">Das elektrische T\u00fcr\u00f6ffnerblech wird mit einem 5 Meter langen halogenfreien Kabel, einer Schutzdiode und einem Klopfschutz f\u00fcr zus\u00e4tzliche Sicherheit und eine einfache Installation geliefert.<\/p>\n<p class=\"\" data-start=\"1283\" data-end=\"1311\"><strong data-start=\"1283\" data-end=\"1309\">Eigenschaften und Vorteile:<\/strong><\/p>\n<ul data-start=\"1312\" data-end=\"1582\">\n<li class=\"\" data-start=\"1312\" data-end=\"1338\">\n<p class=\"\" data-start=\"1314\" data-end=\"1338\">F\u00fcr 7 mm Connect-Bolzen<\/p>\n<\/li>\n<li class=\"\" data-start=\"1339\" data-end=\"1384\">\n<p class=\"\" data-start=\"1341\" data-end=\"1384\">R\u00fccklauffunktion \u2013 Entriegelung bei Stromausfall<\/p>\n<\/li>\n<li class=\"\" data-start=\"1385\" data-end=\"1411\">\n<p class=\"\" data-start=\"1387\" data-end=\"1411\">F\u00fcr rechtsangeschlagene T\u00fcren<\/p>\n<\/li>\n<li class=\"\" data-start=\"1412\" data-end=\"1433\">\n<p class=\"\" data-start=\"1414\" data-end=\"1433\">Brandklasse E\/EI60<\/p>\n<\/li>\n<li class=\"\" data-start=\"1434\" data-end=\"1460\">\n<p class=\"\" data-start=\"1436\" data-end=\"1460\">Kolben- und Riegelkontakt<\/p>\n<\/li>\n<li class=\"\" data-start=\"1461\" data-end=\"1494\">\n<p class=\"\" data-start=\"1463\" data-end=\"1494\">H\u00e4lt Formdr\u00fccken bis zu 500 kg stand<\/p>\n<\/li>\n<li class=\"\" data-start=\"1495\" data-end=\"1521\">\n<p class=\"\" data-start=\"1497\" data-end=\"1521\">Bruchfestigkeit: 15 kN<\/p>\n<\/li>\n<li class=\"\" data-start=\"1522\" data-end=\"1552\">\n<p class=\"\" data-start=\"1524\" data-end=\"1552\">5 m halogenfreies Kabel inklusive<\/p>\n<\/li>\n<li class=\"\" data-start=\"1553\" data-end=\"1582\">\n<p class=\"\" data-start=\"1555\" data-end=\"1582\">Schutzdiode und \u00dcberspannungsschutz<\/p>\n<\/li>\n<\/ul>","protected":false},"excerpt":{"rendered":"<p>Hier sehen Sie, welche Pfosten und Modelle aus dem STEP-Sortiment der elektrischen T\u00fcrstopper zusammenpassen.<\/p>\n<h5><strong><a href=\"https:\/\/steplock.com\/sv\/stolpguide\/#!?lang=sv&amp;blog_id=1&amp;paged=1&amp;number=50\" target=\"_blank\" rel=\"noopener\">STEP-Pfostenf\u00fchrung\u00a0<\/a><\/strong><\/h5>\n<h5><strong><a href=\"https:\/\/steplock.com\/sv\/projekteringsguide\/#!?lang=sv&amp;blog_id=1&amp;paged=1&amp;number=999\" target=\"_blank\" rel=\"noopener\">STEP-Designleitfaden<\/a><\/strong><\/h5>","protected":false},"featured_media":139642,"template":"","meta":{"_acf_changed":false},"product_brand":[],"product_cat":[3355],"product_tag":[4198,4201],"class_list":{"0":"post-139646","1":"product","2":"type-product","3":"status-publish","4":"has-post-thumbnail","6":"product_cat-elslutbleck","7":"product_tag-12v","8":"product_tag-omvand","9":"product_shipping_class-tunga-paket","10":"pa_brands-step","11":"tm-no-options","13":"first","14":"onbackorder","15":"sale","16":"taxable","17":"shipping-taxable","18":"purchasable","19":"product-type-simple"},"acf":[],"_links":{"self":[{"href":"https:\/\/secureus.se\/de\/wp-json\/wp\/v2\/product\/139646","targetHints":{"allow":["GET"]}}],"collection":[{"href":"https:\/\/secureus.se\/de\/wp-json\/wp\/v2\/product"}],"about":[{"href":"https:\/\/secureus.se\/de\/wp-json\/wp\/v2\/types\/product"}],"wp:featuredmedia":[{"embeddable":true,"href":"https:\/\/secureus.se\/de\/wp-json\/wp\/v2\/media\/139642"}],"wp:attachment":[{"href":"https:\/\/secureus.se\/de\/wp-json\/wp\/v2\/media?parent=139646"}],"wp:term":[{"taxonomy":"product_brand","embeddable":true,"href":"https:\/\/secureus.se\/de\/wp-json\/wp\/v2\/product_brand?post=139646"},{"taxonomy":"product_cat","embeddable":true,"href":"https:\/\/secureus.se\/de\/wp-json\/wp\/v2\/product_cat?post=139646"},{"taxonomy":"product_tag","embeddable":true,"href":"https:\/\/secureus.se\/de\/wp-json\/wp\/v2\/product_tag?post=139646"}],"curies":[{"name":"wp","href":"https:\/\/api.w.org\/{rel}","templated":true}]}}