{"id":139670,"date":"2023-09-26T13:07:14","date_gmt":"2023-09-26T11:07:14","guid":{"rendered":"https:\/\/secureus.se\/elslutbleck-step-28e-hoger-omvand-24v-12mm-regel\/"},"modified":"2026-03-26T09:50:56","modified_gmt":"2026-03-26T08:50:56","slug":"elslutbleck-step-28e-hoger-omvand-24v-12mm-regel","status":"publish","type":"product","link":"https:\/\/secureus.se\/de\/elslutbleck-step-28e-hoger-omvand-24v-12mm-regel\/","title":{"rendered":"Elektrische Endplatte STEP 28E Rechtsr\u00fcckw\u00e4rts 24 V 12 mm Regel"},"content":{"rendered":"<h1>Elektrische Endplatte STEP 28E Rechtsr\u00fcckw\u00e4rts 24 V 12 mm Regel<\/h1>\n<p>STEP 28E Sicherer elektrischer T\u00fcr\u00f6ffner mit Umkehrfunktion f\u00fcr rechts angeschlagene T\u00fcren.<\/p>\n<p>Angepasst f\u00fcr 12 mm Kolben der Modul-Serie, 24 V DC.<\/p>\n<p>Feuerwiderstandsklasse E\/EI 60, manipulationssicher und bereit f\u00fcr Zugangskontrollsysteme. Lieferung mit 5 m halogenfreiem Kabel.<\/p>\n<p class=\"\" data-start=\"421\" data-end=\"878\">Der STEP 28E Secure elektrische T\u00fcr\u00f6ffner ist ein Hochsicherheits-T\u00fcr\u00f6ffner, der die Anforderungen an Einbruchschutz, Feuerbest\u00e4ndigkeit und Fluchtf\u00e4higkeit in einem robusten Paket vereint.<\/p>\n<p class=\"\" data-start=\"421\" data-end=\"878\">Diese Ausf\u00fchrung ist f\u00fcr rechts angeschlagene T\u00fcren vorgesehen und wird zusammen mit Riegelschl\u00f6ssern mit 12 mm Kolben aus der Modul-Serie verwendet.<\/p>\n<p class=\"\" data-start=\"421\" data-end=\"878\">Die Platte ist mit einer R\u00fcckw\u00e4rtsfunktion ausgestattet, d. h. sie ist in der stromlosen Position verriegelt, ein wichtiges Merkmal bei sicherheitsgerichteten Installationen.<\/p>\n<p class=\"\" data-start=\"880\" data-end=\"1168\">STEP 28E Secure ist nach Brandklasse E\/EI 60 zertifiziert und wird h\u00e4ufig in T\u00fcrumgebungen mit Anforderungen gem\u00e4\u00df SS-EN 179 verwendet.<\/p>\n<p class=\"\" data-start=\"880\" data-end=\"1168\">Dank der integrierten Anzeige f\u00fcr den T\u00fcrstatus (offen\/geschlossen) und den Schlossstatus (verriegelt\/entriegelt) kann das Panel problemlos in Zugangskontrollsysteme, Alarme oder andere \u00dcberwachungsl\u00f6sungen integriert werden.<\/p>\n<p class=\"\" data-start=\"1170\" data-end=\"1503\">Mit einer Bruchfestigkeit von \u00fcber 15 kN und einer Streifendruckfestigkeit von bis zu 500 kg handelt es sich um eine sehr langlebige und sto\u00dffeste L\u00f6sung.<\/p>\n<p class=\"\" data-start=\"1170\" data-end=\"1503\">Die Edelstahlkonstruktion tr\u00e4gt zu einer langen Lebensdauer auch in exponierten Umgebungen bei.<\/p>\n<p class=\"\" data-start=\"1170\" data-end=\"1503\">Das Produkt ist von SundaHus bauproduktgepr\u00fcft und zugelassen und wird komplett mit einem 5 Meter langen halogenfreien Anschlusskabel geliefert.<\/p>\n<p class=\"\" data-start=\"1505\" data-end=\"1629\">Die Betriebsspannung betr\u00e4gt 24 V DC, wodurch sich das Panel perfekt f\u00fcr moderne Sicherheitssysteme in gewerblichen oder \u00f6ffentlichen Geb\u00e4uden eignet.<\/p>","protected":false},"excerpt":{"rendered":"<p>Hier sehen Sie, welche Pfosten und Modelle aus dem STEP-Sortiment der elektrischen T\u00fcrstopper zusammenpassen.<\/p>\n<h5><strong><a href=\"https:\/\/steplock.com\/sv\/stolpguide\/#!?lang=sv&amp;blog_id=1&amp;paged=1&amp;number=50\" target=\"_blank\" rel=\"noopener\">STEP-Pfostenf\u00fchrung\u00a0<\/a><\/strong><\/h5>\n<h5><strong><a href=\"https:\/\/steplock.com\/sv\/projekteringsguide\/#!?lang=sv&amp;blog_id=1&amp;paged=1&amp;number=999\" target=\"_blank\" rel=\"noopener\">STEP-Designleitfaden<\/a><\/strong><\/h5>","protected":false},"featured_media":139668,"template":"","meta":{"_acf_changed":false},"product_brand":[],"product_cat":[3355],"product_tag":[4197,4201],"class_list":{"0":"post-139670","1":"product","2":"type-product","3":"status-publish","4":"has-post-thumbnail","6":"product_cat-elslutbleck","7":"product_tag-24v","8":"product_tag-omvand","9":"product_shipping_class-tunga-paket","10":"pa_brands-step","11":"tm-no-options","13":"first","14":"instock","15":"sale","16":"taxable","17":"shipping-taxable","18":"purchasable","19":"product-type-simple"},"acf":[],"_links":{"self":[{"href":"https:\/\/secureus.se\/de\/wp-json\/wp\/v2\/product\/139670","targetHints":{"allow":["GET"]}}],"collection":[{"href":"https:\/\/secureus.se\/de\/wp-json\/wp\/v2\/product"}],"about":[{"href":"https:\/\/secureus.se\/de\/wp-json\/wp\/v2\/types\/product"}],"wp:featuredmedia":[{"embeddable":true,"href":"https:\/\/secureus.se\/de\/wp-json\/wp\/v2\/media\/139668"}],"wp:attachment":[{"href":"https:\/\/secureus.se\/de\/wp-json\/wp\/v2\/media?parent=139670"}],"wp:term":[{"taxonomy":"product_brand","embeddable":true,"href":"https:\/\/secureus.se\/de\/wp-json\/wp\/v2\/product_brand?post=139670"},{"taxonomy":"product_cat","embeddable":true,"href":"https:\/\/secureus.se\/de\/wp-json\/wp\/v2\/product_cat?post=139670"},{"taxonomy":"product_tag","embeddable":true,"href":"https:\/\/secureus.se\/de\/wp-json\/wp\/v2\/product_tag?post=139670"}],"curies":[{"name":"wp","href":"https:\/\/api.w.org\/{rel}","templated":true}]}}