{"id":139680,"date":"2023-09-26T13:07:07","date_gmt":"2023-09-26T11:07:07","guid":{"rendered":"https:\/\/secureus.se\/elslutbleck-step-98-omstallbar-24v-kolvkontakt\/"},"modified":"2026-04-08T16:37:52","modified_gmt":"2026-04-08T14:37:52","slug":"elslutbleck-step-98-omstallbar-24v-kolvkontakt","status":"publish","type":"product","link":"https:\/\/secureus.se\/de\/elslutbleck-step-98-omstallbar-24v-kolvkontakt\/","title":{"rendered":"Elektrische Anschlussplatte STEP 98 Einstellbarer 24-V-Kolbenkontakt"},"content":{"rendered":"<p>Elektrische Anschlussplatte STEP 98 Einstellbarer 24-V-Kolbenkontakt<\/p>\n<p>STEP 98 Preload ist ein feuerfester elektrischer T\u00fcr\u00f6ffner mit einstellbarer Funktion, perfekt f\u00fcr T\u00fcren, die mit einem Knauf oder Schl\u00fcssel verschlossen sind.<\/p>\n<p>Ausgestattet mit Kolbenkontakt und HPR\u00ae-Technologie f\u00fcr hohe Sicherheit und Zuverl\u00e4ssigkeit.<\/p>\n<p>Der elektrische T\u00fcr\u00f6ffner STEP 98 Preload ist ein hochwertiger elektrischer T\u00fcr\u00f6ffner f\u00fcr Sicherheitst\u00fcren und R\u00e4ume, die mit einem Knauf oder Schl\u00fcssel verschlossen werden m\u00fcssen.<\/p>\n<p>Es eignet sich besonders f\u00fcr Installationen, bei denen sowohl Feuerbest\u00e4ndigkeit als auch Sicherheit wichtig sind, beispielsweise in Geb\u00e4uden mit strengen Brandschutzanforderungen.<\/p>\n<p>STEP 98 ist gem\u00e4\u00df SS-EN 14846:2008 bis E\/EI 120 feuerzugelassen und kann daher Feuer bis zu 120 Minuten standhalten.<\/p>\n<p class=\"\" data-start=\"787\" data-end=\"1157\">Eine der einzigartigen Funktionen von STEP 98 ist die M\u00f6glichkeit, einen Riegelindikator (ST4880) zu installieren, der es erm\u00f6glicht, das Zugangskontrollsystem oder die T\u00fcrautomatik der T\u00fcr zu blockieren, wenn der Hakenriegel oder der gerade Riegel des Schlossgeh\u00e4uses mechanisch verriegelt ist.<\/p>\n<p class=\"\" data-start=\"787\" data-end=\"1157\">STEP 98 ist mit der patentierten Leistendrucktechnik von STEP ausgestattet, wodurch die T\u00fcr trotz eines Leistendrucks von bis zu 40 kg ge\u00f6ffnet werden kann.<\/p>\n<p class=\"\" data-start=\"1159\" data-end=\"1406\">Die umschaltbare Funktion (Vorw\u00e4rts- oder R\u00fcckw\u00e4rtslauf) sorgt f\u00fcr Flexibilit\u00e4t und der eingebaute Kolbenschalter erm\u00f6glicht die Anzeige des geschlossenen\/offenen Zustands der T\u00fcr.<\/p>\n<p class=\"\" data-start=\"1159\" data-end=\"1406\">STEP 98 hat eine Bruchfestigkeit von 9 kN (ca. 900 kg) und ist f\u00fcr mehr Sicherheit sto\u00dffest.<\/p>\n<p class=\"\" data-start=\"1408\" data-end=\"1423\"><strong data-start=\"1408\" data-end=\"1423\">Eigenschaften:<\/strong><\/p>\n<ul data-start=\"1424\" data-end=\"1957\">\n<li class=\"\" data-start=\"1424\" data-end=\"1503\">\n<p class=\"\" data-start=\"1426\" data-end=\"1503\">Umschaltbare Vorw\u00e4rts- oder R\u00fcckw\u00e4rtsfunktion (im stromlosen Zustand verriegelt oder entriegelt)<\/p>\n<\/li>\n<li class=\"\" data-start=\"1504\" data-end=\"1562\">\n<p class=\"\" data-start=\"1506\" data-end=\"1562\">Kolbenkontakt mit T\u00fcrzustandsanzeige (geschlossen\/offen)<\/p>\n<\/li>\n<li class=\"\" data-start=\"1563\" data-end=\"1619\">\n<p class=\"\" data-start=\"1565\" data-end=\"1619\">Feuerfest bis E\/EI 120 gem\u00e4\u00df SS-EN 14846:2008<\/p>\n<\/li>\n<li class=\"\" data-start=\"1620\" data-end=\"1668\">\n<p class=\"\" data-start=\"1622\" data-end=\"1668\">Eingebaute Schutzdiode f\u00fcr erh\u00f6hte elektrische Sicherheit<\/p>\n<\/li>\n<li class=\"\" data-start=\"1669\" data-end=\"1706\">\n<p class=\"\" data-start=\"1671\" data-end=\"1706\">Bruchfestigkeit von 9 kN (ca. 900 kg)<\/p>\n<\/li>\n<li class=\"\" data-start=\"1707\" data-end=\"1806\">\n<p class=\"\" data-start=\"1709\" data-end=\"1806\">Garantiert das \u00d6ffnen trotz Banddruck von bis zu 40 kg (0,4 kN) sowohl im Vorw\u00e4rts- als auch im R\u00fcckw\u00e4rtsbetrieb<\/p>\n<\/li>\n<li class=\"\" data-start=\"1807\" data-end=\"1866\">\n<p class=\"\" data-start=\"1809\" data-end=\"1866\">Sto\u00dffest und umkehrbar f\u00fcr rechte und linke T\u00fcren<\/p>\n<\/li>\n<li class=\"\" data-start=\"1867\" data-end=\"1913\">\n<p class=\"\" data-start=\"1869\" data-end=\"1913\">Kann Haken- oder L\u00e4ngsriegel verriegeln<\/p>\n<\/li>\n<li class=\"\" data-start=\"1914\" data-end=\"1957\">\n<p class=\"\" data-start=\"1916\" data-end=\"1957\">5 Meter halogenfreies Anschlusskabel inklusive<\/p>\n<\/li>\n<\/ul>\n<p class=\"\" data-start=\"1959\" data-end=\"1988\"><strong data-start=\"1959\" data-end=\"1988\">Technische Spezifikationen:<\/strong><\/p>\n<ul data-start=\"1989\" data-end=\"2626\">\n<li class=\"\" data-start=\"1989\" data-end=\"2096\">\n<p class=\"\" data-start=\"1991\" data-end=\"2096\">Stromversorgung: 12 V DC (+15% -10%) 220 mAh \/ max. 600 mA oder 24 V DC (+15% -10%) 110 mAh \/ max. 300 mA<\/p>\n<\/li>\n<li class=\"\" data-start=\"2097\" data-end=\"2160\">\n<p class=\"\" data-start=\"2099\" data-end=\"2160\">Kolbenkontakt: Mikroschalter einpoliger Wechsler, max. 30 V DC, 1 A<\/p>\n<\/li>\n<li class=\"\" data-start=\"2161\" data-end=\"2201\">\n<p class=\"\" data-start=\"2163\" data-end=\"2201\">Haltbarkeit: Klasse X gem\u00e4\u00df SS-EN 14846<\/p>\n<\/li>\n<li class=\"\" data-start=\"2202\" data-end=\"2241\">\n<p class=\"\" data-start=\"2204\" data-end=\"2241\">Korrosion: Klasse M gem\u00e4\u00df SS-EN 14846<\/p>\n<\/li>\n<li class=\"\" data-start=\"2242\" data-end=\"2280\">\n<p class=\"\" data-start=\"2244\" data-end=\"2280\">Sicherheit: Klasse 3 gem\u00e4\u00df SS-EN 14846<\/p>\n<\/li>\n<li class=\"\" data-start=\"2281\" data-end=\"2343\">\n<p class=\"\" data-start=\"2283\" data-end=\"2343\">Sicherheit gegen elektrische Manipulation: Klasse 1 gem\u00e4\u00df SS-EN 14846<\/p>\n<\/li>\n<li class=\"\" data-start=\"2344\" data-end=\"2366\">\n<p class=\"\" data-start=\"2346\" data-end=\"2366\">Feuergetestet: 120 min<\/p>\n<\/li>\n<li class=\"\" data-start=\"2367\" data-end=\"2392\">\n<p class=\"\" data-start=\"2369\" data-end=\"2392\">Bruchfestigkeit: 900 kg<\/p>\n<\/li>\n<li class=\"\" data-start=\"2393\" data-end=\"2423\">\n<p class=\"\" data-start=\"2395\" data-end=\"2423\">T\u00fcranschlag: Rechts, Links<\/p>\n<\/li>\n<li class=\"\" data-start=\"2424\" data-end=\"2478\">\n<p class=\"\" data-start=\"2426\" data-end=\"2478\">Kabel inklusive: Ja, 5 Meter halogenfreies Anschlusskabel<\/p>\n<\/li>\n<li class=\"\" data-start=\"2479\" data-end=\"2497\">\n<p class=\"\" data-start=\"2481\" data-end=\"2497\">Streifendruck: 40 kg<\/p>\n<\/li>\n<li class=\"\" data-start=\"2498\" data-end=\"2533\">\n<p class=\"\" data-start=\"2500\" data-end=\"2533\">Schlosstyp: Einzelriegelschloss, Doppelriegelschloss<\/p>\n<\/li>\n<li class=\"\" data-start=\"2534\" data-end=\"2587\">\n<p class=\"\" data-start=\"2536\" data-end=\"2587\">Produktabmessungen: Breite: 25 mm, Tiefe: 35 mm, H\u00f6he: 90 mm<\/p>\n<\/li>\n<li class=\"\" data-start=\"2588\" data-end=\"2605\">\n<p class=\"\" data-start=\"2590\" data-end=\"2605\">Kolbenkontakt: Ja<\/p>\n<\/li>\n<li class=\"\" data-start=\"2606\" data-end=\"2626\">\n<p class=\"\" data-start=\"2608\" data-end=\"2626\">Spannung AC\/DC: DC<\/p>\n<\/li>\n<\/ul>","protected":false},"excerpt":{"rendered":"<p>Hier sehen Sie, welche Pfosten und Modelle aus dem STEP-Sortiment der elektrischen T\u00fcrstopper zusammenpassen.<\/p>\n<h5><strong><a href=\"https:\/\/steplock.com\/sv\/stolpguide\/#!?lang=sv&amp;blog_id=1&amp;paged=1&amp;number=50\" target=\"_blank\" rel=\"noopener\">STEP-Pfostenf\u00fchrung\u00a0<\/a><\/strong><\/h5>\n<h5><strong><a href=\"https:\/\/steplock.com\/sv\/projekteringsguide\/#!?lang=sv&amp;blog_id=1&amp;paged=1&amp;number=999\" target=\"_blank\" rel=\"noopener\">STEP-Designleitfaden<\/a><\/strong><\/h5>","protected":false},"featured_media":139679,"template":"","meta":{"_acf_changed":false},"product_brand":[],"product_cat":[3355],"product_tag":[4197,4202],"class_list":{"0":"post-139680","1":"product","2":"type-product","3":"status-publish","4":"has-post-thumbnail","6":"product_cat-elslutbleck","7":"product_tag-24v","8":"product_tag-omstallbar-rattvand-omvand","9":"product_shipping_class-tunga-paket","10":"pa_brands-step","11":"tm-no-options","13":"first","14":"onbackorder","15":"sale","16":"taxable","17":"shipping-taxable","18":"purchasable","19":"product-type-simple"},"acf":[],"_links":{"self":[{"href":"https:\/\/secureus.se\/de\/wp-json\/wp\/v2\/product\/139680","targetHints":{"allow":["GET"]}}],"collection":[{"href":"https:\/\/secureus.se\/de\/wp-json\/wp\/v2\/product"}],"about":[{"href":"https:\/\/secureus.se\/de\/wp-json\/wp\/v2\/types\/product"}],"wp:featuredmedia":[{"embeddable":true,"href":"https:\/\/secureus.se\/de\/wp-json\/wp\/v2\/media\/139679"}],"wp:attachment":[{"href":"https:\/\/secureus.se\/de\/wp-json\/wp\/v2\/media?parent=139680"}],"wp:term":[{"taxonomy":"product_brand","embeddable":true,"href":"https:\/\/secureus.se\/de\/wp-json\/wp\/v2\/product_brand?post=139680"},{"taxonomy":"product_cat","embeddable":true,"href":"https:\/\/secureus.se\/de\/wp-json\/wp\/v2\/product_cat?post=139680"},{"taxonomy":"product_tag","embeddable":true,"href":"https:\/\/secureus.se\/de\/wp-json\/wp\/v2\/product_tag?post=139680"}],"curies":[{"name":"wp","href":"https:\/\/api.w.org\/{rel}","templated":true}]}}