{"id":139728,"date":"2023-09-26T13:06:34","date_gmt":"2023-09-26T11:06:34","guid":{"rendered":"https:\/\/secureus.se\/elslutbleck-step-30-omstallbar-12v\/"},"modified":"2026-03-26T10:00:56","modified_gmt":"2026-03-26T09:00:56","slug":"elslutbleck-step-30-omstallbar-12v","status":"publish","type":"product","link":"https:\/\/secureus.se\/de\/elslutbleck-step-30-omstallbar-12v\/","title":{"rendered":"Elektrische Anschlussplatte STEP 30, umschaltbar auf 12 V"},"content":{"rendered":"<h1>Elektrische Anschlussplatte STEP 30, umschaltbar auf 12 V<\/h1>\n<p>Der Elektro-T\u00fcr\u00f6ffner STEP 30 Preload ist ein minimaler Elektro-T\u00fcr\u00f6ffner, der eine zuverl\u00e4ssige T\u00fcrfunktion sowohl in \u00e4lteren als auch in neuen T\u00fcrsystemen gew\u00e4hrleistet.<\/p>\n<p>Ausgestattet mit Streifendrucktechnik und einer Bruchfestigkeit von bis zu 500 kg \u00f6ffnet es sich selbst bei einer Druckkraft von bis zu 40 kg.<\/p>\n<p class=\"\" data-start=\"401\" data-end=\"752\">Der STEP 30 Preload-T\u00fcr\u00f6ffner ist die optimale Wahl, um vorhandene einfache T\u00fcr\u00f6ffner zu ersetzen und auch in \u00e4lteren T\u00fcrsegmenten und Nischen ein sicheres T\u00fcrklima zu schaffen.<\/p>\n<p class=\"\" data-start=\"401\" data-end=\"752\">Durch die kompakte Bauweise und die patentierte Streifendrucktechnik von STEP sorgt der STEP 30 daf\u00fcr, dass sich die T\u00fcr auch bei einer Druckbelastung von bis zu 40 kg immer \u00f6ffnen l\u00e4sst.<\/p>\n<p class=\"\" data-start=\"754\" data-end=\"1074\">Dieser elektrische T\u00fcr\u00f6ffner verf\u00fcgt \u00fcber eine Bruchfestigkeit von 5 kN (ca. 500 kg) und ist Teil der Preload-Serie von STEP. Damit eignet er sich perfekt f\u00fcr R\u00e4ume, in denen eine hohe \u00d6ffnungsfrequenz und Betriebssicherheit erforderlich sind.<\/p>\n<p class=\"\" data-start=\"754\" data-end=\"1074\">STEP 30 l\u00e4sst sich problemlos sowohl im Vorw\u00e4rts- als auch im R\u00fcckw\u00e4rtsbetrieb installieren und ist f\u00fcr rechts- und linksangeschlagene T\u00fcren geeignet.<\/p>\n<p class=\"\" data-start=\"1076\" data-end=\"1091\"><strong data-start=\"1076\" data-end=\"1091\">Eigenschaften:<\/strong><\/p>\n<ul data-start=\"1092\" data-end=\"1430\">\n<li class=\"\" data-start=\"1092\" data-end=\"1171\">\n<p class=\"\" data-start=\"1094\" data-end=\"1171\">Umschaltbare Vorw\u00e4rts- oder R\u00fcckw\u00e4rtsfunktion (im stromlosen Zustand verriegelt oder entriegelt)<\/p>\n<\/li>\n<li class=\"\" data-start=\"1172\" data-end=\"1190\">\n<p class=\"\" data-start=\"1174\" data-end=\"1190\">Kolbenkontakt: Nein<\/p>\n<\/li>\n<li class=\"\" data-start=\"1191\" data-end=\"1229\">\n<p class=\"\" data-start=\"1193\" data-end=\"1229\">Eingebaute Schutzdiode f\u00fcr erh\u00f6hte Sicherheit<\/p>\n<\/li>\n<li class=\"\" data-start=\"1230\" data-end=\"1267\">\n<p class=\"\" data-start=\"1232\" data-end=\"1267\">Bruchfestigkeit von 5 kN (ca. 500 kg)<\/p>\n<\/li>\n<li class=\"\" data-start=\"1268\" data-end=\"1370\">\n<p class=\"\" data-start=\"1270\" data-end=\"1370\">Garantiert das \u00d6ffnen trotz Banddruck von bis zu 0,4 kN (ca. 40 kg) sowohl im Vorw\u00e4rts- als auch im R\u00fcckw\u00e4rtsgang<\/p>\n<\/li>\n<li class=\"\" data-start=\"1371\" data-end=\"1430\">\n<p class=\"\" data-start=\"1373\" data-end=\"1430\">Sto\u00dffest und umkehrbar f\u00fcr rechte und linke T\u00fcren<\/p>\n<\/li>\n<\/ul>\n<p class=\"\" data-start=\"1432\" data-end=\"1461\"><strong data-start=\"1432\" data-end=\"1461\">Technische Spezifikationen:<\/strong><\/p>\n<ul data-start=\"1462\" data-end=\"1955\">\n<li class=\"\" data-start=\"1462\" data-end=\"1491\">\n<p class=\"\" data-start=\"1464\" data-end=\"1491\">Bruchfestigkeit max: 500 kg<\/p>\n<\/li>\n<li class=\"\" data-start=\"1492\" data-end=\"1522\">\n<p class=\"\" data-start=\"1494\" data-end=\"1522\">T\u00fcranschlag: Rechts, Links<\/p>\n<\/li>\n<li class=\"\" data-start=\"1523\" data-end=\"1541\">\n<p class=\"\" data-start=\"1525\" data-end=\"1541\">Kabel enthalten: Nein<\/p>\n<\/li>\n<li class=\"\" data-start=\"1542\" data-end=\"1560\">\n<p class=\"\" data-start=\"1544\" data-end=\"1560\">Streifendruck: 40 kg<\/p>\n<\/li>\n<li class=\"\" data-start=\"1561\" data-end=\"1596\">\n<p class=\"\" data-start=\"1563\" data-end=\"1596\">Schlosstyp: Einzelriegelschloss, Doppelriegelschloss<\/p>\n<\/li>\n<li class=\"\" data-start=\"1597\" data-end=\"1621\">\n<p class=\"\" data-start=\"1599\" data-end=\"1621\">Produktbreite: 20,5 mm<\/p>\n<\/li>\n<li class=\"\" data-start=\"1622\" data-end=\"1642\">\n<p class=\"\" data-start=\"1624\" data-end=\"1642\">Bauprodukt bewertet: Ja<\/p>\n<\/li>\n<li class=\"\" data-start=\"1643\" data-end=\"1664\">\n<p class=\"\" data-start=\"1645\" data-end=\"1664\">Produkttiefe: 28 mm<\/p>\n<\/li>\n<li class=\"\" data-start=\"1665\" data-end=\"1693\">\n<p class=\"\" data-start=\"1667\" data-end=\"1693\">Betriebsspannung 12V\/24V: 12V<\/p>\n<\/li>\n<li class=\"\" data-start=\"1694\" data-end=\"1716\">\n<p class=\"\" data-start=\"1696\" data-end=\"1716\">Doppelter Twist Drop: Nein<\/p>\n<\/li>\n<li class=\"\" data-start=\"1717\" data-end=\"1738\">\n<p class=\"\" data-start=\"1719\" data-end=\"1738\">EPD-verifiziert: Nein<\/p>\n<\/li>\n<li class=\"\" data-start=\"1739\" data-end=\"1751\">\n<p class=\"\" data-start=\"1741\" data-end=\"1751\">FINFO: Nein<\/p>\n<\/li>\n<li class=\"\" data-start=\"1752\" data-end=\"1780\">\n<p class=\"\" data-start=\"1754\" data-end=\"1780\">Farbe\/Oberfl\u00e4che: Edelstahl<\/p>\n<\/li>\n<li class=\"\" data-start=\"1781\" data-end=\"1802\">\n<p class=\"\" data-start=\"1783\" data-end=\"1802\">Produkth\u00f6he: 99 mm<\/p>\n<\/li>\n<li class=\"\" data-start=\"1803\" data-end=\"1821\">\n<p class=\"\" data-start=\"1805\" data-end=\"1821\">Kolbenkontakt: Nein<\/p>\n<\/li>\n<li class=\"\" data-start=\"1822\" data-end=\"1867\">\n<p class=\"\" data-start=\"1824\" data-end=\"1867\">Vorw\u00e4rts\/R\u00fcckw\u00e4rts: Umschaltbar Vorw\u00e4rts\/R\u00fcckw\u00e4rts<\/p>\n<\/li>\n<li class=\"\" data-start=\"1868\" data-end=\"1888\">\n<p class=\"\" data-start=\"1870\" data-end=\"1888\">Spannung AC\/DC: DC<\/p>\n<\/li>\n<li class=\"\" data-start=\"1889\" data-end=\"1911\">\n<p class=\"\" data-start=\"1891\" data-end=\"1911\">Spannung max: 13,8 V<\/p>\n<\/li>\n<li class=\"\" data-start=\"1912\" data-end=\"1934\">\n<p class=\"\" data-start=\"1914\" data-end=\"1934\">Spannung min.: 10,8 V<\/p>\n<\/li>\n<li class=\"\" data-start=\"1935\" data-end=\"1955\">\n<p class=\"\" data-start=\"1937\" data-end=\"1955\">SundaHouse-Bewertung: Ja<\/p>\n<\/li>\n<\/ul>\n<div>\n<p>&nbsp;<\/p>\n<\/div>","protected":false},"excerpt":{"rendered":"<p>Hier sehen Sie, welche Pfosten und Modelle aus dem STEP-Sortiment der elektrischen T\u00fcrstopper zusammenpassen.<\/p>\n<h5><strong><a href=\"https:\/\/steplock.com\/sv\/stolpguide\/#!?lang=sv&amp;blog_id=1&amp;paged=1&amp;number=50\" target=\"_blank\" rel=\"noopener\">STEP-Pfostenf\u00fchrung\u00a0<\/a><\/strong><\/h5>\n<h5><strong><a href=\"https:\/\/steplock.com\/sv\/projekteringsguide\/#!?lang=sv&amp;blog_id=1&amp;paged=1&amp;number=999\" target=\"_blank\" rel=\"noopener\">STEP-Designleitfaden<\/a><\/strong><\/h5>","protected":false},"featured_media":139726,"template":"","meta":{"_acf_changed":false},"product_brand":[],"product_cat":[3355],"product_tag":[4198,4202],"class_list":{"0":"post-139728","1":"product","2":"type-product","3":"status-publish","4":"has-post-thumbnail","6":"product_cat-elslutbleck","7":"product_tag-12v","8":"product_tag-omstallbar-rattvand-omvand","9":"product_shipping_class-tunga-paket","10":"pa_brands-step","11":"tm-no-options","13":"first","14":"onbackorder","15":"sale","16":"taxable","17":"shipping-taxable","18":"purchasable","19":"product-type-simple"},"acf":[],"_links":{"self":[{"href":"https:\/\/secureus.se\/de\/wp-json\/wp\/v2\/product\/139728","targetHints":{"allow":["GET"]}}],"collection":[{"href":"https:\/\/secureus.se\/de\/wp-json\/wp\/v2\/product"}],"about":[{"href":"https:\/\/secureus.se\/de\/wp-json\/wp\/v2\/types\/product"}],"wp:featuredmedia":[{"embeddable":true,"href":"https:\/\/secureus.se\/de\/wp-json\/wp\/v2\/media\/139726"}],"wp:attachment":[{"href":"https:\/\/secureus.se\/de\/wp-json\/wp\/v2\/media?parent=139728"}],"wp:term":[{"taxonomy":"product_brand","embeddable":true,"href":"https:\/\/secureus.se\/de\/wp-json\/wp\/v2\/product_brand?post=139728"},{"taxonomy":"product_cat","embeddable":true,"href":"https:\/\/secureus.se\/de\/wp-json\/wp\/v2\/product_cat?post=139728"},{"taxonomy":"product_tag","embeddable":true,"href":"https:\/\/secureus.se\/de\/wp-json\/wp\/v2\/product_tag?post=139728"}],"curies":[{"name":"wp","href":"https:\/\/api.w.org\/{rel}","templated":true}]}}