{"id":139731,"date":"2023-09-26T13:07:58","date_gmt":"2023-09-26T11:07:58","guid":{"rendered":"https:\/\/secureus.se\/elslutbleck-step-90-rattvand-12v\/"},"modified":"2026-03-26T09:48:52","modified_gmt":"2026-03-26T08:48:52","slug":"elslutbleck-step-90-rattvand-12v","status":"publish","type":"product","link":"https:\/\/secureus.se\/de\/elslutbleck-step-90-rattvand-12v\/","title":{"rendered":"Elektrisches Anschlussblech STEP 90 Rechtsgerichtet 12V"},"content":{"rendered":"<h1>Elektrisches Anschlussblech STEP 90 Rechtsgerichtet 12V<\/h1>\n<p>STEP 90 Preload ist ein feuerbest\u00e4ndiger elektrischer T\u00fcr\u00f6ffner im kompakten Format mit nach vorne gerichteter Funktion. Ideal f\u00fcr T\u00fcrumgebungen mit Anforderungen an hohe Sicherheit und Zuverl\u00e4ssigkeit beim Verschlie\u00dfen tags\u00fcber.<\/p>\n<p class=\"\" data-start=\"244\" data-end=\"625\">Der STEP 90 Preload-Elektrot\u00fcr\u00f6ffner mit Rechtsausrichtung ist eine zuverl\u00e4ssige und sichere L\u00f6sung f\u00fcr T\u00fcrumgebungen, in denen sicheres Verriegeln mit Anforderungen an Feuerbest\u00e4ndigkeit und hohe \u00d6ffnungsfrequenz kombiniert wird.<\/p>\n<p class=\"\" data-start=\"244\" data-end=\"625\">Dank seiner kompakten Bauweise l\u00e4sst sich das Blech auch in engen R\u00e4umen leicht montieren und eignet sich daher hervorragend f\u00fcr die Aufr\u00fcstung vorhandener T\u00fcren.<\/p>\n<p class=\"\" data-start=\"627\" data-end=\"900\">Das Produkt ist Teil der Preload-Serie von STEP und mit der patentierten HPR\u00ae-Formtechnologie ausgestattet.<\/p>\n<p class=\"\" data-start=\"627\" data-end=\"900\">Es erm\u00f6glicht eine sichere Entriegelung auch bei einem Leistendruck von bis zu 250 kg, was in T\u00fcrumgebungen mit Dichtleisten oder Druck durch automatische T\u00fcrautomatik entscheidend ist.<\/p>\n<p class=\"\" data-start=\"902\" data-end=\"1268\">STEP 90 ist gem\u00e4\u00df SS-EN 14846:2008 feuerfest bis E\/EI 120 und wurde auf eine Bruchfestigkeit von 1200 kg getestet.<\/p>\n<p class=\"\" data-start=\"902\" data-end=\"1268\">Die nach rechts gerichtete Funktion bedeutet, dass das Panel in einer stromlosen Position verriegelt ist, was bei sicherheitskritischen Installationen Standard ist.<\/p>\n<p class=\"\" data-start=\"902\" data-end=\"1268\">Das Produkt ist umkehrbar und passt sowohl f\u00fcr rechts- als auch f\u00fcr linksangeschlagene T\u00fcren sowie f\u00fcr Schlossgeh\u00e4use der Serien Connect, Modul und Narrow Profile.<\/p>\n<p class=\"\" data-start=\"1270\" data-end=\"1296\"><strong data-start=\"1270\" data-end=\"1296\">Eigenschaften und Vorteile:<\/strong><\/p>\n<ul data-start=\"1297\" data-end=\"1529\">\n<li class=\"\" data-start=\"1297\" data-end=\"1340\">\n<p class=\"\" data-start=\"1299\" data-end=\"1340\">Rechtsdrehende Funktion (im stromlosen Zustand gesperrt)<\/p>\n<\/li>\n<li class=\"\" data-start=\"1341\" data-end=\"1381\">\n<p class=\"\" data-start=\"1343\" data-end=\"1381\">Brandklasse E\/EI 120 gem\u00e4\u00df SS-EN 14846<\/p>\n<\/li>\n<li class=\"\" data-start=\"1382\" data-end=\"1425\">\n<p class=\"\" data-start=\"1384\" data-end=\"1425\">HPR\u00ae-Technologie f\u00fcr Streifendruck bis 250 kg<\/p>\n<\/li>\n<li class=\"\" data-start=\"1426\" data-end=\"1461\">\n<p class=\"\" data-start=\"1428\" data-end=\"1461\">Kompakte Abmessungen \u2013 einfache Installation<\/p>\n<\/li>\n<li class=\"\" data-start=\"1462\" data-end=\"1494\">\n<p class=\"\" data-start=\"1464\" data-end=\"1494\">Wendbares und sto\u00dffestes Design<\/p>\n<\/li>\n<li class=\"\" data-start=\"1495\" data-end=\"1529\">\n<p class=\"\" data-start=\"1497\" data-end=\"1529\">F\u00fcr Einfallen- und Doppelfallenschl\u00f6sser<\/p>\n<\/li>\n<\/ul>\n<p class=\"\" data-start=\"1531\" data-end=\"1857\"><strong data-start=\"1531\" data-end=\"1560\">Technische Spezifikationen:<\/strong><br data-start=\"1560\" data-end=\"1563\" \/>Betriebsspannung: 12 V DC (10,8-13,8 V)<br data-start=\"1599\" data-end=\"1602\" \/>Stromverbrauch: 220 mAh \/ max. 600 mA<br data-start=\"1640\" data-end=\"1643\" \/>Bruchfestigkeit: 1200 kg (12 kN)<br data-start=\"1675\" data-end=\"1678\" \/>Banddruck: 250 kg<br data-start=\"1695\" data-end=\"1698\" \/>Abmessungen (BxTxH): 25 x 28 x 90 mm<br data-start=\"1727\" data-end=\"1730\" \/>Schlosstyp: Einzelriegelschloss, Doppelriegelschloss<br data-start=\"1763\" data-end=\"1766\" \/>Kolbenkontakt: Nein<br data-start=\"1782\" data-end=\"1785\" \/>Kabel: Nein<br data-start=\"1795\" data-end=\"1798\" \/>Oberfl\u00e4chenbehandlung: Edelstahl<br data-start=\"1819\" data-end=\"1822\" \/>Baustoffbewertung und SundaHus-Bewertung: Ja<\/p>","protected":false},"excerpt":{"rendered":"<p>Hier sehen Sie, welche Pfosten und Modelle aus dem STEP-Sortiment der elektrischen T\u00fcrstopper zusammenpassen.<\/p>\n<h5><strong><a href=\"https:\/\/steplock.com\/sv\/stolpguide\/#!?lang=sv&amp;blog_id=1&amp;paged=1&amp;number=50\" target=\"_blank\" rel=\"noopener\">STEP-Pfostenf\u00fchrung\u00a0<\/a><\/strong><\/h5>\n<h5><strong><a href=\"https:\/\/steplock.com\/sv\/projekteringsguide\/#!?lang=sv&amp;blog_id=1&amp;paged=1&amp;number=999\" target=\"_blank\" rel=\"noopener\">STEP-Designleitfaden<\/a><\/strong><\/h5>","protected":false},"featured_media":139727,"template":"","meta":{"_acf_changed":false},"product_brand":[],"product_cat":[3355],"product_tag":[4198,4200],"class_list":{"0":"post-139731","1":"product","2":"type-product","3":"status-publish","4":"has-post-thumbnail","6":"product_cat-elslutbleck","7":"product_tag-12v","8":"product_tag-rattvand","9":"product_shipping_class-tunga-paket","10":"pa_brands-step","11":"tm-no-options","13":"first","14":"instock","15":"sale","16":"taxable","17":"shipping-taxable","18":"purchasable","19":"product-type-simple"},"acf":[],"_links":{"self":[{"href":"https:\/\/secureus.se\/de\/wp-json\/wp\/v2\/product\/139731","targetHints":{"allow":["GET"]}}],"collection":[{"href":"https:\/\/secureus.se\/de\/wp-json\/wp\/v2\/product"}],"about":[{"href":"https:\/\/secureus.se\/de\/wp-json\/wp\/v2\/types\/product"}],"wp:featuredmedia":[{"embeddable":true,"href":"https:\/\/secureus.se\/de\/wp-json\/wp\/v2\/media\/139727"}],"wp:attachment":[{"href":"https:\/\/secureus.se\/de\/wp-json\/wp\/v2\/media?parent=139731"}],"wp:term":[{"taxonomy":"product_brand","embeddable":true,"href":"https:\/\/secureus.se\/de\/wp-json\/wp\/v2\/product_brand?post=139731"},{"taxonomy":"product_cat","embeddable":true,"href":"https:\/\/secureus.se\/de\/wp-json\/wp\/v2\/product_cat?post=139731"},{"taxonomy":"product_tag","embeddable":true,"href":"https:\/\/secureus.se\/de\/wp-json\/wp\/v2\/product_tag?post=139731"}],"curies":[{"name":"wp","href":"https:\/\/api.w.org\/{rel}","templated":true}]}}