{"id":139753,"date":"2023-09-26T13:07:49","date_gmt":"2023-09-26T11:07:49","guid":{"rendered":"https:\/\/secureus.se\/elslutbleck-step-40-omvand-12v-kolvkontakt\/"},"modified":"2026-03-26T09:48:44","modified_gmt":"2026-03-26T08:48:44","slug":"elslutbleck-step-40-omvand-12v-kolvkontakt","status":"publish","type":"product","link":"https:\/\/secureus.se\/de\/elslutbleck-step-40-omvand-12v-kolvkontakt\/","title":{"rendered":"Elektrisches Anschlussblatt SCHRITT 40 12-V-Kolbenkontakt umkehren"},"content":{"rendered":"<h1>Elektrisches Anschlussblatt SCHRITT 40 12-V-Kolbenkontakt umkehren<\/h1>\n<p>STEP 40 HPR-Elektrot\u00fcr\u00f6ffner mit Vorspannung, Umkehrfunktion und Kolbenkontakt. Angepasst f\u00fcr 12-V-Systeme. Leises und zuverl\u00e4ssiges \u00d6ffnen auch bei 250 kg Leistendruck. Wendbares Design.<\/p>\n<p class=\"\" data-start=\"248\" data-end=\"580\">Der elektrische T\u00fcr\u00f6ffner STEP 40 Preload HPR vereint zuverl\u00e4ssige Funktion, kompaktes Design und hohe Sicherheit \u2013 perfekt f\u00fcr den Tagesverschluss in T\u00fcrumgebungen mit hohen Anforderungen.<\/p>\n<p class=\"\" data-start=\"248\" data-end=\"580\">Durch die Reversierfunktion (\u00d6ffnen bei Stromausfall) eignet es sich besonders f\u00fcr Fluchtwege oder T\u00fcren, bei denen bei Stromausfall ein freier Durchgang erforderlich ist.<\/p>\n<p class=\"\" data-start=\"582\" data-end=\"933\">Dank der patentierten HPR\u00ae-Streifendrucktechnologie von STEP kann der elektrische T\u00fcr\u00f6ffner auch dann entriegeln, wenn die T\u00fcr einem Druck von bis zu 250 kg ausgesetzt ist.<\/p>\n<p class=\"\" data-start=\"582\" data-end=\"933\">Es bietet eine zuverl\u00e4ssige Funktion auch in Umgebungen mit schweren T\u00fcren und hohem Nutzungsaufkommen. STEP 40 ist auf \u00fcber 1,5 Millionen Zyklen getestet und verf\u00fcgt \u00fcber eine Bruchfestigkeit von 1.200 kg, was eine lange Lebensdauer und eine sichere Verriegelung gew\u00e4hrleistet.<\/p>\n<p class=\"\" data-start=\"935\" data-end=\"1220\">Durch einen eingebauten Kolbenkontakt erhalten Sie eine Statusanzeige, ob die T\u00fcr geschlossen oder offen ist, was die Integration in Zutrittskontrollsysteme oder Alarmanlagen vereinfacht.<\/p>\n<p class=\"\" data-start=\"935\" data-end=\"1220\">Die Platte ist umkehrbar und passt sowohl f\u00fcr rechte als auch f\u00fcr linke T\u00fcren und kann an Schlossgeh\u00e4usen der Serien Connect, Modul und Narrow Profile montiert werden.<\/p>\n<p class=\"\" data-start=\"1222\" data-end=\"1248\"><strong data-start=\"1222\" data-end=\"1248\">Eigenschaften und Vorteile:<\/strong><\/p>\n<ul data-start=\"1249\" data-end=\"1555\">\n<li class=\"\" data-start=\"1249\" data-end=\"1294\">\n<p class=\"\" data-start=\"1251\" data-end=\"1294\">Umkehrfunktion \u2013 \u00d6ffnen bei Stromausfall<\/p>\n<\/li>\n<li class=\"\" data-start=\"1295\" data-end=\"1325\">\n<p class=\"\" data-start=\"1297\" data-end=\"1325\">St\u00f6\u00dfelschalter f\u00fcr T\u00fcrstatus<\/p>\n<\/li>\n<li class=\"\" data-start=\"1326\" data-end=\"1355\">\n<p class=\"\" data-start=\"1328\" data-end=\"1355\">Bruchfestigkeit: 1.200 kg<\/p>\n<\/li>\n<li class=\"\" data-start=\"1356\" data-end=\"1389\">\n<p class=\"\" data-start=\"1358\" data-end=\"1389\">H\u00e4lt Formdr\u00fccken bis zu 250 kg stand<\/p>\n<\/li>\n<li class=\"\" data-start=\"1390\" data-end=\"1416\">\n<p class=\"\" data-start=\"1392\" data-end=\"1416\">Patentierte HPR\u00ae-Technologie<\/p>\n<\/li>\n<li class=\"\" data-start=\"1417\" data-end=\"1451\">\n<p class=\"\" data-start=\"1419\" data-end=\"1451\">Kompaktes und reversibles Design<\/p>\n<\/li>\n<li class=\"\" data-start=\"1452\" data-end=\"1483\">\n<p class=\"\" data-start=\"1454\" data-end=\"1483\">Schutzdiode und \u00dcberspannungsschutz<\/p>\n<\/li>\n<li class=\"\" data-start=\"1484\" data-end=\"1517\">\n<p class=\"\" data-start=\"1486\" data-end=\"1517\">F\u00fcr ein- oder zweifl\u00fcgelige Schl\u00f6sser<\/p>\n<\/li>\n<li class=\"\" data-start=\"1518\" data-end=\"1555\">\n<p class=\"\" data-start=\"1520\" data-end=\"1555\">Baumaterialien bewertet und SundaHus bewertet<\/p>\n<\/li>\n<\/ul>","protected":false},"excerpt":{"rendered":"<p>Hier sehen Sie, welche Pfosten und Modelle aus dem STEP-Sortiment der elektrischen T\u00fcrstopper zusammenpassen.<\/p>\n<h5><strong><a href=\"https:\/\/steplock.com\/sv\/stolpguide\/#!?lang=sv&amp;blog_id=1&amp;paged=1&amp;number=50\" target=\"_blank\" rel=\"noopener\">STEP-Pfostenf\u00fchrung\u00a0<\/a><\/strong><\/h5>\n<h5><strong><a href=\"https:\/\/steplock.com\/sv\/projekteringsguide\/#!?lang=sv&amp;blog_id=1&amp;paged=1&amp;number=999\" target=\"_blank\" rel=\"noopener\">STEP-Designleitfaden<\/a><\/strong><\/h5>","protected":false},"featured_media":139746,"template":"","meta":{"_acf_changed":false},"product_brand":[],"product_cat":[3355],"product_tag":[4198,4201],"class_list":{"0":"post-139753","1":"product","2":"type-product","3":"status-publish","4":"has-post-thumbnail","6":"product_cat-elslutbleck","7":"product_tag-12v","8":"product_tag-omvand","9":"product_shipping_class-tunga-paket","10":"pa_brands-step","11":"tm-no-options","13":"first","14":"instock","15":"sale","16":"taxable","17":"shipping-taxable","18":"purchasable","19":"product-type-simple"},"acf":[],"_links":{"self":[{"href":"https:\/\/secureus.se\/de\/wp-json\/wp\/v2\/product\/139753","targetHints":{"allow":["GET"]}}],"collection":[{"href":"https:\/\/secureus.se\/de\/wp-json\/wp\/v2\/product"}],"about":[{"href":"https:\/\/secureus.se\/de\/wp-json\/wp\/v2\/types\/product"}],"wp:featuredmedia":[{"embeddable":true,"href":"https:\/\/secureus.se\/de\/wp-json\/wp\/v2\/media\/139746"}],"wp:attachment":[{"href":"https:\/\/secureus.se\/de\/wp-json\/wp\/v2\/media?parent=139753"}],"wp:term":[{"taxonomy":"product_brand","embeddable":true,"href":"https:\/\/secureus.se\/de\/wp-json\/wp\/v2\/product_brand?post=139753"},{"taxonomy":"product_cat","embeddable":true,"href":"https:\/\/secureus.se\/de\/wp-json\/wp\/v2\/product_cat?post=139753"},{"taxonomy":"product_tag","embeddable":true,"href":"https:\/\/secureus.se\/de\/wp-json\/wp\/v2\/product_tag?post=139753"}],"curies":[{"name":"wp","href":"https:\/\/api.w.org\/{rel}","templated":true}]}}