{"id":139754,"date":"2023-09-26T13:06:24","date_gmt":"2023-09-26T11:06:24","guid":{"rendered":"https:\/\/secureus.se\/elslutbleck-step-90-omvand-12v\/"},"modified":"2026-03-26T09:56:32","modified_gmt":"2026-03-26T08:56:32","slug":"elslutbleck-step-90-omvand-12v","status":"publish","type":"product","link":"https:\/\/secureus.se\/de\/elslutbleck-step-90-omvand-12v\/","title":{"rendered":"Elektrisches Anschlussblatt STEP 90 Reverse 12V"},"content":{"rendered":"<h1>Elektrisches Anschlussblatt STEP 90 Reverse 12V<\/h1>\n<p class=\"\" data-start=\"120\" data-end=\"310\">Der elektrische T\u00fcr\u00f6ffner STEP 90 Preload HPR ist ein feuerzugelassener elektrischer T\u00fcr\u00f6ffner mit kompaktem Design und hoher Sicherheit, ideal f\u00fcr den Einsatz in T\u00fcren mit hohen Anforderungen an die Betriebssicherheit.<\/p>\n<p class=\"\" data-start=\"312\" data-end=\"801\"><strong data-start=\"312\" data-end=\"332\">Lange Beschreibung<\/strong>:<br data-start=\"333\" data-end=\"336\" \/>STEP 90 Preload HPR ist ein feuerfester elektrischer T\u00fcr\u00f6ffner mit kompakter und robuster Konstruktion, der f\u00fcr hohe Betriebszuverl\u00e4ssigkeit und lange Lebensdauer ausgelegt ist.<\/p>\n<p class=\"\" data-start=\"312\" data-end=\"801\">Dank der patentierten Streifendrucktechnologie l\u00e4sst sich die T\u00fcr sogar bei Dr\u00fccken von bis zu 250 kg \u00f6ffnen, was STEP 90 Preload zu einer flexiblen und zuverl\u00e4ssigen Wahl macht.<\/p>\n<p class=\"\" data-start=\"312\" data-end=\"801\">Das Produkt ist gem\u00e4\u00df SS-EN 14846:2008 f\u00fcr einen Feuerwiderstand bis E\/EI120 zertifiziert und eignet sich besonders f\u00fcr T\u00fcren mit hoher \u00d6ffnungsfrequenz.<\/p>\n<p class=\"\" data-start=\"803\" data-end=\"1036\">Der elektrische T\u00fcr\u00f6ffner ist umkehrbar und passt sowohl an rechts als auch an links angeschlagene T\u00fcren, was die Installation erleichtert.<\/p>\n<p class=\"\" data-start=\"803\" data-end=\"1036\">Mit einem Kolbenkontakt kann das System in Zugangskontrollsysteme und Alarmsysteme integriert werden, um anzuzeigen, ob die T\u00fcr geschlossen\/offen ist.<\/p>\n<p class=\"\" data-start=\"1038\" data-end=\"1055\"><strong data-start=\"1038\" data-end=\"1052\">Eigenschaften<\/strong>:<\/p>\n<ul data-start=\"1056\" data-end=\"1478\">\n<li class=\"\" data-start=\"1056\" data-end=\"1099\">\n<p class=\"\" data-start=\"1058\" data-end=\"1099\">Reversierfunktion (im stromlosen Zustand gesperrt)<\/p>\n<\/li>\n<li class=\"\" data-start=\"1100\" data-end=\"1162\">\n<p class=\"\" data-start=\"1102\" data-end=\"1162\">Feuerfest bis F (E\/EI 120) gem\u00e4\u00df SS-EN 14846:2008<\/p>\n<\/li>\n<li class=\"\" data-start=\"1163\" data-end=\"1220\">\n<p class=\"\" data-start=\"1165\" data-end=\"1220\">Anzeige der T\u00fcrzustandserkennung (geschlossen\/offen)<\/p>\n<\/li>\n<li class=\"\" data-start=\"1221\" data-end=\"1259\">\n<p class=\"\" data-start=\"1223\" data-end=\"1259\">Bruchfestigkeit 1200 kg (ca. 12 kN)<\/p>\n<\/li>\n<li class=\"\" data-start=\"1260\" data-end=\"1336\">\n<p class=\"\" data-start=\"1262\" data-end=\"1336\">HPR\u00ae-Technologie, die das \u00d6ffnen trotz eines Leistendrucks von 250 kg (ca. 2,5 kN) garantiert<\/p>\n<\/li>\n<li class=\"\" data-start=\"1337\" data-end=\"1352\">\n<p class=\"\" data-start=\"1339\" data-end=\"1352\">Antiklopfmittel<\/p>\n<\/li>\n<li class=\"\" data-start=\"1353\" data-end=\"1393\">\n<p class=\"\" data-start=\"1355\" data-end=\"1393\">Umkehrbar f\u00fcr rechte und linke T\u00fcren<\/p>\n<\/li>\n<li class=\"\" data-start=\"1394\" data-end=\"1478\">\n<p class=\"\" data-start=\"1396\" data-end=\"1478\">Passend f\u00fcr Schlossk\u00e4sten mit Ein- und Doppelfallenschl\u00f6ssern der Serien Connect, Modul und Narrow Profile<\/p>\n<\/li>\n<\/ul>\n<p class=\"\" data-start=\"1480\" data-end=\"1511\"><strong data-start=\"1480\" data-end=\"1508\">Technische Spezifikationen<\/strong>:<\/p>\n<ul data-start=\"1512\" data-end=\"2105\">\n<li class=\"\" data-start=\"1512\" data-end=\"1548\">\n<p class=\"\" data-start=\"1514\" data-end=\"1548\"><strong data-start=\"1514\" data-end=\"1537\">Bruchfestigkeit max<\/strong>: 1200 kg<\/p>\n<\/li>\n<li class=\"\" data-start=\"1549\" data-end=\"1585\">\n<p class=\"\" data-start=\"1551\" data-end=\"1585\"><strong data-start=\"1551\" data-end=\"1567\">T\u00fcrbehang<\/strong>: Rechts, Links<\/p>\n<\/li>\n<li class=\"\" data-start=\"1586\" data-end=\"1610\">\n<p class=\"\" data-start=\"1588\" data-end=\"1610\"><strong data-start=\"1588\" data-end=\"1603\">Kabel im Lieferumfang enthalten<\/strong>: NEIN<\/p>\n<\/li>\n<li class=\"\" data-start=\"1611\" data-end=\"1636\">\n<p class=\"\" data-start=\"1613\" data-end=\"1636\"><strong data-start=\"1613\" data-end=\"1626\">Listendruck<\/strong>: 250 kg<\/p>\n<\/li>\n<li class=\"\" data-start=\"1637\" data-end=\"1678\">\n<p class=\"\" data-start=\"1639\" data-end=\"1678\"><strong data-start=\"1639\" data-end=\"1649\">Schlosstyp<\/strong>: Einfallenschloss, Doppelfallenschloss<\/p>\n<\/li>\n<li class=\"\" data-start=\"1679\" data-end=\"1707\">\n<p class=\"\" data-start=\"1681\" data-end=\"1707\"><strong data-start=\"1681\" data-end=\"1698\">Breites Produkt<\/strong>: 25 mm<\/p>\n<\/li>\n<li class=\"\" data-start=\"1708\" data-end=\"1734\">\n<p class=\"\" data-start=\"1710\" data-end=\"1734\"><strong data-start=\"1710\" data-end=\"1728\">Baustoffe bewertet<\/strong>: Ja<\/p>\n<\/li>\n<li class=\"\" data-start=\"1735\" data-end=\"1762\">\n<p class=\"\" data-start=\"1737\" data-end=\"1762\"><strong data-start=\"1737\" data-end=\"1753\">Tiefes Produkt<\/strong>: 28 mm<\/p>\n<\/li>\n<li class=\"\" data-start=\"1763\" data-end=\"1797\">\n<p class=\"\" data-start=\"1765\" data-end=\"1797\"><strong data-start=\"1765\" data-end=\"1790\">Betriebsspannung 12V\/24V<\/strong>: 12V<\/p>\n<\/li>\n<li class=\"\" data-start=\"1798\" data-end=\"1826\">\n<p class=\"\" data-start=\"1800\" data-end=\"1826\"><strong data-start=\"1800\" data-end=\"1819\">Doppelt gedrehtes Geh\u00e4use<\/strong>: NEIN<\/p>\n<\/li>\n<li class=\"\" data-start=\"1827\" data-end=\"1854\">\n<p class=\"\" data-start=\"1829\" data-end=\"1854\"><strong data-start=\"1829\" data-end=\"1847\">EPD-gepr\u00fcft<\/strong>: NEIN<\/p>\n<\/li>\n<li class=\"\" data-start=\"1855\" data-end=\"1873\">\n<p class=\"\" data-start=\"1857\" data-end=\"1873\"><strong data-start=\"1857\" data-end=\"1866\">FEINE INFORMATIONEN<\/strong>: NEIN<\/p>\n<\/li>\n<li class=\"\" data-start=\"1874\" data-end=\"1908\">\n<p class=\"\" data-start=\"1876\" data-end=\"1908\"><strong data-start=\"1876\" data-end=\"1897\">Farbe\/Oberfl\u00e4chenbehandlung<\/strong>: Edelstahl<\/p>\n<\/li>\n<li class=\"\" data-start=\"1909\" data-end=\"1936\">\n<p class=\"\" data-start=\"1911\" data-end=\"1936\"><strong data-start=\"1911\" data-end=\"1927\">Erh\u00f6htes Produkt<\/strong>: 90 mm<\/p>\n<\/li>\n<li class=\"\" data-start=\"1937\" data-end=\"1961\">\n<p class=\"\" data-start=\"1939\" data-end=\"1961\"><strong data-start=\"1939\" data-end=\"1954\">Kolbenanschluss<\/strong>: NEIN<\/p>\n<\/li>\n<li class=\"\" data-start=\"1962\" data-end=\"1993\">\n<p class=\"\" data-start=\"1964\" data-end=\"1993\"><strong data-start=\"1964\" data-end=\"1983\">Rechts\/R\u00fcckw\u00e4rts<\/strong>: Umkehren<\/p>\n<\/li>\n<li class=\"\" data-start=\"1994\" data-end=\"2020\">\n<p class=\"\" data-start=\"1996\" data-end=\"2020\"><strong data-start=\"1996\" data-end=\"2014\">Spannung AC\/DC<\/strong>: Gleichstrom<\/p>\n<\/li>\n<li class=\"\" data-start=\"2021\" data-end=\"2049\">\n<p class=\"\" data-start=\"2023\" data-end=\"2049\"><strong data-start=\"2023\" data-end=\"2039\">Spannung max<\/strong>: 13,8 V<\/p>\n<\/li>\n<li class=\"\" data-start=\"2050\" data-end=\"2078\">\n<p class=\"\" data-start=\"2052\" data-end=\"2078\"><strong data-start=\"2052\" data-end=\"2068\">Spannung min<\/strong>: 10,8 V<\/p>\n<\/li>\n<li class=\"\" data-start=\"2079\" data-end=\"2105\">\n<p class=\"\" data-start=\"2081\" data-end=\"2105\"><strong data-start=\"2081\" data-end=\"2099\">SundaHouse bewertet<\/strong>: Ja<\/p>\n<\/li>\n<\/ul>","protected":false},"excerpt":{"rendered":"<p>Hier sehen Sie, welche Pfosten und Modelle aus dem STEP-Sortiment der elektrischen T\u00fcrstopper zusammenpassen.<\/p>\n<h5><strong><a href=\"https:\/\/steplock.com\/sv\/stolpguide\/#!?lang=sv&amp;blog_id=1&amp;paged=1&amp;number=50\" target=\"_blank\" rel=\"noopener\">STEP-Pfostenf\u00fchrung\u00a0<\/a><\/strong><\/h5>\n<h5><strong><a href=\"https:\/\/steplock.com\/sv\/projekteringsguide\/#!?lang=sv&amp;blog_id=1&amp;paged=1&amp;number=999\" target=\"_blank\" rel=\"noopener\">STEP-Designleitfaden<\/a><\/strong><\/h5>","protected":false},"featured_media":139745,"template":"","meta":{"_acf_changed":false},"product_brand":[],"product_cat":[3355],"product_tag":[4198,4201],"class_list":{"0":"post-139754","1":"product","2":"type-product","3":"status-publish","4":"has-post-thumbnail","6":"product_cat-elslutbleck","7":"product_tag-12v","8":"product_tag-omvand","9":"product_shipping_class-tunga-paket","10":"pa_brands-step","11":"tm-no-options","13":"first","14":"onbackorder","15":"sale","16":"taxable","17":"shipping-taxable","18":"purchasable","19":"product-type-simple"},"acf":[],"_links":{"self":[{"href":"https:\/\/secureus.se\/de\/wp-json\/wp\/v2\/product\/139754","targetHints":{"allow":["GET"]}}],"collection":[{"href":"https:\/\/secureus.se\/de\/wp-json\/wp\/v2\/product"}],"about":[{"href":"https:\/\/secureus.se\/de\/wp-json\/wp\/v2\/types\/product"}],"wp:featuredmedia":[{"embeddable":true,"href":"https:\/\/secureus.se\/de\/wp-json\/wp\/v2\/media\/139745"}],"wp:attachment":[{"href":"https:\/\/secureus.se\/de\/wp-json\/wp\/v2\/media?parent=139754"}],"wp:term":[{"taxonomy":"product_brand","embeddable":true,"href":"https:\/\/secureus.se\/de\/wp-json\/wp\/v2\/product_brand?post=139754"},{"taxonomy":"product_cat","embeddable":true,"href":"https:\/\/secureus.se\/de\/wp-json\/wp\/v2\/product_cat?post=139754"},{"taxonomy":"product_tag","embeddable":true,"href":"https:\/\/secureus.se\/de\/wp-json\/wp\/v2\/product_tag?post=139754"}],"curies":[{"name":"wp","href":"https:\/\/api.w.org\/{rel}","templated":true}]}}