{"id":139763,"date":"2023-09-26T13:07:41","date_gmt":"2023-09-26T11:07:41","guid":{"rendered":"https:\/\/secureus.se\/elslutbleck-step-18-vanster-rattvand-12v-9mm-regel-connect\/"},"modified":"2026-04-23T12:42:10","modified_gmt":"2026-04-23T10:42:10","slug":"elslutbleck-step-18-vanster-rattvand-12v-9mm-regel-connect","status":"publish","type":"product","link":"https:\/\/secureus.se\/de\/elslutbleck-step-18-vanster-rattvand-12v-9mm-regel-connect\/","title":{"rendered":"Elektrische Endplatte SCHRITT 18 Links rechts gerichtet 12 V 9 mm Regelanschluss"},"content":{"rendered":"<h1>Elektrische Endplatte SCHRITT 18 Links rechts gerichtet 12 V 9 mm Regelanschluss<\/h1>\n<p>STEP 18 Secure ist ein Hochsicherheits-T\u00fcr\u00f6ffner mit Rechtsfunktion f\u00fcr links angeschlagene T\u00fcren.<\/p>\n<p>Passend f\u00fcr 9 mm Connect Riegel, brandschutzgepr\u00fcft bis E\/EI60 und ausgestattet mit Kolben und Fallenkontakt.<\/p>\n<p class=\"\" data-start=\"288\" data-end=\"661\">Der elektrische T\u00fcr\u00f6ffner STEP 18 Secure ist ein fortschrittlicher elektrischer T\u00fcr\u00f6ffner, der entwickelt wurde, um den hohen Anforderungen an Sicherheit, Haltbarkeit und Funktion in h\u00e4ufig genutzten T\u00fcrumgebungen gerecht zu werden.<\/p>\n<p class=\"\" data-start=\"288\" data-end=\"661\">Das Produkt ist speziell f\u00fcr links angeschlagene T\u00fcren mit 9 mm Riegel der Connect-Serie angepasst und wird h\u00e4ufig in sicherheitsklassifizierten Umgebungen wie Banken, Institutionen und \u00f6ffentlichen Geb\u00e4uden eingesetzt.<\/p>\n<p class=\"\" data-start=\"663\" data-end=\"968\">Durch die Rechtsdrehfunktion wird die Platte im stromlosen Zustand verriegelt, was beispielsweise bei einem Stromausfall zus\u00e4tzlichen Schutz bietet.<\/p>\n<p class=\"\" data-start=\"663\" data-end=\"968\">Der eingebaute Kolbenschalter und der Riegelschalter erm\u00f6glichen eine pr\u00e4zise Status\u00fcberwachung der geschlossenen\/offenen und verriegelten\/entriegelten Positionen der T\u00fcr \u2013 perfekt f\u00fcr die Integration in Alarm- und Zugangskontrollsysteme.<\/p>\n<p class=\"\" data-start=\"970\" data-end=\"1277\">STEP 18 ist brandzertifiziert nach E\/EI60 und auf einen Leistendruck von 500 kg sowie eine Bruchfestigkeit von 15 kN gepr\u00fcft, was einen sicheren Verschluss auch unter Druckbedingungen gew\u00e4hrleistet.<\/p>\n<p class=\"\" data-start=\"970\" data-end=\"1277\">Das Blatt ist manipulationssicher und mit einer eingebauten Schutzdiode ausgestattet. Ein 5 Meter langes halogenfreies Anschlusskabel ist im Lieferumfang enthalten.<\/p>\n<p class=\"\" data-start=\"1279\" data-end=\"1307\"><strong data-start=\"1279\" data-end=\"1305\">Eigenschaften und Vorteile:<\/strong><\/p>\n<ul data-start=\"1308\" data-end=\"1614\">\n<li class=\"\" data-start=\"1308\" data-end=\"1347\">\n<p class=\"\" data-start=\"1310\" data-end=\"1347\">Korrekte Funktion (stromlos gesperrt)<\/p>\n<\/li>\n<li class=\"\" data-start=\"1348\" data-end=\"1399\">\n<p class=\"\" data-start=\"1350\" data-end=\"1399\">F\u00fcr links angeschlagene T\u00fcren mit 9 mm Connect-Riegel<\/p>\n<\/li>\n<li class=\"\" data-start=\"1400\" data-end=\"1448\">\n<p class=\"\" data-start=\"1402\" data-end=\"1448\">Kolben- und Riegelkontakt zur Zustands\u00fcberwachung<\/p>\n<\/li>\n<li class=\"\" data-start=\"1449\" data-end=\"1472\">\n<p class=\"\" data-start=\"1451\" data-end=\"1472\">Feuerwiderstandsklasse E\/EI60<\/p>\n<\/li>\n<li class=\"\" data-start=\"1473\" data-end=\"1506\">\n<p class=\"\" data-start=\"1475\" data-end=\"1506\">H\u00e4lt Formdr\u00fccken bis zu 500 kg stand<\/p>\n<\/li>\n<li class=\"\" data-start=\"1507\" data-end=\"1533\">\n<p class=\"\" data-start=\"1509\" data-end=\"1533\">Bruchfestigkeit: 15 kN<\/p>\n<\/li>\n<li class=\"\" data-start=\"1534\" data-end=\"1576\">\n<p class=\"\" data-start=\"1536\" data-end=\"1576\">Lieferung mit 5 Meter halogenfreiem Kabel<\/p>\n<\/li>\n<li class=\"\" data-start=\"1577\" data-end=\"1614\">\n<p class=\"\" data-start=\"1579\" data-end=\"1614\">Schutzdiode und Klopfsicherung inklusive<\/p>\n<\/li>\n<\/ul>","protected":false},"excerpt":{"rendered":"<p>Hier sehen Sie, welche Pfosten und Modelle aus dem STEP-Sortiment der elektrischen T\u00fcrstopper zusammenpassen.<\/p>\n<h5><strong><a href=\"https:\/\/steplock.com\/sv\/stolpguide\/#!?lang=sv&amp;blog_id=1&amp;paged=1&amp;number=50\" target=\"_blank\" rel=\"noopener\">STEP-Pfostenf\u00fchrung\u00a0<\/a><\/strong><\/h5>\n<h5><strong><a href=\"https:\/\/steplock.com\/sv\/projekteringsguide\/#!?lang=sv&amp;blog_id=1&amp;paged=1&amp;number=999\" target=\"_blank\" rel=\"noopener\">STEP-Designleitfaden<\/a><\/strong><\/h5>","protected":false},"featured_media":139761,"template":"","meta":{"_acf_changed":false},"product_brand":[],"product_cat":[3355],"product_tag":[4198,4200],"class_list":{"0":"post-139763","1":"product","2":"type-product","3":"status-publish","4":"has-post-thumbnail","6":"product_cat-elslutbleck","7":"product_tag-12v","8":"product_tag-rattvand","9":"product_shipping_class-tunga-paket","10":"pa_brands-step","11":"tm-no-options","13":"first","14":"onbackorder","15":"sale","16":"taxable","17":"shipping-taxable","18":"purchasable","19":"product-type-simple"},"acf":[],"_links":{"self":[{"href":"https:\/\/secureus.se\/de\/wp-json\/wp\/v2\/product\/139763","targetHints":{"allow":["GET"]}}],"collection":[{"href":"https:\/\/secureus.se\/de\/wp-json\/wp\/v2\/product"}],"about":[{"href":"https:\/\/secureus.se\/de\/wp-json\/wp\/v2\/types\/product"}],"wp:featuredmedia":[{"embeddable":true,"href":"https:\/\/secureus.se\/de\/wp-json\/wp\/v2\/media\/139761"}],"wp:attachment":[{"href":"https:\/\/secureus.se\/de\/wp-json\/wp\/v2\/media?parent=139763"}],"wp:term":[{"taxonomy":"product_brand","embeddable":true,"href":"https:\/\/secureus.se\/de\/wp-json\/wp\/v2\/product_brand?post=139763"},{"taxonomy":"product_cat","embeddable":true,"href":"https:\/\/secureus.se\/de\/wp-json\/wp\/v2\/product_cat?post=139763"},{"taxonomy":"product_tag","embeddable":true,"href":"https:\/\/secureus.se\/de\/wp-json\/wp\/v2\/product_tag?post=139763"}],"curies":[{"name":"wp","href":"https:\/\/api.w.org\/{rel}","templated":true}]}}