{"id":139766,"date":"2023-09-26T13:06:14","date_gmt":"2023-09-26T11:06:14","guid":{"rendered":"https:\/\/secureus.se\/elslutbleck-step-18-vanster-rattvand-12v-for-assa-511\/"},"modified":"2026-03-26T09:59:58","modified_gmt":"2026-03-26T08:59:58","slug":"elslutbleck-step-18-vanster-rattvand-12v-for-assa-511","status":"publish","type":"product","link":"https:\/\/secureus.se\/de\/elslutbleck-step-18-vanster-rattvand-12v-for-assa-511\/","title":{"rendered":"Elektrische Endplatte SCHRITT 18 Links und rechts gerichtet, 12 V f\u00fcr Assa 511"},"content":{"rendered":"<h1>Elektrische Endplatte SCHRITT 18 Links und rechts gerichtet, 12 V f\u00fcr Assa 511<\/h1>\n<p>Der elektrische T\u00fcr\u00f6ffner STEP 18 Secure bietet hohe Einbruchsicherheit und feuergepr\u00fcfte Funktionalit\u00e4t. Passend f\u00fcr Hakenriegelschloss Assa 511 mit 10 mm Kolben, geeignet f\u00fcr Sicherheitst\u00fcren.<\/p>\n<p class=\"\" data-start=\"355\" data-end=\"752\">STEP 18 Secure ist ein Hochsicherheits-Elektroschloss, das f\u00fcr den Einbau in T\u00fcren mit einer hohen Anzahl an Ein- und Ausg\u00e4ngen, wie beispielsweise in Gef\u00e4ngnissen und Banken, konzipiert ist.<\/p>\n<p class=\"\" data-start=\"355\" data-end=\"752\">Das Schloss ist f\u00fcr die Verriegelung von Sicherheitst\u00fcren bis RC4 zugelassen und feuerbest\u00e4ndig bis E\/EI 60. STEP 18 Secure eignet sich besonders f\u00fcr T\u00fcren mit Evakuierungsanforderungen und solche, die h\u00e4ufigem und schnellem \u00d6ffnen standhalten m\u00fcssen.<\/p>\n<p class=\"\" data-start=\"754\" data-end=\"1156\">F\u00fcr Hakenriegelschloss Assa 511 mit 10 mm Kolben und Rechtsfunktion (in stromlosem Zustand verriegelt).<\/p>\n<p class=\"\" data-start=\"754\" data-end=\"1156\">Es bietet hohe Sicherheit mit einer Bruchfestigkeit von 15 kN (ca. 1500 kg) und funktioniert auch mit Streifendruck bis zu 5 kN (ca. 500 kg).<\/p>\n<p class=\"\" data-start=\"754\" data-end=\"1156\">Es ist au\u00dferdem mit einem Kolbenschalter und Anzeigen ausgestattet, die anzeigen, ob die T\u00fcr geschlossen\/offen und verriegelt\/entriegelt ist, und eignet sich daher ideal f\u00fcr Zugangskontrollsysteme und Alarmsysteme.<\/p>\n<p class=\"\" data-start=\"1158\" data-end=\"1175\"><strong data-start=\"1158\" data-end=\"1172\">Eigenschaften<\/strong>:<\/p>\n<ul data-start=\"1176\" data-end=\"1620\">\n<li class=\"\" data-start=\"1176\" data-end=\"1219\">\n<p class=\"\" data-start=\"1178\" data-end=\"1219\">F\u00fcr Hakenma\u00dfstabschloss Assa 511 mit 10 mm Kolben<\/p>\n<\/li>\n<li class=\"\" data-start=\"1220\" data-end=\"1265\">\n<p class=\"\" data-start=\"1222\" data-end=\"1265\">Rechtsdrehende Funktion (im stromlosen Zustand gesperrt)<\/p>\n<\/li>\n<li class=\"\" data-start=\"1266\" data-end=\"1294\">\n<p class=\"\" data-start=\"1268\" data-end=\"1294\">F\u00fcr linksangeschlagene T\u00fcren<\/p>\n<\/li>\n<li class=\"\" data-start=\"1295\" data-end=\"1328\">\n<p class=\"\" data-start=\"1297\" data-end=\"1328\">Brandschutzzulassung bis E\/EI 60<\/p>\n<\/li>\n<li class=\"\" data-start=\"1329\" data-end=\"1413\">\n<p class=\"\" data-start=\"1331\" data-end=\"1413\">Eingebauter St\u00f6\u00dfelschalter zur Anzeige des geschlossenen\/offenen und verriegelten\/entriegelten Zustands der T\u00fcr<\/p>\n<\/li>\n<li class=\"\" data-start=\"1414\" data-end=\"1436\">\n<p class=\"\" data-start=\"1416\" data-end=\"1436\">Eingebaute Schutzdiode<\/p>\n<\/li>\n<li class=\"\" data-start=\"1437\" data-end=\"1475\">\n<p class=\"\" data-start=\"1439\" data-end=\"1475\">Bruchfestigkeit 15 kN (ca. 1500 kg)<\/p>\n<\/li>\n<li class=\"\" data-start=\"1476\" data-end=\"1558\">\n<p class=\"\" data-start=\"1478\" data-end=\"1558\">\u00d6ffnet trotz 5 kN (ca. 500 kg) Banddruck sowohl im Vorw\u00e4rts- als auch im R\u00fcckw\u00e4rtsgang<\/p>\n<\/li>\n<li class=\"\" data-start=\"1559\" data-end=\"1574\">\n<p class=\"\" data-start=\"1561\" data-end=\"1574\">Antiklopfmittel<\/p>\n<\/li>\n<li class=\"\" data-start=\"1575\" data-end=\"1620\">\n<p class=\"\" data-start=\"1577\" data-end=\"1620\">5 Meter halogenfreies Anschlusskabel inklusive<\/p>\n<\/li>\n<\/ul>\n<p class=\"\" data-start=\"1622\" data-end=\"1653\"><strong data-start=\"1622\" data-end=\"1650\">Technische Spezifikationen<\/strong>:<\/p>\n<ul data-start=\"1654\" data-end=\"2237\">\n<li class=\"\" data-start=\"1654\" data-end=\"1690\">\n<p class=\"\" data-start=\"1656\" data-end=\"1690\"><strong data-start=\"1656\" data-end=\"1679\">Bruchfestigkeit max<\/strong>: 1500 kg<\/p>\n<\/li>\n<li class=\"\" data-start=\"1691\" data-end=\"1720\">\n<p class=\"\" data-start=\"1693\" data-end=\"1720\"><strong data-start=\"1693\" data-end=\"1709\">T\u00fcrbehang<\/strong>: Links<\/p>\n<\/li>\n<li class=\"\" data-start=\"1721\" data-end=\"1744\">\n<p class=\"\" data-start=\"1723\" data-end=\"1744\"><strong data-start=\"1723\" data-end=\"1738\">Kabel im Lieferumfang enthalten<\/strong>: Ja<\/p>\n<\/li>\n<li class=\"\" data-start=\"1745\" data-end=\"1770\">\n<p class=\"\" data-start=\"1747\" data-end=\"1770\"><strong data-start=\"1747\" data-end=\"1760\">Listendruck<\/strong>: 500 kg<\/p>\n<\/li>\n<li class=\"\" data-start=\"1771\" data-end=\"1808\">\n<p class=\"\" data-start=\"1773\" data-end=\"1808\"><strong data-start=\"1773\" data-end=\"1783\">Schlosstyp<\/strong>: Hakenfallenschloss, Fallenschloss<\/p>\n<\/li>\n<li class=\"\" data-start=\"1809\" data-end=\"1837\">\n<p class=\"\" data-start=\"1811\" data-end=\"1837\"><strong data-start=\"1811\" data-end=\"1828\">Breites Produkt<\/strong>: 35 mm<\/p>\n<\/li>\n<li class=\"\" data-start=\"1838\" data-end=\"1864\">\n<p class=\"\" data-start=\"1840\" data-end=\"1864\"><strong data-start=\"1840\" data-end=\"1858\">Baustoffe bewertet<\/strong>: Ja<\/p>\n<\/li>\n<li class=\"\" data-start=\"1865\" data-end=\"1892\">\n<p class=\"\" data-start=\"1867\" data-end=\"1892\"><strong data-start=\"1867\" data-end=\"1883\">Tiefes Produkt<\/strong>: 40 mm<\/p>\n<\/li>\n<li class=\"\" data-start=\"1893\" data-end=\"1927\">\n<p class=\"\" data-start=\"1895\" data-end=\"1927\"><strong data-start=\"1895\" data-end=\"1920\">Betriebsspannung 12V\/24V<\/strong>: 12V<\/p>\n<\/li>\n<li class=\"\" data-start=\"1928\" data-end=\"1956\">\n<p class=\"\" data-start=\"1930\" data-end=\"1956\"><strong data-start=\"1930\" data-end=\"1949\">Doppelt gedrehtes Geh\u00e4use<\/strong>: NEIN<\/p>\n<\/li>\n<li class=\"\" data-start=\"1957\" data-end=\"1984\">\n<p class=\"\" data-start=\"1959\" data-end=\"1984\"><strong data-start=\"1959\" data-end=\"1977\">EPD-gepr\u00fcft<\/strong>: NEIN<\/p>\n<\/li>\n<li class=\"\" data-start=\"1985\" data-end=\"2003\">\n<p class=\"\" data-start=\"1987\" data-end=\"2003\"><strong data-start=\"1987\" data-end=\"1996\">FEINE INFORMATIONEN<\/strong>: NEIN<\/p>\n<\/li>\n<li class=\"\" data-start=\"2004\" data-end=\"2038\">\n<p class=\"\" data-start=\"2006\" data-end=\"2038\"><strong data-start=\"2006\" data-end=\"2027\">Farbe\/Oberfl\u00e4chenbehandlung<\/strong>: Edelstahl<\/p>\n<\/li>\n<li class=\"\" data-start=\"2039\" data-end=\"2067\">\n<p class=\"\" data-start=\"2041\" data-end=\"2067\"><strong data-start=\"2041\" data-end=\"2057\">Erh\u00f6htes Produkt<\/strong>: 230 mm<\/p>\n<\/li>\n<li class=\"\" data-start=\"2068\" data-end=\"2091\">\n<p class=\"\" data-start=\"2070\" data-end=\"2091\"><strong data-start=\"2070\" data-end=\"2085\">Kolbenanschluss<\/strong>: Ja<\/p>\n<\/li>\n<li class=\"\" data-start=\"2092\" data-end=\"2125\">\n<p class=\"\" data-start=\"2094\" data-end=\"2125\"><strong data-start=\"2094\" data-end=\"2113\">Rechts\/R\u00fcckw\u00e4rts<\/strong>: Nach rechts gerichtet<\/p>\n<\/li>\n<li class=\"\" data-start=\"2126\" data-end=\"2152\">\n<p class=\"\" data-start=\"2128\" data-end=\"2152\"><strong data-start=\"2128\" data-end=\"2146\">Spannung AC\/DC<\/strong>: Gleichstrom<\/p>\n<\/li>\n<li class=\"\" data-start=\"2153\" data-end=\"2181\">\n<p class=\"\" data-start=\"2155\" data-end=\"2181\"><strong data-start=\"2155\" data-end=\"2171\">Spannung max<\/strong>: 13,8 V<\/p>\n<\/li>\n<li class=\"\" data-start=\"2182\" data-end=\"2210\">\n<p class=\"\" data-start=\"2184\" data-end=\"2210\"><strong data-start=\"2184\" data-end=\"2200\">Spannung min<\/strong>: 10,8 V<\/p>\n<\/li>\n<li class=\"\" data-start=\"2211\" data-end=\"2237\">\n<p class=\"\" data-start=\"2213\" data-end=\"2237\"><strong data-start=\"2213\" data-end=\"2231\">SundaHouse bewertet<\/strong>: Ja<\/p>\n<\/li>\n<\/ul>","protected":false},"excerpt":{"rendered":"<p>Hier sehen Sie, welche Pfosten und Modelle aus dem STEP-Sortiment der elektrischen T\u00fcrstopper zusammenpassen.<\/p>\n<h5><strong><a href=\"https:\/\/steplock.com\/sv\/stolpguide\/#!?lang=sv&amp;blog_id=1&amp;paged=1&amp;number=50\" target=\"_blank\" rel=\"noopener\">STEP-Pfostenf\u00fchrung\u00a0<\/a><\/strong><\/h5>\n<h5><strong><a href=\"https:\/\/steplock.com\/sv\/projekteringsguide\/#!?lang=sv&amp;blog_id=1&amp;paged=1&amp;number=999\" target=\"_blank\" rel=\"noopener\">STEP-Designleitfaden<\/a><\/strong><\/h5>","protected":false},"featured_media":139764,"template":"","meta":{"_acf_changed":false},"product_brand":[],"product_cat":[3355],"product_tag":[4198,4200],"class_list":{"0":"post-139766","1":"product","2":"type-product","3":"status-publish","4":"has-post-thumbnail","6":"product_cat-elslutbleck","7":"product_tag-12v","8":"product_tag-rattvand","9":"product_shipping_class-tunga-paket","10":"pa_brands-step","11":"tm-no-options","13":"first","14":"onbackorder","15":"sale","16":"taxable","17":"shipping-taxable","18":"purchasable","19":"product-type-simple"},"acf":[],"_links":{"self":[{"href":"https:\/\/secureus.se\/de\/wp-json\/wp\/v2\/product\/139766","targetHints":{"allow":["GET"]}}],"collection":[{"href":"https:\/\/secureus.se\/de\/wp-json\/wp\/v2\/product"}],"about":[{"href":"https:\/\/secureus.se\/de\/wp-json\/wp\/v2\/types\/product"}],"wp:featuredmedia":[{"embeddable":true,"href":"https:\/\/secureus.se\/de\/wp-json\/wp\/v2\/media\/139764"}],"wp:attachment":[{"href":"https:\/\/secureus.se\/de\/wp-json\/wp\/v2\/media?parent=139766"}],"wp:term":[{"taxonomy":"product_brand","embeddable":true,"href":"https:\/\/secureus.se\/de\/wp-json\/wp\/v2\/product_brand?post=139766"},{"taxonomy":"product_cat","embeddable":true,"href":"https:\/\/secureus.se\/de\/wp-json\/wp\/v2\/product_cat?post=139766"},{"taxonomy":"product_tag","embeddable":true,"href":"https:\/\/secureus.se\/de\/wp-json\/wp\/v2\/product_tag?post=139766"}],"curies":[{"name":"wp","href":"https:\/\/api.w.org\/{rel}","templated":true}]}}