{"id":139777,"date":"2023-09-26T13:07:32","date_gmt":"2023-09-26T11:07:32","guid":{"rendered":"https:\/\/secureus.se\/elslutbleck-step-28e-vanster-rattvand-12v-7mm-regel\/"},"modified":"2026-04-23T12:43:02","modified_gmt":"2026-04-23T10:43:02","slug":"elslutbleck-step-28e-vanster-rattvand-12v-7mm-regel","status":"publish","type":"product","link":"https:\/\/secureus.se\/de\/elslutbleck-step-28e-vanster-rattvand-12v-7mm-regel\/","title":{"rendered":"Elektrische Endplatte SCHRITT 28E Links rechts gerichtet 12 V 7 mm Regel"},"content":{"rendered":"<h1>Elektrische Endplatte SCHRITT 28E Links rechts gerichtet 12 V 7 mm Regel<\/h1>\n<p>STEP 28E Sicherer elektrischer T\u00fcr\u00f6ffner mit Rechtsfunktion f\u00fcr links angeschlagene T\u00fcren. Passend f\u00fcr 7 mm Connect-Riegel, feuerzugelassen E\/EI60, Kolbenkontakt und hohe Sicherheit.<\/p>\n<p class=\"\" data-start=\"243\" data-end=\"681\">Der elektrische T\u00fcr\u00f6ffner STEP 28E Secure ist eine sichere und flexible L\u00f6sung f\u00fcr T\u00fcrumgebungen mit hohen Anforderungen an Einbruchschutz, Feuerwiderstand und Evakuierungsm\u00f6glichkeit.<\/p>\n<p class=\"\" data-start=\"243\" data-end=\"681\">Dieses Modell ist f\u00fcr links angeschlagene T\u00fcren entwickelt und wird zusammen mit Riegelschl\u00f6ssern der Connect-Serie mit einem 7-mm-Kolben verwendet.<\/p>\n<p class=\"\" data-start=\"243\" data-end=\"681\">Mit der Rechtsh\u00e4nderfunktion (Verriegelung bei Stromausfall) ist es perfekt, wenn auch bei Stromausfall maximale Sicherheit gew\u00e4hrleistet sein muss.<\/p>\n<p class=\"\" data-start=\"683\" data-end=\"1083\">Dank des eingebauten Kolben- und Fallenkontakts kann der T\u00fcrzustand in Echtzeit \u00fcberwacht werden, wodurch sich der T\u00fcr\u00f6ffner f\u00fcr die Integration in Alarm- und Zutrittskontrollsysteme eignet.<\/p>\n<p class=\"\" data-start=\"683\" data-end=\"1083\">Die Konstruktion h\u00e4lt einer hohen Bruchlast von \u00fcber 15 kN stand und die Funktionalit\u00e4t ist auch bei einem Leistendruck von bis zu 500 kg gew\u00e4hrleistet.<\/p>\n<p class=\"\" data-start=\"683\" data-end=\"1083\">STEP 28E ist nach Brandklasse E\/EI 60 zertifiziert und wird mit einem 5 Meter langen halogenfreien Anschlusskabel geliefert.<\/p>\n<p class=\"\" data-start=\"1085\" data-end=\"1369\">Dieser elektrische T\u00fcr\u00f6ffner wird h\u00e4ufig in Kombination mit Notausg\u00e4ngen gem\u00e4\u00df SS-EN 179 verwendet, wenn Brandschutzanforderungen und T\u00fcrautomatisierung kombiniert werden m\u00fcssen.<\/p>\n<p class=\"\" data-start=\"1085\" data-end=\"1369\">Mit STEP 28E Secure erhalten Sie eine zuverl\u00e4ssige und robuste L\u00f6sung f\u00fcr anspruchsvolle Umgebungen wie \u00f6ffentliche Geb\u00e4ude, Institutionen und sicherheitsklassifizierte R\u00e4ume.<\/p>\n<p class=\"\" data-start=\"1371\" data-end=\"1399\"><strong data-start=\"1371\" data-end=\"1397\">Eigenschaften und Vorteile:<\/strong><\/p>\n<ul data-start=\"1400\" data-end=\"1675\">\n<li class=\"\" data-start=\"1400\" data-end=\"1434\">\n<p class=\"\" data-start=\"1402\" data-end=\"1434\">F\u00fcr 7 mm Kolben der Connect-Serie<\/p>\n<\/li>\n<li class=\"\" data-start=\"1435\" data-end=\"1481\">\n<p class=\"\" data-start=\"1437\" data-end=\"1481\">R\u00fccklauffunktion \u2013 bei Stromausfall gesperrt<\/p>\n<\/li>\n<li class=\"\" data-start=\"1482\" data-end=\"1510\">\n<p class=\"\" data-start=\"1484\" data-end=\"1510\">F\u00fcr linksangeschlagene T\u00fcren<\/p>\n<\/li>\n<li class=\"\" data-start=\"1511\" data-end=\"1532\">\n<p class=\"\" data-start=\"1513\" data-end=\"1532\">Brandklasse E\/EI60<\/p>\n<\/li>\n<li class=\"\" data-start=\"1533\" data-end=\"1581\">\n<p class=\"\" data-start=\"1535\" data-end=\"1581\">Kolben- und Riegelkontakt zur Zustands\u00fcberwachung<\/p>\n<\/li>\n<li class=\"\" data-start=\"1582\" data-end=\"1612\">\n<p class=\"\" data-start=\"1584\" data-end=\"1612\">Bruchfestigkeit \u00fcber 15 kN<\/p>\n<\/li>\n<li class=\"\" data-start=\"1613\" data-end=\"1642\">\n<p class=\"\" data-start=\"1615\" data-end=\"1642\">Streifendruckfestigkeit 500 kg<\/p>\n<\/li>\n<li class=\"\" data-start=\"1643\" data-end=\"1675\">\n<p class=\"\" data-start=\"1645\" data-end=\"1675\">5 Meter halogenfreies Kabel inklusive<\/p>\n<\/li>\n<\/ul>","protected":false},"excerpt":{"rendered":"<p>Hier sehen Sie, welche Pfosten und Modelle aus dem STEP-Sortiment der elektrischen T\u00fcrstopper zusammenpassen.<\/p>\n<h5><strong><a href=\"https:\/\/steplock.com\/sv\/stolpguide\/#!?lang=sv&amp;blog_id=1&amp;paged=1&amp;number=50\" target=\"_blank\" rel=\"noopener\">STEP-Pfostenf\u00fchrung\u00a0<\/a><\/strong><\/h5>\n<h5><strong><a href=\"https:\/\/steplock.com\/sv\/projekteringsguide\/#!?lang=sv&amp;blog_id=1&amp;paged=1&amp;number=999\" target=\"_blank\" rel=\"noopener\">STEP-Designleitfaden<\/a><\/strong><\/h5>","protected":false},"featured_media":139775,"template":"","meta":{"_acf_changed":false},"product_brand":[],"product_cat":[3355],"product_tag":[4198,4200],"class_list":{"0":"post-139777","1":"product","2":"type-product","3":"status-publish","4":"has-post-thumbnail","6":"product_cat-elslutbleck","7":"product_tag-12v","8":"product_tag-rattvand","9":"product_shipping_class-tunga-paket","10":"pa_brands-step","11":"tm-no-options","13":"first","14":"onbackorder","15":"sale","16":"taxable","17":"shipping-taxable","18":"purchasable","19":"product-type-simple"},"acf":[],"_links":{"self":[{"href":"https:\/\/secureus.se\/de\/wp-json\/wp\/v2\/product\/139777","targetHints":{"allow":["GET"]}}],"collection":[{"href":"https:\/\/secureus.se\/de\/wp-json\/wp\/v2\/product"}],"about":[{"href":"https:\/\/secureus.se\/de\/wp-json\/wp\/v2\/types\/product"}],"wp:featuredmedia":[{"embeddable":true,"href":"https:\/\/secureus.se\/de\/wp-json\/wp\/v2\/media\/139775"}],"wp:attachment":[{"href":"https:\/\/secureus.se\/de\/wp-json\/wp\/v2\/media?parent=139777"}],"wp:term":[{"taxonomy":"product_brand","embeddable":true,"href":"https:\/\/secureus.se\/de\/wp-json\/wp\/v2\/product_brand?post=139777"},{"taxonomy":"product_cat","embeddable":true,"href":"https:\/\/secureus.se\/de\/wp-json\/wp\/v2\/product_cat?post=139777"},{"taxonomy":"product_tag","embeddable":true,"href":"https:\/\/secureus.se\/de\/wp-json\/wp\/v2\/product_tag?post=139777"}],"curies":[{"name":"wp","href":"https:\/\/api.w.org\/{rel}","templated":true}]}}