{"id":139789,"date":"2023-09-26T13:07:31","date_gmt":"2023-09-26T11:07:31","guid":{"rendered":"https:\/\/secureus.se\/elslutbleck-step-28e-vanster-rattvand-12v-9mm-regel\/"},"modified":"2026-03-26T09:50:12","modified_gmt":"2026-03-26T08:50:12","slug":"elslutbleck-step-28e-vanster-rattvand-12v-9mm-regel","status":"publish","type":"product","link":"https:\/\/secureus.se\/de\/elslutbleck-step-28e-vanster-rattvand-12v-9mm-regel\/","title":{"rendered":"Elektrisches Anschlussblech SCHRITT 28E Links und rechts gerichtet, 12 V, 9 mm Lineal"},"content":{"rendered":"<h1>Elektrisches Anschlussblech SCHRITT 28E Links und rechts gerichtet, 12 V, 9 mm Lineal<\/h1>\n<p>STEP 28E Secure \u2013 Elektrischer T\u00fcr\u00f6ffner f\u00fcr links angeschlagene T\u00fcren mit Rechtsfunktion und 9 mm Kolben in der Connect-Serie. Feuerzugelassen E\/EI60, hohe Sicherheit und Kolbenkontakt.<\/p>\n<p class=\"\" data-start=\"243\" data-end=\"602\">Der elektrische T\u00fcr\u00f6ffner STEP 28E Secure ist ein robuster und zuverl\u00e4ssiger elektrischer T\u00fcr\u00f6ffner f\u00fcr Umgebungen, in denen hohe Sicherheit, Feuerwiderstand und Fluchtfunktionen mit moderner T\u00fcrautomatisierung kombiniert werden m\u00fcssen.<\/p>\n<p class=\"\" data-start=\"243\" data-end=\"602\">Dieses Modell ist f\u00fcr links angeschlagene T\u00fcren geeignet und wird zusammen mit einem Einsteckschloss oder Einsteckschloss mit 9 mm Kolben der Connect-Serie verwendet.<\/p>\n<p class=\"\" data-start=\"604\" data-end=\"894\">Mit der Rechtsfunktion (stromlos verriegelt) sorgt der STEP 28E daf\u00fcr, dass die T\u00fcr auch bei einem Stromausfall verriegelt bleibt.<\/p>\n<p class=\"\" data-start=\"604\" data-end=\"894\">Der T\u00fcr\u00f6ffner ist brandschutzgepr\u00fcft bis Klasse E\/EI 60 und verf\u00fcgt \u00fcber einen eingebauten Kolbenkontakt und einen Rastkontakt, der eine pr\u00e4zise Zustands\u00fcberwachung \u00fcber ein Zutrittskontrollsystem oder eine Alarmanlage erm\u00f6glicht.<\/p>\n<p class=\"\" data-start=\"896\" data-end=\"1192\">Die hohe Bruchfestigkeit von \u00fcber 15 kN und die garantierte Funktion bei einem Banddruck von bis zu 500 kg machen diesen T\u00fcr\u00f6ffner zu einer hervorragenden Wahl f\u00fcr sicherheitsrelevante T\u00fcren und R\u00e4ume.<\/p>\n<p class=\"\" data-start=\"896\" data-end=\"1192\">Die Konstruktion ist manipulationssicher und die Installation wird durch ein mitgeliefertes 5 Meter langes halogenfreies Anschlusskabel vereinfacht.<\/p>\n<p class=\"\" data-start=\"1194\" data-end=\"1339\">STEP 28E Secure wird h\u00e4ufig in Kombination mit Notausg\u00e4ngen gem\u00e4\u00df SS-EN 179 verwendet, wo die Anforderungen an Flucht, Sicherheit und T\u00fcrautomatisierung \u00fcbereinstimmen.<\/p>\n<p class=\"\" data-start=\"1341\" data-end=\"1369\"><strong data-start=\"1341\" data-end=\"1367\">Eigenschaften und Vorteile:<\/strong><\/p>\n<ul data-start=\"1370\" data-end=\"1648\">\n<li class=\"\" data-start=\"1370\" data-end=\"1413\">\n<p class=\"\" data-start=\"1372\" data-end=\"1413\">Angepasst f\u00fcr 9 mm Kolben der Connect-Serie<\/p>\n<\/li>\n<li class=\"\" data-start=\"1414\" data-end=\"1453\">\n<p class=\"\" data-start=\"1416\" data-end=\"1453\">Korrekte Funktion \u2013 stromlos verriegelt<\/p>\n<\/li>\n<li class=\"\" data-start=\"1454\" data-end=\"1482\">\n<p class=\"\" data-start=\"1456\" data-end=\"1482\">F\u00fcr linksangeschlagene T\u00fcren<\/p>\n<\/li>\n<li class=\"\" data-start=\"1483\" data-end=\"1505\">\n<p class=\"\" data-start=\"1485\" data-end=\"1505\">Brandklasse E\/EI 60<\/p>\n<\/li>\n<li class=\"\" data-start=\"1506\" data-end=\"1546\">\n<p class=\"\" data-start=\"1508\" data-end=\"1546\">Eingebauter Kolbenschalter und Riegelschalter<\/p>\n<\/li>\n<li class=\"\" data-start=\"1547\" data-end=\"1577\">\n<p class=\"\" data-start=\"1549\" data-end=\"1577\">Bruchfestigkeit \u00fcber 15 kN<\/p>\n<\/li>\n<li class=\"\" data-start=\"1578\" data-end=\"1611\">\n<p class=\"\" data-start=\"1580\" data-end=\"1611\">H\u00e4lt Formdr\u00fccken bis zu 500 kg stand<\/p>\n<\/li>\n<li class=\"\" data-start=\"1612\" data-end=\"1648\">\n<p class=\"\" data-start=\"1614\" data-end=\"1648\">5 Meter halogenfreies Kabel im Lieferumfang enthalten<\/p>\n<\/li>\n<\/ul>","protected":false},"excerpt":{"rendered":"<p>Hier sehen Sie, welche Pfosten und Modelle aus dem STEP-Sortiment der elektrischen T\u00fcrstopper zusammenpassen.<\/p>\n<h5><strong><a href=\"https:\/\/steplock.com\/sv\/stolpguide\/#!?lang=sv&amp;blog_id=1&amp;paged=1&amp;number=50\" target=\"_blank\" rel=\"noopener\">STEP-Pfostenf\u00fchrung\u00a0<\/a><\/strong><\/h5>\n<h5><strong><a href=\"https:\/\/steplock.com\/sv\/projekteringsguide\/#!?lang=sv&amp;blog_id=1&amp;paged=1&amp;number=999\" target=\"_blank\" rel=\"noopener\">STEP-Designleitfaden<\/a><\/strong><\/h5>","protected":false},"featured_media":139787,"template":"","meta":{"_acf_changed":false},"product_brand":[],"product_cat":[3355],"product_tag":[4198,4200],"class_list":{"0":"post-139789","1":"product","2":"type-product","3":"status-publish","4":"has-post-thumbnail","6":"product_cat-elslutbleck","7":"product_tag-12v","8":"product_tag-rattvand","9":"product_shipping_class-tunga-paket","10":"pa_brands-step","11":"tm-no-options","13":"first","14":"instock","15":"sale","16":"taxable","17":"shipping-taxable","18":"purchasable","19":"product-type-simple"},"acf":[],"_links":{"self":[{"href":"https:\/\/secureus.se\/de\/wp-json\/wp\/v2\/product\/139789","targetHints":{"allow":["GET"]}}],"collection":[{"href":"https:\/\/secureus.se\/de\/wp-json\/wp\/v2\/product"}],"about":[{"href":"https:\/\/secureus.se\/de\/wp-json\/wp\/v2\/types\/product"}],"wp:featuredmedia":[{"embeddable":true,"href":"https:\/\/secureus.se\/de\/wp-json\/wp\/v2\/media\/139787"}],"wp:attachment":[{"href":"https:\/\/secureus.se\/de\/wp-json\/wp\/v2\/media?parent=139789"}],"wp:term":[{"taxonomy":"product_brand","embeddable":true,"href":"https:\/\/secureus.se\/de\/wp-json\/wp\/v2\/product_brand?post=139789"},{"taxonomy":"product_cat","embeddable":true,"href":"https:\/\/secureus.se\/de\/wp-json\/wp\/v2\/product_cat?post=139789"},{"taxonomy":"product_tag","embeddable":true,"href":"https:\/\/secureus.se\/de\/wp-json\/wp\/v2\/product_tag?post=139789"}],"curies":[{"name":"wp","href":"https:\/\/api.w.org\/{rel}","templated":true}]}}