{"id":139800,"date":"2023-09-26T13:07:29","date_gmt":"2023-09-26T11:07:29","guid":{"rendered":"https:\/\/secureus.se\/elslutbleck-step-28e-hoger-rattvand-12v-7mm-regel\/"},"modified":"2026-04-08T16:11:31","modified_gmt":"2026-04-08T14:11:31","slug":"elslutbleck-step-28e-hoger-rattvand-12v-7mm-regel","status":"publish","type":"product","link":"https:\/\/secureus.se\/de\/elslutbleck-step-28e-hoger-rattvand-12v-7mm-regel\/","title":{"rendered":"Elektrische Endplatte SCHRITT 28E Rechts Rechtsgerichtet 12 V 7 mm Regel"},"content":{"rendered":"<h1>Elektrische Endplatte SCHRITT 28E Rechts Rechtsgerichtet 12 V 7 mm Regel<\/h1>\n<p>STEP 28E Secure ist ein feuerfester elektrischer T\u00fcr\u00f6ffner f\u00fcr rechts angeschlagene T\u00fcren mit einem 7-mm-Riegel. Korrekte Funktion, Kolbenkontakt und hohe Sicherheit. Lieferung mit 5 m Kabel.<\/p>\n<p>Der sichere elektrische T\u00fcr\u00f6ffner STEP 28E bietet eine robuste L\u00f6sung f\u00fcr Umgebungen, in denen Sicherheit, Brandschutzanforderungen und Evakuierung mit einer automatischen T\u00fcrsteuerung kombiniert werden m\u00fcssen.<\/p>\n<p>Dieser T\u00fcr\u00f6ffner ist f\u00fcr den Einsatz mit Riegelschl\u00f6ssern der Connect-Serie, insbesondere bei Verwendung eines 7 mm Riegels, entwickelt und f\u00fcr rechts angeschlagene T\u00fcren vorgesehen.<\/p>\n<p class=\"\" data-start=\"572\" data-end=\"916\">Durch die Rechtsfunktion wird der T\u00fcr\u00f6ffner in der stromlosen Stellung verriegelt und gew\u00e4hrleistet so, dass die T\u00fcr bei einem Stromausfall verriegelt bleibt \u2013 ein wichtiger Aspekt in sicherheitsklassifizierten Umgebungen.<\/p>\n<p class=\"\" data-start=\"572\" data-end=\"916\">STEP 28E Secure ist gem\u00e4\u00df den geltenden Normen f\u00fcr einen Feuerwiderstand bis E\/EI 60 zugelassen und wird h\u00e4ufig in Kombination mit Nott\u00fcrschl\u00f6ssern gem\u00e4\u00df SS-EN 179 verwendet.<\/p>\n<p class=\"\" data-start=\"918\" data-end=\"1240\">Der elektrische T\u00fcr\u00f6ffner verf\u00fcgt \u00fcber einen eingebauten Kolbenkontakt und einen Riegelkontakt zur Anzeige des T\u00fcrstatus, wodurch die Anbindung an Zutrittskontrollsysteme, Alarmanlagen oder andere Steuerungssysteme m\u00f6glich ist.<\/p>\n<p class=\"\" data-start=\"918\" data-end=\"1240\">Die Bruchfestigkeit liegt bei \u00fcber 15 kN und das Ger\u00e4t arbeitet auch bei Banddr\u00fccken bis zu 500 kg. Die manipulationssichere Konstruktion sorgt f\u00fcr mehr Sicherheit und Zuverl\u00e4ssigkeit.<\/p>\n<p class=\"\" data-start=\"1242\" data-end=\"1374\">Das Produkt wird mit einem 5 Meter langen halogenfreien Anschlusskabel geliefert und l\u00e4sst sich dank seines durchdachten Designs und der Edelstahloberfl\u00e4che einfach installieren.<\/p>\n<p class=\"\" data-start=\"1376\" data-end=\"1404\"><strong data-start=\"1376\" data-end=\"1402\">Eigenschaften und Vorteile:<\/strong><\/p>\n<ul data-start=\"1405\" data-end=\"1674\">\n<li class=\"\" data-start=\"1405\" data-end=\"1439\">\n<p class=\"\" data-start=\"1407\" data-end=\"1439\">F\u00fcr 7 mm Kolben der Connect-Serie<\/p>\n<\/li>\n<li class=\"\" data-start=\"1440\" data-end=\"1479\">\n<p class=\"\" data-start=\"1442\" data-end=\"1479\">Korrekte Funktion \u2013 stromlos verriegelt<\/p>\n<\/li>\n<li class=\"\" data-start=\"1480\" data-end=\"1515\">\n<p class=\"\" data-start=\"1482\" data-end=\"1515\">Passend f\u00fcr rechts angeschlagene T\u00fcren<\/p>\n<\/li>\n<li class=\"\" data-start=\"1516\" data-end=\"1538\">\n<p class=\"\" data-start=\"1518\" data-end=\"1538\">Brandklasse E\/EI 60<\/p>\n<\/li>\n<li class=\"\" data-start=\"1539\" data-end=\"1579\">\n<p class=\"\" data-start=\"1541\" data-end=\"1579\">Eingebauter Kolbenschalter und Riegelschalter<\/p>\n<\/li>\n<li class=\"\" data-start=\"1580\" data-end=\"1613\">\n<p class=\"\" data-start=\"1582\" data-end=\"1613\">H\u00e4lt Formdr\u00fccken bis zu 500 kg stand<\/p>\n<\/li>\n<li class=\"\" data-start=\"1614\" data-end=\"1644\">\n<p class=\"\" data-start=\"1616\" data-end=\"1644\">Bruchfestigkeit \u00fcber 15 kN<\/p>\n<\/li>\n<li class=\"\" data-start=\"1645\" data-end=\"1674\">\n<p class=\"\" data-start=\"1647\" data-end=\"1674\">Lieferung mit 5 Meter langem Kabel<\/p>\n<\/li>\n<\/ul>","protected":false},"excerpt":{"rendered":"<p>Hier sehen Sie, welche Pfosten und Modelle aus dem STEP-Sortiment der elektrischen T\u00fcrstopper zusammenpassen.<\/p>\n<h5><strong><a href=\"https:\/\/steplock.com\/sv\/stolpguide\/#!?lang=sv&amp;blog_id=1&amp;paged=1&amp;number=50\" target=\"_blank\" rel=\"noopener\">STEP-Pfostenf\u00fchrung\u00a0<\/a><\/strong><\/h5>\n<h5><strong><a href=\"https:\/\/steplock.com\/sv\/projekteringsguide\/#!?lang=sv&amp;blog_id=1&amp;paged=1&amp;number=999\" target=\"_blank\" rel=\"noopener\">STEP-Designleitfaden<\/a><\/strong><\/h5>","protected":false},"featured_media":139798,"template":"","meta":{"_acf_changed":false},"product_brand":[],"product_cat":[3355],"product_tag":[4198,4200],"class_list":{"0":"post-139800","1":"product","2":"type-product","3":"status-publish","4":"has-post-thumbnail","6":"product_cat-elslutbleck","7":"product_tag-12v","8":"product_tag-rattvand","9":"product_shipping_class-tunga-paket","10":"pa_brands-step","11":"tm-no-options","13":"first","14":"onbackorder","15":"sale","16":"taxable","17":"shipping-taxable","18":"purchasable","19":"product-type-simple"},"acf":[],"_links":{"self":[{"href":"https:\/\/secureus.se\/de\/wp-json\/wp\/v2\/product\/139800","targetHints":{"allow":["GET"]}}],"collection":[{"href":"https:\/\/secureus.se\/de\/wp-json\/wp\/v2\/product"}],"about":[{"href":"https:\/\/secureus.se\/de\/wp-json\/wp\/v2\/types\/product"}],"wp:featuredmedia":[{"embeddable":true,"href":"https:\/\/secureus.se\/de\/wp-json\/wp\/v2\/media\/139798"}],"wp:attachment":[{"href":"https:\/\/secureus.se\/de\/wp-json\/wp\/v2\/media?parent=139800"}],"wp:term":[{"taxonomy":"product_brand","embeddable":true,"href":"https:\/\/secureus.se\/de\/wp-json\/wp\/v2\/product_brand?post=139800"},{"taxonomy":"product_cat","embeddable":true,"href":"https:\/\/secureus.se\/de\/wp-json\/wp\/v2\/product_cat?post=139800"},{"taxonomy":"product_tag","embeddable":true,"href":"https:\/\/secureus.se\/de\/wp-json\/wp\/v2\/product_tag?post=139800"}],"curies":[{"name":"wp","href":"https:\/\/api.w.org\/{rel}","templated":true}]}}