{"id":139811,"date":"2023-09-26T13:07:26","date_gmt":"2023-09-26T11:07:26","guid":{"rendered":"https:\/\/secureus.se\/elslutbleck-step-28e-vanster-rattvand-24v-12mm-regel\/"},"modified":"2026-03-26T09:49:50","modified_gmt":"2026-03-26T08:49:50","slug":"elslutbleck-step-28e-vanster-rattvand-24v-12mm-regel","status":"publish","type":"product","link":"https:\/\/secureus.se\/de\/elslutbleck-step-28e-vanster-rattvand-24v-12mm-regel\/","title":{"rendered":"Elektrische Endplatte SCHRITT 28E Links rechts gerichtet 24 V 12 mm Regel"},"content":{"rendered":"<h1>Elektrische Endplatte SCHRITT 28E Links rechts gerichtet 24 V 12 mm Regel<\/h1>\n<p>Elektro-T\u00fcr\u00f6ffner STEP 28E Secure mit Rechtsfunktion f\u00fcr links angeschlagene T\u00fcren und 12 mm Kolben in der Modul-Serie. Feuerwiderstandsklasse E\/EI 60. Inkl. 5 m halogenfreies Kabel.<\/p>\n<p>STEP 28E Secure ist ein leistungsstarker und vielseitiger elektrischer T\u00fcr\u00f6ffner, der die Kombination von Einbruchschutz, Feuerbest\u00e4ndigkeit und Evakuierungsanforderungen erm\u00f6glicht \u2013 ideal f\u00fcr T\u00fcrumgebungen mit automatischen T\u00fcrsystemen oder Zuggriffen.<\/p>\n<p>Dieses Modell ist speziell f\u00fcr links angeschlagene T\u00fcren angepasst und wird zusammen mit dem 12-mm-Kolben der Modul-Serie verwendet, der eine hohe Sicherheit gegen Manipulation und physische Einwirkung bietet.<\/p>\n<p class=\"\" data-start=\"662\" data-end=\"968\">Mit der Rechtsfunktion bleibt der T\u00fcr\u00f6ffner bei einem Stromausfall verriegelt und bietet so zus\u00e4tzlichen Schutz.<\/p>\n<p class=\"\" data-start=\"662\" data-end=\"968\">Das Produkt ist nach der Brandschutzklasse E\/EI 60 zugelassen und dank des eingebauten Kolben- und Fallenkontakts kann der T\u00fcrstatus (offen\/geschlossen und verriegelt\/entriegelt) \u00fcber die Zutrittskontrolle oder Alarme in Echtzeit \u00fcberwacht werden.<\/p>\n<p class=\"\" data-start=\"970\" data-end=\"1308\">STEP 28E Secure ist manipulationssicher, verf\u00fcgt \u00fcber eine sehr hohe Bruchfestigkeit (\u00fcber 15 kN) und garantiert sicheres \u00d6ffnen auch bei einem Leistendruck von bis zu 500 kg.<\/p>\n<p class=\"\" data-start=\"970\" data-end=\"1308\">Das kompakte und robuste Edelstahldesign macht es zu einer ausgezeichneten Wahl f\u00fcr Umgebungen, in denen Zuverl\u00e4ssigkeit und Haltbarkeit entscheidend sind. Wird komplett mit 5 Metern halogenfreiem Anschlusskabel geliefert.<\/p>\n<p class=\"\" data-start=\"1310\" data-end=\"1338\"><strong data-start=\"1310\" data-end=\"1336\">Eigenschaften und Vorteile:<\/strong><\/p>\n<ul data-start=\"1339\" data-end=\"1608\">\n<li class=\"\" data-start=\"1339\" data-end=\"1375\">\n<p class=\"\" data-start=\"1341\" data-end=\"1375\">Passend f\u00fcr 12 mm Kolben der Modul-Serie<\/p>\n<\/li>\n<li class=\"\" data-start=\"1376\" data-end=\"1415\">\n<p class=\"\" data-start=\"1378\" data-end=\"1415\">Korrekte Funktion \u2013 stromlos verriegelt<\/p>\n<\/li>\n<li class=\"\" data-start=\"1416\" data-end=\"1453\">\n<p class=\"\" data-start=\"1418\" data-end=\"1453\">Geeignet f\u00fcr links angeschlagene T\u00fcren<\/p>\n<\/li>\n<li class=\"\" data-start=\"1454\" data-end=\"1485\">\n<p class=\"\" data-start=\"1456\" data-end=\"1485\">Brandschutzklasse E\/EI 60<\/p>\n<\/li>\n<li class=\"\" data-start=\"1486\" data-end=\"1520\">\n<p class=\"\" data-start=\"1488\" data-end=\"1520\">Eingebauter Kolben- und Riegelschalter<\/p>\n<\/li>\n<li class=\"\" data-start=\"1521\" data-end=\"1551\">\n<p class=\"\" data-start=\"1523\" data-end=\"1551\">Bruchfestigkeit \u00fcber 15 kN<\/p>\n<\/li>\n<li class=\"\" data-start=\"1552\" data-end=\"1579\">\n<p class=\"\" data-start=\"1554\" data-end=\"1579\">H\u00e4lt einem Streifendruck von 500 kg stand<\/p>\n<\/li>\n<li class=\"\" data-start=\"1580\" data-end=\"1608\">\n<p class=\"\" data-start=\"1582\" data-end=\"1608\">Inkl. 5 m halogenfreies Kabel<\/p>\n<\/li>\n<\/ul>","protected":false},"excerpt":{"rendered":"<p>Hier sehen Sie, welche Pfosten und Modelle aus dem STEP-Sortiment der elektrischen T\u00fcrstopper zusammenpassen.<\/p>\n<h5><strong><a href=\"https:\/\/steplock.com\/sv\/stolpguide\/#!?lang=sv&amp;blog_id=1&amp;paged=1&amp;number=50\" target=\"_blank\" rel=\"noopener\">STEP-Pfostenf\u00fchrung\u00a0<\/a><\/strong><\/h5>\n<h5><strong><a href=\"https:\/\/steplock.com\/sv\/projekteringsguide\/#!?lang=sv&amp;blog_id=1&amp;paged=1&amp;number=999\" target=\"_blank\" rel=\"noopener\">STEP-Designleitfaden<\/a><\/strong><\/h5>","protected":false},"featured_media":139809,"template":"","meta":{"_acf_changed":false},"product_brand":[],"product_cat":[3355],"product_tag":[4197,4200],"class_list":{"0":"post-139811","1":"product","2":"type-product","3":"status-publish","4":"has-post-thumbnail","6":"product_cat-elslutbleck","7":"product_tag-24v","8":"product_tag-rattvand","9":"product_shipping_class-tunga-paket","10":"pa_brands-step","11":"tm-no-options","13":"first","14":"instock","15":"sale","16":"taxable","17":"shipping-taxable","18":"purchasable","19":"product-type-simple"},"acf":[],"_links":{"self":[{"href":"https:\/\/secureus.se\/de\/wp-json\/wp\/v2\/product\/139811","targetHints":{"allow":["GET"]}}],"collection":[{"href":"https:\/\/secureus.se\/de\/wp-json\/wp\/v2\/product"}],"about":[{"href":"https:\/\/secureus.se\/de\/wp-json\/wp\/v2\/types\/product"}],"wp:featuredmedia":[{"embeddable":true,"href":"https:\/\/secureus.se\/de\/wp-json\/wp\/v2\/media\/139809"}],"wp:attachment":[{"href":"https:\/\/secureus.se\/de\/wp-json\/wp\/v2\/media?parent=139811"}],"wp:term":[{"taxonomy":"product_brand","embeddable":true,"href":"https:\/\/secureus.se\/de\/wp-json\/wp\/v2\/product_brand?post=139811"},{"taxonomy":"product_cat","embeddable":true,"href":"https:\/\/secureus.se\/de\/wp-json\/wp\/v2\/product_cat?post=139811"},{"taxonomy":"product_tag","embeddable":true,"href":"https:\/\/secureus.se\/de\/wp-json\/wp\/v2\/product_tag?post=139811"}],"curies":[{"name":"wp","href":"https:\/\/api.w.org\/{rel}","templated":true}]}}