{"id":139832,"date":"2023-09-26T13:06:48","date_gmt":"2023-09-26T11:06:48","guid":{"rendered":"https:\/\/secureus.se\/elslutbleck-step-30-rattvand-12v\/"},"modified":"2026-03-26T09:54:16","modified_gmt":"2026-03-26T08:54:16","slug":"elslutbleck-step-30-rattvand-12v","status":"publish","type":"product","link":"https:\/\/secureus.se\/de\/elslutbleck-step-30-rattvand-12v\/","title":{"rendered":"Elektrisches Anschlussblatt SCHRITT 30 Nach rechts gerichtete 12 V"},"content":{"rendered":"<h1>Elektrisches Anschlussblatt SCHRITT 30 Nach rechts gerichtete 12 V<\/h1>\n<p>Der elektrische T\u00fcr\u00f6ffner STEP 30 Preload ist ein kompakter elektrischer T\u00fcr\u00f6ffner, der \u00e4ltere Modelle ersetzen und auch in \u00e4lteren T\u00fcrabschnitten eine zuverl\u00e4ssige T\u00fcrumgebung schaffen soll.<\/p>\n<p>Ausgestattet mit HPR\u00ae-Technologie und einer Bruchfestigkeit von 500 kg.<\/p>\n<p class=\"\" data-start=\"372\" data-end=\"812\">Der Elektro-T\u00fcr\u00f6ffner STEP 30 Preload bietet eine zuverl\u00e4ssige L\u00f6sung zum Austausch vorhandener einfacher Elektro-T\u00fcr\u00f6ffner und sorgt f\u00fcr ein sicheres T\u00fcrklima, auch in \u00e4lteren T\u00fcrsegmenten und Nischen.<\/p>\n<p class=\"\" data-start=\"372\" data-end=\"812\">Dieser elektrische T\u00fcr\u00f6ffner ist Teil der Preload-Serie von STEP, die minimale Abmessungen mit hoher Qualit\u00e4t und Flexibilit\u00e4t kombiniert.<\/p>\n<p class=\"\" data-start=\"372\" data-end=\"812\">Ausgestattet mit der patentierten Streifendrucktechnologie von STEP sorgt es daf\u00fcr, dass sich die T\u00fcr auch unter Druck immer \u00f6ffnen l\u00e4sst.<\/p>\n<p class=\"\" data-start=\"814\" data-end=\"1314\">Durch die Rechtslauffunktion wird die T\u00fcr im stromlosen Zustand entriegelt, was ein schnelles \u00d6ffnen der T\u00fcr im Bedarfsfall erm\u00f6glicht.<\/p>\n<p class=\"\" data-start=\"814\" data-end=\"1314\">Ohne Kolbenkontakt ist dieser elektrische T\u00fcr\u00f6ffner ideal f\u00fcr Installationen, bei denen kein Kolbenkontakt erforderlich ist.<\/p>\n<p class=\"\" data-start=\"814\" data-end=\"1314\">Die eingebaute Schutzdiode erh\u00f6ht die Sicherheit und macht es zu einer zuverl\u00e4ssigen L\u00f6sung sowohl f\u00fcr neue als auch f\u00fcr \u00e4ltere T\u00fcrsysteme.<\/p>\n<p class=\"\" data-start=\"814\" data-end=\"1314\">Mit einer Bruchfestigkeit von 5 kN (ca. 500 kg) und der F\u00e4higkeit, sich trotz Banddruck von bis zu 40 kg zu \u00f6ffnen, bietet STEP 30 Preload sowohl Sicherheit als auch Zuverl\u00e4ssigkeit.<\/p>\n<p class=\"\" data-start=\"1316\" data-end=\"1331\"><strong data-start=\"1316\" data-end=\"1331\">Eigenschaften:<\/strong><\/p>\n<ul data-start=\"1332\" data-end=\"1696\">\n<li class=\"\" data-start=\"1332\" data-end=\"1376\">\n<p class=\"\" data-start=\"1334\" data-end=\"1376\">Rechtsgerichtete Funktion (im stromlosen Zustand entriegelt)<\/p>\n<\/li>\n<li class=\"\" data-start=\"1377\" data-end=\"1396\">\n<p class=\"\" data-start=\"1379\" data-end=\"1396\">Kein Kolbenkontakt<\/p>\n<\/li>\n<li class=\"\" data-start=\"1397\" data-end=\"1435\">\n<p class=\"\" data-start=\"1399\" data-end=\"1435\">Eingebaute Schutzdiode f\u00fcr erh\u00f6hte Sicherheit<\/p>\n<\/li>\n<li class=\"\" data-start=\"1436\" data-end=\"1473\">\n<p class=\"\" data-start=\"1438\" data-end=\"1473\">Bruchfestigkeit von 5 kN (ca. 500 kg)<\/p>\n<\/li>\n<li class=\"\" data-start=\"1474\" data-end=\"1576\">\n<p class=\"\" data-start=\"1476\" data-end=\"1576\">Garantiert das \u00d6ffnen trotz Banddruck von bis zu 0,4 kN (ca. 40 kg) sowohl im Vorw\u00e4rts- als auch im R\u00fcckw\u00e4rtsgang<\/p>\n<\/li>\n<li class=\"\" data-start=\"1577\" data-end=\"1636\">\n<p class=\"\" data-start=\"1579\" data-end=\"1636\">Sto\u00dffest und umkehrbar f\u00fcr rechte und linke T\u00fcren<\/p>\n<\/li>\n<li class=\"\" data-start=\"1637\" data-end=\"1679\">\n<p class=\"\" data-start=\"1639\" data-end=\"1679\">Passend f\u00fcr 1-fl\u00fcgelige und 2-fl\u00fcgelige Schl\u00f6sser<\/p>\n<\/li>\n<li class=\"\" data-start=\"1680\" data-end=\"1696\">\n<p class=\"\" data-start=\"1682\" data-end=\"1696\">Kabel nicht im Lieferumfang enthalten<\/p>\n<\/li>\n<\/ul>\n<p class=\"\" data-start=\"1698\" data-end=\"1727\"><strong data-start=\"1698\" data-end=\"1727\">Technische Spezifikationen:<\/strong><\/p>\n<ul data-start=\"1728\" data-end=\"2315\">\n<li class=\"\" data-start=\"1728\" data-end=\"1835\">\n<p class=\"\" data-start=\"1730\" data-end=\"1835\">Stromversorgung: 24 V DC (+15% -10%) 110 mAh \/ max. 300 mA oder 12 V DC (+15% -10%) 220 mAh \/ max. 600 mA<\/p>\n<\/li>\n<li class=\"\" data-start=\"1836\" data-end=\"1876\">\n<p class=\"\" data-start=\"1838\" data-end=\"1876\">Haltbarkeit: Klasse X gem\u00e4\u00df SS-EN 14846<\/p>\n<\/li>\n<li class=\"\" data-start=\"1877\" data-end=\"1916\">\n<p class=\"\" data-start=\"1879\" data-end=\"1916\">Korrosion: Klasse M gem\u00e4\u00df SS-EN 14846<\/p>\n<\/li>\n<li class=\"\" data-start=\"1917\" data-end=\"1955\">\n<p class=\"\" data-start=\"1919\" data-end=\"1955\">Sicherheit: Klasse 3 gem\u00e4\u00df SS-EN 14846<\/p>\n<\/li>\n<li class=\"\" data-start=\"1956\" data-end=\"1981\">\n<p class=\"\" data-start=\"1958\" data-end=\"1981\">Bruchfestigkeit: 500 kg<\/p>\n<\/li>\n<li class=\"\" data-start=\"1982\" data-end=\"2012\">\n<p class=\"\" data-start=\"1984\" data-end=\"2012\">T\u00fcranschlag: Rechts, Links<\/p>\n<\/li>\n<li class=\"\" data-start=\"2013\" data-end=\"2031\">\n<p class=\"\" data-start=\"2015\" data-end=\"2031\">Streifendruck: 40 kg<\/p>\n<\/li>\n<li class=\"\" data-start=\"2032\" data-end=\"2067\">\n<p class=\"\" data-start=\"2034\" data-end=\"2067\">Schlosstyp: Einzelriegelschloss, Doppelriegelschloss<\/p>\n<\/li>\n<li class=\"\" data-start=\"2068\" data-end=\"2123\">\n<p class=\"\" data-start=\"2070\" data-end=\"2123\">Produktabmessungen: Breite: 20,5 mm, Tiefe: 28 mm, H\u00f6he: 99 mm<\/p>\n<\/li>\n<li class=\"\" data-start=\"2124\" data-end=\"2142\">\n<p class=\"\" data-start=\"2126\" data-end=\"2142\">Kolbenkontakt: Nein<\/p>\n<\/li>\n<li class=\"\" data-start=\"2143\" data-end=\"2163\">\n<p class=\"\" data-start=\"2145\" data-end=\"2163\">Spannung AC\/DC: DC<\/p>\n<\/li>\n<li class=\"\" data-start=\"2164\" data-end=\"2186\">\n<p class=\"\" data-start=\"2166\" data-end=\"2186\">Spannung max: 13,8 V<\/p>\n<\/li>\n<li class=\"\" data-start=\"2187\" data-end=\"2209\">\n<p class=\"\" data-start=\"2189\" data-end=\"2209\">Spannung min.: 10,8 V<\/p>\n<\/li>\n<li class=\"\" data-start=\"2210\" data-end=\"2238\">\n<p class=\"\" data-start=\"2212\" data-end=\"2238\">Farbe\/Oberfl\u00e4che: Edelstahl<\/p>\n<\/li>\n<li class=\"\" data-start=\"2239\" data-end=\"2259\">\n<p class=\"\" data-start=\"2241\" data-end=\"2259\">Bauprodukt bewertet: Ja<\/p>\n<\/li>\n<li class=\"\" data-start=\"2260\" data-end=\"2281\">\n<p class=\"\" data-start=\"2262\" data-end=\"2281\">EPD-verifiziert: Nein<\/p>\n<\/li>\n<li class=\"\" data-start=\"2282\" data-end=\"2294\">\n<p class=\"\" data-start=\"2284\" data-end=\"2294\">FINFO: Nein<\/p>\n<\/li>\n<li class=\"\" data-start=\"2295\" data-end=\"2315\">\n<p class=\"\" data-start=\"2297\" data-end=\"2315\">SundaHouse-Bewertung: Ja<\/p>\n<\/li>\n<\/ul>","protected":false},"excerpt":{"rendered":"<p>Hier sehen Sie, welche Pfosten und Modelle aus dem STEP-Sortiment der elektrischen T\u00fcrstopper zusammenpassen.<\/p>\n<h5><strong><a href=\"https:\/\/steplock.com\/sv\/stolpguide\/#!?lang=sv&amp;blog_id=1&amp;paged=1&amp;number=50\" target=\"_blank\" rel=\"noopener\">STEP-Pfostenf\u00fchrung\u00a0<\/a><\/strong><\/h5>\n<h5><strong><a href=\"https:\/\/steplock.com\/sv\/projekteringsguide\/#!?lang=sv&amp;blog_id=1&amp;paged=1&amp;number=999\" target=\"_blank\" rel=\"noopener\">STEP-Designleitfaden<\/a><\/strong><\/h5>","protected":false},"featured_media":139831,"template":"","meta":{"_acf_changed":false},"product_brand":[],"product_cat":[3355],"product_tag":[4198,4200],"class_list":{"0":"post-139832","1":"product","2":"type-product","3":"status-publish","4":"has-post-thumbnail","6":"product_cat-elslutbleck","7":"product_tag-12v","8":"product_tag-rattvand","9":"product_shipping_class-tunga-paket","10":"pa_brands-step","11":"tm-no-options","13":"first","14":"onbackorder","15":"sale","16":"taxable","17":"shipping-taxable","18":"purchasable","19":"product-type-simple"},"acf":[],"_links":{"self":[{"href":"https:\/\/secureus.se\/de\/wp-json\/wp\/v2\/product\/139832","targetHints":{"allow":["GET"]}}],"collection":[{"href":"https:\/\/secureus.se\/de\/wp-json\/wp\/v2\/product"}],"about":[{"href":"https:\/\/secureus.se\/de\/wp-json\/wp\/v2\/types\/product"}],"wp:featuredmedia":[{"embeddable":true,"href":"https:\/\/secureus.se\/de\/wp-json\/wp\/v2\/media\/139831"}],"wp:attachment":[{"href":"https:\/\/secureus.se\/de\/wp-json\/wp\/v2\/media?parent=139832"}],"wp:term":[{"taxonomy":"product_brand","embeddable":true,"href":"https:\/\/secureus.se\/de\/wp-json\/wp\/v2\/product_brand?post=139832"},{"taxonomy":"product_cat","embeddable":true,"href":"https:\/\/secureus.se\/de\/wp-json\/wp\/v2\/product_cat?post=139832"},{"taxonomy":"product_tag","embeddable":true,"href":"https:\/\/secureus.se\/de\/wp-json\/wp\/v2\/product_tag?post=139832"}],"curies":[{"name":"wp","href":"https:\/\/api.w.org\/{rel}","templated":true}]}}