{"id":139859,"date":"2023-09-26T13:08:06","date_gmt":"2023-09-26T11:08:06","guid":{"rendered":"https:\/\/secureus.se\/elslutbleck-step-48-omstallbar-24v-kolvkontakt\/"},"modified":"2026-03-26T09:48:04","modified_gmt":"2026-03-26T08:48:04","slug":"elslutbleck-step-48-omstallbar-24v-kolvkontakt","status":"publish","type":"product","link":"https:\/\/secureus.se\/de\/elslutbleck-step-48-omstallbar-24v-kolvkontakt\/","title":{"rendered":"Elektrische Anschlussplatte STEP 48 Einstellbarer 24-V-Kolbenkontakt"},"content":{"rendered":"<h1>Elektrische Anschlussplatte STEP 48 Einstellbarer 24-V-Kolbenkontakt<\/h1>\n<p>STEP 48 Vorspann-Elektrot\u00fcr\u00f6ffner mit umschaltbarer Funktion f\u00fcr Vorw\u00e4rts-\/R\u00fcckw\u00e4rtslauf. Kolbenkontakt, Streifendrucktechnik und kompakte Bauweise f\u00fcr sichere Verriegelung.<\/p>\n<p class=\"\" data-start=\"230\" data-end=\"712\">Der elektrische T\u00fcr\u00f6ffner STEP 48 Preload ist ein kompakter und vielseitiger elektrischer T\u00fcr\u00f6ffner f\u00fcr T\u00fcrumgebungen, in denen Flexibilit\u00e4t, Sicherheit und hohe Betriebszuverl\u00e4ssigkeit erforderlich sind.<\/p>\n<p class=\"\" data-start=\"230\" data-end=\"712\">Dank der Wendefunktion l\u00e4sst sich die Platte je nach Installationsbedarf einfach zwischen nach vorne gerichtet (bei Stromausfall verriegelt) und nach hinten gerichtet (bei Stromausfall entriegelt) umstellen.<\/p>\n<p class=\"\" data-start=\"230\" data-end=\"712\">Dadurch eignet sich das Produkt besonders f\u00fcr Umgebungen, in denen sich die Betriebsbedingungen \u00e4ndern k\u00f6nnen oder besondere Sicherheitsanforderungen gelten.<\/p>\n<p class=\"\" data-start=\"714\" data-end=\"1106\">Dieser T\u00fcr\u00f6ffner ist mit der patentierten Leistendrucktechnik von STEP ausgestattet, wodurch die T\u00fcr auch bei einem Leistendruck von bis zu 40 kg entriegelt werden kann \u2013 eine Funktion, die einen problemlosen Betrieb in engen oder freiliegenden T\u00fcrbereichen gew\u00e4hrleistet.<\/p>\n<p class=\"\" data-start=\"714\" data-end=\"1106\">Der Kolbenkontakt bietet eine zuverl\u00e4ssige Anzeige des T\u00fcrstatus (offen\/geschlossen), was STEP 48 zu einer ausgezeichneten Wahl f\u00fcr die Integration in Zugangskontrollsysteme oder Alarme macht.<\/p>\n<p class=\"\" data-start=\"1108\" data-end=\"1340\">STEP 48 h\u00e4lt einer Bruchfestigkeit von 9 kN stand und ist umkehrbar, sodass es sowohl an rechts- als auch an linksangeschlagenen T\u00fcren passt.<\/p>\n<p class=\"\" data-start=\"1108\" data-end=\"1340\">Es ist au\u00dferdem mit Hakenriegel- und Riegelschl\u00f6ssern kompatibel und unterst\u00fctzt auch die externe Riegelanzeige \u00fcber das Zubeh\u00f6r ST4880.<\/p>\n<p class=\"\" data-start=\"1342\" data-end=\"1370\"><strong data-start=\"1342\" data-end=\"1368\">Eigenschaften und Vorteile:<\/strong><\/p>\n<ul data-start=\"1371\" data-end=\"1680\">\n<li class=\"\" data-start=\"1371\" data-end=\"1421\">\n<p class=\"\" data-start=\"1373\" data-end=\"1421\">Umschaltbar zwischen Vorw\u00e4rts- und R\u00fcckw\u00e4rtsfunktion<\/p>\n<\/li>\n<li class=\"\" data-start=\"1422\" data-end=\"1466\">\n<p class=\"\" data-start=\"1424\" data-end=\"1466\">St\u00f6\u00dfelschalter zur T\u00fcrzustandsanzeige<\/p>\n<\/li>\n<li class=\"\" data-start=\"1467\" data-end=\"1502\">\n<p class=\"\" data-start=\"1469\" data-end=\"1502\">H\u00e4lt einem Druck von bis zu 40 kg stand<\/p>\n<\/li>\n<li class=\"\" data-start=\"1503\" data-end=\"1527\">\n<p class=\"\" data-start=\"1505\" data-end=\"1527\">Bruchfestigkeit 9 kN<\/p>\n<\/li>\n<li class=\"\" data-start=\"1528\" data-end=\"1568\">\n<p class=\"\" data-start=\"1530\" data-end=\"1568\">Kompatibel mit dem Regelindikator ST4880<\/p>\n<\/li>\n<li class=\"\" data-start=\"1569\" data-end=\"1605\">\n<p class=\"\" data-start=\"1571\" data-end=\"1605\">Umkehrbar f\u00fcr rechte\/linke T\u00fcren<\/p>\n<\/li>\n<li class=\"\" data-start=\"1606\" data-end=\"1643\">\n<p class=\"\" data-start=\"1608\" data-end=\"1643\">Schutzdiode und Klopfsicherung inklusive<\/p>\n<\/li>\n<li class=\"\" data-start=\"1644\" data-end=\"1680\">\n<p class=\"\" data-start=\"1646\" data-end=\"1680\">F\u00fcr Einfallen- und Doppelfallenschl\u00f6sser<\/p>\n<\/li>\n<\/ul>\n<p class=\"\" data-start=\"1682\" data-end=\"1867\"><strong data-start=\"1682\" data-end=\"1705\">Einsatzgebiete:<\/strong><br data-start=\"1705\" data-end=\"1708\" \/>Geeignet f\u00fcr B\u00fcros, Schulen, Gewerbeimmobilien und andere T\u00fcrumgebungen, in denen unterschiedliche Schlie\u00dfregeln erforderlich sind, sowie f\u00fcr T\u00fcren mit Kn\u00e4ufen, Schl\u00fcsseln und automatischer Entriegelung.<\/p>\n<p class=\"\" data-start=\"1869\" data-end=\"2251\"><strong data-start=\"1869\" data-end=\"1898\">Technische Spezifikationen:<\/strong><br data-start=\"1898\" data-end=\"1901\" \/>Betriebsspannung: 24 V DC (21,6-27,6 V)<br data-start=\"1937\" data-end=\"1940\" \/>Stromverbrauch: 110 mAh \/ max. 300 mA<br data-start=\"1978\" data-end=\"1981\" \/>Kolbenkontakt: Mikroschalter, 30 V DC \/ 1 A<br data-start=\"2021\" data-end=\"2024\" \/>Bruchfestigkeit: 900 kg<br data-start=\"2047\" data-end=\"2050\" \/>Streifendruck: 40 kg<br data-start=\"2066\" data-end=\"2069\" \/>T\u00fcranschlag: Rechts\/Links<br data-start=\"2096\" data-end=\"2099\" \/>Schlosstyp: Einzelriegelschloss, Doppelriegelschloss<br data-start=\"2132\" data-end=\"2135\" \/>Abmessungen (BxTxH): 25 x 35 x 90 mm<br data-start=\"2164\" data-end=\"2167\" \/>Oberfl\u00e4chenbehandlung: Edelstahl<br data-start=\"2188\" data-end=\"2191\" \/>Bauprodukt bewertet: Ja<br data-start=\"2209\" data-end=\"2212\" \/>SundaHouse-Bewertung: Ja<br data-start=\"2230\" data-end=\"2233\" \/>Kabel enthalten: Nein<\/p>","protected":false},"excerpt":{"rendered":"<p>Hier sehen Sie, welche Pfosten und Modelle aus dem STEP-Sortiment der elektrischen T\u00fcrstopper zusammenpassen.<\/p>\n<h5><strong><a href=\"https:\/\/steplock.com\/sv\/stolpguide\/#!?lang=sv&amp;blog_id=1&amp;paged=1&amp;number=50\" target=\"_blank\" rel=\"noopener\">STEP-Pfostenf\u00fchrung\u00a0<\/a><\/strong><\/h5>\n<h5><strong><a href=\"https:\/\/steplock.com\/sv\/projekteringsguide\/#!?lang=sv&amp;blog_id=1&amp;paged=1&amp;number=999\" target=\"_blank\" rel=\"noopener\">STEP-Designleitfaden<\/a><\/strong><\/h5>","protected":false},"featured_media":139857,"template":"","meta":{"_acf_changed":false},"product_brand":[],"product_cat":[3355],"product_tag":[4197,4202],"class_list":{"0":"post-139859","1":"product","2":"type-product","3":"status-publish","4":"has-post-thumbnail","6":"product_cat-elslutbleck","7":"product_tag-24v","8":"product_tag-omstallbar-rattvand-omvand","9":"product_shipping_class-tunga-paket","10":"pa_brands-step","11":"tm-no-options","13":"first","14":"instock","15":"sale","16":"taxable","17":"shipping-taxable","18":"purchasable","19":"product-type-simple"},"acf":[],"_links":{"self":[{"href":"https:\/\/secureus.se\/de\/wp-json\/wp\/v2\/product\/139859","targetHints":{"allow":["GET"]}}],"collection":[{"href":"https:\/\/secureus.se\/de\/wp-json\/wp\/v2\/product"}],"about":[{"href":"https:\/\/secureus.se\/de\/wp-json\/wp\/v2\/types\/product"}],"wp:featuredmedia":[{"embeddable":true,"href":"https:\/\/secureus.se\/de\/wp-json\/wp\/v2\/media\/139857"}],"wp:attachment":[{"href":"https:\/\/secureus.se\/de\/wp-json\/wp\/v2\/media?parent=139859"}],"wp:term":[{"taxonomy":"product_brand","embeddable":true,"href":"https:\/\/secureus.se\/de\/wp-json\/wp\/v2\/product_brand?post=139859"},{"taxonomy":"product_cat","embeddable":true,"href":"https:\/\/secureus.se\/de\/wp-json\/wp\/v2\/product_cat?post=139859"},{"taxonomy":"product_tag","embeddable":true,"href":"https:\/\/secureus.se\/de\/wp-json\/wp\/v2\/product_tag?post=139859"}],"curies":[{"name":"wp","href":"https:\/\/api.w.org\/{rel}","templated":true}]}}