{"id":139871,"date":"2023-09-26T13:08:04","date_gmt":"2023-09-26T11:08:04","guid":{"rendered":"https:\/\/secureus.se\/elslutbleck-step-48-omvand-24v\/"},"modified":"2026-04-23T12:31:39","modified_gmt":"2026-04-23T10:31:39","slug":"elslutbleck-step-48-omvand-24v","status":"publish","type":"product","link":"https:\/\/secureus.se\/de\/elslutbleck-step-48-omvand-24v\/","title":{"rendered":"Elektrische Anschlussplatte SCHRITT 48 Reverse 24V"},"content":{"rendered":"<h1>Elektrische Anschlussplatte SCHRITT 48 Reverse 24V<\/h1>\n<p>STEP 48 Preload ist ein elektrischer T\u00fcr\u00f6ffner mit R\u00fcckw\u00e4rtsfunktion f\u00fcr T\u00fcren mit Knauf oder Schl\u00fcssel. Kompaktes Design, Streifendrucktechnologie und hohe Betriebssicherheit \u2013 perfekt f\u00fcr moderne T\u00fcrumgebungen.<\/p>\n<p class=\"\" data-start=\"246\" data-end=\"586\">Der elektrische T\u00fcr\u00f6ffner STEP 48 Preload ist ein zuverl\u00e4ssiger elektrischer T\u00fcr\u00f6ffner, der f\u00fcr die Tagesverriegelung in Umgebungen geeignet ist, in denen die T\u00fcr mit einem Knauf oder Schl\u00fcssel verschlossen ist.<\/p>\n<p class=\"\" data-start=\"246\" data-end=\"586\">Dieses Modell verf\u00fcgt \u00fcber eine Umkehrfunktion, die bei einem Stromausfall die Platte entriegelt \u2013 eine Funktion, die h\u00e4ufig bei Fluchtwegen und T\u00fcren gefordert wird, bei denen Barrierefreiheit im Vordergrund steht.<\/p>\n<p class=\"\" data-start=\"588\" data-end=\"954\">Der elektrische T\u00fcr\u00f6ffner ist mit der patentierten Leistendrucktechnik von STEP ausgestattet, die eine Entriegelung der T\u00fcr auch bei einem Leistendruck von bis zu 40 kg erm\u00f6glicht.<\/p>\n<p class=\"\" data-start=\"588\" data-end=\"954\">Dies tr\u00e4gt zu einem problemlosen Betrieb in T\u00fcrumgebungen bei, die h\u00e4ufig Druck ausgesetzt sind, wie z. B. von T\u00fcrdichtungen oder \u00dcberdruck.<\/p>\n<p class=\"\" data-start=\"588\" data-end=\"954\">Das Produkt ist manipulationssicher und verf\u00fcgt \u00fcber eine eingebaute Schutzdiode f\u00fcr einen sicheren Betrieb und Schutz vor Spannungsspitzen.<\/p>\n<p class=\"\" data-start=\"956\" data-end=\"1203\">STEP 48 ist reversibel und kann sowohl in rechts- als auch in linksangeschlagene T\u00fcren eingebaut werden.<\/p>\n<p class=\"\" data-start=\"956\" data-end=\"1203\">Zudem ist es mit Schlossgeh\u00e4usen mit Haken- oder L\u00e4ngsriegel kompatibel und h\u00e4lt einer Bruchlast von bis zu 900 kg stand, sodass auch stark frequentierte T\u00fcren sicher verschlossen bleiben.<\/p>\n<p class=\"\" data-start=\"1205\" data-end=\"1233\"><strong data-start=\"1205\" data-end=\"1231\">Eigenschaften und Vorteile:<\/strong><\/p>\n<ul data-start=\"1234\" data-end=\"1512\">\n<li class=\"\" data-start=\"1234\" data-end=\"1278\">\n<p class=\"\" data-start=\"1236\" data-end=\"1278\">R\u00fcckw\u00e4rtsfunktion \u2013 Entriegelung im stromlosen Zustand<\/p>\n<\/li>\n<li class=\"\" data-start=\"1279\" data-end=\"1327\">\n<p class=\"\" data-start=\"1281\" data-end=\"1327\">Patentierte Streifendrucktechnologie (bis 40 kg)<\/p>\n<\/li>\n<li class=\"\" data-start=\"1328\" data-end=\"1379\">\n<p class=\"\" data-start=\"1330\" data-end=\"1379\">Kompatibel mit ST4880-Regelanzeige (optional)<\/p>\n<\/li>\n<li class=\"\" data-start=\"1380\" data-end=\"1405\">\n<p class=\"\" data-start=\"1382\" data-end=\"1405\">Umkehrbar rechts\/links<\/p>\n<\/li>\n<li class=\"\" data-start=\"1406\" data-end=\"1443\">\n<p class=\"\" data-start=\"1408\" data-end=\"1443\">Schutzdiode und Klopfsicherung inklusive<\/p>\n<\/li>\n<li class=\"\" data-start=\"1444\" data-end=\"1474\">\n<p class=\"\" data-start=\"1446\" data-end=\"1474\">F\u00fcr Haken und Lineal<\/p>\n<\/li>\n<li class=\"\" data-start=\"1475\" data-end=\"1512\">\n<p class=\"\" data-start=\"1477\" data-end=\"1512\">Hohe Betriebssicherheit bei kompakten Abmessungen<\/p>\n<\/li>\n<\/ul>\n<p class=\"\" data-start=\"1514\" data-end=\"1680\"><strong data-start=\"1514\" data-end=\"1537\">Einsatzgebiete:<\/strong><br data-start=\"1537\" data-end=\"1540\" \/>Ideal f\u00fcr R\u00e4ume, die einen sicheren und zuverl\u00e4ssigen Tagesverschluss ben\u00f6tigen, zB. B\u00fcros, Flure, Treppenh\u00e4user, Wohnungseing\u00e4nge oder Fluchtwege.<\/p>\n<p class=\"\" data-start=\"1682\" data-end=\"2040\"><strong data-start=\"1682\" data-end=\"1711\">Technische Spezifikationen:<\/strong><br data-start=\"1711\" data-end=\"1714\" \/>Betriebsspannung: 24 V DC (21,6-27,6 V)<br data-start=\"1750\" data-end=\"1753\" \/>Stromverbrauch: 110 mAh \/ max. 300 mA<br data-start=\"1791\" data-end=\"1794\" \/>Bruchfestigkeit: 900 kg<br data-start=\"1817\" data-end=\"1820\" \/>Streifendruck: 40 kg<br data-start=\"1836\" data-end=\"1839\" \/>T\u00fcranschlag: Rechts\/Links<br data-start=\"1866\" data-end=\"1869\" \/>Kabel enthalten: Nein<br data-start=\"1885\" data-end=\"1888\" \/>Schlosstyp: Einzelriegelschloss, Doppelriegelschloss<br data-start=\"1921\" data-end=\"1924\" \/>Abmessungen (BxTxH): 25 x 35 x 90 mm<br data-start=\"1953\" data-end=\"1956\" \/>Oberfl\u00e4chenbehandlung: Edelstahl<br data-start=\"1977\" data-end=\"1980\" \/>Bauprodukt bewertet: Ja<br data-start=\"1998\" data-end=\"2001\" \/>SundaHouse-Bewertung: Ja<br data-start=\"2019\" data-end=\"2022\" \/>Kolbenkontakt: Nein<\/p>","protected":false},"excerpt":{"rendered":"<p>Hier sehen Sie, welche Pfosten und Modelle aus dem STEP-Sortiment der elektrischen T\u00fcrstopper zusammenpassen.<\/p>\n<h5><strong><a href=\"https:\/\/steplock.com\/sv\/stolpguide\/#!?lang=sv&amp;blog_id=1&amp;paged=1&amp;number=50\" target=\"_blank\" rel=\"noopener\">STEP-Pfostenf\u00fchrung\u00a0<\/a><\/strong><\/h5>\n<h5><strong><a href=\"https:\/\/steplock.com\/sv\/projekteringsguide\/#!?lang=sv&amp;blog_id=1&amp;paged=1&amp;number=999\" target=\"_blank\" rel=\"noopener\">STEP-Designleitfaden<\/a><\/strong><\/h5>","protected":false},"featured_media":139868,"template":"","meta":{"_acf_changed":false},"product_brand":[],"product_cat":[3355],"product_tag":[4197,4201],"class_list":{"0":"post-139871","1":"product","2":"type-product","3":"status-publish","4":"has-post-thumbnail","6":"product_cat-elslutbleck","7":"product_tag-24v","8":"product_tag-omvand","9":"product_shipping_class-tunga-paket","10":"pa_brands-step","11":"tm-no-options","13":"first","14":"onbackorder","15":"sale","16":"taxable","17":"shipping-taxable","18":"purchasable","19":"product-type-simple"},"acf":[],"_links":{"self":[{"href":"https:\/\/secureus.se\/de\/wp-json\/wp\/v2\/product\/139871","targetHints":{"allow":["GET"]}}],"collection":[{"href":"https:\/\/secureus.se\/de\/wp-json\/wp\/v2\/product"}],"about":[{"href":"https:\/\/secureus.se\/de\/wp-json\/wp\/v2\/types\/product"}],"wp:featuredmedia":[{"embeddable":true,"href":"https:\/\/secureus.se\/de\/wp-json\/wp\/v2\/media\/139868"}],"wp:attachment":[{"href":"https:\/\/secureus.se\/de\/wp-json\/wp\/v2\/media?parent=139871"}],"wp:term":[{"taxonomy":"product_brand","embeddable":true,"href":"https:\/\/secureus.se\/de\/wp-json\/wp\/v2\/product_brand?post=139871"},{"taxonomy":"product_cat","embeddable":true,"href":"https:\/\/secureus.se\/de\/wp-json\/wp\/v2\/product_cat?post=139871"},{"taxonomy":"product_tag","embeddable":true,"href":"https:\/\/secureus.se\/de\/wp-json\/wp\/v2\/product_tag?post=139871"}],"curies":[{"name":"wp","href":"https:\/\/api.w.org\/{rel}","templated":true}]}}