{"id":139907,"date":"2023-09-26T13:06:19","date_gmt":"2023-09-26T11:06:19","guid":{"rendered":"https:\/\/secureus.se\/elslutbleck-step-98-omvand-12v\/"},"modified":"2026-04-23T12:56:27","modified_gmt":"2026-04-23T10:56:27","slug":"elslutbleck-step-98-omvand-12v","status":"publish","type":"product","link":"https:\/\/secureus.se\/de\/elslutbleck-step-98-omvand-12v\/","title":{"rendered":"Elektrische Anschlussplatte SCHRITT 98 R\u00fcckw\u00e4rtsgang 12V"},"content":{"rendered":"<h1>Elektrische Anschlussplatte SCHRITT 98 R\u00fcckw\u00e4rtsgang 12V<\/h1>\n<p>Der elektrische T\u00fcr\u00f6ffner STEP 98 Preload ist ein feuerfester und sicherheitsgepr\u00fcfter elektrischer T\u00fcr\u00f6ffner mit hoher Bruchfestigkeit und der F\u00e4higkeit, sich trotz Formdruck zu \u00f6ffnen.<\/p>\n<p class=\"\" data-start=\"290\" data-end=\"657\">STEP 98 Preload ist ein feuerbest\u00e4ndiger elektrischer T\u00fcr\u00f6ffner f\u00fcr T\u00fcren, die Sicherheitsfunktionen und einen zuverl\u00e4ssigen Betrieb erfordern.<\/p>\n<p class=\"\" data-start=\"290\" data-end=\"657\">Dieser T\u00fcr\u00f6ffner ist f\u00fcr eine Feuerbest\u00e4ndigkeit bis E\/EI 120 (120 Minuten) zertifiziert und mit der patentierten Streifendrucktechnologie von STEP ausgestattet, wodurch die T\u00fcr auch bei einer Druckbelastung von bis zu 40 kg immer ge\u00f6ffnet werden kann.<\/p>\n<p class=\"\" data-start=\"659\" data-end=\"1009\">STEP 98 Preload bietet eine R\u00fcckw\u00e4rtsfunktion (in stromloser Position verriegelt) und ist umkehrbar, sodass es sowohl an rechte als auch an linke T\u00fcren passt.<\/p>\n<p class=\"\" data-start=\"659\" data-end=\"1009\">F\u00fcr zus\u00e4tzliche Sicherheit ist das Produkt mit einer Schutzdiode ausgestattet und die Bruchfestigkeit betr\u00e4gt 900 kg.<\/p>\n<p class=\"\" data-start=\"659\" data-end=\"1009\">Der elektrische T\u00fcr\u00f6ffner eignet sich hervorragend f\u00fcr den Einsatz in Bereichen, in denen hohe Sicherheit erforderlich ist, wie etwa in B\u00fcros, Wohnungen oder Gesch\u00e4ftsgeb\u00e4uden.<\/p>\n<p class=\"\" data-start=\"1011\" data-end=\"1028\"><strong data-start=\"1011\" data-end=\"1025\">Eigenschaften<\/strong>:<\/p>\n<ul data-start=\"1029\" data-end=\"1395\">\n<li class=\"\" data-start=\"1029\" data-end=\"1072\">\n<p class=\"\" data-start=\"1031\" data-end=\"1072\">Reversierfunktion (im stromlosen Zustand gesperrt)<\/p>\n<\/li>\n<li class=\"\" data-start=\"1073\" data-end=\"1131\">\n<p class=\"\" data-start=\"1075\" data-end=\"1131\">Feuerfest bis E\/EI 120 gem\u00e4\u00df SS-EN 14846:2008<\/p>\n<\/li>\n<li class=\"\" data-start=\"1132\" data-end=\"1168\">\n<p class=\"\" data-start=\"1134\" data-end=\"1168\">Bruchfestigkeit 9 kN (ca. 900 kg)<\/p>\n<\/li>\n<li class=\"\" data-start=\"1169\" data-end=\"1256\">\n<p class=\"\" data-start=\"1171\" data-end=\"1256\">Garantiert das \u00d6ffnen trotz Banddruck von bis zu 40 kg im Vorw\u00e4rts- und R\u00fcckw\u00e4rtsbetrieb<\/p>\n<\/li>\n<li class=\"\" data-start=\"1257\" data-end=\"1279\">\n<p class=\"\" data-start=\"1259\" data-end=\"1279\">Eingebaute Schutzdiode<\/p>\n<\/li>\n<li class=\"\" data-start=\"1280\" data-end=\"1330\">\n<p class=\"\" data-start=\"1282\" data-end=\"1330\">Umkehrbar, passend f\u00fcr rechte und linke T\u00fcren<\/p>\n<\/li>\n<li class=\"\" data-start=\"1331\" data-end=\"1346\">\n<p class=\"\" data-start=\"1333\" data-end=\"1346\">Antiklopfmittel<\/p>\n<\/li>\n<li class=\"\" data-start=\"1347\" data-end=\"1395\">\n<p class=\"\" data-start=\"1349\" data-end=\"1395\">Kann Haken- oder L\u00e4ngsriegel verriegeln<\/p>\n<\/li>\n<\/ul>\n<p class=\"\" data-start=\"1397\" data-end=\"1428\"><strong data-start=\"1397\" data-end=\"1425\">Technische Spezifikationen<\/strong>:<\/p>\n<ul data-start=\"1429\" data-end=\"2020\">\n<li class=\"\" data-start=\"1429\" data-end=\"1464\">\n<p class=\"\" data-start=\"1431\" data-end=\"1464\"><strong data-start=\"1431\" data-end=\"1454\">Bruchfestigkeit max<\/strong>: 900 kg<\/p>\n<\/li>\n<li class=\"\" data-start=\"1465\" data-end=\"1501\">\n<p class=\"\" data-start=\"1467\" data-end=\"1501\"><strong data-start=\"1467\" data-end=\"1483\">T\u00fcrbehang<\/strong>: Rechts, Links<\/p>\n<\/li>\n<li class=\"\" data-start=\"1502\" data-end=\"1526\">\n<p class=\"\" data-start=\"1504\" data-end=\"1526\"><strong data-start=\"1504\" data-end=\"1519\">Kabel im Lieferumfang enthalten<\/strong>: NEIN<\/p>\n<\/li>\n<li class=\"\" data-start=\"1527\" data-end=\"1551\">\n<p class=\"\" data-start=\"1529\" data-end=\"1551\"><strong data-start=\"1529\" data-end=\"1542\">Listendruck<\/strong>: 40 kg<\/p>\n<\/li>\n<li class=\"\" data-start=\"1552\" data-end=\"1593\">\n<p class=\"\" data-start=\"1554\" data-end=\"1593\"><strong data-start=\"1554\" data-end=\"1564\">Schlosstyp<\/strong>: Einfallenschloss, Doppelfallenschloss<\/p>\n<\/li>\n<li class=\"\" data-start=\"1594\" data-end=\"1622\">\n<p class=\"\" data-start=\"1596\" data-end=\"1622\"><strong data-start=\"1596\" data-end=\"1613\">Breites Produkt<\/strong>: 25 mm<\/p>\n<\/li>\n<li class=\"\" data-start=\"1623\" data-end=\"1649\">\n<p class=\"\" data-start=\"1625\" data-end=\"1649\"><strong data-start=\"1625\" data-end=\"1643\">Baustoffe bewertet<\/strong>: Ja<\/p>\n<\/li>\n<li class=\"\" data-start=\"1650\" data-end=\"1677\">\n<p class=\"\" data-start=\"1652\" data-end=\"1677\"><strong data-start=\"1652\" data-end=\"1668\">Tiefes Produkt<\/strong>: 35 mm<\/p>\n<\/li>\n<li class=\"\" data-start=\"1678\" data-end=\"1712\">\n<p class=\"\" data-start=\"1680\" data-end=\"1712\"><strong data-start=\"1680\" data-end=\"1705\">Betriebsspannung 12V\/24V<\/strong>: 12V<\/p>\n<\/li>\n<li class=\"\" data-start=\"1713\" data-end=\"1741\">\n<p class=\"\" data-start=\"1715\" data-end=\"1741\"><strong data-start=\"1715\" data-end=\"1734\">Doppelt gedrehtes Geh\u00e4use<\/strong>: NEIN<\/p>\n<\/li>\n<li class=\"\" data-start=\"1742\" data-end=\"1769\">\n<p class=\"\" data-start=\"1744\" data-end=\"1769\"><strong data-start=\"1744\" data-end=\"1762\">EPD-gepr\u00fcft<\/strong>: NEIN<\/p>\n<\/li>\n<li class=\"\" data-start=\"1770\" data-end=\"1788\">\n<p class=\"\" data-start=\"1772\" data-end=\"1788\"><strong data-start=\"1772\" data-end=\"1781\">FEINE INFORMATIONEN<\/strong>: NEIN<\/p>\n<\/li>\n<li class=\"\" data-start=\"1789\" data-end=\"1823\">\n<p class=\"\" data-start=\"1791\" data-end=\"1823\"><strong data-start=\"1791\" data-end=\"1812\">Farbe\/Oberfl\u00e4chenbehandlung<\/strong>: Edelstahl<\/p>\n<\/li>\n<li class=\"\" data-start=\"1824\" data-end=\"1851\">\n<p class=\"\" data-start=\"1826\" data-end=\"1851\"><strong data-start=\"1826\" data-end=\"1842\">Erh\u00f6htes Produkt<\/strong>: 90 mm<\/p>\n<\/li>\n<li class=\"\" data-start=\"1852\" data-end=\"1876\">\n<p class=\"\" data-start=\"1854\" data-end=\"1876\"><strong data-start=\"1854\" data-end=\"1869\">Kolbenanschluss<\/strong>: NEIN<\/p>\n<\/li>\n<li class=\"\" data-start=\"1877\" data-end=\"1908\">\n<p class=\"\" data-start=\"1879\" data-end=\"1908\"><strong data-start=\"1879\" data-end=\"1898\">Rechts\/R\u00fcckw\u00e4rts<\/strong>: Umkehren<\/p>\n<\/li>\n<li class=\"\" data-start=\"1909\" data-end=\"1935\">\n<p class=\"\" data-start=\"1911\" data-end=\"1935\"><strong data-start=\"1911\" data-end=\"1929\">Spannung AC\/DC<\/strong>: Gleichstrom<\/p>\n<\/li>\n<li class=\"\" data-start=\"1936\" data-end=\"1964\">\n<p class=\"\" data-start=\"1938\" data-end=\"1964\"><strong data-start=\"1938\" data-end=\"1954\">Spannung max<\/strong>: 13,8 V<\/p>\n<\/li>\n<li class=\"\" data-start=\"1965\" data-end=\"1993\">\n<p class=\"\" data-start=\"1967\" data-end=\"1993\"><strong data-start=\"1967\" data-end=\"1983\">Spannung min<\/strong>: 10,8 V<\/p>\n<\/li>\n<li class=\"\" data-start=\"1994\" data-end=\"2020\">\n<p class=\"\" data-start=\"1996\" data-end=\"2020\"><strong data-start=\"1996\" data-end=\"2014\">SundaHouse bewertet<\/strong>: Ja<\/p>\n<\/li>\n<\/ul>","protected":false},"excerpt":{"rendered":"<p>Hier sehen Sie, welche Pfosten und Modelle aus dem STEP-Sortiment der elektrischen T\u00fcrstopper zusammenpassen.<\/p>\n<h5><strong><a href=\"https:\/\/steplock.com\/sv\/stolpguide\/#!?lang=sv&amp;blog_id=1&amp;paged=1&amp;number=50\" target=\"_blank\" rel=\"noopener\">STEP-Pfostenf\u00fchrung\u00a0<\/a><\/strong><\/h5>\n<h5><strong><a href=\"https:\/\/steplock.com\/sv\/projekteringsguide\/#!?lang=sv&amp;blog_id=1&amp;paged=1&amp;number=999\" target=\"_blank\" rel=\"noopener\">STEP-Designleitfaden<\/a><\/strong><\/h5>","protected":false},"featured_media":139906,"template":"","meta":{"_acf_changed":false},"product_brand":[],"product_cat":[3355],"product_tag":[4198,4201],"class_list":{"0":"post-139907","1":"product","2":"type-product","3":"status-publish","4":"has-post-thumbnail","6":"product_cat-elslutbleck","7":"product_tag-12v","8":"product_tag-omvand","9":"product_shipping_class-tunga-paket","10":"pa_brands-step","11":"tm-no-options","13":"first","14":"onbackorder","15":"sale","16":"taxable","17":"shipping-taxable","18":"purchasable","19":"product-type-simple"},"acf":[],"_links":{"self":[{"href":"https:\/\/secureus.se\/de\/wp-json\/wp\/v2\/product\/139907","targetHints":{"allow":["GET"]}}],"collection":[{"href":"https:\/\/secureus.se\/de\/wp-json\/wp\/v2\/product"}],"about":[{"href":"https:\/\/secureus.se\/de\/wp-json\/wp\/v2\/types\/product"}],"wp:featuredmedia":[{"embeddable":true,"href":"https:\/\/secureus.se\/de\/wp-json\/wp\/v2\/media\/139906"}],"wp:attachment":[{"href":"https:\/\/secureus.se\/de\/wp-json\/wp\/v2\/media?parent=139907"}],"wp:term":[{"taxonomy":"product_brand","embeddable":true,"href":"https:\/\/secureus.se\/de\/wp-json\/wp\/v2\/product_brand?post=139907"},{"taxonomy":"product_cat","embeddable":true,"href":"https:\/\/secureus.se\/de\/wp-json\/wp\/v2\/product_cat?post=139907"},{"taxonomy":"product_tag","embeddable":true,"href":"https:\/\/secureus.se\/de\/wp-json\/wp\/v2\/product_tag?post=139907"}],"curies":[{"name":"wp","href":"https:\/\/api.w.org\/{rel}","templated":true}]}}