{"id":139920,"date":"2023-09-26T13:07:38","date_gmt":"2023-09-26T11:07:38","guid":{"rendered":"https:\/\/secureus.se\/elslutbleck-step-18-vanster-omvand-12v-7mm-regel-connect\/"},"modified":"2026-03-26T09:49:35","modified_gmt":"2026-03-26T08:49:35","slug":"elslutbleck-step-18-vanster-omvand-12v-7mm-regel-connect","status":"publish","type":"product","link":"https:\/\/secureus.se\/de\/elslutbleck-step-18-vanster-omvand-12v-7mm-regel-connect\/","title":{"rendered":"Elektrische Endplatte SCHRITT 18 Linker R\u00fcckw\u00e4rtsgang 12V 7mm Regelanschluss"},"content":{"rendered":"<h1>Elektrische Endplatte SCHRITT 18 Linker R\u00fcckw\u00e4rtsgang 12V 7mm Regelanschluss<\/h1>\n<p>SCHRITT 18 F\u00fcr links angeschlagene T\u00fcren mit 7 mm Connect-Riegel sichern. R\u00fccklauffunktion, hohe Sicherheit, Brandklasse E\/EI60, Kolbenkontakt und 5 m halogenfreies Kabel.<\/p>\n<p>Der STEP 18 Secure T\u00fcr\u00f6ffner ist ein Hochsicherheits-T\u00fcr\u00f6ffner, der f\u00fcr Umgebungen mit hohen Anforderungen an Sicherheit und Zuverl\u00e4ssigkeit entwickelt wurde.<\/p>\n<p>Dank seiner robusten Konstruktion und schnellen Bedienung eignet es sich ideal f\u00fcr T\u00fcren mit intensiver Nutzung, beispielsweise in Gef\u00e4ngnissen, Banken oder anderen sicherheitsklassifizierten Geb\u00e4uden.<\/p>\n<p>Dieses Modell ist f\u00fcr links angeschlagene T\u00fcren mit 7 mm Kolben der Connect-Serie vorgesehen und verf\u00fcgt \u00fcber eine Umkehrfunktion, die bei einem Stromausfall eine Entriegelung des Schlie\u00dfblechs erm\u00f6glicht \u2013 eine Funktion, die in Evakuierungsumgebungen oft gew\u00fcnscht ist.<\/p>\n<p class=\"\" data-start=\"778\" data-end=\"1032\">STEP 18 ist f\u00fcr Sicherheitst\u00fcren bis RC4 und Feuerklasse E\/EI60 zugelassen. Es ist mit einem Kolbenkontakt und einem Riegelkontakt ausgestattet, die den Status der T\u00fcr (offen\/geschlossen, verriegelt\/entriegelt) anzeigen, wodurch es sich hervorragend f\u00fcr die Integration in Zugangskontrollsysteme oder Alarme eignet.<\/p>\n<p class=\"\" data-start=\"1034\" data-end=\"1266\">Das Blech h\u00e4lt einer Bruchfestigkeit von bis zu 15 kN und einem Streifendruck von bis zu 500 kg stand, \u00f6ffnet sich also auch unter Druck. Das mitgelieferte halogenfreie 5-Meter-Anschlusskabel und die Schutzdiode vereinfachen die Installation und erh\u00f6hen die Sicherheit.<\/p>\n<p class=\"\" data-start=\"1268\" data-end=\"1296\"><strong data-start=\"1268\" data-end=\"1294\">Eigenschaften und Vorteile:<\/strong><\/p>\n<ul data-start=\"1297\" data-end=\"1596\">\n<li class=\"\" data-start=\"1297\" data-end=\"1326\">\n<p class=\"\" data-start=\"1299\" data-end=\"1326\">Passend f\u00fcr 7 mm Connect-Bolzen<\/p>\n<\/li>\n<li class=\"\" data-start=\"1327\" data-end=\"1355\">\n<p class=\"\" data-start=\"1329\" data-end=\"1355\">F\u00fcr linksangeschlagene T\u00fcren<\/p>\n<\/li>\n<li class=\"\" data-start=\"1356\" data-end=\"1394\">\n<p class=\"\" data-start=\"1358\" data-end=\"1394\">R\u00fcckfahrfunktion \u2013 Entriegelung ohne Strom<\/p>\n<\/li>\n<li class=\"\" data-start=\"1395\" data-end=\"1427\">\n<p class=\"\" data-start=\"1397\" data-end=\"1427\">Feuerbest\u00e4ndig bis E\/EI60<\/p>\n<\/li>\n<li class=\"\" data-start=\"1428\" data-end=\"1471\">\n<p class=\"\" data-start=\"1430\" data-end=\"1471\">Kolben- und Riegelkontakt f\u00fcr Zutrittskontrollsysteme<\/p>\n<\/li>\n<li class=\"\" data-start=\"1472\" data-end=\"1498\">\n<p class=\"\" data-start=\"1474\" data-end=\"1498\">Bruchfestigkeit: 15 kN<\/p>\n<\/li>\n<li class=\"\" data-start=\"1499\" data-end=\"1535\">\n<p class=\"\" data-start=\"1501\" data-end=\"1535\">H\u00e4lt Formdr\u00fccken bis zu 500 kg stand<\/p>\n<\/li>\n<li class=\"\" data-start=\"1536\" data-end=\"1566\">\n<p class=\"\" data-start=\"1538\" data-end=\"1566\">5 m halogenfreies Kabel inklusive<\/p>\n<\/li>\n<li class=\"\" data-start=\"1567\" data-end=\"1596\">\n<p class=\"\" data-start=\"1569\" data-end=\"1596\">Schutzdiode und \u00dcberspannungsschutz<\/p>\n<\/li>\n<\/ul>","protected":false},"excerpt":{"rendered":"<p>Hier sehen Sie, welche Pfosten und Modelle aus dem STEP-Sortiment der elektrischen T\u00fcrstopper zusammenpassen.<\/p>\n<h5><strong><a href=\"https:\/\/steplock.com\/sv\/stolpguide\/#!?lang=sv&amp;blog_id=1&amp;paged=1&amp;number=50\" target=\"_blank\" rel=\"noopener\">STEP-Pfostenf\u00fchrung\u00a0<\/a><\/strong><\/h5>\n<h5><strong><a href=\"https:\/\/steplock.com\/sv\/projekteringsguide\/#!?lang=sv&amp;blog_id=1&amp;paged=1&amp;number=999\" target=\"_blank\" rel=\"noopener\">STEP-Designleitfaden<\/a><\/strong><\/h5>","protected":false},"featured_media":139917,"template":"","meta":{"_acf_changed":false},"product_brand":[],"product_cat":[3355],"product_tag":[4198,4201],"class_list":{"0":"post-139920","1":"product","2":"type-product","3":"status-publish","4":"has-post-thumbnail","6":"product_cat-elslutbleck","7":"product_tag-12v","8":"product_tag-omvand","9":"product_shipping_class-tunga-paket","10":"pa_brands-step","11":"tm-no-options","13":"first","14":"instock","15":"sale","16":"taxable","17":"shipping-taxable","18":"purchasable","19":"product-type-simple"},"acf":[],"_links":{"self":[{"href":"https:\/\/secureus.se\/de\/wp-json\/wp\/v2\/product\/139920","targetHints":{"allow":["GET"]}}],"collection":[{"href":"https:\/\/secureus.se\/de\/wp-json\/wp\/v2\/product"}],"about":[{"href":"https:\/\/secureus.se\/de\/wp-json\/wp\/v2\/types\/product"}],"wp:featuredmedia":[{"embeddable":true,"href":"https:\/\/secureus.se\/de\/wp-json\/wp\/v2\/media\/139917"}],"wp:attachment":[{"href":"https:\/\/secureus.se\/de\/wp-json\/wp\/v2\/media?parent=139920"}],"wp:term":[{"taxonomy":"product_brand","embeddable":true,"href":"https:\/\/secureus.se\/de\/wp-json\/wp\/v2\/product_brand?post=139920"},{"taxonomy":"product_cat","embeddable":true,"href":"https:\/\/secureus.se\/de\/wp-json\/wp\/v2\/product_cat?post=139920"},{"taxonomy":"product_tag","embeddable":true,"href":"https:\/\/secureus.se\/de\/wp-json\/wp\/v2\/product_tag?post=139920"}],"curies":[{"name":"wp","href":"https:\/\/api.w.org\/{rel}","templated":true}]}}