{"id":139960,"date":"2023-09-26T13:07:27","date_gmt":"2023-09-26T11:07:27","guid":{"rendered":"https:\/\/secureus.se\/elslutbleck-step-28e-hoger-rattvand-12v-9mm-regel\/"},"modified":"2026-04-08T16:28:15","modified_gmt":"2026-04-08T14:28:15","slug":"elslutbleck-step-28e-hoger-rattvand-12v-9mm-regel","status":"publish","type":"product","link":"https:\/\/secureus.se\/de\/elslutbleck-step-28e-hoger-rattvand-12v-9mm-regel\/","title":{"rendered":"Elektrisches Anschlussblech SCHRITT 28E Rechts Rechtsgerichtet 12 V 9 mm Regel"},"content":{"rendered":"<h1>Elektrisches Anschlussblech SCHRITT 28E Rechts Rechtsgerichtet 12 V 9 mm Regel<\/h1>\n<p>STEP 28E Sicherer Elektro-T\u00fcr\u00f6ffner mit Rechtsfunktion, angepasst f\u00fcr rechts angeschlagene T\u00fcren und 9 mm Kolben der Connect-Serie. Brandklasse E\/EI 60. Inkl. 5 m Kabel.<\/p>\n<p class=\"\" data-start=\"233\" data-end=\"584\">Der sichere elektrische T\u00fcr\u00f6ffner STEP 28E ist ein zuverl\u00e4ssiger elektrischer T\u00fcr\u00f6ffner, der f\u00fcr Sicherheitsumgebungen entwickelt wurde, in denen Anforderungen an Einbruchhemmung, Feuerbest\u00e4ndigkeit und Evakuierung kombiniert werden.<\/p>\n<p class=\"\" data-start=\"233\" data-end=\"584\">Dieses Modell ist f\u00fcr rechts angeschlagene T\u00fcren mit 9 mm Riegel der Connect-Serie angepasst und wird zusammen mit einem Riegelschloss oder einer Riegelverriegelung f\u00fcr maximale Schlie\u00dfwirkung verwendet.<\/p>\n<p class=\"\" data-start=\"586\" data-end=\"872\">Durch die Umkehrfunktion bleibt das elektrische T\u00fcr\u00f6ffnerblech auch in der stromlosen Stellung verriegelt \u2013 eine Sicherheitsfunktion, die die T\u00fcr bei einem Stromausfall sch\u00fctzt.<\/p>\n<p class=\"\" data-start=\"586\" data-end=\"872\">Es ist nach der Brandschutzklasse E\/EI 60 zertifiziert und eignet sich hervorragend f\u00fcr Installationen, bei denen T\u00fcren mit T\u00fcrautomation oder T\u00fcrgriffen kombiniert werden sollen.<\/p>\n<p class=\"\" data-start=\"874\" data-end=\"1253\">STEP 28E ist sowohl mit einem St\u00f6\u00dfelschalter als auch einem Riegelschalter ausgestattet, wodurch eine genaue \u00dcberwachung des T\u00fcrstatus (offen\/geschlossen und verriegelt\/entriegelt) \u00fcber Zugangskontrollsysteme oder Alarmsysteme erm\u00f6glicht wird.<\/p>\n<p class=\"\" data-start=\"874\" data-end=\"1253\">Die robuste Konstruktion h\u00e4lt einer Bruchlast von \u00fcber 15 kN stand und funktioniert auch bei einem Leistendruck von bis zu 500 kg.<\/p>\n<p class=\"\" data-start=\"874\" data-end=\"1253\">Das Produkt ist manipulationssicher und wird mit einem 5 Meter langen halogenfreien Anschlusskabel geliefert.<\/p>\n<p class=\"\" data-start=\"1255\" data-end=\"1283\"><strong data-start=\"1255\" data-end=\"1281\">Eigenschaften und Vorteile:<\/strong><\/p>\n<ul data-start=\"1284\" data-end=\"1581\">\n<li class=\"\" data-start=\"1284\" data-end=\"1331\">\n<p class=\"\" data-start=\"1286\" data-end=\"1331\">F\u00fcr Regulierschloss mit 9 mm Kolben der Connect-Serie<\/p>\n<\/li>\n<li class=\"\" data-start=\"1332\" data-end=\"1377\">\n<p class=\"\" data-start=\"1334\" data-end=\"1377\">Korrekte Funktion \u2013 Verriegelung im stromlosen Zustand<\/p>\n<\/li>\n<li class=\"\" data-start=\"1378\" data-end=\"1413\">\n<p class=\"\" data-start=\"1380\" data-end=\"1413\">Passend f\u00fcr rechts angeschlagene T\u00fcren<\/p>\n<\/li>\n<li class=\"\" data-start=\"1414\" data-end=\"1447\">\n<p class=\"\" data-start=\"1416\" data-end=\"1447\">Brandschutzzulassung bis E\/EI 60<\/p>\n<\/li>\n<li class=\"\" data-start=\"1448\" data-end=\"1482\">\n<p class=\"\" data-start=\"1450\" data-end=\"1482\">Eingebauter Kolben- und Riegelschalter<\/p>\n<\/li>\n<li class=\"\" data-start=\"1483\" data-end=\"1516\">\n<p class=\"\" data-start=\"1485\" data-end=\"1516\">H\u00e4lt Formdr\u00fccken bis zu 500 kg stand<\/p>\n<\/li>\n<li class=\"\" data-start=\"1517\" data-end=\"1547\">\n<p class=\"\" data-start=\"1519\" data-end=\"1547\">Bruchfestigkeit \u00fcber 15 kN<\/p>\n<\/li>\n<li class=\"\" data-start=\"1548\" data-end=\"1581\">\n<p class=\"\" data-start=\"1550\" data-end=\"1581\">Inklusive 5 m halogenfreiem Kabel<\/p>\n<\/li>\n<\/ul>","protected":false},"excerpt":{"rendered":"<p>Hier sehen Sie, welche Pfosten und Modelle aus dem STEP-Sortiment der elektrischen T\u00fcrstopper zusammenpassen.<\/p>\n<h5><strong><a href=\"https:\/\/steplock.com\/sv\/stolpguide\/#!?lang=sv&amp;blog_id=1&amp;paged=1&amp;number=50\" target=\"_blank\" rel=\"noopener\">STEP-Pfostenf\u00fchrung\u00a0<\/a><\/strong><\/h5>\n<h5><strong><a href=\"https:\/\/steplock.com\/sv\/projekteringsguide\/#!?lang=sv&amp;blog_id=1&amp;paged=1&amp;number=999\" target=\"_blank\" rel=\"noopener\">STEP-Designleitfaden<\/a><\/strong><\/h5>","protected":false},"featured_media":139956,"template":"","meta":{"_acf_changed":false},"product_brand":[],"product_cat":[3355],"product_tag":[4198,4200],"class_list":{"0":"post-139960","1":"product","2":"type-product","3":"status-publish","4":"has-post-thumbnail","6":"product_cat-elslutbleck","7":"product_tag-12v","8":"product_tag-rattvand","9":"product_shipping_class-tunga-paket","10":"pa_brands-step","11":"tm-no-options","13":"first","14":"instock","15":"sale","16":"taxable","17":"shipping-taxable","18":"purchasable","19":"product-type-simple"},"acf":[],"_links":{"self":[{"href":"https:\/\/secureus.se\/de\/wp-json\/wp\/v2\/product\/139960","targetHints":{"allow":["GET"]}}],"collection":[{"href":"https:\/\/secureus.se\/de\/wp-json\/wp\/v2\/product"}],"about":[{"href":"https:\/\/secureus.se\/de\/wp-json\/wp\/v2\/types\/product"}],"wp:featuredmedia":[{"embeddable":true,"href":"https:\/\/secureus.se\/de\/wp-json\/wp\/v2\/media\/139956"}],"wp:attachment":[{"href":"https:\/\/secureus.se\/de\/wp-json\/wp\/v2\/media?parent=139960"}],"wp:term":[{"taxonomy":"product_brand","embeddable":true,"href":"https:\/\/secureus.se\/de\/wp-json\/wp\/v2\/product_brand?post=139960"},{"taxonomy":"product_cat","embeddable":true,"href":"https:\/\/secureus.se\/de\/wp-json\/wp\/v2\/product_cat?post=139960"},{"taxonomy":"product_tag","embeddable":true,"href":"https:\/\/secureus.se\/de\/wp-json\/wp\/v2\/product_tag?post=139960"}],"curies":[{"name":"wp","href":"https:\/\/api.w.org\/{rel}","templated":true}]}}