{"id":139992,"date":"2023-09-26T13:07:03","date_gmt":"2023-09-26T11:07:03","guid":{"rendered":"https:\/\/secureus.se\/elslutbleck-step-18-vanster-rattvand-24v-10mm-regel-modul\/"},"modified":"2026-04-23T12:47:33","modified_gmt":"2026-04-23T10:47:33","slug":"elslutbleck-step-18-vanster-rattvand-24v-10mm-regel-modul","status":"publish","type":"product","link":"https:\/\/secureus.se\/de\/elslutbleck-step-18-vanster-rattvand-24v-10mm-regel-modul\/","title":{"rendered":"Elektrische Endplatte SCHRITT 18 Nach links gerichtetes 24-V-10-mm-Regelmodul"},"content":{"rendered":"<h1>Elektrische Endplatte SCHRITT 18 Nach links gerichtetes 24-V-10-mm-Regelmodul<\/h1>\n<p>STEP 18 Secure ist ein feuerzugelassenes elektrisches Schlie\u00dfblech f\u00fcr Riegelschl\u00f6sser mit 10 mm Kolben der Modul-Serie, konzipiert f\u00fcr Sicherheitst\u00fcren mit hohem Einbruchschutz.<\/p>\n<p>Ausgestattet mit einem Kolbenkontakt und einer Bruchfestigkeit von 1500 kg.<\/p>\n<p class=\"\" data-start=\"388\" data-end=\"787\">Der elektrische T\u00fcr\u00f6ffner STEP 18 Secure ist Teil der Secure-Serie von STEP und bietet h\u00f6chste Sicherheit f\u00fcr T\u00fcren mit hohen Anforderungen an den Einbruchschutz.<\/p>\n<p class=\"\" data-start=\"388\" data-end=\"787\">Es eignet sich besonders f\u00fcr Installationen, bei denen T\u00fcren h\u00e4ufig ge\u00f6ffnet und geschlossen werden, und ist daher ideal f\u00fcr T\u00fcren an Orten wie Gef\u00e4ngnissen oder Banken.<\/p>\n<p class=\"\" data-start=\"388\" data-end=\"787\">STEP 18 Secure ist f\u00fcr die Verriegelung von Sicherheitst\u00fcren bis RC4 zugelassen und feuerbest\u00e4ndig bis E\/EI 60.<\/p>\n<p class=\"\" data-start=\"789\" data-end=\"1103\">Mit einer Bruchfestigkeit von 15 kN (ca. 1500 kg) und der F\u00e4higkeit, sich trotz eines Streifendrucks von 5 kN (ca. 500 kg) zu \u00f6ffnen, bietet STEP 18 Secure sowohl zuverl\u00e4ssige Sicherheit als auch Langlebigkeit.<\/p>\n<p class=\"\" data-start=\"789\" data-end=\"1103\">Der eingebaute Kolbenschalter zeigt den geschlossenen\/offenen Status der T\u00fcr an und erm\u00f6glicht so eine einfache Anbindung an Zugangskontrollsysteme und Alarmanlagen.<\/p>\n<p class=\"\" data-start=\"1105\" data-end=\"1357\">Durch die Reverse-Funktion wird die T\u00fcr im stromlosen Zustand entriegelt und stellt somit eine flexible L\u00f6sung f\u00fcr Sicherheitst\u00fcren dar, die im Bedarfsfall schnell und einfach ge\u00f6ffnet werden sollen.<\/p>\n<p class=\"\" data-start=\"1105\" data-end=\"1357\">Zur einfachen Installation liegt ein 5 Meter langes halogenfreies Anschlusskabel bei.<\/p>\n<p class=\"\" data-start=\"1359\" data-end=\"1374\"><strong data-start=\"1359\" data-end=\"1374\">Eigenschaften:<\/strong><\/p>\n<ul data-start=\"1375\" data-end=\"1943\">\n<li class=\"\" data-start=\"1375\" data-end=\"1419\">\n<p class=\"\" data-start=\"1377\" data-end=\"1419\">F\u00fcr Steuerschloss mit 10 mm Kolben der Modul-Serie<\/p>\n<\/li>\n<li class=\"\" data-start=\"1420\" data-end=\"1462\">\n<p class=\"\" data-start=\"1422\" data-end=\"1462\">Reversierfunktion (im stromlosen Zustand entriegelt)<\/p>\n<\/li>\n<li class=\"\" data-start=\"1463\" data-end=\"1489\">\n<p class=\"\" data-start=\"1465\" data-end=\"1489\">F\u00fcr linksangeschlagene T\u00fcren<\/p>\n<\/li>\n<li class=\"\" data-start=\"1490\" data-end=\"1521\">\n<p class=\"\" data-start=\"1492\" data-end=\"1521\">Brandschutzzulassung bis E\/EI 60<\/p>\n<\/li>\n<li class=\"\" data-start=\"1522\" data-end=\"1632\">\n<p class=\"\" data-start=\"1524\" data-end=\"1632\">Eingebaute Anzeige f\u00fcr T\u00fcrstatus (geschlossen\/offen) \u00fcber Kolbenkontakt und Schlossstatus (verriegelt\/entriegelt) \u00fcber Riegelkontakt<\/p>\n<\/li>\n<li class=\"\" data-start=\"1633\" data-end=\"1671\">\n<p class=\"\" data-start=\"1635\" data-end=\"1671\">Eingebaute Schutzdiode f\u00fcr erh\u00f6hte Sicherheit<\/p>\n<\/li>\n<li class=\"\" data-start=\"1672\" data-end=\"1711\">\n<p class=\"\" data-start=\"1674\" data-end=\"1711\">Bruchfestigkeit von 15 kN (ca. 1500 kg)<\/p>\n<\/li>\n<li class=\"\" data-start=\"1712\" data-end=\"1792\">\n<p class=\"\" data-start=\"1714\" data-end=\"1792\">\u00d6ffnet trotz 5 kN (ca. 500 kg) Banddruck sowohl im Vorw\u00e4rts- als auch im R\u00fcckw\u00e4rtsgang<\/p>\n<\/li>\n<li class=\"\" data-start=\"1793\" data-end=\"1852\">\n<p class=\"\" data-start=\"1795\" data-end=\"1852\">Sto\u00dffest und umkehrbar f\u00fcr rechte und linke T\u00fcren<\/p>\n<\/li>\n<li class=\"\" data-start=\"1853\" data-end=\"1899\">\n<p class=\"\" data-start=\"1855\" data-end=\"1899\">Kann Haken- oder L\u00e4ngsriegel verriegeln<\/p>\n<\/li>\n<li class=\"\" data-start=\"1900\" data-end=\"1943\">\n<p class=\"\" data-start=\"1902\" data-end=\"1943\">5 Meter halogenfreies Anschlusskabel inklusive<\/p>\n<\/li>\n<\/ul>\n<p class=\"\" data-start=\"1945\" data-end=\"1974\"><strong data-start=\"1945\" data-end=\"1974\">Technische Spezifikationen:<\/strong><\/p>\n<ul data-start=\"1975\" data-end=\"2616\">\n<li class=\"\" data-start=\"1975\" data-end=\"2066\">\n<p class=\"\" data-start=\"1977\" data-end=\"2066\">Stromversorgung: 12 V DC (+15% -10%) 639 mA entriegelt oder 24 V DC (+15% -10%) 313 mA entriegelt<\/p>\n<\/li>\n<li class=\"\" data-start=\"2067\" data-end=\"2131\">\n<p class=\"\" data-start=\"2069\" data-end=\"2131\">Kolbenkontakt: Mikroschalter einpoliger Wechsler, max. 30 V DC, 1 A<\/p>\n<\/li>\n<li class=\"\" data-start=\"2132\" data-end=\"2172\">\n<p class=\"\" data-start=\"2134\" data-end=\"2172\">Haltbarkeit: Klasse Y gem\u00e4\u00df SS-EN 14846<\/p>\n<\/li>\n<li class=\"\" data-start=\"2173\" data-end=\"2212\">\n<p class=\"\" data-start=\"2175\" data-end=\"2212\">Korrosion: Klasse M gem\u00e4\u00df SS-EN 14846<\/p>\n<\/li>\n<li class=\"\" data-start=\"2213\" data-end=\"2251\">\n<p class=\"\" data-start=\"2215\" data-end=\"2251\">Sicherheit: Klasse 7 gem\u00e4\u00df SS-EN 14846<\/p>\n<\/li>\n<li class=\"\" data-start=\"2252\" data-end=\"2342\">\n<p class=\"\" data-start=\"2254\" data-end=\"2342\">Sicherheit gegen elektrische Manipulation: Grad 3 (vorw\u00e4rtsgerichtet) Grad 1 (r\u00fcckw\u00e4rtsgerichtet) gem\u00e4\u00df SS-EN 14846<\/p>\n<\/li>\n<li class=\"\" data-start=\"2343\" data-end=\"2364\">\n<p class=\"\" data-start=\"2345\" data-end=\"2364\">Feuergetestet: 60 min<\/p>\n<\/li>\n<li class=\"\" data-start=\"2365\" data-end=\"2391\">\n<p class=\"\" data-start=\"2367\" data-end=\"2391\">Bruchfestigkeit: 1500 kg<\/p>\n<\/li>\n<li class=\"\" data-start=\"2392\" data-end=\"2415\">\n<p class=\"\" data-start=\"2394\" data-end=\"2415\">T\u00fcranschlag: Links<\/p>\n<\/li>\n<li class=\"\" data-start=\"2416\" data-end=\"2470\">\n<p class=\"\" data-start=\"2418\" data-end=\"2470\">Kabel inklusive: Ja, 5 Meter halogenfreies Anschlusskabel<\/p>\n<\/li>\n<li class=\"\" data-start=\"2471\" data-end=\"2490\">\n<p class=\"\" data-start=\"2473\" data-end=\"2490\">Listendruck: 500 kg<\/p>\n<\/li>\n<li class=\"\" data-start=\"2491\" data-end=\"2522\">\n<p class=\"\" data-start=\"2493\" data-end=\"2522\">Schlosstyp: Hakenfallenschloss, Riegelschloss<\/p>\n<\/li>\n<li class=\"\" data-start=\"2523\" data-end=\"2577\">\n<p class=\"\" data-start=\"2525\" data-end=\"2577\">Produktabmessungen: Breite: 35 mm, Tiefe: 40 mm, H\u00f6he: 230 mm<\/p>\n<\/li>\n<li class=\"\" data-start=\"2578\" data-end=\"2595\">\n<p class=\"\" data-start=\"2580\" data-end=\"2595\">Kolbenkontakt: Ja<\/p>\n<\/li>\n<li class=\"\" data-start=\"2596\" data-end=\"2616\">\n<p class=\"\" data-start=\"2598\" data-end=\"2616\">Spannung AC\/DC: DC<\/p>\n<\/li>\n<\/ul>","protected":false},"excerpt":{"rendered":"<p>Hier sehen Sie, welche Pfosten und Modelle aus dem STEP-Sortiment der elektrischen T\u00fcrstopper zusammenpassen.<\/p>\n<h5><strong><a href=\"https:\/\/steplock.com\/sv\/stolpguide\/#!?lang=sv&amp;blog_id=1&amp;paged=1&amp;number=50\" target=\"_blank\" rel=\"noopener\">STEP-Pfostenf\u00fchrung\u00a0<\/a><\/strong><\/h5>\n<h5><strong><a href=\"https:\/\/steplock.com\/sv\/projekteringsguide\/#!?lang=sv&amp;blog_id=1&amp;paged=1&amp;number=999\" target=\"_blank\" rel=\"noopener\">STEP-Designleitfaden<\/a><\/strong><\/h5>","protected":false},"featured_media":139990,"template":"","meta":{"_acf_changed":false},"product_brand":[],"product_cat":[3355],"product_tag":[4197,4200],"class_list":{"0":"post-139992","1":"product","2":"type-product","3":"status-publish","4":"has-post-thumbnail","6":"product_cat-elslutbleck","7":"product_tag-24v","8":"product_tag-rattvand","9":"product_shipping_class-tunga-paket","10":"pa_brands-step","11":"tm-no-options","13":"first","14":"outofstock","15":"sale","16":"taxable","17":"shipping-taxable","18":"purchasable","19":"product-type-simple"},"acf":[],"_links":{"self":[{"href":"https:\/\/secureus.se\/de\/wp-json\/wp\/v2\/product\/139992","targetHints":{"allow":["GET"]}}],"collection":[{"href":"https:\/\/secureus.se\/de\/wp-json\/wp\/v2\/product"}],"about":[{"href":"https:\/\/secureus.se\/de\/wp-json\/wp\/v2\/types\/product"}],"wp:featuredmedia":[{"embeddable":true,"href":"https:\/\/secureus.se\/de\/wp-json\/wp\/v2\/media\/139990"}],"wp:attachment":[{"href":"https:\/\/secureus.se\/de\/wp-json\/wp\/v2\/media?parent=139992"}],"wp:term":[{"taxonomy":"product_brand","embeddable":true,"href":"https:\/\/secureus.se\/de\/wp-json\/wp\/v2\/product_brand?post=139992"},{"taxonomy":"product_cat","embeddable":true,"href":"https:\/\/secureus.se\/de\/wp-json\/wp\/v2\/product_cat?post=139992"},{"taxonomy":"product_tag","embeddable":true,"href":"https:\/\/secureus.se\/de\/wp-json\/wp\/v2\/product_tag?post=139992"}],"curies":[{"name":"wp","href":"https:\/\/api.w.org\/{rel}","templated":true}]}}