{"id":140005,"date":"2023-09-26T13:06:54","date_gmt":"2023-09-26T11:06:54","guid":{"rendered":"https:\/\/secureus.se\/elslutbleck-step-30-omvand-24v-kolvkontakt\/"},"modified":"2026-03-26T09:53:38","modified_gmt":"2026-03-26T08:53:38","slug":"elslutbleck-step-30-omvand-24v-kolvkontakt","status":"publish","type":"product","link":"https:\/\/secureus.se\/de\/elslutbleck-step-30-omvand-24v-kolvkontakt\/","title":{"rendered":"Elektrische Endplatte SCHRITT 30 Umkehren des 24-V-Kolbenkontakts"},"content":{"rendered":"<h1>Elektrische Endplatte SCHRITT 30 Umkehren des 24-V-Kolbenkontakts<\/h1>\n<p>Der elektrische T\u00fcr\u00f6ffner STEP 30 Preload ist ein kompakter elektrischer T\u00fcr\u00f6ffner, der \u00e4ltere Modelle ersetzen und auch in \u00e4lteren T\u00fcrabschnitten eine zuverl\u00e4ssige T\u00fcrumgebung schaffen soll.<\/p>\n<p>Ausgestattet mit HPR\u00ae-Technologie und einer Bruchfestigkeit von 500 kg.<\/p>\n<p class=\"\" data-start=\"392\" data-end=\"873\">Der STEP 30 Preload-T\u00fcr\u00f6ffner ist die optimale Wahl, um vorhandene einfache T\u00fcr\u00f6ffner zu ersetzen und auch in \u00e4lteren T\u00fcrsegmenten und Nischen ein zuverl\u00e4ssiges T\u00fcrklima zu gew\u00e4hrleisten.<\/p>\n<p class=\"\" data-start=\"392\" data-end=\"873\">Es ist Teil der Preload-Serie von STEP, die minimale Abmessungen mit hoher Qualit\u00e4t und Flexibilit\u00e4t kombiniert. STEP 30 ist f\u00fcr eine hohe \u00d6ffnungsfrequenz ausgelegt und mit der patentierten Streifendrucktechnologie von STEP ausgestattet, wodurch die T\u00fcr auch bei Druckeinwirkung immer ge\u00f6ffnet werden kann.<\/p>\n<p class=\"\" data-start=\"875\" data-end=\"1319\">Durch die Reversierfunktion ist die T\u00fcr im stromlosen Zustand entriegelt und kann im Bedarfsfall schnell und einfach ge\u00f6ffnet werden.<\/p>\n<p class=\"\" data-start=\"875\" data-end=\"1319\">Der eingebaute Kolbenschalter zeigt den T\u00fcrzustand (geschlossen\/offen) an und erm\u00f6glicht so die Integration in Zutrittskontrollsysteme und Alarmanlagen.<\/p>\n<p class=\"\" data-start=\"875\" data-end=\"1319\">Mit einer Bruchfestigkeit von 5 kN (ca. 500 kg) und der F\u00e4higkeit, sich trotz Banddruck von bis zu 40 kg zu \u00f6ffnen, bietet STEP 30 Preload sowohl Sicherheit als auch Zuverl\u00e4ssigkeit.<\/p>\n<p class=\"\" data-start=\"1321\" data-end=\"1336\"><strong data-start=\"1321\" data-end=\"1336\">Eigenschaften:<\/strong><\/p>\n<ul data-start=\"1337\" data-end=\"1734\">\n<li class=\"\" data-start=\"1337\" data-end=\"1378\">\n<p class=\"\" data-start=\"1339\" data-end=\"1378\">Reversierfunktion (im stromlosen Zustand gesperrt)<\/p>\n<\/li>\n<li class=\"\" data-start=\"1379\" data-end=\"1434\">\n<p class=\"\" data-start=\"1381\" data-end=\"1434\">Kolbenkontakt. T\u00fcrzustandsanzeige (geschlossen\/offen)<\/p>\n<\/li>\n<li class=\"\" data-start=\"1435\" data-end=\"1473\">\n<p class=\"\" data-start=\"1437\" data-end=\"1473\">Eingebaute Schutzdiode f\u00fcr erh\u00f6hte Sicherheit<\/p>\n<\/li>\n<li class=\"\" data-start=\"1474\" data-end=\"1511\">\n<p class=\"\" data-start=\"1476\" data-end=\"1511\">Bruchfestigkeit von 5 kN (ca. 500 kg)<\/p>\n<\/li>\n<li class=\"\" data-start=\"1512\" data-end=\"1614\">\n<p class=\"\" data-start=\"1514\" data-end=\"1614\">Garantiert das \u00d6ffnen trotz Banddruck von bis zu 0,4 kN (ca. 40 kg) sowohl im Vorw\u00e4rts- als auch im R\u00fcckw\u00e4rtsgang<\/p>\n<\/li>\n<li class=\"\" data-start=\"1615\" data-end=\"1674\">\n<p class=\"\" data-start=\"1617\" data-end=\"1674\">Sto\u00dffest und umkehrbar f\u00fcr rechte und linke T\u00fcren<\/p>\n<\/li>\n<li class=\"\" data-start=\"1675\" data-end=\"1717\">\n<p class=\"\" data-start=\"1677\" data-end=\"1717\">Passend f\u00fcr 1-fl\u00fcgelige und 2-fl\u00fcgelige Schl\u00f6sser<\/p>\n<\/li>\n<li class=\"\" data-start=\"1718\" data-end=\"1734\">\n<p class=\"\" data-start=\"1720\" data-end=\"1734\">Kabel nicht im Lieferumfang enthalten<\/p>\n<\/li>\n<\/ul>\n<p class=\"\" data-start=\"1736\" data-end=\"1765\"><strong data-start=\"1736\" data-end=\"1765\">Technische Spezifikationen:<\/strong><\/p>\n<ul data-start=\"1766\" data-end=\"2416\">\n<li class=\"\" data-start=\"1766\" data-end=\"1873\">\n<p class=\"\" data-start=\"1768\" data-end=\"1873\">Stromversorgung: 24 V DC (+15% -10%) 110 mAh \/ max. 300 mA oder 12 V DC (+15% -10%) 220 mAh \/ max. 600 mA<\/p>\n<\/li>\n<li class=\"\" data-start=\"1874\" data-end=\"1937\">\n<p class=\"\" data-start=\"1876\" data-end=\"1937\">Kolbenkontakt: Mikroschalter einpoliger Wechsler, max. 30 V DC, 1 A<\/p>\n<\/li>\n<li class=\"\" data-start=\"1938\" data-end=\"1978\">\n<p class=\"\" data-start=\"1940\" data-end=\"1978\">Haltbarkeit: Klasse X gem\u00e4\u00df SS-EN 14846<\/p>\n<\/li>\n<li class=\"\" data-start=\"1979\" data-end=\"2018\">\n<p class=\"\" data-start=\"1981\" data-end=\"2018\">Korrosion: Klasse M gem\u00e4\u00df SS-EN 14846<\/p>\n<\/li>\n<li class=\"\" data-start=\"2019\" data-end=\"2057\">\n<p class=\"\" data-start=\"2021\" data-end=\"2057\">Sicherheit: Klasse 3 gem\u00e4\u00df SS-EN 14846<\/p>\n<\/li>\n<li class=\"\" data-start=\"2058\" data-end=\"2083\">\n<p class=\"\" data-start=\"2060\" data-end=\"2083\">Bruchfestigkeit: 500 kg<\/p>\n<\/li>\n<li class=\"\" data-start=\"2084\" data-end=\"2114\">\n<p class=\"\" data-start=\"2086\" data-end=\"2114\">T\u00fcranschlag: Rechts, Links<\/p>\n<\/li>\n<li class=\"\" data-start=\"2115\" data-end=\"2133\">\n<p class=\"\" data-start=\"2117\" data-end=\"2133\">Streifendruck: 40 kg<\/p>\n<\/li>\n<li class=\"\" data-start=\"2134\" data-end=\"2169\">\n<p class=\"\" data-start=\"2136\" data-end=\"2169\">Schlosstyp: Einzelriegelschloss, Doppelriegelschloss<\/p>\n<\/li>\n<li class=\"\" data-start=\"2170\" data-end=\"2225\">\n<p class=\"\" data-start=\"2172\" data-end=\"2225\">Produktabmessungen: Breite: 20,5 mm, Tiefe: 28 mm, H\u00f6he: 99 mm<\/p>\n<\/li>\n<li class=\"\" data-start=\"2226\" data-end=\"2243\">\n<p class=\"\" data-start=\"2228\" data-end=\"2243\">Kolbenkontakt: Ja<\/p>\n<\/li>\n<li class=\"\" data-start=\"2244\" data-end=\"2264\">\n<p class=\"\" data-start=\"2246\" data-end=\"2264\">Spannung AC\/DC: DC<\/p>\n<\/li>\n<li class=\"\" data-start=\"2265\" data-end=\"2287\">\n<p class=\"\" data-start=\"2267\" data-end=\"2287\">Spannung max: 27,6 V<\/p>\n<\/li>\n<li class=\"\" data-start=\"2288\" data-end=\"2310\">\n<p class=\"\" data-start=\"2290\" data-end=\"2310\">Spannung min.: 21,6 V<\/p>\n<\/li>\n<li class=\"\" data-start=\"2311\" data-end=\"2339\">\n<p class=\"\" data-start=\"2313\" data-end=\"2339\">Farbe\/Oberfl\u00e4che: Edelstahl<\/p>\n<\/li>\n<li class=\"\" data-start=\"2340\" data-end=\"2360\">\n<p class=\"\" data-start=\"2342\" data-end=\"2360\">Bauprodukt bewertet: Ja<\/p>\n<\/li>\n<li class=\"\" data-start=\"2361\" data-end=\"2382\">\n<p class=\"\" data-start=\"2363\" data-end=\"2382\">EPD-verifiziert: Nein<\/p>\n<\/li>\n<li class=\"\" data-start=\"2383\" data-end=\"2395\">\n<p class=\"\" data-start=\"2385\" data-end=\"2395\">FINFO: Nein<\/p>\n<\/li>\n<li class=\"\" data-start=\"2396\" data-end=\"2416\">\n<p class=\"\" data-start=\"2398\" data-end=\"2416\">SundaHouse-Bewertung: Ja<\/p>\n<\/li>\n<\/ul>","protected":false},"excerpt":{"rendered":"<p>Hier sehen Sie, welche Pfosten und Modelle aus dem STEP-Sortiment der elektrischen T\u00fcrstopper zusammenpassen.<\/p>\n<h5><strong><a href=\"https:\/\/steplock.com\/sv\/stolpguide\/#!?lang=sv&amp;blog_id=1&amp;paged=1&amp;number=50\" target=\"_blank\" rel=\"noopener\">STEP-Pfostenf\u00fchrung\u00a0<\/a><\/strong><\/h5>\n<h5><strong><a href=\"https:\/\/steplock.com\/sv\/projekteringsguide\/#!?lang=sv&amp;blog_id=1&amp;paged=1&amp;number=999\" target=\"_blank\" rel=\"noopener\">STEP-Designleitfaden<\/a><\/strong><\/h5>","protected":false},"featured_media":140004,"template":"","meta":{"_acf_changed":false},"product_brand":[],"product_cat":[3355],"product_tag":[4197,4201],"class_list":{"0":"post-140005","1":"product","2":"type-product","3":"status-publish","4":"has-post-thumbnail","6":"product_cat-elslutbleck","7":"product_tag-24v","8":"product_tag-omvand","9":"product_shipping_class-tunga-paket","10":"pa_brands-step","11":"tm-no-options","13":"first","14":"onbackorder","15":"sale","16":"taxable","17":"shipping-taxable","18":"purchasable","19":"product-type-simple"},"acf":[],"_links":{"self":[{"href":"https:\/\/secureus.se\/de\/wp-json\/wp\/v2\/product\/140005","targetHints":{"allow":["GET"]}}],"collection":[{"href":"https:\/\/secureus.se\/de\/wp-json\/wp\/v2\/product"}],"about":[{"href":"https:\/\/secureus.se\/de\/wp-json\/wp\/v2\/types\/product"}],"wp:featuredmedia":[{"embeddable":true,"href":"https:\/\/secureus.se\/de\/wp-json\/wp\/v2\/media\/140004"}],"wp:attachment":[{"href":"https:\/\/secureus.se\/de\/wp-json\/wp\/v2\/media?parent=140005"}],"wp:term":[{"taxonomy":"product_brand","embeddable":true,"href":"https:\/\/secureus.se\/de\/wp-json\/wp\/v2\/product_brand?post=140005"},{"taxonomy":"product_cat","embeddable":true,"href":"https:\/\/secureus.se\/de\/wp-json\/wp\/v2\/product_cat?post=140005"},{"taxonomy":"product_tag","embeddable":true,"href":"https:\/\/secureus.se\/de\/wp-json\/wp\/v2\/product_tag?post=140005"}],"curies":[{"name":"wp","href":"https:\/\/api.w.org\/{rel}","templated":true}]}}